{"id":8870,"date":"2018-03-16T09:00:00","date_gmt":"2018-03-16T08:00:00","guid":{"rendered":"https:\/\/www.technique-italia.com\/\/products\/sem%20categoria\/mirylia-mascara-sublimadora-de-brilho\/"},"modified":"2021-12-22T11:55:24","modified_gmt":"2021-12-22T10:55:24","slug":"mirylia-mascara-sublimadora-de-brilho","status":"publish","type":"product","link":"https:\/\/www.technique-italia.com\/pt-pt\/products\/tratamentos\/mirylia-pt-pt\/mirylia-mascara-sublimadora-de-brilho\/","title":{"rendered":"Mirylia | M\u00e1scara Sublimadora De Brilho"},"content":{"rendered":"","protected":false},"excerpt":{"rendered":"<p><b>Mirylia M\u00e1scara sublimadora<\/b><span style=\"font-weight: 400;\"> de<\/span><b> brilho<\/b><span style=\"font-weight: 400;\"> com <\/span><b>\u00f3leo de arg\u00e3o, c\u00e2nhamo e pr\u00edmula<\/b><span style=\"font-weight: 400;\">. Confere uma extraordin\u00e1ria suavidade, minimiza o efeito crespo e ajuda a prevenir as pontas duplas.<\/span><\/p>\n<p><span style=\"font-weight: 400;\">Formato de 250 ml<\/span><\/p>\n","protected":false},"featured_media":10881,"template":"","meta":[],"product_brand":[],"product_cat":[636,628],"product_tag":[],"class_list":{"0":"post-8870","1":"product","2":"type-product","3":"status-publish","4":"has-post-thumbnail","6":"product_cat-mirylia-pt-pt","7":"product_cat-tratamentos","8":"description-off","10":"first","11":"instock","12":"shipping-taxable","13":"product-type-simple"},"yoast_head":"<!-- This site is optimized with the Yoast SEO plugin v26.8 - https:\/\/yoast.com\/product\/yoast-seo-wordpress\/ -->\n<title>Mirylia | M\u00e1scara Sublimadora De Brilho - Technique<\/title>\n<meta name=\"description\" content=\"Mirylia M\u00e1scara sublimadora de brilho com \u00f3leo de arg\u00e3o, c\u00e2nhamo e pr\u00edmula.\" \/>\n<meta name=\"robots\" content=\"index, follow, max-snippet:-1, max-image-preview:large, max-video-preview:-1\" \/>\n<link rel=\"canonical\" href=\"https:\/\/www.technique-italia.com\/pt-pt\/products\/tratamentos\/mirylia-pt-pt\/mirylia-mascara-sublimadora-de-brilho\/\" \/>\n<meta property=\"og:locale\" content=\"pt_PT\" \/>\n<meta property=\"og:type\" content=\"article\" \/>\n<meta property=\"og:title\" content=\"Mirylia | M\u00e1scara Sublimadora De Brilho - Technique\" \/>\n<meta property=\"og:description\" content=\"Mirylia M\u00e1scara sublimadora de brilho com \u00f3leo de arg\u00e3o, c\u00e2nhamo e pr\u00edmula.\" \/>\n<meta property=\"og:url\" content=\"https:\/\/www.technique-italia.com\/pt-pt\/products\/tratamentos\/mirylia-pt-pt\/mirylia-mascara-sublimadora-de-brilho\/\" \/>\n<meta property=\"og:site_name\" content=\"Technique\" \/>\n<meta property=\"article:modified_time\" content=\"2021-12-22T10:55:24+00:00\" \/>\n<meta property=\"og:image\" content=\"https:\/\/www.technique-italia.com\/wp-content\/uploads\/2022\/07\/02083_technique_treatment_mirylia_sublimating_mask_for_shine_250ml.png\" \/>\n\t<meta property=\"og:image:width\" content=\"600\" \/>\n\t<meta property=\"og:image:height\" content=\"600\" \/>\n\t<meta property=\"og:image:type\" content=\"image\/png\" \/>\n<meta name=\"twitter:card\" content=\"summary_large_image\" \/>\n<script type=\"application\/ld+json\" class=\"yoast-schema-graph\">{\"@context\":\"https:\/\/schema.org\",\"@graph\":[{\"@type\":\"WebPage\",\"@id\":\"https:\/\/www.technique-italia.com\/pt-pt\/products\/tratamentos\/mirylia-pt-pt\/mirylia-mascara-sublimadora-de-brilho\/\",\"url\":\"https:\/\/www.technique-italia.com\/pt-pt\/products\/tratamentos\/mirylia-pt-pt\/mirylia-mascara-sublimadora-de-brilho\/\",\"name\":\"Mirylia | M\u00e1scara Sublimadora De Brilho - Technique\",\"isPartOf\":{\"@id\":\"https:\/\/www.technique-italia.com\/pt-pt\/#website\"},\"primaryImageOfPage\":{\"@id\":\"https:\/\/www.technique-italia.com\/pt-pt\/products\/tratamentos\/mirylia-pt-pt\/mirylia-mascara-sublimadora-de-brilho\/#primaryimage\"},\"image\":{\"@id\":\"https:\/\/www.technique-italia.com\/pt-pt\/products\/tratamentos\/mirylia-pt-pt\/mirylia-mascara-sublimadora-de-brilho\/#primaryimage\"},\"thumbnailUrl\":\"https:\/\/www.technique-italia.com\/wp-content\/uploads\/2022\/07\/02083_technique_treatment_mirylia_sublimating_mask_for_shine_250ml.png\",\"datePublished\":\"2018-03-16T08:00:00+00:00\",\"dateModified\":\"2021-12-22T10:55:24+00:00\",\"description\":\"Mirylia M\u00e1scara sublimadora de brilho com \u00f3leo de arg\u00e3o, c\u00e2nhamo e pr\u00edmula.\",\"breadcrumb\":{\"@id\":\"https:\/\/www.technique-italia.com\/pt-pt\/products\/tratamentos\/mirylia-pt-pt\/mirylia-mascara-sublimadora-de-brilho\/#breadcrumb\"},\"inLanguage\":\"pt-PT\",\"potentialAction\":[{\"@type\":\"ReadAction\",\"target\":[\"https:\/\/www.technique-italia.com\/pt-pt\/products\/tratamentos\/mirylia-pt-pt\/mirylia-mascara-sublimadora-de-brilho\/\"]}]},{\"@type\":\"ImageObject\",\"inLanguage\":\"pt-PT\",\"@id\":\"https:\/\/www.technique-italia.com\/pt-pt\/products\/tratamentos\/mirylia-pt-pt\/mirylia-mascara-sublimadora-de-brilho\/#primaryimage\",\"url\":\"https:\/\/www.technique-italia.com\/wp-content\/uploads\/2022\/07\/02083_technique_treatment_mirylia_sublimating_mask_for_shine_250ml.png\",\"contentUrl\":\"https:\/\/www.technique-italia.com\/wp-content\/uploads\/2022\/07\/02083_technique_treatment_mirylia_sublimating_mask_for_shine_250ml.png\",\"width\":600,\"height\":600},{\"@type\":\"BreadcrumbList\",\"@id\":\"https:\/\/www.technique-italia.com\/pt-pt\/products\/tratamentos\/mirylia-pt-pt\/mirylia-mascara-sublimadora-de-brilho\/#breadcrumb\",\"itemListElement\":[{\"@type\":\"ListItem\",\"position\":1,\"name\":\"Home\",\"item\":\"https:\/\/www.technique-italia.com\/pt-pt\/\"},{\"@type\":\"ListItem\",\"position\":2,\"name\":\"Produtos\",\"item\":\"https:\/\/www.technique-italia.com\/pt-pt\/shop\/\"},{\"@type\":\"ListItem\",\"position\":3,\"name\":\"Mirylia | M\u00e1scara Sublimadora De Brilho\"}]},{\"@type\":\"WebSite\",\"@id\":\"https:\/\/www.technique-italia.com\/pt-pt\/#website\",\"url\":\"https:\/\/www.technique-italia.com\/pt-pt\/\",\"name\":\"Technique\",\"description\":\"The Italian Concept\",\"potentialAction\":[{\"@type\":\"SearchAction\",\"target\":{\"@type\":\"EntryPoint\",\"urlTemplate\":\"https:\/\/www.technique-italia.com\/pt-pt\/?s={search_term_string}\"},\"query-input\":{\"@type\":\"PropertyValueSpecification\",\"valueRequired\":true,\"valueName\":\"search_term_string\"}}],\"inLanguage\":\"pt-PT\"}]}<\/script>\n<!-- \/ Yoast SEO plugin. -->","yoast_head_json":{"title":"Mirylia | M\u00e1scara Sublimadora De Brilho - Technique","description":"Mirylia M\u00e1scara sublimadora de brilho com \u00f3leo de arg\u00e3o, c\u00e2nhamo e pr\u00edmula.","robots":{"index":"index","follow":"follow","max-snippet":"max-snippet:-1","max-image-preview":"max-image-preview:large","max-video-preview":"max-video-preview:-1"},"canonical":"https:\/\/www.technique-italia.com\/pt-pt\/products\/tratamentos\/mirylia-pt-pt\/mirylia-mascara-sublimadora-de-brilho\/","og_locale":"pt_PT","og_type":"article","og_title":"Mirylia | M\u00e1scara Sublimadora De Brilho - Technique","og_description":"Mirylia M\u00e1scara sublimadora de brilho com \u00f3leo de arg\u00e3o, c\u00e2nhamo e pr\u00edmula.","og_url":"https:\/\/www.technique-italia.com\/pt-pt\/products\/tratamentos\/mirylia-pt-pt\/mirylia-mascara-sublimadora-de-brilho\/","og_site_name":"Technique","article_modified_time":"2021-12-22T10:55:24+00:00","og_image":[{"width":600,"height":600,"url":"https:\/\/www.technique-italia.com\/wp-content\/uploads\/2022\/07\/02083_technique_treatment_mirylia_sublimating_mask_for_shine_250ml.png","type":"image\/png"}],"twitter_card":"summary_large_image","schema":{"@context":"https:\/\/schema.org","@graph":[{"@type":"WebPage","@id":"https:\/\/www.technique-italia.com\/pt-pt\/products\/tratamentos\/mirylia-pt-pt\/mirylia-mascara-sublimadora-de-brilho\/","url":"https:\/\/www.technique-italia.com\/pt-pt\/products\/tratamentos\/mirylia-pt-pt\/mirylia-mascara-sublimadora-de-brilho\/","name":"Mirylia | M\u00e1scara Sublimadora De Brilho - Technique","isPartOf":{"@id":"https:\/\/www.technique-italia.com\/pt-pt\/#website"},"primaryImageOfPage":{"@id":"https:\/\/www.technique-italia.com\/pt-pt\/products\/tratamentos\/mirylia-pt-pt\/mirylia-mascara-sublimadora-de-brilho\/#primaryimage"},"image":{"@id":"https:\/\/www.technique-italia.com\/pt-pt\/products\/tratamentos\/mirylia-pt-pt\/mirylia-mascara-sublimadora-de-brilho\/#primaryimage"},"thumbnailUrl":"https:\/\/www.technique-italia.com\/wp-content\/uploads\/2022\/07\/02083_technique_treatment_mirylia_sublimating_mask_for_shine_250ml.png","datePublished":"2018-03-16T08:00:00+00:00","dateModified":"2021-12-22T10:55:24+00:00","description":"Mirylia M\u00e1scara sublimadora de brilho com \u00f3leo de arg\u00e3o, c\u00e2nhamo e pr\u00edmula.","breadcrumb":{"@id":"https:\/\/www.technique-italia.com\/pt-pt\/products\/tratamentos\/mirylia-pt-pt\/mirylia-mascara-sublimadora-de-brilho\/#breadcrumb"},"inLanguage":"pt-PT","potentialAction":[{"@type":"ReadAction","target":["https:\/\/www.technique-italia.com\/pt-pt\/products\/tratamentos\/mirylia-pt-pt\/mirylia-mascara-sublimadora-de-brilho\/"]}]},{"@type":"ImageObject","inLanguage":"pt-PT","@id":"https:\/\/www.technique-italia.com\/pt-pt\/products\/tratamentos\/mirylia-pt-pt\/mirylia-mascara-sublimadora-de-brilho\/#primaryimage","url":"https:\/\/www.technique-italia.com\/wp-content\/uploads\/2022\/07\/02083_technique_treatment_mirylia_sublimating_mask_for_shine_250ml.png","contentUrl":"https:\/\/www.technique-italia.com\/wp-content\/uploads\/2022\/07\/02083_technique_treatment_mirylia_sublimating_mask_for_shine_250ml.png","width":600,"height":600},{"@type":"BreadcrumbList","@id":"https:\/\/www.technique-italia.com\/pt-pt\/products\/tratamentos\/mirylia-pt-pt\/mirylia-mascara-sublimadora-de-brilho\/#breadcrumb","itemListElement":[{"@type":"ListItem","position":1,"name":"Home","item":"https:\/\/www.technique-italia.com\/pt-pt\/"},{"@type":"ListItem","position":2,"name":"Produtos","item":"https:\/\/www.technique-italia.com\/pt-pt\/shop\/"},{"@type":"ListItem","position":3,"name":"Mirylia | M\u00e1scara Sublimadora De Brilho"}]},{"@type":"WebSite","@id":"https:\/\/www.technique-italia.com\/pt-pt\/#website","url":"https:\/\/www.technique-italia.com\/pt-pt\/","name":"Technique","description":"The Italian Concept","potentialAction":[{"@type":"SearchAction","target":{"@type":"EntryPoint","urlTemplate":"https:\/\/www.technique-italia.com\/pt-pt\/?s={search_term_string}"},"query-input":{"@type":"PropertyValueSpecification","valueRequired":true,"valueName":"search_term_string"}}],"inLanguage":"pt-PT"}]}},"_links":{"self":[{"href":"https:\/\/www.technique-italia.com\/pt-pt\/wp-json\/wp\/v2\/product\/8870","targetHints":{"allow":["GET"]}}],"collection":[{"href":"https:\/\/www.technique-italia.com\/pt-pt\/wp-json\/wp\/v2\/product"}],"about":[{"href":"https:\/\/www.technique-italia.com\/pt-pt\/wp-json\/wp\/v2\/types\/product"}],"wp:featuredmedia":[{"embeddable":true,"href":"https:\/\/www.technique-italia.com\/pt-pt\/wp-json\/wp\/v2\/media\/10881"}],"wp:attachment":[{"href":"https:\/\/www.technique-italia.com\/pt-pt\/wp-json\/wp\/v2\/media?parent=8870"}],"wp:term":[{"taxonomy":"product_brand","embeddable":true,"href":"https:\/\/www.technique-italia.com\/pt-pt\/wp-json\/wp\/v2\/product_brand?post=8870"},{"taxonomy":"product_cat","embeddable":true,"href":"https:\/\/www.technique-italia.com\/pt-pt\/wp-json\/wp\/v2\/product_cat?post=8870"},{"taxonomy":"product_tag","embeddable":true,"href":"https:\/\/www.technique-italia.com\/pt-pt\/wp-json\/wp\/v2\/product_tag?post=8870"}],"curies":[{"name":"wp","href":"https:\/\/api.w.org\/{rel}","templated":true}]}}