{"id":8868,"date":"2018-03-16T09:00:09","date_gmt":"2018-03-16T08:00:09","guid":{"rendered":"https:\/\/www.technique-italia.com\/\/products\/sem%20categoria\/slim-touch-toalhitas-tira-nodoas\/"},"modified":"2021-12-22T11:28:08","modified_gmt":"2021-12-22T10:28:08","slug":"slim-touch-toalhitas-tira-nodoas","status":"publish","type":"product","link":"https:\/\/www.technique-italia.com\/pt-pt\/products\/tecnica\/decoblond-pt-pt\/slim-touch-toalhitas-tira-nodoas\/","title":{"rendered":"Slim Touch | Toalhitas tira-n\u00f3doas"},"content":{"rendered":"","protected":false},"excerpt":{"rendered":"<p><b>Removedor epid\u00e9rmico de manchas em toalhitas<\/b><span style=\"font-weight: 400;\"> indispens\u00e1vel para remover manchas e res\u00edduos de colora\u00e7\u00e3o para cabelos. Com <\/span><b>alanto\u00edna e bisabolol<\/b><span style=\"font-weight: 400;\">.<\/span><\/p>\n","protected":false},"featured_media":8290,"template":"","meta":[],"product_brand":[],"product_cat":[625],"product_tag":[],"class_list":{"0":"post-8868","1":"product","2":"type-product","3":"status-publish","4":"has-post-thumbnail","6":"product_cat-decoblond-pt-pt","7":"description-off","9":"first","10":"instock","11":"shipping-taxable","12":"product-type-simple"},"yoast_head":"<!-- This site is optimized with the Yoast SEO plugin v26.8 - https:\/\/yoast.com\/product\/yoast-seo-wordpress\/ -->\n<title>Toalhitas tira-n\u00f3doas<\/title>\n<meta name=\"description\" content=\"Removedor epid\u00e9rmico de manchas em toalhitas indispens\u00e1vel para remover manchas e res\u00edduos de colora\u00e7\u00e3o para cabelos. Com alanto\u00edna e bisabolol.\" \/>\n<meta name=\"robots\" content=\"index, follow, max-snippet:-1, max-image-preview:large, max-video-preview:-1\" \/>\n<link rel=\"canonical\" href=\"https:\/\/www.technique-italia.com\/pt-pt\/products\/tecnica\/decoblond-pt-pt\/slim-touch-toalhitas-tira-nodoas\/\" \/>\n<meta property=\"og:locale\" content=\"pt_PT\" \/>\n<meta property=\"og:type\" content=\"article\" \/>\n<meta property=\"og:title\" content=\"Toalhitas tira-n\u00f3doas\" \/>\n<meta property=\"og:description\" content=\"Removedor epid\u00e9rmico de manchas em toalhitas indispens\u00e1vel para remover manchas e res\u00edduos de colora\u00e7\u00e3o para cabelos. Com alanto\u00edna e bisabolol.\" \/>\n<meta property=\"og:url\" content=\"https:\/\/www.technique-italia.com\/pt-pt\/products\/tecnica\/decoblond-pt-pt\/slim-touch-toalhitas-tira-nodoas\/\" \/>\n<meta property=\"og:site_name\" content=\"Technique\" \/>\n<meta property=\"article:modified_time\" content=\"2021-12-22T10:28:08+00:00\" \/>\n<meta property=\"og:image\" content=\"https:\/\/www.technique-italia.com\/wp-content\/uploads\/2018\/02\/technique_slim_touch_salviette_smacchianti.png\" \/>\n\t<meta property=\"og:image:width\" content=\"510\" \/>\n\t<meta property=\"og:image:height\" content=\"600\" \/>\n\t<meta property=\"og:image:type\" content=\"image\/png\" \/>\n<meta name=\"twitter:card\" content=\"summary_large_image\" \/>\n<script type=\"application\/ld+json\" class=\"yoast-schema-graph\">{\"@context\":\"https:\/\/schema.org\",\"@graph\":[{\"@type\":\"WebPage\",\"@id\":\"https:\/\/www.technique-italia.com\/pt-pt\/products\/tecnica\/decoblond-pt-pt\/slim-touch-toalhitas-tira-nodoas\/\",\"url\":\"https:\/\/www.technique-italia.com\/pt-pt\/products\/tecnica\/decoblond-pt-pt\/slim-touch-toalhitas-tira-nodoas\/\",\"name\":\"Toalhitas tira-n\u00f3doas\",\"isPartOf\":{\"@id\":\"https:\/\/www.technique-italia.com\/pt-pt\/#website\"},\"primaryImageOfPage\":{\"@id\":\"https:\/\/www.technique-italia.com\/pt-pt\/products\/tecnica\/decoblond-pt-pt\/slim-touch-toalhitas-tira-nodoas\/#primaryimage\"},\"image\":{\"@id\":\"https:\/\/www.technique-italia.com\/pt-pt\/products\/tecnica\/decoblond-pt-pt\/slim-touch-toalhitas-tira-nodoas\/#primaryimage\"},\"thumbnailUrl\":\"https:\/\/www.technique-italia.com\/wp-content\/uploads\/2018\/02\/technique_slim_touch_salviette_smacchianti.png\",\"datePublished\":\"2018-03-16T08:00:09+00:00\",\"dateModified\":\"2021-12-22T10:28:08+00:00\",\"description\":\"Removedor epid\u00e9rmico de manchas em toalhitas indispens\u00e1vel para remover manchas e res\u00edduos de colora\u00e7\u00e3o para cabelos. Com alanto\u00edna e bisabolol.\",\"breadcrumb\":{\"@id\":\"https:\/\/www.technique-italia.com\/pt-pt\/products\/tecnica\/decoblond-pt-pt\/slim-touch-toalhitas-tira-nodoas\/#breadcrumb\"},\"inLanguage\":\"pt-PT\",\"potentialAction\":[{\"@type\":\"ReadAction\",\"target\":[\"https:\/\/www.technique-italia.com\/pt-pt\/products\/tecnica\/decoblond-pt-pt\/slim-touch-toalhitas-tira-nodoas\/\"]}]},{\"@type\":\"ImageObject\",\"inLanguage\":\"pt-PT\",\"@id\":\"https:\/\/www.technique-italia.com\/pt-pt\/products\/tecnica\/decoblond-pt-pt\/slim-touch-toalhitas-tira-nodoas\/#primaryimage\",\"url\":\"https:\/\/www.technique-italia.com\/wp-content\/uploads\/2018\/02\/technique_slim_touch_salviette_smacchianti.png\",\"contentUrl\":\"https:\/\/www.technique-italia.com\/wp-content\/uploads\/2018\/02\/technique_slim_touch_salviette_smacchianti.png\",\"width\":510,\"height\":600},{\"@type\":\"BreadcrumbList\",\"@id\":\"https:\/\/www.technique-italia.com\/pt-pt\/products\/tecnica\/decoblond-pt-pt\/slim-touch-toalhitas-tira-nodoas\/#breadcrumb\",\"itemListElement\":[{\"@type\":\"ListItem\",\"position\":1,\"name\":\"Home\",\"item\":\"https:\/\/www.technique-italia.com\/pt-pt\/\"},{\"@type\":\"ListItem\",\"position\":2,\"name\":\"Produtos\",\"item\":\"https:\/\/www.technique-italia.com\/pt-pt\/shop\/\"},{\"@type\":\"ListItem\",\"position\":3,\"name\":\"Slim Touch | Toalhitas tira-n\u00f3doas\"}]},{\"@type\":\"WebSite\",\"@id\":\"https:\/\/www.technique-italia.com\/pt-pt\/#website\",\"url\":\"https:\/\/www.technique-italia.com\/pt-pt\/\",\"name\":\"Technique\",\"description\":\"The Italian Concept\",\"potentialAction\":[{\"@type\":\"SearchAction\",\"target\":{\"@type\":\"EntryPoint\",\"urlTemplate\":\"https:\/\/www.technique-italia.com\/pt-pt\/?s={search_term_string}\"},\"query-input\":{\"@type\":\"PropertyValueSpecification\",\"valueRequired\":true,\"valueName\":\"search_term_string\"}}],\"inLanguage\":\"pt-PT\"}]}<\/script>\n<!-- \/ Yoast SEO plugin. -->","yoast_head_json":{"title":"Toalhitas tira-n\u00f3doas","description":"Removedor epid\u00e9rmico de manchas em toalhitas indispens\u00e1vel para remover manchas e res\u00edduos de colora\u00e7\u00e3o para cabelos. Com alanto\u00edna e bisabolol.","robots":{"index":"index","follow":"follow","max-snippet":"max-snippet:-1","max-image-preview":"max-image-preview:large","max-video-preview":"max-video-preview:-1"},"canonical":"https:\/\/www.technique-italia.com\/pt-pt\/products\/tecnica\/decoblond-pt-pt\/slim-touch-toalhitas-tira-nodoas\/","og_locale":"pt_PT","og_type":"article","og_title":"Toalhitas tira-n\u00f3doas","og_description":"Removedor epid\u00e9rmico de manchas em toalhitas indispens\u00e1vel para remover manchas e res\u00edduos de colora\u00e7\u00e3o para cabelos. Com alanto\u00edna e bisabolol.","og_url":"https:\/\/www.technique-italia.com\/pt-pt\/products\/tecnica\/decoblond-pt-pt\/slim-touch-toalhitas-tira-nodoas\/","og_site_name":"Technique","article_modified_time":"2021-12-22T10:28:08+00:00","og_image":[{"width":510,"height":600,"url":"https:\/\/www.technique-italia.com\/wp-content\/uploads\/2018\/02\/technique_slim_touch_salviette_smacchianti.png","type":"image\/png"}],"twitter_card":"summary_large_image","schema":{"@context":"https:\/\/schema.org","@graph":[{"@type":"WebPage","@id":"https:\/\/www.technique-italia.com\/pt-pt\/products\/tecnica\/decoblond-pt-pt\/slim-touch-toalhitas-tira-nodoas\/","url":"https:\/\/www.technique-italia.com\/pt-pt\/products\/tecnica\/decoblond-pt-pt\/slim-touch-toalhitas-tira-nodoas\/","name":"Toalhitas tira-n\u00f3doas","isPartOf":{"@id":"https:\/\/www.technique-italia.com\/pt-pt\/#website"},"primaryImageOfPage":{"@id":"https:\/\/www.technique-italia.com\/pt-pt\/products\/tecnica\/decoblond-pt-pt\/slim-touch-toalhitas-tira-nodoas\/#primaryimage"},"image":{"@id":"https:\/\/www.technique-italia.com\/pt-pt\/products\/tecnica\/decoblond-pt-pt\/slim-touch-toalhitas-tira-nodoas\/#primaryimage"},"thumbnailUrl":"https:\/\/www.technique-italia.com\/wp-content\/uploads\/2018\/02\/technique_slim_touch_salviette_smacchianti.png","datePublished":"2018-03-16T08:00:09+00:00","dateModified":"2021-12-22T10:28:08+00:00","description":"Removedor epid\u00e9rmico de manchas em toalhitas indispens\u00e1vel para remover manchas e res\u00edduos de colora\u00e7\u00e3o para cabelos. Com alanto\u00edna e bisabolol.","breadcrumb":{"@id":"https:\/\/www.technique-italia.com\/pt-pt\/products\/tecnica\/decoblond-pt-pt\/slim-touch-toalhitas-tira-nodoas\/#breadcrumb"},"inLanguage":"pt-PT","potentialAction":[{"@type":"ReadAction","target":["https:\/\/www.technique-italia.com\/pt-pt\/products\/tecnica\/decoblond-pt-pt\/slim-touch-toalhitas-tira-nodoas\/"]}]},{"@type":"ImageObject","inLanguage":"pt-PT","@id":"https:\/\/www.technique-italia.com\/pt-pt\/products\/tecnica\/decoblond-pt-pt\/slim-touch-toalhitas-tira-nodoas\/#primaryimage","url":"https:\/\/www.technique-italia.com\/wp-content\/uploads\/2018\/02\/technique_slim_touch_salviette_smacchianti.png","contentUrl":"https:\/\/www.technique-italia.com\/wp-content\/uploads\/2018\/02\/technique_slim_touch_salviette_smacchianti.png","width":510,"height":600},{"@type":"BreadcrumbList","@id":"https:\/\/www.technique-italia.com\/pt-pt\/products\/tecnica\/decoblond-pt-pt\/slim-touch-toalhitas-tira-nodoas\/#breadcrumb","itemListElement":[{"@type":"ListItem","position":1,"name":"Home","item":"https:\/\/www.technique-italia.com\/pt-pt\/"},{"@type":"ListItem","position":2,"name":"Produtos","item":"https:\/\/www.technique-italia.com\/pt-pt\/shop\/"},{"@type":"ListItem","position":3,"name":"Slim Touch | Toalhitas tira-n\u00f3doas"}]},{"@type":"WebSite","@id":"https:\/\/www.technique-italia.com\/pt-pt\/#website","url":"https:\/\/www.technique-italia.com\/pt-pt\/","name":"Technique","description":"The Italian Concept","potentialAction":[{"@type":"SearchAction","target":{"@type":"EntryPoint","urlTemplate":"https:\/\/www.technique-italia.com\/pt-pt\/?s={search_term_string}"},"query-input":{"@type":"PropertyValueSpecification","valueRequired":true,"valueName":"search_term_string"}}],"inLanguage":"pt-PT"}]}},"_links":{"self":[{"href":"https:\/\/www.technique-italia.com\/pt-pt\/wp-json\/wp\/v2\/product\/8868","targetHints":{"allow":["GET"]}}],"collection":[{"href":"https:\/\/www.technique-italia.com\/pt-pt\/wp-json\/wp\/v2\/product"}],"about":[{"href":"https:\/\/www.technique-italia.com\/pt-pt\/wp-json\/wp\/v2\/types\/product"}],"wp:featuredmedia":[{"embeddable":true,"href":"https:\/\/www.technique-italia.com\/pt-pt\/wp-json\/wp\/v2\/media\/8290"}],"wp:attachment":[{"href":"https:\/\/www.technique-italia.com\/pt-pt\/wp-json\/wp\/v2\/media?parent=8868"}],"wp:term":[{"taxonomy":"product_brand","embeddable":true,"href":"https:\/\/www.technique-italia.com\/pt-pt\/wp-json\/wp\/v2\/product_brand?post=8868"},{"taxonomy":"product_cat","embeddable":true,"href":"https:\/\/www.technique-italia.com\/pt-pt\/wp-json\/wp\/v2\/product_cat?post=8868"},{"taxonomy":"product_tag","embeddable":true,"href":"https:\/\/www.technique-italia.com\/pt-pt\/wp-json\/wp\/v2\/product_tag?post=8868"}],"curies":[{"name":"wp","href":"https:\/\/api.w.org\/{rel}","templated":true}]}}