{"id":8866,"date":"2015-05-22T08:32:28","date_gmt":"2015-05-22T06:32:28","guid":{"rendered":"https:\/\/www.technique-italia.com\/\/products\/sem%20categoria\/decoblond-po-descolorante-caixa-com-24-bolsas\/"},"modified":"2021-12-22T10:58:31","modified_gmt":"2021-12-22T09:58:31","slug":"decoblond-po-descolorante-caixa-com-24-bolsas","status":"publish","type":"product","link":"https:\/\/www.technique-italia.com\/pt-pt\/products\/tecnica\/decoblond-pt-pt\/decoblond-po-descolorante-caixa-com-24-bolsas\/","title":{"rendered":"Decoblond | P\u00f3 descolorante &#8211; Caixa com 24 bolsas"},"content":{"rendered":"","protected":false},"excerpt":{"rendered":"<p><b>Decoblond, P\u00f3 descolorante branco,<\/b><span style=\"font-weight: 400;\"> particularmente<\/span> <span style=\"font-weight: 400;\">adaptado para <\/span><b>descolora\u00e7\u00f5es intensas e progressivas at\u00e9 7\/8 tons. <\/b><span style=\"font-weight: 400;\">Indicado para t\u00e9cnicas de <\/span><b>balayage<\/b><span style=\"font-weight: 400;\"> e em<\/span><b> papel de alum\u00ednio<\/b><span style=\"font-weight: 400;\">. N\u00e3o agride a estrutura capilar. Produzido em <\/span><b>24 bolsas monodose<\/b><span style=\"font-weight: 400;\">, com <\/span><b>formula\u00e7\u00e3o concentrada<\/b><span style=\"font-weight: 400;\"> para descolora\u00e7\u00f5es intensas.<\/span><\/p>\n<p><span style=\"font-weight: 400;\">Uso profissional<\/span><\/p>\n<p><span style=\"font-weight: 400;\">Caixa com 24 bolsas monodose de 25 g.<\/span><\/p>\n","protected":false},"featured_media":8301,"template":"","meta":[],"product_brand":[],"product_cat":[625,624],"product_tag":[],"class_list":{"0":"post-8866","1":"product","2":"type-product","3":"status-publish","4":"has-post-thumbnail","6":"product_cat-decoblond-pt-pt","7":"product_cat-tecnica","8":"description-off","10":"first","11":"instock","12":"shipping-taxable","13":"product-type-simple"},"yoast_head":"<!-- This site is optimized with the Yoast SEO plugin v26.8 - https:\/\/yoast.com\/product\/yoast-seo-wordpress\/ -->\n<title>Decoblond | P\u00f3 descolorante - Caixa com 24 bolsas<\/title>\n<meta name=\"description\" content=\"Decoblond, P\u00f3 descolorante branco, particularmente adaptado para descolora\u00e7\u00f5es intensas e progressivas at\u00e9 7\/8 tons.\" \/>\n<meta name=\"robots\" content=\"index, follow, max-snippet:-1, max-image-preview:large, max-video-preview:-1\" \/>\n<link rel=\"canonical\" href=\"https:\/\/www.technique-italia.com\/pt-pt\/products\/tecnica\/decoblond-pt-pt\/decoblond-po-descolorante-caixa-com-24-bolsas\/\" \/>\n<meta property=\"og:locale\" content=\"pt_PT\" \/>\n<meta property=\"og:type\" content=\"article\" \/>\n<meta property=\"og:title\" content=\"Decoblond | P\u00f3 descolorante - Caixa com 24 bolsas\" \/>\n<meta property=\"og:description\" content=\"Decoblond, P\u00f3 descolorante branco, particularmente adaptado para descolora\u00e7\u00f5es intensas e progressivas at\u00e9 7\/8 tons.\" \/>\n<meta property=\"og:url\" content=\"https:\/\/www.technique-italia.com\/pt-pt\/products\/tecnica\/decoblond-pt-pt\/decoblond-po-descolorante-caixa-com-24-bolsas\/\" \/>\n<meta property=\"og:site_name\" content=\"Technique\" \/>\n<meta property=\"article:modified_time\" content=\"2021-12-22T09:58:31+00:00\" \/>\n<meta property=\"og:image\" content=\"https:\/\/www.technique-italia.com\/wp-content\/uploads\/2015\/05\/technique_decoblond_polvere_decolorante_bustine.png\" \/>\n\t<meta property=\"og:image:width\" content=\"510\" \/>\n\t<meta property=\"og:image:height\" content=\"600\" \/>\n\t<meta property=\"og:image:type\" content=\"image\/png\" \/>\n<meta name=\"twitter:card\" content=\"summary_large_image\" \/>\n<script type=\"application\/ld+json\" class=\"yoast-schema-graph\">{\"@context\":\"https:\/\/schema.org\",\"@graph\":[{\"@type\":\"WebPage\",\"@id\":\"https:\/\/www.technique-italia.com\/pt-pt\/products\/tecnica\/decoblond-pt-pt\/decoblond-po-descolorante-caixa-com-24-bolsas\/\",\"url\":\"https:\/\/www.technique-italia.com\/pt-pt\/products\/tecnica\/decoblond-pt-pt\/decoblond-po-descolorante-caixa-com-24-bolsas\/\",\"name\":\"Decoblond | P\u00f3 descolorante - Caixa com 24 bolsas\",\"isPartOf\":{\"@id\":\"https:\/\/www.technique-italia.com\/pt-pt\/#website\"},\"primaryImageOfPage\":{\"@id\":\"https:\/\/www.technique-italia.com\/pt-pt\/products\/tecnica\/decoblond-pt-pt\/decoblond-po-descolorante-caixa-com-24-bolsas\/#primaryimage\"},\"image\":{\"@id\":\"https:\/\/www.technique-italia.com\/pt-pt\/products\/tecnica\/decoblond-pt-pt\/decoblond-po-descolorante-caixa-com-24-bolsas\/#primaryimage\"},\"thumbnailUrl\":\"https:\/\/www.technique-italia.com\/wp-content\/uploads\/2015\/05\/technique_decoblond_polvere_decolorante_bustine.png\",\"datePublished\":\"2015-05-22T06:32:28+00:00\",\"dateModified\":\"2021-12-22T09:58:31+00:00\",\"description\":\"Decoblond, P\u00f3 descolorante branco, particularmente adaptado para descolora\u00e7\u00f5es intensas e progressivas at\u00e9 7\/8 tons.\",\"breadcrumb\":{\"@id\":\"https:\/\/www.technique-italia.com\/pt-pt\/products\/tecnica\/decoblond-pt-pt\/decoblond-po-descolorante-caixa-com-24-bolsas\/#breadcrumb\"},\"inLanguage\":\"pt-PT\",\"potentialAction\":[{\"@type\":\"ReadAction\",\"target\":[\"https:\/\/www.technique-italia.com\/pt-pt\/products\/tecnica\/decoblond-pt-pt\/decoblond-po-descolorante-caixa-com-24-bolsas\/\"]}]},{\"@type\":\"ImageObject\",\"inLanguage\":\"pt-PT\",\"@id\":\"https:\/\/www.technique-italia.com\/pt-pt\/products\/tecnica\/decoblond-pt-pt\/decoblond-po-descolorante-caixa-com-24-bolsas\/#primaryimage\",\"url\":\"https:\/\/www.technique-italia.com\/wp-content\/uploads\/2015\/05\/technique_decoblond_polvere_decolorante_bustine.png\",\"contentUrl\":\"https:\/\/www.technique-italia.com\/wp-content\/uploads\/2015\/05\/technique_decoblond_polvere_decolorante_bustine.png\",\"width\":510,\"height\":600},{\"@type\":\"BreadcrumbList\",\"@id\":\"https:\/\/www.technique-italia.com\/pt-pt\/products\/tecnica\/decoblond-pt-pt\/decoblond-po-descolorante-caixa-com-24-bolsas\/#breadcrumb\",\"itemListElement\":[{\"@type\":\"ListItem\",\"position\":1,\"name\":\"Home\",\"item\":\"https:\/\/www.technique-italia.com\/pt-pt\/\"},{\"@type\":\"ListItem\",\"position\":2,\"name\":\"Produtos\",\"item\":\"https:\/\/www.technique-italia.com\/pt-pt\/shop\/\"},{\"@type\":\"ListItem\",\"position\":3,\"name\":\"Decoblond | P\u00f3 descolorante &#8211; Caixa com 24 bolsas\"}]},{\"@type\":\"WebSite\",\"@id\":\"https:\/\/www.technique-italia.com\/pt-pt\/#website\",\"url\":\"https:\/\/www.technique-italia.com\/pt-pt\/\",\"name\":\"Technique\",\"description\":\"The Italian Concept\",\"potentialAction\":[{\"@type\":\"SearchAction\",\"target\":{\"@type\":\"EntryPoint\",\"urlTemplate\":\"https:\/\/www.technique-italia.com\/pt-pt\/?s={search_term_string}\"},\"query-input\":{\"@type\":\"PropertyValueSpecification\",\"valueRequired\":true,\"valueName\":\"search_term_string\"}}],\"inLanguage\":\"pt-PT\"}]}<\/script>\n<!-- \/ Yoast SEO plugin. -->","yoast_head_json":{"title":"Decoblond | P\u00f3 descolorante - Caixa com 24 bolsas","description":"Decoblond, P\u00f3 descolorante branco, particularmente adaptado para descolora\u00e7\u00f5es intensas e progressivas at\u00e9 7\/8 tons.","robots":{"index":"index","follow":"follow","max-snippet":"max-snippet:-1","max-image-preview":"max-image-preview:large","max-video-preview":"max-video-preview:-1"},"canonical":"https:\/\/www.technique-italia.com\/pt-pt\/products\/tecnica\/decoblond-pt-pt\/decoblond-po-descolorante-caixa-com-24-bolsas\/","og_locale":"pt_PT","og_type":"article","og_title":"Decoblond | P\u00f3 descolorante - Caixa com 24 bolsas","og_description":"Decoblond, P\u00f3 descolorante branco, particularmente adaptado para descolora\u00e7\u00f5es intensas e progressivas at\u00e9 7\/8 tons.","og_url":"https:\/\/www.technique-italia.com\/pt-pt\/products\/tecnica\/decoblond-pt-pt\/decoblond-po-descolorante-caixa-com-24-bolsas\/","og_site_name":"Technique","article_modified_time":"2021-12-22T09:58:31+00:00","og_image":[{"width":510,"height":600,"url":"https:\/\/www.technique-italia.com\/wp-content\/uploads\/2015\/05\/technique_decoblond_polvere_decolorante_bustine.png","type":"image\/png"}],"twitter_card":"summary_large_image","schema":{"@context":"https:\/\/schema.org","@graph":[{"@type":"WebPage","@id":"https:\/\/www.technique-italia.com\/pt-pt\/products\/tecnica\/decoblond-pt-pt\/decoblond-po-descolorante-caixa-com-24-bolsas\/","url":"https:\/\/www.technique-italia.com\/pt-pt\/products\/tecnica\/decoblond-pt-pt\/decoblond-po-descolorante-caixa-com-24-bolsas\/","name":"Decoblond | P\u00f3 descolorante - Caixa com 24 bolsas","isPartOf":{"@id":"https:\/\/www.technique-italia.com\/pt-pt\/#website"},"primaryImageOfPage":{"@id":"https:\/\/www.technique-italia.com\/pt-pt\/products\/tecnica\/decoblond-pt-pt\/decoblond-po-descolorante-caixa-com-24-bolsas\/#primaryimage"},"image":{"@id":"https:\/\/www.technique-italia.com\/pt-pt\/products\/tecnica\/decoblond-pt-pt\/decoblond-po-descolorante-caixa-com-24-bolsas\/#primaryimage"},"thumbnailUrl":"https:\/\/www.technique-italia.com\/wp-content\/uploads\/2015\/05\/technique_decoblond_polvere_decolorante_bustine.png","datePublished":"2015-05-22T06:32:28+00:00","dateModified":"2021-12-22T09:58:31+00:00","description":"Decoblond, P\u00f3 descolorante branco, particularmente adaptado para descolora\u00e7\u00f5es intensas e progressivas at\u00e9 7\/8 tons.","breadcrumb":{"@id":"https:\/\/www.technique-italia.com\/pt-pt\/products\/tecnica\/decoblond-pt-pt\/decoblond-po-descolorante-caixa-com-24-bolsas\/#breadcrumb"},"inLanguage":"pt-PT","potentialAction":[{"@type":"ReadAction","target":["https:\/\/www.technique-italia.com\/pt-pt\/products\/tecnica\/decoblond-pt-pt\/decoblond-po-descolorante-caixa-com-24-bolsas\/"]}]},{"@type":"ImageObject","inLanguage":"pt-PT","@id":"https:\/\/www.technique-italia.com\/pt-pt\/products\/tecnica\/decoblond-pt-pt\/decoblond-po-descolorante-caixa-com-24-bolsas\/#primaryimage","url":"https:\/\/www.technique-italia.com\/wp-content\/uploads\/2015\/05\/technique_decoblond_polvere_decolorante_bustine.png","contentUrl":"https:\/\/www.technique-italia.com\/wp-content\/uploads\/2015\/05\/technique_decoblond_polvere_decolorante_bustine.png","width":510,"height":600},{"@type":"BreadcrumbList","@id":"https:\/\/www.technique-italia.com\/pt-pt\/products\/tecnica\/decoblond-pt-pt\/decoblond-po-descolorante-caixa-com-24-bolsas\/#breadcrumb","itemListElement":[{"@type":"ListItem","position":1,"name":"Home","item":"https:\/\/www.technique-italia.com\/pt-pt\/"},{"@type":"ListItem","position":2,"name":"Produtos","item":"https:\/\/www.technique-italia.com\/pt-pt\/shop\/"},{"@type":"ListItem","position":3,"name":"Decoblond | P\u00f3 descolorante &#8211; Caixa com 24 bolsas"}]},{"@type":"WebSite","@id":"https:\/\/www.technique-italia.com\/pt-pt\/#website","url":"https:\/\/www.technique-italia.com\/pt-pt\/","name":"Technique","description":"The Italian Concept","potentialAction":[{"@type":"SearchAction","target":{"@type":"EntryPoint","urlTemplate":"https:\/\/www.technique-italia.com\/pt-pt\/?s={search_term_string}"},"query-input":{"@type":"PropertyValueSpecification","valueRequired":true,"valueName":"search_term_string"}}],"inLanguage":"pt-PT"}]}},"_links":{"self":[{"href":"https:\/\/www.technique-italia.com\/pt-pt\/wp-json\/wp\/v2\/product\/8866","targetHints":{"allow":["GET"]}}],"collection":[{"href":"https:\/\/www.technique-italia.com\/pt-pt\/wp-json\/wp\/v2\/product"}],"about":[{"href":"https:\/\/www.technique-italia.com\/pt-pt\/wp-json\/wp\/v2\/types\/product"}],"wp:featuredmedia":[{"embeddable":true,"href":"https:\/\/www.technique-italia.com\/pt-pt\/wp-json\/wp\/v2\/media\/8301"}],"wp:attachment":[{"href":"https:\/\/www.technique-italia.com\/pt-pt\/wp-json\/wp\/v2\/media?parent=8866"}],"wp:term":[{"taxonomy":"product_brand","embeddable":true,"href":"https:\/\/www.technique-italia.com\/pt-pt\/wp-json\/wp\/v2\/product_brand?post=8866"},{"taxonomy":"product_cat","embeddable":true,"href":"https:\/\/www.technique-italia.com\/pt-pt\/wp-json\/wp\/v2\/product_cat?post=8866"},{"taxonomy":"product_tag","embeddable":true,"href":"https:\/\/www.technique-italia.com\/pt-pt\/wp-json\/wp\/v2\/product_tag?post=8866"}],"curies":[{"name":"wp","href":"https:\/\/api.w.org\/{rel}","templated":true}]}}