{"id":8851,"date":"2015-05-22T10:17:49","date_gmt":"2015-05-22T08:17:49","guid":{"rendered":"https:\/\/www.technique-italia.com\/\/products\/sem%20categoria\/technique-champo-com-amendoa\/"},"modified":"2021-12-22T10:35:06","modified_gmt":"2021-12-22T09:35:06","slug":"technique-champo-com-amendoa","status":"publish","type":"product","link":"https:\/\/www.technique-italia.com\/pt-pt\/products\/tecnica\/salon-pt-pt\/technique-champo-com-amendoa\/","title":{"rendered":"Technique | Champ\u00f4 com am\u00eandoa"},"content":{"rendered":"","protected":false},"excerpt":{"rendered":"<p><b>Technique, Champ\u00f4 com am\u00eandoa<\/b><span style=\"font-weight: 400;\"> para uma limpeza suave e completa. Indicado para lavagens frequentes, nutre os cabelos, deixando-os sedosos e luminosos. <\/span><b>Perfume delicado<\/b><span style=\"font-weight: 400;\"> de am\u00eandoas doces. Adaptado para <\/span><b>cabelos normais<\/b><span style=\"font-weight: 400;\">. Pr\u00e1tico e conveniente no seu formato m\u00e1ximo.<\/span><\/p>\n<p><span style=\"font-weight: 400;\">Recipiente de 10 litros<\/span><\/p>\n","protected":false},"featured_media":17479,"template":"","meta":[],"product_brand":[],"product_cat":[627,624],"product_tag":[],"class_list":{"0":"post-8851","1":"product","2":"type-product","3":"status-publish","4":"has-post-thumbnail","6":"product_cat-salon-pt-pt","7":"product_cat-tecnica","8":"description-off","10":"first","11":"instock","12":"shipping-taxable","13":"product-type-simple"},"yoast_head":"<!-- This site is optimized with the Yoast SEO plugin v26.8 - https:\/\/yoast.com\/product\/yoast-seo-wordpress\/ -->\n<title>Technique | Champ\u00f4 com am\u00eandoa<\/title>\n<meta name=\"description\" content=\"Technique, Champ\u00f4 com am\u00eandoa para uma limpeza suave e completa. Indicado para lavagens frequentes, nutre os cabelos, deixando-os sedosos e luminosos.\" \/>\n<meta name=\"robots\" content=\"index, follow, max-snippet:-1, max-image-preview:large, max-video-preview:-1\" \/>\n<link rel=\"canonical\" href=\"https:\/\/www.technique-italia.com\/pt-pt\/products\/tecnica\/salon-pt-pt\/technique-champo-com-amendoa\/\" \/>\n<meta property=\"og:locale\" content=\"pt_PT\" \/>\n<meta property=\"og:type\" content=\"article\" \/>\n<meta property=\"og:title\" content=\"Technique | Champ\u00f4 com am\u00eandoa\" \/>\n<meta property=\"og:description\" content=\"Technique, Champ\u00f4 com am\u00eandoa para uma limpeza suave e completa. Indicado para lavagens frequentes, nutre os cabelos, deixando-os sedosos e luminosos.\" \/>\n<meta property=\"og:url\" content=\"https:\/\/www.technique-italia.com\/pt-pt\/products\/tecnica\/salon-pt-pt\/technique-champo-com-amendoa\/\" \/>\n<meta property=\"og:site_name\" content=\"Technique\" \/>\n<meta property=\"article:modified_time\" content=\"2021-12-22T09:35:06+00:00\" \/>\n<meta property=\"og:image\" content=\"https:\/\/www.technique-italia.com\/wp-content\/uploads\/2015\/05\/04004_technique_technic_shampoo_almond_10lt.png\" \/>\n\t<meta property=\"og:image:width\" content=\"600\" \/>\n\t<meta property=\"og:image:height\" content=\"600\" \/>\n\t<meta property=\"og:image:type\" content=\"image\/png\" \/>\n<meta name=\"twitter:card\" content=\"summary_large_image\" \/>\n<script type=\"application\/ld+json\" class=\"yoast-schema-graph\">{\"@context\":\"https:\/\/schema.org\",\"@graph\":[{\"@type\":\"WebPage\",\"@id\":\"https:\/\/www.technique-italia.com\/pt-pt\/products\/tecnica\/salon-pt-pt\/technique-champo-com-amendoa\/\",\"url\":\"https:\/\/www.technique-italia.com\/pt-pt\/products\/tecnica\/salon-pt-pt\/technique-champo-com-amendoa\/\",\"name\":\"Technique | Champ\u00f4 com am\u00eandoa\",\"isPartOf\":{\"@id\":\"https:\/\/www.technique-italia.com\/pt-pt\/#website\"},\"primaryImageOfPage\":{\"@id\":\"https:\/\/www.technique-italia.com\/pt-pt\/products\/tecnica\/salon-pt-pt\/technique-champo-com-amendoa\/#primaryimage\"},\"image\":{\"@id\":\"https:\/\/www.technique-italia.com\/pt-pt\/products\/tecnica\/salon-pt-pt\/technique-champo-com-amendoa\/#primaryimage\"},\"thumbnailUrl\":\"https:\/\/www.technique-italia.com\/wp-content\/uploads\/2015\/05\/04004_technique_technic_shampoo_almond_10lt.png\",\"datePublished\":\"2015-05-22T08:17:49+00:00\",\"dateModified\":\"2021-12-22T09:35:06+00:00\",\"description\":\"Technique, Champ\u00f4 com am\u00eandoa para uma limpeza suave e completa. Indicado para lavagens frequentes, nutre os cabelos, deixando-os sedosos e luminosos.\",\"breadcrumb\":{\"@id\":\"https:\/\/www.technique-italia.com\/pt-pt\/products\/tecnica\/salon-pt-pt\/technique-champo-com-amendoa\/#breadcrumb\"},\"inLanguage\":\"pt-PT\",\"potentialAction\":[{\"@type\":\"ReadAction\",\"target\":[\"https:\/\/www.technique-italia.com\/pt-pt\/products\/tecnica\/salon-pt-pt\/technique-champo-com-amendoa\/\"]}]},{\"@type\":\"ImageObject\",\"inLanguage\":\"pt-PT\",\"@id\":\"https:\/\/www.technique-italia.com\/pt-pt\/products\/tecnica\/salon-pt-pt\/technique-champo-com-amendoa\/#primaryimage\",\"url\":\"https:\/\/www.technique-italia.com\/wp-content\/uploads\/2015\/05\/04004_technique_technic_shampoo_almond_10lt.png\",\"contentUrl\":\"https:\/\/www.technique-italia.com\/wp-content\/uploads\/2015\/05\/04004_technique_technic_shampoo_almond_10lt.png\",\"width\":600,\"height\":600},{\"@type\":\"BreadcrumbList\",\"@id\":\"https:\/\/www.technique-italia.com\/pt-pt\/products\/tecnica\/salon-pt-pt\/technique-champo-com-amendoa\/#breadcrumb\",\"itemListElement\":[{\"@type\":\"ListItem\",\"position\":1,\"name\":\"Home\",\"item\":\"https:\/\/www.technique-italia.com\/pt-pt\/\"},{\"@type\":\"ListItem\",\"position\":2,\"name\":\"Produtos\",\"item\":\"https:\/\/www.technique-italia.com\/pt-pt\/shop\/\"},{\"@type\":\"ListItem\",\"position\":3,\"name\":\"Technique | Champ\u00f4 com am\u00eandoa\"}]},{\"@type\":\"WebSite\",\"@id\":\"https:\/\/www.technique-italia.com\/pt-pt\/#website\",\"url\":\"https:\/\/www.technique-italia.com\/pt-pt\/\",\"name\":\"Technique\",\"description\":\"The Italian Concept\",\"potentialAction\":[{\"@type\":\"SearchAction\",\"target\":{\"@type\":\"EntryPoint\",\"urlTemplate\":\"https:\/\/www.technique-italia.com\/pt-pt\/?s={search_term_string}\"},\"query-input\":{\"@type\":\"PropertyValueSpecification\",\"valueRequired\":true,\"valueName\":\"search_term_string\"}}],\"inLanguage\":\"pt-PT\"}]}<\/script>\n<!-- \/ Yoast SEO plugin. -->","yoast_head_json":{"title":"Technique | Champ\u00f4 com am\u00eandoa","description":"Technique, Champ\u00f4 com am\u00eandoa para uma limpeza suave e completa. Indicado para lavagens frequentes, nutre os cabelos, deixando-os sedosos e luminosos.","robots":{"index":"index","follow":"follow","max-snippet":"max-snippet:-1","max-image-preview":"max-image-preview:large","max-video-preview":"max-video-preview:-1"},"canonical":"https:\/\/www.technique-italia.com\/pt-pt\/products\/tecnica\/salon-pt-pt\/technique-champo-com-amendoa\/","og_locale":"pt_PT","og_type":"article","og_title":"Technique | Champ\u00f4 com am\u00eandoa","og_description":"Technique, Champ\u00f4 com am\u00eandoa para uma limpeza suave e completa. Indicado para lavagens frequentes, nutre os cabelos, deixando-os sedosos e luminosos.","og_url":"https:\/\/www.technique-italia.com\/pt-pt\/products\/tecnica\/salon-pt-pt\/technique-champo-com-amendoa\/","og_site_name":"Technique","article_modified_time":"2021-12-22T09:35:06+00:00","og_image":[{"width":600,"height":600,"url":"https:\/\/www.technique-italia.com\/wp-content\/uploads\/2015\/05\/04004_technique_technic_shampoo_almond_10lt.png","type":"image\/png"}],"twitter_card":"summary_large_image","schema":{"@context":"https:\/\/schema.org","@graph":[{"@type":"WebPage","@id":"https:\/\/www.technique-italia.com\/pt-pt\/products\/tecnica\/salon-pt-pt\/technique-champo-com-amendoa\/","url":"https:\/\/www.technique-italia.com\/pt-pt\/products\/tecnica\/salon-pt-pt\/technique-champo-com-amendoa\/","name":"Technique | Champ\u00f4 com am\u00eandoa","isPartOf":{"@id":"https:\/\/www.technique-italia.com\/pt-pt\/#website"},"primaryImageOfPage":{"@id":"https:\/\/www.technique-italia.com\/pt-pt\/products\/tecnica\/salon-pt-pt\/technique-champo-com-amendoa\/#primaryimage"},"image":{"@id":"https:\/\/www.technique-italia.com\/pt-pt\/products\/tecnica\/salon-pt-pt\/technique-champo-com-amendoa\/#primaryimage"},"thumbnailUrl":"https:\/\/www.technique-italia.com\/wp-content\/uploads\/2015\/05\/04004_technique_technic_shampoo_almond_10lt.png","datePublished":"2015-05-22T08:17:49+00:00","dateModified":"2021-12-22T09:35:06+00:00","description":"Technique, Champ\u00f4 com am\u00eandoa para uma limpeza suave e completa. Indicado para lavagens frequentes, nutre os cabelos, deixando-os sedosos e luminosos.","breadcrumb":{"@id":"https:\/\/www.technique-italia.com\/pt-pt\/products\/tecnica\/salon-pt-pt\/technique-champo-com-amendoa\/#breadcrumb"},"inLanguage":"pt-PT","potentialAction":[{"@type":"ReadAction","target":["https:\/\/www.technique-italia.com\/pt-pt\/products\/tecnica\/salon-pt-pt\/technique-champo-com-amendoa\/"]}]},{"@type":"ImageObject","inLanguage":"pt-PT","@id":"https:\/\/www.technique-italia.com\/pt-pt\/products\/tecnica\/salon-pt-pt\/technique-champo-com-amendoa\/#primaryimage","url":"https:\/\/www.technique-italia.com\/wp-content\/uploads\/2015\/05\/04004_technique_technic_shampoo_almond_10lt.png","contentUrl":"https:\/\/www.technique-italia.com\/wp-content\/uploads\/2015\/05\/04004_technique_technic_shampoo_almond_10lt.png","width":600,"height":600},{"@type":"BreadcrumbList","@id":"https:\/\/www.technique-italia.com\/pt-pt\/products\/tecnica\/salon-pt-pt\/technique-champo-com-amendoa\/#breadcrumb","itemListElement":[{"@type":"ListItem","position":1,"name":"Home","item":"https:\/\/www.technique-italia.com\/pt-pt\/"},{"@type":"ListItem","position":2,"name":"Produtos","item":"https:\/\/www.technique-italia.com\/pt-pt\/shop\/"},{"@type":"ListItem","position":3,"name":"Technique | Champ\u00f4 com am\u00eandoa"}]},{"@type":"WebSite","@id":"https:\/\/www.technique-italia.com\/pt-pt\/#website","url":"https:\/\/www.technique-italia.com\/pt-pt\/","name":"Technique","description":"The Italian Concept","potentialAction":[{"@type":"SearchAction","target":{"@type":"EntryPoint","urlTemplate":"https:\/\/www.technique-italia.com\/pt-pt\/?s={search_term_string}"},"query-input":{"@type":"PropertyValueSpecification","valueRequired":true,"valueName":"search_term_string"}}],"inLanguage":"pt-PT"}]}},"_links":{"self":[{"href":"https:\/\/www.technique-italia.com\/pt-pt\/wp-json\/wp\/v2\/product\/8851","targetHints":{"allow":["GET"]}}],"collection":[{"href":"https:\/\/www.technique-italia.com\/pt-pt\/wp-json\/wp\/v2\/product"}],"about":[{"href":"https:\/\/www.technique-italia.com\/pt-pt\/wp-json\/wp\/v2\/types\/product"}],"wp:featuredmedia":[{"embeddable":true,"href":"https:\/\/www.technique-italia.com\/pt-pt\/wp-json\/wp\/v2\/media\/17479"}],"wp:attachment":[{"href":"https:\/\/www.technique-italia.com\/pt-pt\/wp-json\/wp\/v2\/media?parent=8851"}],"wp:term":[{"taxonomy":"product_brand","embeddable":true,"href":"https:\/\/www.technique-italia.com\/pt-pt\/wp-json\/wp\/v2\/product_brand?post=8851"},{"taxonomy":"product_cat","embeddable":true,"href":"https:\/\/www.technique-italia.com\/pt-pt\/wp-json\/wp\/v2\/product_cat?post=8851"},{"taxonomy":"product_tag","embeddable":true,"href":"https:\/\/www.technique-italia.com\/pt-pt\/wp-json\/wp\/v2\/product_tag?post=8851"}],"curies":[{"name":"wp","href":"https:\/\/api.w.org\/{rel}","templated":true}]}}