{"id":8846,"date":"2015-05-21T16:55:22","date_gmt":"2015-05-21T14:55:22","guid":{"rendered":"https:\/\/www.technique-italia.com\/\/products\/sem%20categoria\/jetting-up-laca-ecologica-volumizadora\/"},"modified":"2023-02-10T12:00:41","modified_gmt":"2023-02-10T11:00:41","slug":"jetting-up-backup-laca-volumizadora","status":"publish","type":"product","link":"https:\/\/www.technique-italia.com\/pt-pt\/products\/finishing-styling-pt-pt\/spray-pt-pt\/jetting-up-backup-laca-volumizadora\/","title":{"rendered":"Jetting Up | Backup &#8211; Laca Volumizadora"},"content":{"rendered":"","protected":false},"excerpt":{"rendered":"<p><span style=\"font-weight: 400;\"><strong>Backup<\/strong>, <\/span><b>Laca volumizadora<\/b><span style=\"font-weight: 400;\"> para uma fixa\u00e7\u00e3o forte, natural e ultra flex\u00edvel. Produto ecol\u00f3gico ideal para a cosm\u00e9tica, garante <\/span><b>uma fixa\u00e7\u00e3o instant\u00e2nea<\/b><span style=\"font-weight: 400;\"> e <\/span><b>um apoio m\u00e1ximo<\/b><span style=\"font-weight: 400;\">. Indicada para <\/span><b>definir as madeixas e criar volume<\/b><span style=\"font-weight: 400;\">. N\u00e3o deixa res\u00edduos e elimina-se facilmente. F\u00f3rmula <\/span><b>sem g\u00e1s<\/b><span style=\"font-weight: 400;\">.<\/span><\/p>\n<p><span style=\"font-weight: 400;\">Uso profissional<\/span><\/p>\n<p><span style=\"font-weight: 400;\">Frasco de 400 ml<\/span><\/p>\n","protected":false},"featured_media":14862,"template":"","meta":[],"product_brand":[],"product_cat":[619,623],"product_tag":[],"class_list":{"0":"post-8846","1":"product","2":"type-product","3":"status-publish","4":"has-post-thumbnail","6":"product_cat-finishing-styling-pt-pt","7":"product_cat-spray-pt-pt","8":"description-off","10":"first","11":"instock","12":"shipping-taxable","13":"product-type-simple"},"yoast_head":"<!-- This site is optimized with the Yoast SEO plugin v26.8 - https:\/\/yoast.com\/product\/yoast-seo-wordpress\/ -->\n<title>Jetting Up | Backup - Laca Volumizadora<\/title>\n<meta name=\"description\" content=\"Backup, Laca volumizadora para uma fixa\u00e7\u00e3o forte, natural e ultra flex\u00edvel.\" \/>\n<meta name=\"robots\" content=\"index, follow, max-snippet:-1, max-image-preview:large, max-video-preview:-1\" \/>\n<link rel=\"canonical\" href=\"https:\/\/www.technique-italia.com\/pt-pt\/products\/finishing-styling-pt-pt\/spray-pt-pt\/jetting-up-backup-laca-volumizadora\/\" \/>\n<meta property=\"og:locale\" content=\"pt_PT\" \/>\n<meta property=\"og:type\" content=\"article\" \/>\n<meta property=\"og:title\" content=\"Jetting Up | Backup - Laca Volumizadora\" \/>\n<meta property=\"og:description\" content=\"Backup, Laca volumizadora para uma fixa\u00e7\u00e3o forte, natural e ultra flex\u00edvel.\" \/>\n<meta property=\"og:url\" content=\"https:\/\/www.technique-italia.com\/pt-pt\/products\/finishing-styling-pt-pt\/spray-pt-pt\/jetting-up-backup-laca-volumizadora\/\" \/>\n<meta property=\"og:site_name\" content=\"Technique\" \/>\n<meta property=\"article:modified_time\" content=\"2023-02-10T11:00:41+00:00\" \/>\n<meta property=\"og:image\" content=\"https:\/\/www.technique-italia.com\/wp-content\/uploads\/2015\/05\/03005_technique_backup_volumizing_hairspray_400ml-1.png\" \/>\n\t<meta property=\"og:image:width\" content=\"600\" \/>\n\t<meta property=\"og:image:height\" content=\"600\" \/>\n\t<meta property=\"og:image:type\" content=\"image\/png\" \/>\n<meta name=\"twitter:card\" content=\"summary_large_image\" \/>\n<script type=\"application\/ld+json\" class=\"yoast-schema-graph\">{\"@context\":\"https:\/\/schema.org\",\"@graph\":[{\"@type\":\"WebPage\",\"@id\":\"https:\/\/www.technique-italia.com\/pt-pt\/products\/finishing-styling-pt-pt\/spray-pt-pt\/jetting-up-backup-laca-volumizadora\/\",\"url\":\"https:\/\/www.technique-italia.com\/pt-pt\/products\/finishing-styling-pt-pt\/spray-pt-pt\/jetting-up-backup-laca-volumizadora\/\",\"name\":\"Jetting Up | Backup - Laca Volumizadora\",\"isPartOf\":{\"@id\":\"https:\/\/www.technique-italia.com\/pt-pt\/#website\"},\"primaryImageOfPage\":{\"@id\":\"https:\/\/www.technique-italia.com\/pt-pt\/products\/finishing-styling-pt-pt\/spray-pt-pt\/jetting-up-backup-laca-volumizadora\/#primaryimage\"},\"image\":{\"@id\":\"https:\/\/www.technique-italia.com\/pt-pt\/products\/finishing-styling-pt-pt\/spray-pt-pt\/jetting-up-backup-laca-volumizadora\/#primaryimage\"},\"thumbnailUrl\":\"https:\/\/www.technique-italia.com\/wp-content\/uploads\/2015\/05\/03005_technique_backup_volumizing_hairspray_400ml-1.png\",\"datePublished\":\"2015-05-21T14:55:22+00:00\",\"dateModified\":\"2023-02-10T11:00:41+00:00\",\"description\":\"Backup, Laca volumizadora para uma fixa\u00e7\u00e3o forte, natural e ultra flex\u00edvel.\",\"breadcrumb\":{\"@id\":\"https:\/\/www.technique-italia.com\/pt-pt\/products\/finishing-styling-pt-pt\/spray-pt-pt\/jetting-up-backup-laca-volumizadora\/#breadcrumb\"},\"inLanguage\":\"pt-PT\",\"potentialAction\":[{\"@type\":\"ReadAction\",\"target\":[\"https:\/\/www.technique-italia.com\/pt-pt\/products\/finishing-styling-pt-pt\/spray-pt-pt\/jetting-up-backup-laca-volumizadora\/\"]}]},{\"@type\":\"ImageObject\",\"inLanguage\":\"pt-PT\",\"@id\":\"https:\/\/www.technique-italia.com\/pt-pt\/products\/finishing-styling-pt-pt\/spray-pt-pt\/jetting-up-backup-laca-volumizadora\/#primaryimage\",\"url\":\"https:\/\/www.technique-italia.com\/wp-content\/uploads\/2015\/05\/03005_technique_backup_volumizing_hairspray_400ml-1.png\",\"contentUrl\":\"https:\/\/www.technique-italia.com\/wp-content\/uploads\/2015\/05\/03005_technique_backup_volumizing_hairspray_400ml-1.png\",\"width\":600,\"height\":600},{\"@type\":\"BreadcrumbList\",\"@id\":\"https:\/\/www.technique-italia.com\/pt-pt\/products\/finishing-styling-pt-pt\/spray-pt-pt\/jetting-up-backup-laca-volumizadora\/#breadcrumb\",\"itemListElement\":[{\"@type\":\"ListItem\",\"position\":1,\"name\":\"Home\",\"item\":\"https:\/\/www.technique-italia.com\/pt-pt\/\"},{\"@type\":\"ListItem\",\"position\":2,\"name\":\"Produtos\",\"item\":\"https:\/\/www.technique-italia.com\/pt-pt\/shop\/\"},{\"@type\":\"ListItem\",\"position\":3,\"name\":\"Jetting Up | Backup &#8211; Laca Volumizadora\"}]},{\"@type\":\"WebSite\",\"@id\":\"https:\/\/www.technique-italia.com\/pt-pt\/#website\",\"url\":\"https:\/\/www.technique-italia.com\/pt-pt\/\",\"name\":\"Technique\",\"description\":\"The Italian Concept\",\"potentialAction\":[{\"@type\":\"SearchAction\",\"target\":{\"@type\":\"EntryPoint\",\"urlTemplate\":\"https:\/\/www.technique-italia.com\/pt-pt\/?s={search_term_string}\"},\"query-input\":{\"@type\":\"PropertyValueSpecification\",\"valueRequired\":true,\"valueName\":\"search_term_string\"}}],\"inLanguage\":\"pt-PT\"}]}<\/script>\n<!-- \/ Yoast SEO plugin. -->","yoast_head_json":{"title":"Jetting Up | Backup - Laca Volumizadora","description":"Backup, Laca volumizadora para uma fixa\u00e7\u00e3o forte, natural e ultra flex\u00edvel.","robots":{"index":"index","follow":"follow","max-snippet":"max-snippet:-1","max-image-preview":"max-image-preview:large","max-video-preview":"max-video-preview:-1"},"canonical":"https:\/\/www.technique-italia.com\/pt-pt\/products\/finishing-styling-pt-pt\/spray-pt-pt\/jetting-up-backup-laca-volumizadora\/","og_locale":"pt_PT","og_type":"article","og_title":"Jetting Up | Backup - Laca Volumizadora","og_description":"Backup, Laca volumizadora para uma fixa\u00e7\u00e3o forte, natural e ultra flex\u00edvel.","og_url":"https:\/\/www.technique-italia.com\/pt-pt\/products\/finishing-styling-pt-pt\/spray-pt-pt\/jetting-up-backup-laca-volumizadora\/","og_site_name":"Technique","article_modified_time":"2023-02-10T11:00:41+00:00","og_image":[{"width":600,"height":600,"url":"https:\/\/www.technique-italia.com\/wp-content\/uploads\/2015\/05\/03005_technique_backup_volumizing_hairspray_400ml-1.png","type":"image\/png"}],"twitter_card":"summary_large_image","schema":{"@context":"https:\/\/schema.org","@graph":[{"@type":"WebPage","@id":"https:\/\/www.technique-italia.com\/pt-pt\/products\/finishing-styling-pt-pt\/spray-pt-pt\/jetting-up-backup-laca-volumizadora\/","url":"https:\/\/www.technique-italia.com\/pt-pt\/products\/finishing-styling-pt-pt\/spray-pt-pt\/jetting-up-backup-laca-volumizadora\/","name":"Jetting Up | Backup - Laca Volumizadora","isPartOf":{"@id":"https:\/\/www.technique-italia.com\/pt-pt\/#website"},"primaryImageOfPage":{"@id":"https:\/\/www.technique-italia.com\/pt-pt\/products\/finishing-styling-pt-pt\/spray-pt-pt\/jetting-up-backup-laca-volumizadora\/#primaryimage"},"image":{"@id":"https:\/\/www.technique-italia.com\/pt-pt\/products\/finishing-styling-pt-pt\/spray-pt-pt\/jetting-up-backup-laca-volumizadora\/#primaryimage"},"thumbnailUrl":"https:\/\/www.technique-italia.com\/wp-content\/uploads\/2015\/05\/03005_technique_backup_volumizing_hairspray_400ml-1.png","datePublished":"2015-05-21T14:55:22+00:00","dateModified":"2023-02-10T11:00:41+00:00","description":"Backup, Laca volumizadora para uma fixa\u00e7\u00e3o forte, natural e ultra flex\u00edvel.","breadcrumb":{"@id":"https:\/\/www.technique-italia.com\/pt-pt\/products\/finishing-styling-pt-pt\/spray-pt-pt\/jetting-up-backup-laca-volumizadora\/#breadcrumb"},"inLanguage":"pt-PT","potentialAction":[{"@type":"ReadAction","target":["https:\/\/www.technique-italia.com\/pt-pt\/products\/finishing-styling-pt-pt\/spray-pt-pt\/jetting-up-backup-laca-volumizadora\/"]}]},{"@type":"ImageObject","inLanguage":"pt-PT","@id":"https:\/\/www.technique-italia.com\/pt-pt\/products\/finishing-styling-pt-pt\/spray-pt-pt\/jetting-up-backup-laca-volumizadora\/#primaryimage","url":"https:\/\/www.technique-italia.com\/wp-content\/uploads\/2015\/05\/03005_technique_backup_volumizing_hairspray_400ml-1.png","contentUrl":"https:\/\/www.technique-italia.com\/wp-content\/uploads\/2015\/05\/03005_technique_backup_volumizing_hairspray_400ml-1.png","width":600,"height":600},{"@type":"BreadcrumbList","@id":"https:\/\/www.technique-italia.com\/pt-pt\/products\/finishing-styling-pt-pt\/spray-pt-pt\/jetting-up-backup-laca-volumizadora\/#breadcrumb","itemListElement":[{"@type":"ListItem","position":1,"name":"Home","item":"https:\/\/www.technique-italia.com\/pt-pt\/"},{"@type":"ListItem","position":2,"name":"Produtos","item":"https:\/\/www.technique-italia.com\/pt-pt\/shop\/"},{"@type":"ListItem","position":3,"name":"Jetting Up | Backup &#8211; Laca Volumizadora"}]},{"@type":"WebSite","@id":"https:\/\/www.technique-italia.com\/pt-pt\/#website","url":"https:\/\/www.technique-italia.com\/pt-pt\/","name":"Technique","description":"The Italian Concept","potentialAction":[{"@type":"SearchAction","target":{"@type":"EntryPoint","urlTemplate":"https:\/\/www.technique-italia.com\/pt-pt\/?s={search_term_string}"},"query-input":{"@type":"PropertyValueSpecification","valueRequired":true,"valueName":"search_term_string"}}],"inLanguage":"pt-PT"}]}},"_links":{"self":[{"href":"https:\/\/www.technique-italia.com\/pt-pt\/wp-json\/wp\/v2\/product\/8846","targetHints":{"allow":["GET"]}}],"collection":[{"href":"https:\/\/www.technique-italia.com\/pt-pt\/wp-json\/wp\/v2\/product"}],"about":[{"href":"https:\/\/www.technique-italia.com\/pt-pt\/wp-json\/wp\/v2\/types\/product"}],"wp:featuredmedia":[{"embeddable":true,"href":"https:\/\/www.technique-italia.com\/pt-pt\/wp-json\/wp\/v2\/media\/14862"}],"wp:attachment":[{"href":"https:\/\/www.technique-italia.com\/pt-pt\/wp-json\/wp\/v2\/media?parent=8846"}],"wp:term":[{"taxonomy":"product_brand","embeddable":true,"href":"https:\/\/www.technique-italia.com\/pt-pt\/wp-json\/wp\/v2\/product_brand?post=8846"},{"taxonomy":"product_cat","embeddable":true,"href":"https:\/\/www.technique-italia.com\/pt-pt\/wp-json\/wp\/v2\/product_cat?post=8846"},{"taxonomy":"product_tag","embeddable":true,"href":"https:\/\/www.technique-italia.com\/pt-pt\/wp-json\/wp\/v2\/product_tag?post=8846"}],"curies":[{"name":"wp","href":"https:\/\/api.w.org\/{rel}","templated":true}]}}