{"id":8844,"date":"2015-05-21T17:05:31","date_gmt":"2015-05-21T15:05:31","guid":{"rendered":"https:\/\/www.technique-italia.com\/\/products\/sem%20categoria\/jetting-up-laca-spray-super-fixacao-3\/"},"modified":"2023-11-13T15:45:45","modified_gmt":"2023-11-13T14:45:45","slug":"jetting-up-laca-spray-super-fixacao-3","status":"publish","type":"product","link":"https:\/\/www.technique-italia.com\/pt-pt\/products\/finishing-styling-pt-pt\/spray-pt-pt\/jetting-up-laca-spray-super-fixacao-3\/","title":{"rendered":"Jetting Up | Full HD &#8211; Laca spray super fixa\u00e7\u00e3o"},"content":{"rendered":"","protected":false},"excerpt":{"rendered":"<p><b>Jetting Up, Laca spray<\/b><span style=\"font-weight: 400;\"> super fixa\u00e7\u00e3o com propelente ecol\u00f3gico, que respeita o ambiente e n\u00e3o afeta o ozono. Indicada para <\/span><b>fixar o penteado<\/b><span style=\"font-weight: 400;\">, criando uma <\/span><b>pel\u00edcula protetora leve e invis\u00edvel<\/b><span style=\"font-weight: 400;\">.<\/span><\/p>\n<p><span style=\"font-weight: 400;\">Uso profissional<\/span><\/p>\n<p><span style=\"font-weight: 400;\">Frasco de 500 ml<\/span><\/p>\n","protected":false},"featured_media":17444,"template":"","meta":[],"product_brand":[],"product_cat":[619,623],"product_tag":[],"class_list":{"0":"post-8844","1":"product","2":"type-product","3":"status-publish","4":"has-post-thumbnail","6":"product_cat-finishing-styling-pt-pt","7":"product_cat-spray-pt-pt","8":"description-off","10":"first","11":"instock","12":"shipping-taxable","13":"product-type-simple"},"yoast_head":"<!-- This site is optimized with the Yoast SEO plugin v26.8 - https:\/\/yoast.com\/product\/yoast-seo-wordpress\/ -->\n<title>Jetting Up | Laca spray super fixa\u00e7\u00e3o<\/title>\n<meta name=\"description\" content=\"Jetting Up, Laca spray super fixa\u00e7\u00e3o com propelente ecol\u00f3gico, que respeita o ambiente e n\u00e3o afeta o ozono.\" \/>\n<meta name=\"robots\" content=\"index, follow, max-snippet:-1, max-image-preview:large, max-video-preview:-1\" \/>\n<link rel=\"canonical\" href=\"https:\/\/www.technique-italia.com\/pt-pt\/products\/finishing-styling-pt-pt\/spray-pt-pt\/jetting-up-laca-spray-super-fixacao-3\/\" \/>\n<meta property=\"og:locale\" content=\"pt_PT\" \/>\n<meta property=\"og:type\" content=\"article\" \/>\n<meta property=\"og:title\" content=\"Jetting Up | Laca spray super fixa\u00e7\u00e3o\" \/>\n<meta property=\"og:description\" content=\"Jetting Up, Laca spray super fixa\u00e7\u00e3o com propelente ecol\u00f3gico, que respeita o ambiente e n\u00e3o afeta o ozono.\" \/>\n<meta property=\"og:url\" content=\"https:\/\/www.technique-italia.com\/pt-pt\/products\/finishing-styling-pt-pt\/spray-pt-pt\/jetting-up-laca-spray-super-fixacao-3\/\" \/>\n<meta property=\"og:site_name\" content=\"Technique\" \/>\n<meta property=\"article:modified_time\" content=\"2023-11-13T14:45:45+00:00\" \/>\n<meta property=\"og:image\" content=\"https:\/\/www.technique-italia.com\/wp-content\/uploads\/2015\/05\/03007_technique_full_hd_directional_spray_500ml.png\" \/>\n\t<meta property=\"og:image:width\" content=\"600\" \/>\n\t<meta property=\"og:image:height\" content=\"600\" \/>\n\t<meta property=\"og:image:type\" content=\"image\/png\" \/>\n<meta name=\"twitter:card\" content=\"summary_large_image\" \/>\n<script type=\"application\/ld+json\" class=\"yoast-schema-graph\">{\"@context\":\"https:\/\/schema.org\",\"@graph\":[{\"@type\":\"WebPage\",\"@id\":\"https:\/\/www.technique-italia.com\/pt-pt\/products\/finishing-styling-pt-pt\/spray-pt-pt\/jetting-up-laca-spray-super-fixacao-3\/\",\"url\":\"https:\/\/www.technique-italia.com\/pt-pt\/products\/finishing-styling-pt-pt\/spray-pt-pt\/jetting-up-laca-spray-super-fixacao-3\/\",\"name\":\"Jetting Up | Laca spray super fixa\u00e7\u00e3o\",\"isPartOf\":{\"@id\":\"https:\/\/www.technique-italia.com\/pt-pt\/#website\"},\"primaryImageOfPage\":{\"@id\":\"https:\/\/www.technique-italia.com\/pt-pt\/products\/finishing-styling-pt-pt\/spray-pt-pt\/jetting-up-laca-spray-super-fixacao-3\/#primaryimage\"},\"image\":{\"@id\":\"https:\/\/www.technique-italia.com\/pt-pt\/products\/finishing-styling-pt-pt\/spray-pt-pt\/jetting-up-laca-spray-super-fixacao-3\/#primaryimage\"},\"thumbnailUrl\":\"https:\/\/www.technique-italia.com\/wp-content\/uploads\/2015\/05\/03007_technique_full_hd_directional_spray_500ml.png\",\"datePublished\":\"2015-05-21T15:05:31+00:00\",\"dateModified\":\"2023-11-13T14:45:45+00:00\",\"description\":\"Jetting Up, Laca spray super fixa\u00e7\u00e3o com propelente ecol\u00f3gico, que respeita o ambiente e n\u00e3o afeta o ozono.\",\"breadcrumb\":{\"@id\":\"https:\/\/www.technique-italia.com\/pt-pt\/products\/finishing-styling-pt-pt\/spray-pt-pt\/jetting-up-laca-spray-super-fixacao-3\/#breadcrumb\"},\"inLanguage\":\"pt-PT\",\"potentialAction\":[{\"@type\":\"ReadAction\",\"target\":[\"https:\/\/www.technique-italia.com\/pt-pt\/products\/finishing-styling-pt-pt\/spray-pt-pt\/jetting-up-laca-spray-super-fixacao-3\/\"]}]},{\"@type\":\"ImageObject\",\"inLanguage\":\"pt-PT\",\"@id\":\"https:\/\/www.technique-italia.com\/pt-pt\/products\/finishing-styling-pt-pt\/spray-pt-pt\/jetting-up-laca-spray-super-fixacao-3\/#primaryimage\",\"url\":\"https:\/\/www.technique-italia.com\/wp-content\/uploads\/2015\/05\/03007_technique_full_hd_directional_spray_500ml.png\",\"contentUrl\":\"https:\/\/www.technique-italia.com\/wp-content\/uploads\/2015\/05\/03007_technique_full_hd_directional_spray_500ml.png\",\"width\":600,\"height\":600},{\"@type\":\"BreadcrumbList\",\"@id\":\"https:\/\/www.technique-italia.com\/pt-pt\/products\/finishing-styling-pt-pt\/spray-pt-pt\/jetting-up-laca-spray-super-fixacao-3\/#breadcrumb\",\"itemListElement\":[{\"@type\":\"ListItem\",\"position\":1,\"name\":\"Home\",\"item\":\"https:\/\/www.technique-italia.com\/pt-pt\/\"},{\"@type\":\"ListItem\",\"position\":2,\"name\":\"Produtos\",\"item\":\"https:\/\/www.technique-italia.com\/pt-pt\/shop\/\"},{\"@type\":\"ListItem\",\"position\":3,\"name\":\"Jetting Up | Full HD &#8211; Laca spray super fixa\u00e7\u00e3o\"}]},{\"@type\":\"WebSite\",\"@id\":\"https:\/\/www.technique-italia.com\/pt-pt\/#website\",\"url\":\"https:\/\/www.technique-italia.com\/pt-pt\/\",\"name\":\"Technique\",\"description\":\"The Italian Concept\",\"potentialAction\":[{\"@type\":\"SearchAction\",\"target\":{\"@type\":\"EntryPoint\",\"urlTemplate\":\"https:\/\/www.technique-italia.com\/pt-pt\/?s={search_term_string}\"},\"query-input\":{\"@type\":\"PropertyValueSpecification\",\"valueRequired\":true,\"valueName\":\"search_term_string\"}}],\"inLanguage\":\"pt-PT\"}]}<\/script>\n<!-- \/ Yoast SEO plugin. -->","yoast_head_json":{"title":"Jetting Up | Laca spray super fixa\u00e7\u00e3o","description":"Jetting Up, Laca spray super fixa\u00e7\u00e3o com propelente ecol\u00f3gico, que respeita o ambiente e n\u00e3o afeta o ozono.","robots":{"index":"index","follow":"follow","max-snippet":"max-snippet:-1","max-image-preview":"max-image-preview:large","max-video-preview":"max-video-preview:-1"},"canonical":"https:\/\/www.technique-italia.com\/pt-pt\/products\/finishing-styling-pt-pt\/spray-pt-pt\/jetting-up-laca-spray-super-fixacao-3\/","og_locale":"pt_PT","og_type":"article","og_title":"Jetting Up | Laca spray super fixa\u00e7\u00e3o","og_description":"Jetting Up, Laca spray super fixa\u00e7\u00e3o com propelente ecol\u00f3gico, que respeita o ambiente e n\u00e3o afeta o ozono.","og_url":"https:\/\/www.technique-italia.com\/pt-pt\/products\/finishing-styling-pt-pt\/spray-pt-pt\/jetting-up-laca-spray-super-fixacao-3\/","og_site_name":"Technique","article_modified_time":"2023-11-13T14:45:45+00:00","og_image":[{"width":600,"height":600,"url":"https:\/\/www.technique-italia.com\/wp-content\/uploads\/2015\/05\/03007_technique_full_hd_directional_spray_500ml.png","type":"image\/png"}],"twitter_card":"summary_large_image","schema":{"@context":"https:\/\/schema.org","@graph":[{"@type":"WebPage","@id":"https:\/\/www.technique-italia.com\/pt-pt\/products\/finishing-styling-pt-pt\/spray-pt-pt\/jetting-up-laca-spray-super-fixacao-3\/","url":"https:\/\/www.technique-italia.com\/pt-pt\/products\/finishing-styling-pt-pt\/spray-pt-pt\/jetting-up-laca-spray-super-fixacao-3\/","name":"Jetting Up | Laca spray super fixa\u00e7\u00e3o","isPartOf":{"@id":"https:\/\/www.technique-italia.com\/pt-pt\/#website"},"primaryImageOfPage":{"@id":"https:\/\/www.technique-italia.com\/pt-pt\/products\/finishing-styling-pt-pt\/spray-pt-pt\/jetting-up-laca-spray-super-fixacao-3\/#primaryimage"},"image":{"@id":"https:\/\/www.technique-italia.com\/pt-pt\/products\/finishing-styling-pt-pt\/spray-pt-pt\/jetting-up-laca-spray-super-fixacao-3\/#primaryimage"},"thumbnailUrl":"https:\/\/www.technique-italia.com\/wp-content\/uploads\/2015\/05\/03007_technique_full_hd_directional_spray_500ml.png","datePublished":"2015-05-21T15:05:31+00:00","dateModified":"2023-11-13T14:45:45+00:00","description":"Jetting Up, Laca spray super fixa\u00e7\u00e3o com propelente ecol\u00f3gico, que respeita o ambiente e n\u00e3o afeta o ozono.","breadcrumb":{"@id":"https:\/\/www.technique-italia.com\/pt-pt\/products\/finishing-styling-pt-pt\/spray-pt-pt\/jetting-up-laca-spray-super-fixacao-3\/#breadcrumb"},"inLanguage":"pt-PT","potentialAction":[{"@type":"ReadAction","target":["https:\/\/www.technique-italia.com\/pt-pt\/products\/finishing-styling-pt-pt\/spray-pt-pt\/jetting-up-laca-spray-super-fixacao-3\/"]}]},{"@type":"ImageObject","inLanguage":"pt-PT","@id":"https:\/\/www.technique-italia.com\/pt-pt\/products\/finishing-styling-pt-pt\/spray-pt-pt\/jetting-up-laca-spray-super-fixacao-3\/#primaryimage","url":"https:\/\/www.technique-italia.com\/wp-content\/uploads\/2015\/05\/03007_technique_full_hd_directional_spray_500ml.png","contentUrl":"https:\/\/www.technique-italia.com\/wp-content\/uploads\/2015\/05\/03007_technique_full_hd_directional_spray_500ml.png","width":600,"height":600},{"@type":"BreadcrumbList","@id":"https:\/\/www.technique-italia.com\/pt-pt\/products\/finishing-styling-pt-pt\/spray-pt-pt\/jetting-up-laca-spray-super-fixacao-3\/#breadcrumb","itemListElement":[{"@type":"ListItem","position":1,"name":"Home","item":"https:\/\/www.technique-italia.com\/pt-pt\/"},{"@type":"ListItem","position":2,"name":"Produtos","item":"https:\/\/www.technique-italia.com\/pt-pt\/shop\/"},{"@type":"ListItem","position":3,"name":"Jetting Up | Full HD &#8211; Laca spray super fixa\u00e7\u00e3o"}]},{"@type":"WebSite","@id":"https:\/\/www.technique-italia.com\/pt-pt\/#website","url":"https:\/\/www.technique-italia.com\/pt-pt\/","name":"Technique","description":"The Italian Concept","potentialAction":[{"@type":"SearchAction","target":{"@type":"EntryPoint","urlTemplate":"https:\/\/www.technique-italia.com\/pt-pt\/?s={search_term_string}"},"query-input":{"@type":"PropertyValueSpecification","valueRequired":true,"valueName":"search_term_string"}}],"inLanguage":"pt-PT"}]}},"_links":{"self":[{"href":"https:\/\/www.technique-italia.com\/pt-pt\/wp-json\/wp\/v2\/product\/8844","targetHints":{"allow":["GET"]}}],"collection":[{"href":"https:\/\/www.technique-italia.com\/pt-pt\/wp-json\/wp\/v2\/product"}],"about":[{"href":"https:\/\/www.technique-italia.com\/pt-pt\/wp-json\/wp\/v2\/types\/product"}],"wp:featuredmedia":[{"embeddable":true,"href":"https:\/\/www.technique-italia.com\/pt-pt\/wp-json\/wp\/v2\/media\/17444"}],"wp:attachment":[{"href":"https:\/\/www.technique-italia.com\/pt-pt\/wp-json\/wp\/v2\/media?parent=8844"}],"wp:term":[{"taxonomy":"product_brand","embeddable":true,"href":"https:\/\/www.technique-italia.com\/pt-pt\/wp-json\/wp\/v2\/product_brand?post=8844"},{"taxonomy":"product_cat","embeddable":true,"href":"https:\/\/www.technique-italia.com\/pt-pt\/wp-json\/wp\/v2\/product_cat?post=8844"},{"taxonomy":"product_tag","embeddable":true,"href":"https:\/\/www.technique-italia.com\/pt-pt\/wp-json\/wp\/v2\/product_tag?post=8844"}],"curies":[{"name":"wp","href":"https:\/\/api.w.org\/{rel}","templated":true}]}}