{"id":8831,"date":"2015-05-21T14:35:49","date_gmt":"2015-05-21T12:35:49","guid":{"rendered":"https:\/\/www.technique-italia.com\/\/products\/sem%20categoria\/jetting-up-wet-gel-fixacao-forte-2\/"},"modified":"2023-02-10T11:43:44","modified_gmt":"2023-02-10T10:43:44","slug":"jetting-up-edit-on-gel-de-efeito-molhado","status":"publish","type":"product","link":"https:\/\/www.technique-italia.com\/pt-pt\/products\/finishing-styling-pt-pt\/gel-pt-pt\/jetting-up-edit-on-gel-de-efeito-molhado\/","title":{"rendered":"Jetting Up | Edit On &#8211; Gel de Efeito Molhado"},"content":{"rendered":"","protected":false},"excerpt":{"rendered":"<p><span style=\"font-weight: 400;\"><strong>Edit On<\/strong> &#8211; Gel de efeito molhado e\u00a0de fixa\u00e7\u00e3o extra, efeito molhado de longa dura\u00e7\u00e3o. Confere <\/span><b>apoio e for\u00e7a aos cabelos<\/b><span style=\"font-weight: 400;\">. F\u00e1cil de aplicar, seca rapidamente sem deixar res\u00edduos. F\u00f3rmula indicada para <\/span><b>cabelos curtos ou m\u00e9dios<\/b><span style=\"font-weight: 400;\">. Formato extra de 500 ml com toda a praticidade e conforto do gel para uma longa dura\u00e7\u00e3o.<\/span><\/p>\n<p><span style=\"font-weight: 400;\">Uso profissional<\/span><\/p>\n<p><span style=\"font-weight: 400;\">Frasco de 500 ml<\/span><\/p>\n","protected":false},"featured_media":17454,"template":"","meta":[],"product_brand":[],"product_cat":[619,621],"product_tag":[],"class_list":{"0":"post-8831","1":"product","2":"type-product","3":"status-publish","4":"has-post-thumbnail","6":"product_cat-finishing-styling-pt-pt","7":"product_cat-gel-pt-pt","8":"description-off","10":"first","11":"instock","12":"shipping-taxable","13":"product-type-simple"},"yoast_head":"<!-- This site is optimized with the Yoast SEO plugin v26.8 - https:\/\/yoast.com\/product\/yoast-seo-wordpress\/ -->\n<title>Jetting Up | Edit On - Gel de Efeito Molhado<\/title>\n<meta name=\"description\" content=\"Edit On - Gel de efeito molhado e fixa\u00e7\u00e3o extra, efeito molhado de longa dura\u00e7\u00e3o. Confere apoio e for\u00e7a aos cabelos.\" \/>\n<meta name=\"robots\" content=\"index, follow, max-snippet:-1, max-image-preview:large, max-video-preview:-1\" \/>\n<link rel=\"canonical\" href=\"https:\/\/www.technique-italia.com\/pt-pt\/products\/finishing-styling-pt-pt\/gel-pt-pt\/jetting-up-edit-on-gel-de-efeito-molhado\/\" \/>\n<meta property=\"og:locale\" content=\"pt_PT\" \/>\n<meta property=\"og:type\" content=\"article\" \/>\n<meta property=\"og:title\" content=\"Jetting Up | Edit On - Gel de Efeito Molhado\" \/>\n<meta property=\"og:description\" content=\"Edit On - Gel de efeito molhado e fixa\u00e7\u00e3o extra, efeito molhado de longa dura\u00e7\u00e3o. Confere apoio e for\u00e7a aos cabelos.\" \/>\n<meta property=\"og:url\" content=\"https:\/\/www.technique-italia.com\/pt-pt\/products\/finishing-styling-pt-pt\/gel-pt-pt\/jetting-up-edit-on-gel-de-efeito-molhado\/\" \/>\n<meta property=\"og:site_name\" content=\"Technique\" \/>\n<meta property=\"article:modified_time\" content=\"2023-02-10T10:43:44+00:00\" \/>\n<meta property=\"og:image\" content=\"https:\/\/www.technique-italia.com\/wp-content\/uploads\/2015\/05\/03010_technique_edit_on_wet_effect_gel_500ml-2.png\" \/>\n\t<meta property=\"og:image:width\" content=\"600\" \/>\n\t<meta property=\"og:image:height\" content=\"600\" \/>\n\t<meta property=\"og:image:type\" content=\"image\/png\" \/>\n<meta name=\"twitter:card\" content=\"summary_large_image\" \/>\n<script type=\"application\/ld+json\" class=\"yoast-schema-graph\">{\"@context\":\"https:\/\/schema.org\",\"@graph\":[{\"@type\":\"WebPage\",\"@id\":\"https:\/\/www.technique-italia.com\/pt-pt\/products\/finishing-styling-pt-pt\/gel-pt-pt\/jetting-up-edit-on-gel-de-efeito-molhado\/\",\"url\":\"https:\/\/www.technique-italia.com\/pt-pt\/products\/finishing-styling-pt-pt\/gel-pt-pt\/jetting-up-edit-on-gel-de-efeito-molhado\/\",\"name\":\"Jetting Up | Edit On - Gel de Efeito Molhado\",\"isPartOf\":{\"@id\":\"https:\/\/www.technique-italia.com\/pt-pt\/#website\"},\"primaryImageOfPage\":{\"@id\":\"https:\/\/www.technique-italia.com\/pt-pt\/products\/finishing-styling-pt-pt\/gel-pt-pt\/jetting-up-edit-on-gel-de-efeito-molhado\/#primaryimage\"},\"image\":{\"@id\":\"https:\/\/www.technique-italia.com\/pt-pt\/products\/finishing-styling-pt-pt\/gel-pt-pt\/jetting-up-edit-on-gel-de-efeito-molhado\/#primaryimage\"},\"thumbnailUrl\":\"https:\/\/www.technique-italia.com\/wp-content\/uploads\/2015\/05\/03010_technique_edit_on_wet_effect_gel_500ml-2.png\",\"datePublished\":\"2015-05-21T12:35:49+00:00\",\"dateModified\":\"2023-02-10T10:43:44+00:00\",\"description\":\"Edit On - Gel de efeito molhado e fixa\u00e7\u00e3o extra, efeito molhado de longa dura\u00e7\u00e3o. Confere apoio e for\u00e7a aos cabelos.\",\"breadcrumb\":{\"@id\":\"https:\/\/www.technique-italia.com\/pt-pt\/products\/finishing-styling-pt-pt\/gel-pt-pt\/jetting-up-edit-on-gel-de-efeito-molhado\/#breadcrumb\"},\"inLanguage\":\"pt-PT\",\"potentialAction\":[{\"@type\":\"ReadAction\",\"target\":[\"https:\/\/www.technique-italia.com\/pt-pt\/products\/finishing-styling-pt-pt\/gel-pt-pt\/jetting-up-edit-on-gel-de-efeito-molhado\/\"]}]},{\"@type\":\"ImageObject\",\"inLanguage\":\"pt-PT\",\"@id\":\"https:\/\/www.technique-italia.com\/pt-pt\/products\/finishing-styling-pt-pt\/gel-pt-pt\/jetting-up-edit-on-gel-de-efeito-molhado\/#primaryimage\",\"url\":\"https:\/\/www.technique-italia.com\/wp-content\/uploads\/2015\/05\/03010_technique_edit_on_wet_effect_gel_500ml-2.png\",\"contentUrl\":\"https:\/\/www.technique-italia.com\/wp-content\/uploads\/2015\/05\/03010_technique_edit_on_wet_effect_gel_500ml-2.png\",\"width\":600,\"height\":600},{\"@type\":\"BreadcrumbList\",\"@id\":\"https:\/\/www.technique-italia.com\/pt-pt\/products\/finishing-styling-pt-pt\/gel-pt-pt\/jetting-up-edit-on-gel-de-efeito-molhado\/#breadcrumb\",\"itemListElement\":[{\"@type\":\"ListItem\",\"position\":1,\"name\":\"Home\",\"item\":\"https:\/\/www.technique-italia.com\/pt-pt\/\"},{\"@type\":\"ListItem\",\"position\":2,\"name\":\"Produtos\",\"item\":\"https:\/\/www.technique-italia.com\/pt-pt\/shop\/\"},{\"@type\":\"ListItem\",\"position\":3,\"name\":\"Jetting Up | Edit On &#8211; Gel de Efeito Molhado\"}]},{\"@type\":\"WebSite\",\"@id\":\"https:\/\/www.technique-italia.com\/pt-pt\/#website\",\"url\":\"https:\/\/www.technique-italia.com\/pt-pt\/\",\"name\":\"Technique\",\"description\":\"The Italian Concept\",\"potentialAction\":[{\"@type\":\"SearchAction\",\"target\":{\"@type\":\"EntryPoint\",\"urlTemplate\":\"https:\/\/www.technique-italia.com\/pt-pt\/?s={search_term_string}\"},\"query-input\":{\"@type\":\"PropertyValueSpecification\",\"valueRequired\":true,\"valueName\":\"search_term_string\"}}],\"inLanguage\":\"pt-PT\"}]}<\/script>\n<!-- \/ Yoast SEO plugin. -->","yoast_head_json":{"title":"Jetting Up | Edit On - Gel de Efeito Molhado","description":"Edit On - Gel de efeito molhado e fixa\u00e7\u00e3o extra, efeito molhado de longa dura\u00e7\u00e3o. Confere apoio e for\u00e7a aos cabelos.","robots":{"index":"index","follow":"follow","max-snippet":"max-snippet:-1","max-image-preview":"max-image-preview:large","max-video-preview":"max-video-preview:-1"},"canonical":"https:\/\/www.technique-italia.com\/pt-pt\/products\/finishing-styling-pt-pt\/gel-pt-pt\/jetting-up-edit-on-gel-de-efeito-molhado\/","og_locale":"pt_PT","og_type":"article","og_title":"Jetting Up | Edit On - Gel de Efeito Molhado","og_description":"Edit On - Gel de efeito molhado e fixa\u00e7\u00e3o extra, efeito molhado de longa dura\u00e7\u00e3o. Confere apoio e for\u00e7a aos cabelos.","og_url":"https:\/\/www.technique-italia.com\/pt-pt\/products\/finishing-styling-pt-pt\/gel-pt-pt\/jetting-up-edit-on-gel-de-efeito-molhado\/","og_site_name":"Technique","article_modified_time":"2023-02-10T10:43:44+00:00","og_image":[{"width":600,"height":600,"url":"https:\/\/www.technique-italia.com\/wp-content\/uploads\/2015\/05\/03010_technique_edit_on_wet_effect_gel_500ml-2.png","type":"image\/png"}],"twitter_card":"summary_large_image","schema":{"@context":"https:\/\/schema.org","@graph":[{"@type":"WebPage","@id":"https:\/\/www.technique-italia.com\/pt-pt\/products\/finishing-styling-pt-pt\/gel-pt-pt\/jetting-up-edit-on-gel-de-efeito-molhado\/","url":"https:\/\/www.technique-italia.com\/pt-pt\/products\/finishing-styling-pt-pt\/gel-pt-pt\/jetting-up-edit-on-gel-de-efeito-molhado\/","name":"Jetting Up | Edit On - Gel de Efeito Molhado","isPartOf":{"@id":"https:\/\/www.technique-italia.com\/pt-pt\/#website"},"primaryImageOfPage":{"@id":"https:\/\/www.technique-italia.com\/pt-pt\/products\/finishing-styling-pt-pt\/gel-pt-pt\/jetting-up-edit-on-gel-de-efeito-molhado\/#primaryimage"},"image":{"@id":"https:\/\/www.technique-italia.com\/pt-pt\/products\/finishing-styling-pt-pt\/gel-pt-pt\/jetting-up-edit-on-gel-de-efeito-molhado\/#primaryimage"},"thumbnailUrl":"https:\/\/www.technique-italia.com\/wp-content\/uploads\/2015\/05\/03010_technique_edit_on_wet_effect_gel_500ml-2.png","datePublished":"2015-05-21T12:35:49+00:00","dateModified":"2023-02-10T10:43:44+00:00","description":"Edit On - Gel de efeito molhado e fixa\u00e7\u00e3o extra, efeito molhado de longa dura\u00e7\u00e3o. Confere apoio e for\u00e7a aos cabelos.","breadcrumb":{"@id":"https:\/\/www.technique-italia.com\/pt-pt\/products\/finishing-styling-pt-pt\/gel-pt-pt\/jetting-up-edit-on-gel-de-efeito-molhado\/#breadcrumb"},"inLanguage":"pt-PT","potentialAction":[{"@type":"ReadAction","target":["https:\/\/www.technique-italia.com\/pt-pt\/products\/finishing-styling-pt-pt\/gel-pt-pt\/jetting-up-edit-on-gel-de-efeito-molhado\/"]}]},{"@type":"ImageObject","inLanguage":"pt-PT","@id":"https:\/\/www.technique-italia.com\/pt-pt\/products\/finishing-styling-pt-pt\/gel-pt-pt\/jetting-up-edit-on-gel-de-efeito-molhado\/#primaryimage","url":"https:\/\/www.technique-italia.com\/wp-content\/uploads\/2015\/05\/03010_technique_edit_on_wet_effect_gel_500ml-2.png","contentUrl":"https:\/\/www.technique-italia.com\/wp-content\/uploads\/2015\/05\/03010_technique_edit_on_wet_effect_gel_500ml-2.png","width":600,"height":600},{"@type":"BreadcrumbList","@id":"https:\/\/www.technique-italia.com\/pt-pt\/products\/finishing-styling-pt-pt\/gel-pt-pt\/jetting-up-edit-on-gel-de-efeito-molhado\/#breadcrumb","itemListElement":[{"@type":"ListItem","position":1,"name":"Home","item":"https:\/\/www.technique-italia.com\/pt-pt\/"},{"@type":"ListItem","position":2,"name":"Produtos","item":"https:\/\/www.technique-italia.com\/pt-pt\/shop\/"},{"@type":"ListItem","position":3,"name":"Jetting Up | Edit On &#8211; Gel de Efeito Molhado"}]},{"@type":"WebSite","@id":"https:\/\/www.technique-italia.com\/pt-pt\/#website","url":"https:\/\/www.technique-italia.com\/pt-pt\/","name":"Technique","description":"The Italian Concept","potentialAction":[{"@type":"SearchAction","target":{"@type":"EntryPoint","urlTemplate":"https:\/\/www.technique-italia.com\/pt-pt\/?s={search_term_string}"},"query-input":{"@type":"PropertyValueSpecification","valueRequired":true,"valueName":"search_term_string"}}],"inLanguage":"pt-PT"}]}},"_links":{"self":[{"href":"https:\/\/www.technique-italia.com\/pt-pt\/wp-json\/wp\/v2\/product\/8831","targetHints":{"allow":["GET"]}}],"collection":[{"href":"https:\/\/www.technique-italia.com\/pt-pt\/wp-json\/wp\/v2\/product"}],"about":[{"href":"https:\/\/www.technique-italia.com\/pt-pt\/wp-json\/wp\/v2\/types\/product"}],"wp:featuredmedia":[{"embeddable":true,"href":"https:\/\/www.technique-italia.com\/pt-pt\/wp-json\/wp\/v2\/media\/17454"}],"wp:attachment":[{"href":"https:\/\/www.technique-italia.com\/pt-pt\/wp-json\/wp\/v2\/media?parent=8831"}],"wp:term":[{"taxonomy":"product_brand","embeddable":true,"href":"https:\/\/www.technique-italia.com\/pt-pt\/wp-json\/wp\/v2\/product_brand?post=8831"},{"taxonomy":"product_cat","embeddable":true,"href":"https:\/\/www.technique-italia.com\/pt-pt\/wp-json\/wp\/v2\/product_cat?post=8831"},{"taxonomy":"product_tag","embeddable":true,"href":"https:\/\/www.technique-italia.com\/pt-pt\/wp-json\/wp\/v2\/product_tag?post=8831"}],"curies":[{"name":"wp","href":"https:\/\/api.w.org\/{rel}","templated":true}]}}