{"id":8830,"date":"2015-05-21T15:01:52","date_gmt":"2015-05-21T13:01:52","guid":{"rendered":"https:\/\/www.technique-italia.com\/\/products\/sem%20categoria\/jetting-up-wet-gel-fixacao-forte\/"},"modified":"2023-11-13T16:36:25","modified_gmt":"2023-11-13T15:36:25","slug":"jetting-up-wet-gel-fixacao-forte","status":"publish","type":"product","link":"https:\/\/www.technique-italia.com\/pt-pt\/products\/finishing-styling-pt-pt\/gel-pt-pt\/jetting-up-wet-gel-fixacao-forte\/","title":{"rendered":"Jetting Up | Edit On \u2013 Gel de Efeito Molhado"},"content":{"rendered":"","protected":false},"excerpt":{"rendered":"<p><b>Jetting Up<\/b><span style=\"font-weight: 400;\">, <\/span><b>Wet Gel de fixa\u00e7\u00e3o extra<\/b><span style=\"font-weight: 400;\"> efeito molhado de longa dura\u00e7\u00e3o.<\/span><b>Confere apoio e for\u00e7a aos cabelos<\/b><span style=\"font-weight: 400;\">. F\u00e1cil de aplicar, seca rapidamente sem deixar res\u00edduos. F\u00f3rmula indicada para <\/span><b>cabelos curtos ou m\u00e9dios<\/b><span style=\"font-weight: 400;\">. Funcional e eficiente no formato bolso de 200 ml.<\/span><\/p>\n<p>Uso profissional<\/p>\n<p>Frasco de 200 ml<\/p>\n<p>&nbsp;<\/p>\n","protected":false},"featured_media":17459,"template":"","meta":[],"product_brand":[],"product_cat":[619,621],"product_tag":[],"class_list":{"0":"post-8830","1":"product","2":"type-product","3":"status-publish","4":"has-post-thumbnail","6":"product_cat-finishing-styling-pt-pt","7":"product_cat-gel-pt-pt","8":"description-off","10":"first","11":"instock","12":"shipping-taxable","13":"product-type-simple"},"yoast_head":"<!-- This site is optimized with the Yoast SEO plugin v26.8 - https:\/\/yoast.com\/product\/yoast-seo-wordpress\/ -->\n<title>Jetting Up | Wet Gel - Fixa\u00e7\u00e3o forte<\/title>\n<meta name=\"description\" content=\"Jetting Up, Wet Gel de fixa\u00e7\u00e3o extra efeito molhado de longa dura\u00e7\u00e3o.Confere apoio e for\u00e7a aos cabelos.\" \/>\n<meta name=\"robots\" content=\"index, follow, max-snippet:-1, max-image-preview:large, max-video-preview:-1\" \/>\n<link rel=\"canonical\" href=\"https:\/\/www.technique-italia.com\/pt-pt\/products\/finishing-styling-pt-pt\/gel-pt-pt\/jetting-up-wet-gel-fixacao-forte\/\" \/>\n<meta property=\"og:locale\" content=\"pt_PT\" \/>\n<meta property=\"og:type\" content=\"article\" \/>\n<meta property=\"og:title\" content=\"Jetting Up | Wet Gel - Fixa\u00e7\u00e3o forte\" \/>\n<meta property=\"og:description\" content=\"Jetting Up, Wet Gel de fixa\u00e7\u00e3o extra efeito molhado de longa dura\u00e7\u00e3o.Confere apoio e for\u00e7a aos cabelos.\" \/>\n<meta property=\"og:url\" content=\"https:\/\/www.technique-italia.com\/pt-pt\/products\/finishing-styling-pt-pt\/gel-pt-pt\/jetting-up-wet-gel-fixacao-forte\/\" \/>\n<meta property=\"og:site_name\" content=\"Technique\" \/>\n<meta property=\"article:modified_time\" content=\"2023-11-13T15:36:25+00:00\" \/>\n<meta property=\"og:image\" content=\"https:\/\/www.technique-italia.com\/wp-content\/uploads\/2015\/05\/03009_technique_edit_on_wet_effect_gel_200ml.png\" \/>\n\t<meta property=\"og:image:width\" content=\"600\" \/>\n\t<meta property=\"og:image:height\" content=\"600\" \/>\n\t<meta property=\"og:image:type\" content=\"image\/png\" \/>\n<meta name=\"twitter:card\" content=\"summary_large_image\" \/>\n<script type=\"application\/ld+json\" class=\"yoast-schema-graph\">{\"@context\":\"https:\/\/schema.org\",\"@graph\":[{\"@type\":\"WebPage\",\"@id\":\"https:\/\/www.technique-italia.com\/pt-pt\/products\/finishing-styling-pt-pt\/gel-pt-pt\/jetting-up-wet-gel-fixacao-forte\/\",\"url\":\"https:\/\/www.technique-italia.com\/pt-pt\/products\/finishing-styling-pt-pt\/gel-pt-pt\/jetting-up-wet-gel-fixacao-forte\/\",\"name\":\"Jetting Up | Wet Gel - Fixa\u00e7\u00e3o forte\",\"isPartOf\":{\"@id\":\"https:\/\/www.technique-italia.com\/pt-pt\/#website\"},\"primaryImageOfPage\":{\"@id\":\"https:\/\/www.technique-italia.com\/pt-pt\/products\/finishing-styling-pt-pt\/gel-pt-pt\/jetting-up-wet-gel-fixacao-forte\/#primaryimage\"},\"image\":{\"@id\":\"https:\/\/www.technique-italia.com\/pt-pt\/products\/finishing-styling-pt-pt\/gel-pt-pt\/jetting-up-wet-gel-fixacao-forte\/#primaryimage\"},\"thumbnailUrl\":\"https:\/\/www.technique-italia.com\/wp-content\/uploads\/2015\/05\/03009_technique_edit_on_wet_effect_gel_200ml.png\",\"datePublished\":\"2015-05-21T13:01:52+00:00\",\"dateModified\":\"2023-11-13T15:36:25+00:00\",\"description\":\"Jetting Up, Wet Gel de fixa\u00e7\u00e3o extra efeito molhado de longa dura\u00e7\u00e3o.Confere apoio e for\u00e7a aos cabelos.\",\"breadcrumb\":{\"@id\":\"https:\/\/www.technique-italia.com\/pt-pt\/products\/finishing-styling-pt-pt\/gel-pt-pt\/jetting-up-wet-gel-fixacao-forte\/#breadcrumb\"},\"inLanguage\":\"pt-PT\",\"potentialAction\":[{\"@type\":\"ReadAction\",\"target\":[\"https:\/\/www.technique-italia.com\/pt-pt\/products\/finishing-styling-pt-pt\/gel-pt-pt\/jetting-up-wet-gel-fixacao-forte\/\"]}]},{\"@type\":\"ImageObject\",\"inLanguage\":\"pt-PT\",\"@id\":\"https:\/\/www.technique-italia.com\/pt-pt\/products\/finishing-styling-pt-pt\/gel-pt-pt\/jetting-up-wet-gel-fixacao-forte\/#primaryimage\",\"url\":\"https:\/\/www.technique-italia.com\/wp-content\/uploads\/2015\/05\/03009_technique_edit_on_wet_effect_gel_200ml.png\",\"contentUrl\":\"https:\/\/www.technique-italia.com\/wp-content\/uploads\/2015\/05\/03009_technique_edit_on_wet_effect_gel_200ml.png\",\"width\":600,\"height\":600},{\"@type\":\"BreadcrumbList\",\"@id\":\"https:\/\/www.technique-italia.com\/pt-pt\/products\/finishing-styling-pt-pt\/gel-pt-pt\/jetting-up-wet-gel-fixacao-forte\/#breadcrumb\",\"itemListElement\":[{\"@type\":\"ListItem\",\"position\":1,\"name\":\"Home\",\"item\":\"https:\/\/www.technique-italia.com\/pt-pt\/\"},{\"@type\":\"ListItem\",\"position\":2,\"name\":\"Produtos\",\"item\":\"https:\/\/www.technique-italia.com\/pt-pt\/shop\/\"},{\"@type\":\"ListItem\",\"position\":3,\"name\":\"Jetting Up | Edit On \u2013 Gel de Efeito Molhado\"}]},{\"@type\":\"WebSite\",\"@id\":\"https:\/\/www.technique-italia.com\/pt-pt\/#website\",\"url\":\"https:\/\/www.technique-italia.com\/pt-pt\/\",\"name\":\"Technique\",\"description\":\"The Italian Concept\",\"potentialAction\":[{\"@type\":\"SearchAction\",\"target\":{\"@type\":\"EntryPoint\",\"urlTemplate\":\"https:\/\/www.technique-italia.com\/pt-pt\/?s={search_term_string}\"},\"query-input\":{\"@type\":\"PropertyValueSpecification\",\"valueRequired\":true,\"valueName\":\"search_term_string\"}}],\"inLanguage\":\"pt-PT\"}]}<\/script>\n<!-- \/ Yoast SEO plugin. -->","yoast_head_json":{"title":"Jetting Up | Wet Gel - Fixa\u00e7\u00e3o forte","description":"Jetting Up, Wet Gel de fixa\u00e7\u00e3o extra efeito molhado de longa dura\u00e7\u00e3o.Confere apoio e for\u00e7a aos cabelos.","robots":{"index":"index","follow":"follow","max-snippet":"max-snippet:-1","max-image-preview":"max-image-preview:large","max-video-preview":"max-video-preview:-1"},"canonical":"https:\/\/www.technique-italia.com\/pt-pt\/products\/finishing-styling-pt-pt\/gel-pt-pt\/jetting-up-wet-gel-fixacao-forte\/","og_locale":"pt_PT","og_type":"article","og_title":"Jetting Up | Wet Gel - Fixa\u00e7\u00e3o forte","og_description":"Jetting Up, Wet Gel de fixa\u00e7\u00e3o extra efeito molhado de longa dura\u00e7\u00e3o.Confere apoio e for\u00e7a aos cabelos.","og_url":"https:\/\/www.technique-italia.com\/pt-pt\/products\/finishing-styling-pt-pt\/gel-pt-pt\/jetting-up-wet-gel-fixacao-forte\/","og_site_name":"Technique","article_modified_time":"2023-11-13T15:36:25+00:00","og_image":[{"width":600,"height":600,"url":"https:\/\/www.technique-italia.com\/wp-content\/uploads\/2015\/05\/03009_technique_edit_on_wet_effect_gel_200ml.png","type":"image\/png"}],"twitter_card":"summary_large_image","schema":{"@context":"https:\/\/schema.org","@graph":[{"@type":"WebPage","@id":"https:\/\/www.technique-italia.com\/pt-pt\/products\/finishing-styling-pt-pt\/gel-pt-pt\/jetting-up-wet-gel-fixacao-forte\/","url":"https:\/\/www.technique-italia.com\/pt-pt\/products\/finishing-styling-pt-pt\/gel-pt-pt\/jetting-up-wet-gel-fixacao-forte\/","name":"Jetting Up | Wet Gel - Fixa\u00e7\u00e3o forte","isPartOf":{"@id":"https:\/\/www.technique-italia.com\/pt-pt\/#website"},"primaryImageOfPage":{"@id":"https:\/\/www.technique-italia.com\/pt-pt\/products\/finishing-styling-pt-pt\/gel-pt-pt\/jetting-up-wet-gel-fixacao-forte\/#primaryimage"},"image":{"@id":"https:\/\/www.technique-italia.com\/pt-pt\/products\/finishing-styling-pt-pt\/gel-pt-pt\/jetting-up-wet-gel-fixacao-forte\/#primaryimage"},"thumbnailUrl":"https:\/\/www.technique-italia.com\/wp-content\/uploads\/2015\/05\/03009_technique_edit_on_wet_effect_gel_200ml.png","datePublished":"2015-05-21T13:01:52+00:00","dateModified":"2023-11-13T15:36:25+00:00","description":"Jetting Up, Wet Gel de fixa\u00e7\u00e3o extra efeito molhado de longa dura\u00e7\u00e3o.Confere apoio e for\u00e7a aos cabelos.","breadcrumb":{"@id":"https:\/\/www.technique-italia.com\/pt-pt\/products\/finishing-styling-pt-pt\/gel-pt-pt\/jetting-up-wet-gel-fixacao-forte\/#breadcrumb"},"inLanguage":"pt-PT","potentialAction":[{"@type":"ReadAction","target":["https:\/\/www.technique-italia.com\/pt-pt\/products\/finishing-styling-pt-pt\/gel-pt-pt\/jetting-up-wet-gel-fixacao-forte\/"]}]},{"@type":"ImageObject","inLanguage":"pt-PT","@id":"https:\/\/www.technique-italia.com\/pt-pt\/products\/finishing-styling-pt-pt\/gel-pt-pt\/jetting-up-wet-gel-fixacao-forte\/#primaryimage","url":"https:\/\/www.technique-italia.com\/wp-content\/uploads\/2015\/05\/03009_technique_edit_on_wet_effect_gel_200ml.png","contentUrl":"https:\/\/www.technique-italia.com\/wp-content\/uploads\/2015\/05\/03009_technique_edit_on_wet_effect_gel_200ml.png","width":600,"height":600},{"@type":"BreadcrumbList","@id":"https:\/\/www.technique-italia.com\/pt-pt\/products\/finishing-styling-pt-pt\/gel-pt-pt\/jetting-up-wet-gel-fixacao-forte\/#breadcrumb","itemListElement":[{"@type":"ListItem","position":1,"name":"Home","item":"https:\/\/www.technique-italia.com\/pt-pt\/"},{"@type":"ListItem","position":2,"name":"Produtos","item":"https:\/\/www.technique-italia.com\/pt-pt\/shop\/"},{"@type":"ListItem","position":3,"name":"Jetting Up | Edit On \u2013 Gel de Efeito Molhado"}]},{"@type":"WebSite","@id":"https:\/\/www.technique-italia.com\/pt-pt\/#website","url":"https:\/\/www.technique-italia.com\/pt-pt\/","name":"Technique","description":"The Italian Concept","potentialAction":[{"@type":"SearchAction","target":{"@type":"EntryPoint","urlTemplate":"https:\/\/www.technique-italia.com\/pt-pt\/?s={search_term_string}"},"query-input":{"@type":"PropertyValueSpecification","valueRequired":true,"valueName":"search_term_string"}}],"inLanguage":"pt-PT"}]}},"_links":{"self":[{"href":"https:\/\/www.technique-italia.com\/pt-pt\/wp-json\/wp\/v2\/product\/8830","targetHints":{"allow":["GET"]}}],"collection":[{"href":"https:\/\/www.technique-italia.com\/pt-pt\/wp-json\/wp\/v2\/product"}],"about":[{"href":"https:\/\/www.technique-italia.com\/pt-pt\/wp-json\/wp\/v2\/types\/product"}],"wp:featuredmedia":[{"embeddable":true,"href":"https:\/\/www.technique-italia.com\/pt-pt\/wp-json\/wp\/v2\/media\/17459"}],"wp:attachment":[{"href":"https:\/\/www.technique-italia.com\/pt-pt\/wp-json\/wp\/v2\/media?parent=8830"}],"wp:term":[{"taxonomy":"product_brand","embeddable":true,"href":"https:\/\/www.technique-italia.com\/pt-pt\/wp-json\/wp\/v2\/product_brand?post=8830"},{"taxonomy":"product_cat","embeddable":true,"href":"https:\/\/www.technique-italia.com\/pt-pt\/wp-json\/wp\/v2\/product_cat?post=8830"},{"taxonomy":"product_tag","embeddable":true,"href":"https:\/\/www.technique-italia.com\/pt-pt\/wp-json\/wp\/v2\/product_tag?post=8830"}],"curies":[{"name":"wp","href":"https:\/\/api.w.org\/{rel}","templated":true}]}}