{"id":8811,"date":"2015-05-25T11:22:32","date_gmt":"2015-05-25T09:22:32","guid":{"rendered":"https:\/\/www.technique-italia.com\/\/products\/sem%20categoria\/balje-oil-non-oil\/"},"modified":"2023-04-14T11:55:40","modified_gmt":"2023-04-14T09:55:40","slug":"balje-oil-non-oil","status":"publish","type":"product","link":"https:\/\/www.technique-italia.com\/pt-pt\/products\/tratamentos\/balje-pt-pt\/balje-oil-non-oil\/","title":{"rendered":"Balj\u00e9 | Oil Non Oil"},"content":{"rendered":"","protected":false},"excerpt":{"rendered":"<p><b>Balj\u00e9, Oil Non Oil<\/b><span style=\"font-weight: 400;\"> protetor com efeito brilhante. Proporciona ao cabelo uma <\/span><b>fixa\u00e7\u00e3o ligeira <\/b><span style=\"font-weight: 400;\">e <\/span><b>natural<\/b><span style=\"font-weight: 400;\">. Elevada prote\u00e7\u00e3o dos raios U.V. e dos agentes atmosf\u00e9ricos. N\u00e3o gorduroso, n\u00e3o pesa e n\u00e3o deixa res\u00edduos. Enriquecido com <\/span><b>Filtros UV <\/b><span style=\"font-weight: 400;\">e Pantenol.<\/span><\/p>\n<p><span style=\"font-weight: 400;\">Uso profissional<\/span><\/p>\n<p><span style=\"font-weight: 400;\">Frasco de 250 ml<\/span><\/p>\n","protected":false},"featured_media":15066,"template":"","meta":[],"product_brand":[],"product_cat":[635,628],"product_tag":[],"class_list":{"0":"post-8811","1":"product","2":"type-product","3":"status-publish","4":"has-post-thumbnail","6":"product_cat-balje-pt-pt","7":"product_cat-tratamentos","8":"description-off","10":"first","11":"instock","12":"shipping-taxable","13":"product-type-simple"},"yoast_head":"<!-- This site is optimized with the Yoast SEO plugin v26.8 - https:\/\/yoast.com\/product\/yoast-seo-wordpress\/ -->\n<title>Balj\u00e9 | Oil Non Oil<\/title>\n<meta name=\"description\" content=\"Balj\u00e9, Oil Non Oil protetor com efeito brilhante. Proporciona ao cabelo uma fixa\u00e7\u00e3o ligeira e natural.\" \/>\n<meta name=\"robots\" content=\"index, follow, max-snippet:-1, max-image-preview:large, max-video-preview:-1\" \/>\n<link rel=\"canonical\" href=\"https:\/\/www.technique-italia.com\/pt-pt\/products\/tratamentos\/balje-pt-pt\/balje-oil-non-oil\/\" \/>\n<meta property=\"og:locale\" content=\"pt_PT\" \/>\n<meta property=\"og:type\" content=\"article\" \/>\n<meta property=\"og:title\" content=\"Balj\u00e9 | Oil Non Oil\" \/>\n<meta property=\"og:description\" content=\"Balj\u00e9, Oil Non Oil protetor com efeito brilhante. Proporciona ao cabelo uma fixa\u00e7\u00e3o ligeira e natural.\" \/>\n<meta property=\"og:url\" content=\"https:\/\/www.technique-italia.com\/pt-pt\/products\/tratamentos\/balje-pt-pt\/balje-oil-non-oil\/\" \/>\n<meta property=\"og:site_name\" content=\"Technique\" \/>\n<meta property=\"article:modified_time\" content=\"2023-04-14T09:55:40+00:00\" \/>\n<meta property=\"og:image\" content=\"https:\/\/www.technique-italia.com\/wp-content\/uploads\/2023\/04\/02038_technique_treatment_oil_non_oil_250ml.png\" \/>\n\t<meta property=\"og:image:width\" content=\"600\" \/>\n\t<meta property=\"og:image:height\" content=\"600\" \/>\n\t<meta property=\"og:image:type\" content=\"image\/png\" \/>\n<meta name=\"twitter:card\" content=\"summary_large_image\" \/>\n<script type=\"application\/ld+json\" class=\"yoast-schema-graph\">{\"@context\":\"https:\/\/schema.org\",\"@graph\":[{\"@type\":\"WebPage\",\"@id\":\"https:\/\/www.technique-italia.com\/pt-pt\/products\/tratamentos\/balje-pt-pt\/balje-oil-non-oil\/\",\"url\":\"https:\/\/www.technique-italia.com\/pt-pt\/products\/tratamentos\/balje-pt-pt\/balje-oil-non-oil\/\",\"name\":\"Balj\u00e9 | Oil Non Oil\",\"isPartOf\":{\"@id\":\"https:\/\/www.technique-italia.com\/pt-pt\/#website\"},\"primaryImageOfPage\":{\"@id\":\"https:\/\/www.technique-italia.com\/pt-pt\/products\/tratamentos\/balje-pt-pt\/balje-oil-non-oil\/#primaryimage\"},\"image\":{\"@id\":\"https:\/\/www.technique-italia.com\/pt-pt\/products\/tratamentos\/balje-pt-pt\/balje-oil-non-oil\/#primaryimage\"},\"thumbnailUrl\":\"https:\/\/www.technique-italia.com\/wp-content\/uploads\/2023\/04\/02038_technique_treatment_oil_non_oil_250ml.png\",\"datePublished\":\"2015-05-25T09:22:32+00:00\",\"dateModified\":\"2023-04-14T09:55:40+00:00\",\"description\":\"Balj\u00e9, Oil Non Oil protetor com efeito brilhante. Proporciona ao cabelo uma fixa\u00e7\u00e3o ligeira e natural.\",\"breadcrumb\":{\"@id\":\"https:\/\/www.technique-italia.com\/pt-pt\/products\/tratamentos\/balje-pt-pt\/balje-oil-non-oil\/#breadcrumb\"},\"inLanguage\":\"pt-PT\",\"potentialAction\":[{\"@type\":\"ReadAction\",\"target\":[\"https:\/\/www.technique-italia.com\/pt-pt\/products\/tratamentos\/balje-pt-pt\/balje-oil-non-oil\/\"]}]},{\"@type\":\"ImageObject\",\"inLanguage\":\"pt-PT\",\"@id\":\"https:\/\/www.technique-italia.com\/pt-pt\/products\/tratamentos\/balje-pt-pt\/balje-oil-non-oil\/#primaryimage\",\"url\":\"https:\/\/www.technique-italia.com\/wp-content\/uploads\/2023\/04\/02038_technique_treatment_oil_non_oil_250ml.png\",\"contentUrl\":\"https:\/\/www.technique-italia.com\/wp-content\/uploads\/2023\/04\/02038_technique_treatment_oil_non_oil_250ml.png\",\"width\":600,\"height\":600,\"caption\":\"illuminante per capelli\"},{\"@type\":\"BreadcrumbList\",\"@id\":\"https:\/\/www.technique-italia.com\/pt-pt\/products\/tratamentos\/balje-pt-pt\/balje-oil-non-oil\/#breadcrumb\",\"itemListElement\":[{\"@type\":\"ListItem\",\"position\":1,\"name\":\"Home\",\"item\":\"https:\/\/www.technique-italia.com\/pt-pt\/\"},{\"@type\":\"ListItem\",\"position\":2,\"name\":\"Produtos\",\"item\":\"https:\/\/www.technique-italia.com\/pt-pt\/shop\/\"},{\"@type\":\"ListItem\",\"position\":3,\"name\":\"Balj\u00e9 | Oil Non Oil\"}]},{\"@type\":\"WebSite\",\"@id\":\"https:\/\/www.technique-italia.com\/pt-pt\/#website\",\"url\":\"https:\/\/www.technique-italia.com\/pt-pt\/\",\"name\":\"Technique\",\"description\":\"The Italian Concept\",\"potentialAction\":[{\"@type\":\"SearchAction\",\"target\":{\"@type\":\"EntryPoint\",\"urlTemplate\":\"https:\/\/www.technique-italia.com\/pt-pt\/?s={search_term_string}\"},\"query-input\":{\"@type\":\"PropertyValueSpecification\",\"valueRequired\":true,\"valueName\":\"search_term_string\"}}],\"inLanguage\":\"pt-PT\"}]}<\/script>\n<!-- \/ Yoast SEO plugin. -->","yoast_head_json":{"title":"Balj\u00e9 | Oil Non Oil","description":"Balj\u00e9, Oil Non Oil protetor com efeito brilhante. Proporciona ao cabelo uma fixa\u00e7\u00e3o ligeira e natural.","robots":{"index":"index","follow":"follow","max-snippet":"max-snippet:-1","max-image-preview":"max-image-preview:large","max-video-preview":"max-video-preview:-1"},"canonical":"https:\/\/www.technique-italia.com\/pt-pt\/products\/tratamentos\/balje-pt-pt\/balje-oil-non-oil\/","og_locale":"pt_PT","og_type":"article","og_title":"Balj\u00e9 | Oil Non Oil","og_description":"Balj\u00e9, Oil Non Oil protetor com efeito brilhante. Proporciona ao cabelo uma fixa\u00e7\u00e3o ligeira e natural.","og_url":"https:\/\/www.technique-italia.com\/pt-pt\/products\/tratamentos\/balje-pt-pt\/balje-oil-non-oil\/","og_site_name":"Technique","article_modified_time":"2023-04-14T09:55:40+00:00","og_image":[{"width":600,"height":600,"url":"https:\/\/www.technique-italia.com\/wp-content\/uploads\/2023\/04\/02038_technique_treatment_oil_non_oil_250ml.png","type":"image\/png"}],"twitter_card":"summary_large_image","schema":{"@context":"https:\/\/schema.org","@graph":[{"@type":"WebPage","@id":"https:\/\/www.technique-italia.com\/pt-pt\/products\/tratamentos\/balje-pt-pt\/balje-oil-non-oil\/","url":"https:\/\/www.technique-italia.com\/pt-pt\/products\/tratamentos\/balje-pt-pt\/balje-oil-non-oil\/","name":"Balj\u00e9 | Oil Non Oil","isPartOf":{"@id":"https:\/\/www.technique-italia.com\/pt-pt\/#website"},"primaryImageOfPage":{"@id":"https:\/\/www.technique-italia.com\/pt-pt\/products\/tratamentos\/balje-pt-pt\/balje-oil-non-oil\/#primaryimage"},"image":{"@id":"https:\/\/www.technique-italia.com\/pt-pt\/products\/tratamentos\/balje-pt-pt\/balje-oil-non-oil\/#primaryimage"},"thumbnailUrl":"https:\/\/www.technique-italia.com\/wp-content\/uploads\/2023\/04\/02038_technique_treatment_oil_non_oil_250ml.png","datePublished":"2015-05-25T09:22:32+00:00","dateModified":"2023-04-14T09:55:40+00:00","description":"Balj\u00e9, Oil Non Oil protetor com efeito brilhante. Proporciona ao cabelo uma fixa\u00e7\u00e3o ligeira e natural.","breadcrumb":{"@id":"https:\/\/www.technique-italia.com\/pt-pt\/products\/tratamentos\/balje-pt-pt\/balje-oil-non-oil\/#breadcrumb"},"inLanguage":"pt-PT","potentialAction":[{"@type":"ReadAction","target":["https:\/\/www.technique-italia.com\/pt-pt\/products\/tratamentos\/balje-pt-pt\/balje-oil-non-oil\/"]}]},{"@type":"ImageObject","inLanguage":"pt-PT","@id":"https:\/\/www.technique-italia.com\/pt-pt\/products\/tratamentos\/balje-pt-pt\/balje-oil-non-oil\/#primaryimage","url":"https:\/\/www.technique-italia.com\/wp-content\/uploads\/2023\/04\/02038_technique_treatment_oil_non_oil_250ml.png","contentUrl":"https:\/\/www.technique-italia.com\/wp-content\/uploads\/2023\/04\/02038_technique_treatment_oil_non_oil_250ml.png","width":600,"height":600,"caption":"illuminante per capelli"},{"@type":"BreadcrumbList","@id":"https:\/\/www.technique-italia.com\/pt-pt\/products\/tratamentos\/balje-pt-pt\/balje-oil-non-oil\/#breadcrumb","itemListElement":[{"@type":"ListItem","position":1,"name":"Home","item":"https:\/\/www.technique-italia.com\/pt-pt\/"},{"@type":"ListItem","position":2,"name":"Produtos","item":"https:\/\/www.technique-italia.com\/pt-pt\/shop\/"},{"@type":"ListItem","position":3,"name":"Balj\u00e9 | Oil Non Oil"}]},{"@type":"WebSite","@id":"https:\/\/www.technique-italia.com\/pt-pt\/#website","url":"https:\/\/www.technique-italia.com\/pt-pt\/","name":"Technique","description":"The Italian Concept","potentialAction":[{"@type":"SearchAction","target":{"@type":"EntryPoint","urlTemplate":"https:\/\/www.technique-italia.com\/pt-pt\/?s={search_term_string}"},"query-input":{"@type":"PropertyValueSpecification","valueRequired":true,"valueName":"search_term_string"}}],"inLanguage":"pt-PT"}]}},"_links":{"self":[{"href":"https:\/\/www.technique-italia.com\/pt-pt\/wp-json\/wp\/v2\/product\/8811","targetHints":{"allow":["GET"]}}],"collection":[{"href":"https:\/\/www.technique-italia.com\/pt-pt\/wp-json\/wp\/v2\/product"}],"about":[{"href":"https:\/\/www.technique-italia.com\/pt-pt\/wp-json\/wp\/v2\/types\/product"}],"wp:featuredmedia":[{"embeddable":true,"href":"https:\/\/www.technique-italia.com\/pt-pt\/wp-json\/wp\/v2\/media\/15066"}],"wp:attachment":[{"href":"https:\/\/www.technique-italia.com\/pt-pt\/wp-json\/wp\/v2\/media?parent=8811"}],"wp:term":[{"taxonomy":"product_brand","embeddable":true,"href":"https:\/\/www.technique-italia.com\/pt-pt\/wp-json\/wp\/v2\/product_brand?post=8811"},{"taxonomy":"product_cat","embeddable":true,"href":"https:\/\/www.technique-italia.com\/pt-pt\/wp-json\/wp\/v2\/product_cat?post=8811"},{"taxonomy":"product_tag","embeddable":true,"href":"https:\/\/www.technique-italia.com\/pt-pt\/wp-json\/wp\/v2\/product_tag?post=8811"}],"curies":[{"name":"wp","href":"https:\/\/api.w.org\/{rel}","templated":true}]}}