{"id":8805,"date":"2017-04-12T12:21:19","date_gmt":"2017-04-12T10:21:19","guid":{"rendered":"https:\/\/www.technique-italia.com\/\/products\/sem%20categoria\/balje-banho-capilar-protecao-da-cor\/"},"modified":"2021-12-21T14:12:43","modified_gmt":"2021-12-21T13:12:43","slug":"balje-banho-capilar-protecao-da-cor","status":"publish","type":"product","link":"https:\/\/www.technique-italia.com\/pt-pt\/products\/tratamentos\/balje-pt-pt\/balje-banho-capilar-protecao-da-cor\/","title":{"rendered":"Balj\u00e9 | Banho capilar prote\u00e7\u00e3o da cor"},"content":{"rendered":"","protected":false},"excerpt":{"rendered":"<p><b>Balj\u00e9, Banho capilar prote\u00e7\u00e3o da cor<\/b><span style=\"font-weight: 400;\">, desenvolvido especificamente para <\/span><b>cabelos pintados e tratados<\/b><span style=\"font-weight: 400;\">. Enriquecido com <\/span><b>extrato de cavalinha <\/b><span style=\"font-weight: 400;\">e<\/span><b> casca de noz<\/b><span style=\"font-weight: 400;\">.<\/span><\/p>\n<p><span style=\"font-weight: 400;\">Frasco de 1000 ml<\/span><\/p>\n","protected":false},"featured_media":14696,"template":"","meta":[],"product_brand":[],"product_cat":[635,628],"product_tag":[],"class_list":{"0":"post-8805","1":"product","2":"type-product","3":"status-publish","4":"has-post-thumbnail","6":"product_cat-balje-pt-pt","7":"product_cat-tratamentos","8":"description-off","10":"first","11":"instock","12":"shipping-taxable","13":"product-type-simple"},"yoast_head":"<!-- This site is optimized with the Yoast SEO plugin v26.8 - https:\/\/yoast.com\/product\/yoast-seo-wordpress\/ -->\n<title>Balj\u00e9 | Banho capilar prote\u00e7\u00e3o da cor - Technique<\/title>\n<meta name=\"description\" content=\"Balj\u00e9, Banho capilar prote\u00e7\u00e3o da cor, desenvolvido especificamente para cabelos pintados e tratados.\" \/>\n<meta name=\"robots\" content=\"index, follow, max-snippet:-1, max-image-preview:large, max-video-preview:-1\" \/>\n<link rel=\"canonical\" href=\"https:\/\/www.technique-italia.com\/pt-pt\/products\/tratamentos\/balje-pt-pt\/balje-banho-capilar-protecao-da-cor\/\" \/>\n<meta property=\"og:locale\" content=\"pt_PT\" \/>\n<meta property=\"og:type\" content=\"article\" \/>\n<meta property=\"og:title\" content=\"Balj\u00e9 | Banho capilar prote\u00e7\u00e3o da cor - Technique\" \/>\n<meta property=\"og:description\" content=\"Balj\u00e9, Banho capilar prote\u00e7\u00e3o da cor, desenvolvido especificamente para cabelos pintados e tratados.\" \/>\n<meta property=\"og:url\" content=\"https:\/\/www.technique-italia.com\/pt-pt\/products\/tratamentos\/balje-pt-pt\/balje-banho-capilar-protecao-da-cor\/\" \/>\n<meta property=\"og:site_name\" content=\"Technique\" \/>\n<meta property=\"article:modified_time\" content=\"2021-12-21T13:12:43+00:00\" \/>\n<meta property=\"og:image\" content=\"https:\/\/www.technique-italia.com\/wp-content\/uploads\/2022\/10\/02055_technique_treatment_balje_color_protection_hair_balth_1000ml-1.png\" \/>\n\t<meta property=\"og:image:width\" content=\"600\" \/>\n\t<meta property=\"og:image:height\" content=\"600\" \/>\n\t<meta property=\"og:image:type\" content=\"image\/png\" \/>\n<meta name=\"twitter:card\" content=\"summary_large_image\" \/>\n<script type=\"application\/ld+json\" class=\"yoast-schema-graph\">{\"@context\":\"https:\/\/schema.org\",\"@graph\":[{\"@type\":\"WebPage\",\"@id\":\"https:\/\/www.technique-italia.com\/pt-pt\/products\/tratamentos\/balje-pt-pt\/balje-banho-capilar-protecao-da-cor\/\",\"url\":\"https:\/\/www.technique-italia.com\/pt-pt\/products\/tratamentos\/balje-pt-pt\/balje-banho-capilar-protecao-da-cor\/\",\"name\":\"Balj\u00e9 | Banho capilar prote\u00e7\u00e3o da cor - Technique\",\"isPartOf\":{\"@id\":\"https:\/\/www.technique-italia.com\/pt-pt\/#website\"},\"primaryImageOfPage\":{\"@id\":\"https:\/\/www.technique-italia.com\/pt-pt\/products\/tratamentos\/balje-pt-pt\/balje-banho-capilar-protecao-da-cor\/#primaryimage\"},\"image\":{\"@id\":\"https:\/\/www.technique-italia.com\/pt-pt\/products\/tratamentos\/balje-pt-pt\/balje-banho-capilar-protecao-da-cor\/#primaryimage\"},\"thumbnailUrl\":\"https:\/\/www.technique-italia.com\/wp-content\/uploads\/2022\/10\/02055_technique_treatment_balje_color_protection_hair_balth_1000ml-1.png\",\"datePublished\":\"2017-04-12T10:21:19+00:00\",\"dateModified\":\"2021-12-21T13:12:43+00:00\",\"description\":\"Balj\u00e9, Banho capilar prote\u00e7\u00e3o da cor, desenvolvido especificamente para cabelos pintados e tratados.\",\"breadcrumb\":{\"@id\":\"https:\/\/www.technique-italia.com\/pt-pt\/products\/tratamentos\/balje-pt-pt\/balje-banho-capilar-protecao-da-cor\/#breadcrumb\"},\"inLanguage\":\"pt-PT\",\"potentialAction\":[{\"@type\":\"ReadAction\",\"target\":[\"https:\/\/www.technique-italia.com\/pt-pt\/products\/tratamentos\/balje-pt-pt\/balje-banho-capilar-protecao-da-cor\/\"]}]},{\"@type\":\"ImageObject\",\"inLanguage\":\"pt-PT\",\"@id\":\"https:\/\/www.technique-italia.com\/pt-pt\/products\/tratamentos\/balje-pt-pt\/balje-banho-capilar-protecao-da-cor\/#primaryimage\",\"url\":\"https:\/\/www.technique-italia.com\/wp-content\/uploads\/2022\/10\/02055_technique_treatment_balje_color_protection_hair_balth_1000ml-1.png\",\"contentUrl\":\"https:\/\/www.technique-italia.com\/wp-content\/uploads\/2022\/10\/02055_technique_treatment_balje_color_protection_hair_balth_1000ml-1.png\",\"width\":600,\"height\":600},{\"@type\":\"BreadcrumbList\",\"@id\":\"https:\/\/www.technique-italia.com\/pt-pt\/products\/tratamentos\/balje-pt-pt\/balje-banho-capilar-protecao-da-cor\/#breadcrumb\",\"itemListElement\":[{\"@type\":\"ListItem\",\"position\":1,\"name\":\"Home\",\"item\":\"https:\/\/www.technique-italia.com\/pt-pt\/\"},{\"@type\":\"ListItem\",\"position\":2,\"name\":\"Produtos\",\"item\":\"https:\/\/www.technique-italia.com\/pt-pt\/shop\/\"},{\"@type\":\"ListItem\",\"position\":3,\"name\":\"Balj\u00e9 | Banho capilar prote\u00e7\u00e3o da cor\"}]},{\"@type\":\"WebSite\",\"@id\":\"https:\/\/www.technique-italia.com\/pt-pt\/#website\",\"url\":\"https:\/\/www.technique-italia.com\/pt-pt\/\",\"name\":\"Technique\",\"description\":\"The Italian Concept\",\"potentialAction\":[{\"@type\":\"SearchAction\",\"target\":{\"@type\":\"EntryPoint\",\"urlTemplate\":\"https:\/\/www.technique-italia.com\/pt-pt\/?s={search_term_string}\"},\"query-input\":{\"@type\":\"PropertyValueSpecification\",\"valueRequired\":true,\"valueName\":\"search_term_string\"}}],\"inLanguage\":\"pt-PT\"}]}<\/script>\n<!-- \/ Yoast SEO plugin. -->","yoast_head_json":{"title":"Balj\u00e9 | Banho capilar prote\u00e7\u00e3o da cor - Technique","description":"Balj\u00e9, Banho capilar prote\u00e7\u00e3o da cor, desenvolvido especificamente para cabelos pintados e tratados.","robots":{"index":"index","follow":"follow","max-snippet":"max-snippet:-1","max-image-preview":"max-image-preview:large","max-video-preview":"max-video-preview:-1"},"canonical":"https:\/\/www.technique-italia.com\/pt-pt\/products\/tratamentos\/balje-pt-pt\/balje-banho-capilar-protecao-da-cor\/","og_locale":"pt_PT","og_type":"article","og_title":"Balj\u00e9 | Banho capilar prote\u00e7\u00e3o da cor - Technique","og_description":"Balj\u00e9, Banho capilar prote\u00e7\u00e3o da cor, desenvolvido especificamente para cabelos pintados e tratados.","og_url":"https:\/\/www.technique-italia.com\/pt-pt\/products\/tratamentos\/balje-pt-pt\/balje-banho-capilar-protecao-da-cor\/","og_site_name":"Technique","article_modified_time":"2021-12-21T13:12:43+00:00","og_image":[{"width":600,"height":600,"url":"https:\/\/www.technique-italia.com\/wp-content\/uploads\/2022\/10\/02055_technique_treatment_balje_color_protection_hair_balth_1000ml-1.png","type":"image\/png"}],"twitter_card":"summary_large_image","schema":{"@context":"https:\/\/schema.org","@graph":[{"@type":"WebPage","@id":"https:\/\/www.technique-italia.com\/pt-pt\/products\/tratamentos\/balje-pt-pt\/balje-banho-capilar-protecao-da-cor\/","url":"https:\/\/www.technique-italia.com\/pt-pt\/products\/tratamentos\/balje-pt-pt\/balje-banho-capilar-protecao-da-cor\/","name":"Balj\u00e9 | Banho capilar prote\u00e7\u00e3o da cor - Technique","isPartOf":{"@id":"https:\/\/www.technique-italia.com\/pt-pt\/#website"},"primaryImageOfPage":{"@id":"https:\/\/www.technique-italia.com\/pt-pt\/products\/tratamentos\/balje-pt-pt\/balje-banho-capilar-protecao-da-cor\/#primaryimage"},"image":{"@id":"https:\/\/www.technique-italia.com\/pt-pt\/products\/tratamentos\/balje-pt-pt\/balje-banho-capilar-protecao-da-cor\/#primaryimage"},"thumbnailUrl":"https:\/\/www.technique-italia.com\/wp-content\/uploads\/2022\/10\/02055_technique_treatment_balje_color_protection_hair_balth_1000ml-1.png","datePublished":"2017-04-12T10:21:19+00:00","dateModified":"2021-12-21T13:12:43+00:00","description":"Balj\u00e9, Banho capilar prote\u00e7\u00e3o da cor, desenvolvido especificamente para cabelos pintados e tratados.","breadcrumb":{"@id":"https:\/\/www.technique-italia.com\/pt-pt\/products\/tratamentos\/balje-pt-pt\/balje-banho-capilar-protecao-da-cor\/#breadcrumb"},"inLanguage":"pt-PT","potentialAction":[{"@type":"ReadAction","target":["https:\/\/www.technique-italia.com\/pt-pt\/products\/tratamentos\/balje-pt-pt\/balje-banho-capilar-protecao-da-cor\/"]}]},{"@type":"ImageObject","inLanguage":"pt-PT","@id":"https:\/\/www.technique-italia.com\/pt-pt\/products\/tratamentos\/balje-pt-pt\/balje-banho-capilar-protecao-da-cor\/#primaryimage","url":"https:\/\/www.technique-italia.com\/wp-content\/uploads\/2022\/10\/02055_technique_treatment_balje_color_protection_hair_balth_1000ml-1.png","contentUrl":"https:\/\/www.technique-italia.com\/wp-content\/uploads\/2022\/10\/02055_technique_treatment_balje_color_protection_hair_balth_1000ml-1.png","width":600,"height":600},{"@type":"BreadcrumbList","@id":"https:\/\/www.technique-italia.com\/pt-pt\/products\/tratamentos\/balje-pt-pt\/balje-banho-capilar-protecao-da-cor\/#breadcrumb","itemListElement":[{"@type":"ListItem","position":1,"name":"Home","item":"https:\/\/www.technique-italia.com\/pt-pt\/"},{"@type":"ListItem","position":2,"name":"Produtos","item":"https:\/\/www.technique-italia.com\/pt-pt\/shop\/"},{"@type":"ListItem","position":3,"name":"Balj\u00e9 | Banho capilar prote\u00e7\u00e3o da cor"}]},{"@type":"WebSite","@id":"https:\/\/www.technique-italia.com\/pt-pt\/#website","url":"https:\/\/www.technique-italia.com\/pt-pt\/","name":"Technique","description":"The Italian Concept","potentialAction":[{"@type":"SearchAction","target":{"@type":"EntryPoint","urlTemplate":"https:\/\/www.technique-italia.com\/pt-pt\/?s={search_term_string}"},"query-input":{"@type":"PropertyValueSpecification","valueRequired":true,"valueName":"search_term_string"}}],"inLanguage":"pt-PT"}]}},"_links":{"self":[{"href":"https:\/\/www.technique-italia.com\/pt-pt\/wp-json\/wp\/v2\/product\/8805","targetHints":{"allow":["GET"]}}],"collection":[{"href":"https:\/\/www.technique-italia.com\/pt-pt\/wp-json\/wp\/v2\/product"}],"about":[{"href":"https:\/\/www.technique-italia.com\/pt-pt\/wp-json\/wp\/v2\/types\/product"}],"wp:featuredmedia":[{"embeddable":true,"href":"https:\/\/www.technique-italia.com\/pt-pt\/wp-json\/wp\/v2\/media\/14696"}],"wp:attachment":[{"href":"https:\/\/www.technique-italia.com\/pt-pt\/wp-json\/wp\/v2\/media?parent=8805"}],"wp:term":[{"taxonomy":"product_brand","embeddable":true,"href":"https:\/\/www.technique-italia.com\/pt-pt\/wp-json\/wp\/v2\/product_brand?post=8805"},{"taxonomy":"product_cat","embeddable":true,"href":"https:\/\/www.technique-italia.com\/pt-pt\/wp-json\/wp\/v2\/product_cat?post=8805"},{"taxonomy":"product_tag","embeddable":true,"href":"https:\/\/www.technique-italia.com\/pt-pt\/wp-json\/wp\/v2\/product_tag?post=8805"}],"curies":[{"name":"wp","href":"https:\/\/api.w.org\/{rel}","templated":true}]}}