{"id":8802,"date":"2015-05-25T09:46:57","date_gmt":"2015-05-25T07:46:57","guid":{"rendered":"https:\/\/www.technique-italia.com\/\/products\/sem%20categoria\/system-purify-banho-capilar-bivalente-2\/"},"modified":"2021-12-21T14:08:02","modified_gmt":"2021-12-21T13:08:02","slug":"system-purify-banho-capilar-bivalente-2","status":"publish","type":"product","link":"https:\/\/www.technique-italia.com\/pt-pt\/products\/tratamentos\/system-purify-pt-pt\/system-purify-banho-capilar-bivalente-2\/","title":{"rendered":"System Purify | Banho capilar bivalente"},"content":{"rendered":"","protected":false},"excerpt":{"rendered":"<p><b>System Purify, Banho capilar bivalente<\/b><span style=\"font-weight: 400;\"> foi desenvolvido para todos os tipos de cabelos com <\/span><b>caspa <\/b><span style=\"font-weight: 400;\">e<\/span><b> couro cabeludo oleoso<\/b><span style=\"font-weight: 400;\"> e para todas as manifesta\u00e7\u00f5es de descama\u00e7\u00e3o do couro cabeludo. <\/span><b>A\u00e7\u00e3o purificante<\/b><span style=\"font-weight: 400;\"> que favorece a normaliza\u00e7\u00e3o cut\u00e2nea. Formato pr\u00e1tico e de longa dura\u00e7\u00e3o de 1 litro.<\/span><\/p>\n<p><span style=\"font-weight: 400;\">Uso profissional<\/span><\/p>\n<p><span style=\"font-weight: 400;\">Frasco de 1000 ml<\/span><\/p>\n","protected":false},"featured_media":15093,"template":"","meta":[],"product_brand":[],"product_cat":[638,628],"product_tag":[],"class_list":{"0":"post-8802","1":"product","2":"type-product","3":"status-publish","4":"has-post-thumbnail","6":"product_cat-system-purify-pt-pt","7":"product_cat-tratamentos","8":"description-off","10":"first","11":"instock","12":"shipping-taxable","13":"product-type-simple"},"yoast_head":"<!-- This site is optimized with the Yoast SEO plugin v26.8 - https:\/\/yoast.com\/product\/yoast-seo-wordpress\/ -->\n<title>System Purify | Banho capilar bivalente<\/title>\n<meta name=\"description\" content=\"System Purify, Banho capilar bivalente foi desenvolvido para todos os tipos de cabelos com caspa e couro cabeludo oleoso.\" \/>\n<meta name=\"robots\" content=\"index, follow, max-snippet:-1, max-image-preview:large, max-video-preview:-1\" \/>\n<link rel=\"canonical\" href=\"https:\/\/www.technique-italia.com\/pt-pt\/products\/tratamentos\/system-purify-pt-pt\/system-purify-banho-capilar-bivalente-2\/\" \/>\n<meta property=\"og:locale\" content=\"pt_PT\" \/>\n<meta property=\"og:type\" content=\"article\" \/>\n<meta property=\"og:title\" content=\"System Purify | Banho capilar bivalente\" \/>\n<meta property=\"og:description\" content=\"System Purify, Banho capilar bivalente foi desenvolvido para todos os tipos de cabelos com caspa e couro cabeludo oleoso.\" \/>\n<meta property=\"og:url\" content=\"https:\/\/www.technique-italia.com\/pt-pt\/products\/tratamentos\/system-purify-pt-pt\/system-purify-banho-capilar-bivalente-2\/\" \/>\n<meta property=\"og:site_name\" content=\"Technique\" \/>\n<meta property=\"article:modified_time\" content=\"2021-12-21T13:08:02+00:00\" \/>\n<meta property=\"og:image\" content=\"https:\/\/www.technique-italia.com\/wp-content\/uploads\/2015\/05\/02029_technique_treatment_system_purify_dandruff_sensitive_leghts_bivalent_hair_bath_1000ml.png\" \/>\n\t<meta property=\"og:image:width\" content=\"600\" \/>\n\t<meta property=\"og:image:height\" content=\"600\" \/>\n\t<meta property=\"og:image:type\" content=\"image\/png\" \/>\n<meta name=\"twitter:card\" content=\"summary_large_image\" \/>\n<script type=\"application\/ld+json\" class=\"yoast-schema-graph\">{\"@context\":\"https:\/\/schema.org\",\"@graph\":[{\"@type\":\"WebPage\",\"@id\":\"https:\/\/www.technique-italia.com\/pt-pt\/products\/tratamentos\/system-purify-pt-pt\/system-purify-banho-capilar-bivalente-2\/\",\"url\":\"https:\/\/www.technique-italia.com\/pt-pt\/products\/tratamentos\/system-purify-pt-pt\/system-purify-banho-capilar-bivalente-2\/\",\"name\":\"System Purify | Banho capilar bivalente\",\"isPartOf\":{\"@id\":\"https:\/\/www.technique-italia.com\/pt-pt\/#website\"},\"primaryImageOfPage\":{\"@id\":\"https:\/\/www.technique-italia.com\/pt-pt\/products\/tratamentos\/system-purify-pt-pt\/system-purify-banho-capilar-bivalente-2\/#primaryimage\"},\"image\":{\"@id\":\"https:\/\/www.technique-italia.com\/pt-pt\/products\/tratamentos\/system-purify-pt-pt\/system-purify-banho-capilar-bivalente-2\/#primaryimage\"},\"thumbnailUrl\":\"https:\/\/www.technique-italia.com\/wp-content\/uploads\/2015\/05\/02029_technique_treatment_system_purify_dandruff_sensitive_leghts_bivalent_hair_bath_1000ml.png\",\"datePublished\":\"2015-05-25T07:46:57+00:00\",\"dateModified\":\"2021-12-21T13:08:02+00:00\",\"description\":\"System Purify, Banho capilar bivalente foi desenvolvido para todos os tipos de cabelos com caspa e couro cabeludo oleoso.\",\"breadcrumb\":{\"@id\":\"https:\/\/www.technique-italia.com\/pt-pt\/products\/tratamentos\/system-purify-pt-pt\/system-purify-banho-capilar-bivalente-2\/#breadcrumb\"},\"inLanguage\":\"pt-PT\",\"potentialAction\":[{\"@type\":\"ReadAction\",\"target\":[\"https:\/\/www.technique-italia.com\/pt-pt\/products\/tratamentos\/system-purify-pt-pt\/system-purify-banho-capilar-bivalente-2\/\"]}]},{\"@type\":\"ImageObject\",\"inLanguage\":\"pt-PT\",\"@id\":\"https:\/\/www.technique-italia.com\/pt-pt\/products\/tratamentos\/system-purify-pt-pt\/system-purify-banho-capilar-bivalente-2\/#primaryimage\",\"url\":\"https:\/\/www.technique-italia.com\/wp-content\/uploads\/2015\/05\/02029_technique_treatment_system_purify_dandruff_sensitive_leghts_bivalent_hair_bath_1000ml.png\",\"contentUrl\":\"https:\/\/www.technique-italia.com\/wp-content\/uploads\/2015\/05\/02029_technique_treatment_system_purify_dandruff_sensitive_leghts_bivalent_hair_bath_1000ml.png\",\"width\":600,\"height\":600},{\"@type\":\"BreadcrumbList\",\"@id\":\"https:\/\/www.technique-italia.com\/pt-pt\/products\/tratamentos\/system-purify-pt-pt\/system-purify-banho-capilar-bivalente-2\/#breadcrumb\",\"itemListElement\":[{\"@type\":\"ListItem\",\"position\":1,\"name\":\"Home\",\"item\":\"https:\/\/www.technique-italia.com\/pt-pt\/\"},{\"@type\":\"ListItem\",\"position\":2,\"name\":\"Produtos\",\"item\":\"https:\/\/www.technique-italia.com\/pt-pt\/shop\/\"},{\"@type\":\"ListItem\",\"position\":3,\"name\":\"System Purify | Banho capilar bivalente\"}]},{\"@type\":\"WebSite\",\"@id\":\"https:\/\/www.technique-italia.com\/pt-pt\/#website\",\"url\":\"https:\/\/www.technique-italia.com\/pt-pt\/\",\"name\":\"Technique\",\"description\":\"The Italian Concept\",\"potentialAction\":[{\"@type\":\"SearchAction\",\"target\":{\"@type\":\"EntryPoint\",\"urlTemplate\":\"https:\/\/www.technique-italia.com\/pt-pt\/?s={search_term_string}\"},\"query-input\":{\"@type\":\"PropertyValueSpecification\",\"valueRequired\":true,\"valueName\":\"search_term_string\"}}],\"inLanguage\":\"pt-PT\"}]}<\/script>\n<!-- \/ Yoast SEO plugin. -->","yoast_head_json":{"title":"System Purify | Banho capilar bivalente","description":"System Purify, Banho capilar bivalente foi desenvolvido para todos os tipos de cabelos com caspa e couro cabeludo oleoso.","robots":{"index":"index","follow":"follow","max-snippet":"max-snippet:-1","max-image-preview":"max-image-preview:large","max-video-preview":"max-video-preview:-1"},"canonical":"https:\/\/www.technique-italia.com\/pt-pt\/products\/tratamentos\/system-purify-pt-pt\/system-purify-banho-capilar-bivalente-2\/","og_locale":"pt_PT","og_type":"article","og_title":"System Purify | Banho capilar bivalente","og_description":"System Purify, Banho capilar bivalente foi desenvolvido para todos os tipos de cabelos com caspa e couro cabeludo oleoso.","og_url":"https:\/\/www.technique-italia.com\/pt-pt\/products\/tratamentos\/system-purify-pt-pt\/system-purify-banho-capilar-bivalente-2\/","og_site_name":"Technique","article_modified_time":"2021-12-21T13:08:02+00:00","og_image":[{"width":600,"height":600,"url":"https:\/\/www.technique-italia.com\/wp-content\/uploads\/2015\/05\/02029_technique_treatment_system_purify_dandruff_sensitive_leghts_bivalent_hair_bath_1000ml.png","type":"image\/png"}],"twitter_card":"summary_large_image","schema":{"@context":"https:\/\/schema.org","@graph":[{"@type":"WebPage","@id":"https:\/\/www.technique-italia.com\/pt-pt\/products\/tratamentos\/system-purify-pt-pt\/system-purify-banho-capilar-bivalente-2\/","url":"https:\/\/www.technique-italia.com\/pt-pt\/products\/tratamentos\/system-purify-pt-pt\/system-purify-banho-capilar-bivalente-2\/","name":"System Purify | Banho capilar bivalente","isPartOf":{"@id":"https:\/\/www.technique-italia.com\/pt-pt\/#website"},"primaryImageOfPage":{"@id":"https:\/\/www.technique-italia.com\/pt-pt\/products\/tratamentos\/system-purify-pt-pt\/system-purify-banho-capilar-bivalente-2\/#primaryimage"},"image":{"@id":"https:\/\/www.technique-italia.com\/pt-pt\/products\/tratamentos\/system-purify-pt-pt\/system-purify-banho-capilar-bivalente-2\/#primaryimage"},"thumbnailUrl":"https:\/\/www.technique-italia.com\/wp-content\/uploads\/2015\/05\/02029_technique_treatment_system_purify_dandruff_sensitive_leghts_bivalent_hair_bath_1000ml.png","datePublished":"2015-05-25T07:46:57+00:00","dateModified":"2021-12-21T13:08:02+00:00","description":"System Purify, Banho capilar bivalente foi desenvolvido para todos os tipos de cabelos com caspa e couro cabeludo oleoso.","breadcrumb":{"@id":"https:\/\/www.technique-italia.com\/pt-pt\/products\/tratamentos\/system-purify-pt-pt\/system-purify-banho-capilar-bivalente-2\/#breadcrumb"},"inLanguage":"pt-PT","potentialAction":[{"@type":"ReadAction","target":["https:\/\/www.technique-italia.com\/pt-pt\/products\/tratamentos\/system-purify-pt-pt\/system-purify-banho-capilar-bivalente-2\/"]}]},{"@type":"ImageObject","inLanguage":"pt-PT","@id":"https:\/\/www.technique-italia.com\/pt-pt\/products\/tratamentos\/system-purify-pt-pt\/system-purify-banho-capilar-bivalente-2\/#primaryimage","url":"https:\/\/www.technique-italia.com\/wp-content\/uploads\/2015\/05\/02029_technique_treatment_system_purify_dandruff_sensitive_leghts_bivalent_hair_bath_1000ml.png","contentUrl":"https:\/\/www.technique-italia.com\/wp-content\/uploads\/2015\/05\/02029_technique_treatment_system_purify_dandruff_sensitive_leghts_bivalent_hair_bath_1000ml.png","width":600,"height":600},{"@type":"BreadcrumbList","@id":"https:\/\/www.technique-italia.com\/pt-pt\/products\/tratamentos\/system-purify-pt-pt\/system-purify-banho-capilar-bivalente-2\/#breadcrumb","itemListElement":[{"@type":"ListItem","position":1,"name":"Home","item":"https:\/\/www.technique-italia.com\/pt-pt\/"},{"@type":"ListItem","position":2,"name":"Produtos","item":"https:\/\/www.technique-italia.com\/pt-pt\/shop\/"},{"@type":"ListItem","position":3,"name":"System Purify | Banho capilar bivalente"}]},{"@type":"WebSite","@id":"https:\/\/www.technique-italia.com\/pt-pt\/#website","url":"https:\/\/www.technique-italia.com\/pt-pt\/","name":"Technique","description":"The Italian Concept","potentialAction":[{"@type":"SearchAction","target":{"@type":"EntryPoint","urlTemplate":"https:\/\/www.technique-italia.com\/pt-pt\/?s={search_term_string}"},"query-input":{"@type":"PropertyValueSpecification","valueRequired":true,"valueName":"search_term_string"}}],"inLanguage":"pt-PT"}]}},"_links":{"self":[{"href":"https:\/\/www.technique-italia.com\/pt-pt\/wp-json\/wp\/v2\/product\/8802","targetHints":{"allow":["GET"]}}],"collection":[{"href":"https:\/\/www.technique-italia.com\/pt-pt\/wp-json\/wp\/v2\/product"}],"about":[{"href":"https:\/\/www.technique-italia.com\/pt-pt\/wp-json\/wp\/v2\/types\/product"}],"wp:featuredmedia":[{"embeddable":true,"href":"https:\/\/www.technique-italia.com\/pt-pt\/wp-json\/wp\/v2\/media\/15093"}],"wp:attachment":[{"href":"https:\/\/www.technique-italia.com\/pt-pt\/wp-json\/wp\/v2\/media?parent=8802"}],"wp:term":[{"taxonomy":"product_brand","embeddable":true,"href":"https:\/\/www.technique-italia.com\/pt-pt\/wp-json\/wp\/v2\/product_brand?post=8802"},{"taxonomy":"product_cat","embeddable":true,"href":"https:\/\/www.technique-italia.com\/pt-pt\/wp-json\/wp\/v2\/product_cat?post=8802"},{"taxonomy":"product_tag","embeddable":true,"href":"https:\/\/www.technique-italia.com\/pt-pt\/wp-json\/wp\/v2\/product_tag?post=8802"}],"curies":[{"name":"wp","href":"https:\/\/api.w.org\/{rel}","templated":true}]}}