{"id":8800,"date":"2020-02-04T12:47:19","date_gmt":"2020-02-04T11:47:19","guid":{"rendered":"https:\/\/www.technique-italia.com\/\/products\/sem%20categoria\/system-purify-tonico-reequilibrante-anti-caspa\/"},"modified":"2021-12-21T14:07:02","modified_gmt":"2021-12-21T13:07:02","slug":"system-purify-tonico-reequilibrante-anti-caspa","status":"publish","type":"product","link":"https:\/\/www.technique-italia.com\/pt-pt\/products\/tratamentos\/system-purify-pt-pt\/system-purify-tonico-reequilibrante-anti-caspa\/","title":{"rendered":"System Purify &#8211; T\u00f3nico reequilibrante anti-caspa"},"content":{"rendered":"","protected":false},"excerpt":{"rendered":"<p><span style=\"font-weight: 400;\">O <\/span><b>t\u00f3nico reequilibrante<\/b> <b>System Purify<\/b><span style=\"font-weight: 400;\"> ajuda a <\/span><span style=\"font-weight: 400;\">prevenir e combater os efeitos negativos do <\/span><b>sebo e da caspa<\/b><span style=\"font-weight: 400;\">. Normaliza a <\/span><b>secre\u00e7\u00e3o seb\u00e1cea <\/b><span style=\"font-weight: 400;\">e<\/span><b> purifica em profundidade<\/b><span style=\"font-weight: 400;\">, gra\u00e7as \u00e0 f\u00f3rmula enriquecida com subst\u00e2ncias funcionais, como o extrato de alecrim, piroctona olamina e \u00f3leo essencial de lavanda.<\/span><\/p>\n<p><span style=\"font-weight: 400;\">Formato de 150 ml<\/span><\/p>\n","protected":false},"featured_media":17439,"template":"","meta":[],"product_brand":[],"product_cat":[638,628],"product_tag":[],"class_list":{"0":"post-8800","1":"product","2":"type-product","3":"status-publish","4":"has-post-thumbnail","6":"product_cat-system-purify-pt-pt","7":"product_cat-tratamentos","8":"description-off","10":"first","11":"instock","12":"shipping-taxable","13":"product-type-simple"},"yoast_head":"<!-- This site is optimized with the Yoast SEO plugin v26.8 - https:\/\/yoast.com\/product\/yoast-seo-wordpress\/ -->\n<title>System Purify - T\u00f3nico reequilibrante anti-caspa<\/title>\n<meta name=\"description\" content=\"O t\u00f3nico reequilibrante System Purify ajuda a prevenir e combater os efeitos negativos do sebo e da caspa.\" \/>\n<meta name=\"robots\" content=\"index, follow, max-snippet:-1, max-image-preview:large, max-video-preview:-1\" \/>\n<link rel=\"canonical\" href=\"https:\/\/www.technique-italia.com\/pt-pt\/products\/tratamentos\/system-purify-pt-pt\/system-purify-tonico-reequilibrante-anti-caspa\/\" \/>\n<meta property=\"og:locale\" content=\"pt_PT\" \/>\n<meta property=\"og:type\" content=\"article\" \/>\n<meta property=\"og:title\" content=\"System Purify - T\u00f3nico reequilibrante anti-caspa\" \/>\n<meta property=\"og:description\" content=\"O t\u00f3nico reequilibrante System Purify ajuda a prevenir e combater os efeitos negativos do sebo e da caspa.\" \/>\n<meta property=\"og:url\" content=\"https:\/\/www.technique-italia.com\/pt-pt\/products\/tratamentos\/system-purify-pt-pt\/system-purify-tonico-reequilibrante-anti-caspa\/\" \/>\n<meta property=\"og:site_name\" content=\"Technique\" \/>\n<meta property=\"article:modified_time\" content=\"2021-12-21T13:07:02+00:00\" \/>\n<meta property=\"og:image\" content=\"https:\/\/www.technique-italia.com\/wp-content\/uploads\/2020\/02\/02091_technique_treatment_system_purify_reblacing_tonic_150ml.png\" \/>\n\t<meta property=\"og:image:width\" content=\"600\" \/>\n\t<meta property=\"og:image:height\" content=\"600\" \/>\n\t<meta property=\"og:image:type\" content=\"image\/png\" \/>\n<meta name=\"twitter:card\" content=\"summary_large_image\" \/>\n<script type=\"application\/ld+json\" class=\"yoast-schema-graph\">{\"@context\":\"https:\/\/schema.org\",\"@graph\":[{\"@type\":\"WebPage\",\"@id\":\"https:\/\/www.technique-italia.com\/pt-pt\/products\/tratamentos\/system-purify-pt-pt\/system-purify-tonico-reequilibrante-anti-caspa\/\",\"url\":\"https:\/\/www.technique-italia.com\/pt-pt\/products\/tratamentos\/system-purify-pt-pt\/system-purify-tonico-reequilibrante-anti-caspa\/\",\"name\":\"System Purify - T\u00f3nico reequilibrante anti-caspa\",\"isPartOf\":{\"@id\":\"https:\/\/www.technique-italia.com\/pt-pt\/#website\"},\"primaryImageOfPage\":{\"@id\":\"https:\/\/www.technique-italia.com\/pt-pt\/products\/tratamentos\/system-purify-pt-pt\/system-purify-tonico-reequilibrante-anti-caspa\/#primaryimage\"},\"image\":{\"@id\":\"https:\/\/www.technique-italia.com\/pt-pt\/products\/tratamentos\/system-purify-pt-pt\/system-purify-tonico-reequilibrante-anti-caspa\/#primaryimage\"},\"thumbnailUrl\":\"https:\/\/www.technique-italia.com\/wp-content\/uploads\/2020\/02\/02091_technique_treatment_system_purify_reblacing_tonic_150ml.png\",\"datePublished\":\"2020-02-04T11:47:19+00:00\",\"dateModified\":\"2021-12-21T13:07:02+00:00\",\"description\":\"O t\u00f3nico reequilibrante System Purify ajuda a prevenir e combater os efeitos negativos do sebo e da caspa.\",\"breadcrumb\":{\"@id\":\"https:\/\/www.technique-italia.com\/pt-pt\/products\/tratamentos\/system-purify-pt-pt\/system-purify-tonico-reequilibrante-anti-caspa\/#breadcrumb\"},\"inLanguage\":\"pt-PT\",\"potentialAction\":[{\"@type\":\"ReadAction\",\"target\":[\"https:\/\/www.technique-italia.com\/pt-pt\/products\/tratamentos\/system-purify-pt-pt\/system-purify-tonico-reequilibrante-anti-caspa\/\"]}]},{\"@type\":\"ImageObject\",\"inLanguage\":\"pt-PT\",\"@id\":\"https:\/\/www.technique-italia.com\/pt-pt\/products\/tratamentos\/system-purify-pt-pt\/system-purify-tonico-reequilibrante-anti-caspa\/#primaryimage\",\"url\":\"https:\/\/www.technique-italia.com\/wp-content\/uploads\/2020\/02\/02091_technique_treatment_system_purify_reblacing_tonic_150ml.png\",\"contentUrl\":\"https:\/\/www.technique-italia.com\/wp-content\/uploads\/2020\/02\/02091_technique_treatment_system_purify_reblacing_tonic_150ml.png\",\"width\":600,\"height\":600,\"caption\":\"System Purify - Tonico riequilibrante antiforfora\"},{\"@type\":\"BreadcrumbList\",\"@id\":\"https:\/\/www.technique-italia.com\/pt-pt\/products\/tratamentos\/system-purify-pt-pt\/system-purify-tonico-reequilibrante-anti-caspa\/#breadcrumb\",\"itemListElement\":[{\"@type\":\"ListItem\",\"position\":1,\"name\":\"Home\",\"item\":\"https:\/\/www.technique-italia.com\/pt-pt\/\"},{\"@type\":\"ListItem\",\"position\":2,\"name\":\"Produtos\",\"item\":\"https:\/\/www.technique-italia.com\/pt-pt\/shop\/\"},{\"@type\":\"ListItem\",\"position\":3,\"name\":\"System Purify &#8211; T\u00f3nico reequilibrante anti-caspa\"}]},{\"@type\":\"WebSite\",\"@id\":\"https:\/\/www.technique-italia.com\/pt-pt\/#website\",\"url\":\"https:\/\/www.technique-italia.com\/pt-pt\/\",\"name\":\"Technique\",\"description\":\"The Italian Concept\",\"potentialAction\":[{\"@type\":\"SearchAction\",\"target\":{\"@type\":\"EntryPoint\",\"urlTemplate\":\"https:\/\/www.technique-italia.com\/pt-pt\/?s={search_term_string}\"},\"query-input\":{\"@type\":\"PropertyValueSpecification\",\"valueRequired\":true,\"valueName\":\"search_term_string\"}}],\"inLanguage\":\"pt-PT\"}]}<\/script>\n<!-- \/ Yoast SEO plugin. -->","yoast_head_json":{"title":"System Purify - T\u00f3nico reequilibrante anti-caspa","description":"O t\u00f3nico reequilibrante System Purify ajuda a prevenir e combater os efeitos negativos do sebo e da caspa.","robots":{"index":"index","follow":"follow","max-snippet":"max-snippet:-1","max-image-preview":"max-image-preview:large","max-video-preview":"max-video-preview:-1"},"canonical":"https:\/\/www.technique-italia.com\/pt-pt\/products\/tratamentos\/system-purify-pt-pt\/system-purify-tonico-reequilibrante-anti-caspa\/","og_locale":"pt_PT","og_type":"article","og_title":"System Purify - T\u00f3nico reequilibrante anti-caspa","og_description":"O t\u00f3nico reequilibrante System Purify ajuda a prevenir e combater os efeitos negativos do sebo e da caspa.","og_url":"https:\/\/www.technique-italia.com\/pt-pt\/products\/tratamentos\/system-purify-pt-pt\/system-purify-tonico-reequilibrante-anti-caspa\/","og_site_name":"Technique","article_modified_time":"2021-12-21T13:07:02+00:00","og_image":[{"width":600,"height":600,"url":"https:\/\/www.technique-italia.com\/wp-content\/uploads\/2020\/02\/02091_technique_treatment_system_purify_reblacing_tonic_150ml.png","type":"image\/png"}],"twitter_card":"summary_large_image","schema":{"@context":"https:\/\/schema.org","@graph":[{"@type":"WebPage","@id":"https:\/\/www.technique-italia.com\/pt-pt\/products\/tratamentos\/system-purify-pt-pt\/system-purify-tonico-reequilibrante-anti-caspa\/","url":"https:\/\/www.technique-italia.com\/pt-pt\/products\/tratamentos\/system-purify-pt-pt\/system-purify-tonico-reequilibrante-anti-caspa\/","name":"System Purify - T\u00f3nico reequilibrante anti-caspa","isPartOf":{"@id":"https:\/\/www.technique-italia.com\/pt-pt\/#website"},"primaryImageOfPage":{"@id":"https:\/\/www.technique-italia.com\/pt-pt\/products\/tratamentos\/system-purify-pt-pt\/system-purify-tonico-reequilibrante-anti-caspa\/#primaryimage"},"image":{"@id":"https:\/\/www.technique-italia.com\/pt-pt\/products\/tratamentos\/system-purify-pt-pt\/system-purify-tonico-reequilibrante-anti-caspa\/#primaryimage"},"thumbnailUrl":"https:\/\/www.technique-italia.com\/wp-content\/uploads\/2020\/02\/02091_technique_treatment_system_purify_reblacing_tonic_150ml.png","datePublished":"2020-02-04T11:47:19+00:00","dateModified":"2021-12-21T13:07:02+00:00","description":"O t\u00f3nico reequilibrante System Purify ajuda a prevenir e combater os efeitos negativos do sebo e da caspa.","breadcrumb":{"@id":"https:\/\/www.technique-italia.com\/pt-pt\/products\/tratamentos\/system-purify-pt-pt\/system-purify-tonico-reequilibrante-anti-caspa\/#breadcrumb"},"inLanguage":"pt-PT","potentialAction":[{"@type":"ReadAction","target":["https:\/\/www.technique-italia.com\/pt-pt\/products\/tratamentos\/system-purify-pt-pt\/system-purify-tonico-reequilibrante-anti-caspa\/"]}]},{"@type":"ImageObject","inLanguage":"pt-PT","@id":"https:\/\/www.technique-italia.com\/pt-pt\/products\/tratamentos\/system-purify-pt-pt\/system-purify-tonico-reequilibrante-anti-caspa\/#primaryimage","url":"https:\/\/www.technique-italia.com\/wp-content\/uploads\/2020\/02\/02091_technique_treatment_system_purify_reblacing_tonic_150ml.png","contentUrl":"https:\/\/www.technique-italia.com\/wp-content\/uploads\/2020\/02\/02091_technique_treatment_system_purify_reblacing_tonic_150ml.png","width":600,"height":600,"caption":"System Purify - Tonico riequilibrante antiforfora"},{"@type":"BreadcrumbList","@id":"https:\/\/www.technique-italia.com\/pt-pt\/products\/tratamentos\/system-purify-pt-pt\/system-purify-tonico-reequilibrante-anti-caspa\/#breadcrumb","itemListElement":[{"@type":"ListItem","position":1,"name":"Home","item":"https:\/\/www.technique-italia.com\/pt-pt\/"},{"@type":"ListItem","position":2,"name":"Produtos","item":"https:\/\/www.technique-italia.com\/pt-pt\/shop\/"},{"@type":"ListItem","position":3,"name":"System Purify &#8211; T\u00f3nico reequilibrante anti-caspa"}]},{"@type":"WebSite","@id":"https:\/\/www.technique-italia.com\/pt-pt\/#website","url":"https:\/\/www.technique-italia.com\/pt-pt\/","name":"Technique","description":"The Italian Concept","potentialAction":[{"@type":"SearchAction","target":{"@type":"EntryPoint","urlTemplate":"https:\/\/www.technique-italia.com\/pt-pt\/?s={search_term_string}"},"query-input":{"@type":"PropertyValueSpecification","valueRequired":true,"valueName":"search_term_string"}}],"inLanguage":"pt-PT"}]}},"_links":{"self":[{"href":"https:\/\/www.technique-italia.com\/pt-pt\/wp-json\/wp\/v2\/product\/8800","targetHints":{"allow":["GET"]}}],"collection":[{"href":"https:\/\/www.technique-italia.com\/pt-pt\/wp-json\/wp\/v2\/product"}],"about":[{"href":"https:\/\/www.technique-italia.com\/pt-pt\/wp-json\/wp\/v2\/types\/product"}],"wp:featuredmedia":[{"embeddable":true,"href":"https:\/\/www.technique-italia.com\/pt-pt\/wp-json\/wp\/v2\/media\/17439"}],"wp:attachment":[{"href":"https:\/\/www.technique-italia.com\/pt-pt\/wp-json\/wp\/v2\/media?parent=8800"}],"wp:term":[{"taxonomy":"product_brand","embeddable":true,"href":"https:\/\/www.technique-italia.com\/pt-pt\/wp-json\/wp\/v2\/product_brand?post=8800"},{"taxonomy":"product_cat","embeddable":true,"href":"https:\/\/www.technique-italia.com\/pt-pt\/wp-json\/wp\/v2\/product_cat?post=8800"},{"taxonomy":"product_tag","embeddable":true,"href":"https:\/\/www.technique-italia.com\/pt-pt\/wp-json\/wp\/v2\/product_tag?post=8800"}],"curies":[{"name":"wp","href":"https:\/\/api.w.org\/{rel}","templated":true}]}}