{"id":8776,"date":"2015-05-22T09:59:50","date_gmt":"2015-05-22T07:59:50","guid":{"rendered":"https:\/\/www.technique-italia.com\/\/products\/sem%20categoria\/alkemy-sleek-champo-alisador-anticrespo-2\/"},"modified":"2021-12-21T11:53:37","modified_gmt":"2021-12-21T10:53:37","slug":"alkemy-sleek-champo-alisador-anticrespo-2","status":"publish","type":"product","link":"https:\/\/www.technique-italia.com\/pt-pt\/products\/tratamentos\/alkemy-sleek-pt-pt\/alkemy-sleek-champo-alisador-anticrespo-2\/","title":{"rendered":"Alkemy Sleek | Champ\u00f4 Alisador Anticrespo"},"content":{"rendered":"","protected":false},"excerpt":{"rendered":"<p><b>Alkemy Sleek, Champ\u00f4 alisador anticrespo,<\/b><span style=\"font-weight: 400;\"> enriquecido com extrato de algod\u00e3o, garante um efeito brilhante e controla o efeito crespo dos cabelos rebeldes. <\/span><b>Lava<\/b><span style=\"font-weight: 400;\"> delicadamente e <\/span><b>suaviza<\/b><span style=\"font-weight: 400;\"> o couro cabeludo. Cheiro agrad\u00e1vel de fruta.<\/span><\/p>\n<p><span style=\"font-weight: 400;\">Uso externo<\/span><\/p>\n<p><span style=\"font-weight: 400;\">Frasco de 300 ml<\/span><\/p>\n","protected":false},"featured_media":18004,"template":"","meta":[],"product_brand":[],"product_cat":[634,628],"product_tag":[],"class_list":{"0":"post-8776","1":"product","2":"type-product","3":"status-publish","4":"has-post-thumbnail","6":"product_cat-alkemy-sleek-pt-pt","7":"product_cat-tratamentos","8":"description-off","10":"first","11":"instock","12":"shipping-taxable","13":"product-type-simple"},"yoast_head":"<!-- This site is optimized with the Yoast SEO plugin v26.8 - https:\/\/yoast.com\/product\/yoast-seo-wordpress\/ -->\n<title>Alkemy Sleek | Champ\u00f4 Alisador Anticrespo<\/title>\n<meta name=\"description\" content=\"Alkemy Sleek, Champ\u00f4 alisador anticrespo, enriquecido com extrato de algod\u00e3o, garante um efeito brilhante e controla o efeito crespo dos cabelos rebeldes.\" \/>\n<meta name=\"robots\" content=\"index, follow, max-snippet:-1, max-image-preview:large, max-video-preview:-1\" \/>\n<link rel=\"canonical\" href=\"https:\/\/www.technique-italia.com\/pt-pt\/products\/tratamentos\/alkemy-sleek-pt-pt\/alkemy-sleek-champo-alisador-anticrespo-2\/\" \/>\n<meta property=\"og:locale\" content=\"pt_PT\" \/>\n<meta property=\"og:type\" content=\"article\" \/>\n<meta property=\"og:title\" content=\"Alkemy Sleek | Champ\u00f4 Alisador Anticrespo\" \/>\n<meta property=\"og:description\" content=\"Alkemy Sleek, Champ\u00f4 alisador anticrespo, enriquecido com extrato de algod\u00e3o, garante um efeito brilhante e controla o efeito crespo dos cabelos rebeldes.\" \/>\n<meta property=\"og:url\" content=\"https:\/\/www.technique-italia.com\/pt-pt\/products\/tratamentos\/alkemy-sleek-pt-pt\/alkemy-sleek-champo-alisador-anticrespo-2\/\" \/>\n<meta property=\"og:site_name\" content=\"Technique\" \/>\n<meta property=\"article:modified_time\" content=\"2021-12-21T10:53:37+00:00\" \/>\n<meta property=\"og:image\" content=\"https:\/\/www.technique-italia.com\/wp-content\/uploads\/2026\/03\/02072_technique_treatment_alkemy_sleek_anti-frizz_smoothing_shampoo_300ml.png\" \/>\n\t<meta property=\"og:image:width\" content=\"800\" \/>\n\t<meta property=\"og:image:height\" content=\"800\" \/>\n\t<meta property=\"og:image:type\" content=\"image\/png\" \/>\n<meta name=\"twitter:card\" content=\"summary_large_image\" \/>\n<script type=\"application\/ld+json\" class=\"yoast-schema-graph\">{\"@context\":\"https:\/\/schema.org\",\"@graph\":[{\"@type\":\"WebPage\",\"@id\":\"https:\/\/www.technique-italia.com\/pt-pt\/products\/tratamentos\/alkemy-sleek-pt-pt\/alkemy-sleek-champo-alisador-anticrespo-2\/\",\"url\":\"https:\/\/www.technique-italia.com\/pt-pt\/products\/tratamentos\/alkemy-sleek-pt-pt\/alkemy-sleek-champo-alisador-anticrespo-2\/\",\"name\":\"Alkemy Sleek | Champ\u00f4 Alisador Anticrespo\",\"isPartOf\":{\"@id\":\"https:\/\/www.technique-italia.com\/pt-pt\/#website\"},\"primaryImageOfPage\":{\"@id\":\"https:\/\/www.technique-italia.com\/pt-pt\/products\/tratamentos\/alkemy-sleek-pt-pt\/alkemy-sleek-champo-alisador-anticrespo-2\/#primaryimage\"},\"image\":{\"@id\":\"https:\/\/www.technique-italia.com\/pt-pt\/products\/tratamentos\/alkemy-sleek-pt-pt\/alkemy-sleek-champo-alisador-anticrespo-2\/#primaryimage\"},\"thumbnailUrl\":\"https:\/\/www.technique-italia.com\/wp-content\/uploads\/2026\/03\/02072_technique_treatment_alkemy_sleek_anti-frizz_smoothing_shampoo_300ml.png\",\"datePublished\":\"2015-05-22T07:59:50+00:00\",\"dateModified\":\"2021-12-21T10:53:37+00:00\",\"description\":\"Alkemy Sleek, Champ\u00f4 alisador anticrespo, enriquecido com extrato de algod\u00e3o, garante um efeito brilhante e controla o efeito crespo dos cabelos rebeldes.\",\"breadcrumb\":{\"@id\":\"https:\/\/www.technique-italia.com\/pt-pt\/products\/tratamentos\/alkemy-sleek-pt-pt\/alkemy-sleek-champo-alisador-anticrespo-2\/#breadcrumb\"},\"inLanguage\":\"pt-PT\",\"potentialAction\":[{\"@type\":\"ReadAction\",\"target\":[\"https:\/\/www.technique-italia.com\/pt-pt\/products\/tratamentos\/alkemy-sleek-pt-pt\/alkemy-sleek-champo-alisador-anticrespo-2\/\"]}]},{\"@type\":\"ImageObject\",\"inLanguage\":\"pt-PT\",\"@id\":\"https:\/\/www.technique-italia.com\/pt-pt\/products\/tratamentos\/alkemy-sleek-pt-pt\/alkemy-sleek-champo-alisador-anticrespo-2\/#primaryimage\",\"url\":\"https:\/\/www.technique-italia.com\/wp-content\/uploads\/2026\/03\/02072_technique_treatment_alkemy_sleek_anti-frizz_smoothing_shampoo_300ml.png\",\"contentUrl\":\"https:\/\/www.technique-italia.com\/wp-content\/uploads\/2026\/03\/02072_technique_treatment_alkemy_sleek_anti-frizz_smoothing_shampoo_300ml.png\",\"width\":800,\"height\":800},{\"@type\":\"BreadcrumbList\",\"@id\":\"https:\/\/www.technique-italia.com\/pt-pt\/products\/tratamentos\/alkemy-sleek-pt-pt\/alkemy-sleek-champo-alisador-anticrespo-2\/#breadcrumb\",\"itemListElement\":[{\"@type\":\"ListItem\",\"position\":1,\"name\":\"Home\",\"item\":\"https:\/\/www.technique-italia.com\/pt-pt\/\"},{\"@type\":\"ListItem\",\"position\":2,\"name\":\"Produtos\",\"item\":\"https:\/\/www.technique-italia.com\/pt-pt\/shop\/\"},{\"@type\":\"ListItem\",\"position\":3,\"name\":\"Alkemy Sleek | Champ\u00f4 Alisador Anticrespo\"}]},{\"@type\":\"WebSite\",\"@id\":\"https:\/\/www.technique-italia.com\/pt-pt\/#website\",\"url\":\"https:\/\/www.technique-italia.com\/pt-pt\/\",\"name\":\"Technique\",\"description\":\"The Italian Concept\",\"potentialAction\":[{\"@type\":\"SearchAction\",\"target\":{\"@type\":\"EntryPoint\",\"urlTemplate\":\"https:\/\/www.technique-italia.com\/pt-pt\/?s={search_term_string}\"},\"query-input\":{\"@type\":\"PropertyValueSpecification\",\"valueRequired\":true,\"valueName\":\"search_term_string\"}}],\"inLanguage\":\"pt-PT\"}]}<\/script>\n<!-- \/ Yoast SEO plugin. -->","yoast_head_json":{"title":"Alkemy Sleek | Champ\u00f4 Alisador Anticrespo","description":"Alkemy Sleek, Champ\u00f4 alisador anticrespo, enriquecido com extrato de algod\u00e3o, garante um efeito brilhante e controla o efeito crespo dos cabelos rebeldes.","robots":{"index":"index","follow":"follow","max-snippet":"max-snippet:-1","max-image-preview":"max-image-preview:large","max-video-preview":"max-video-preview:-1"},"canonical":"https:\/\/www.technique-italia.com\/pt-pt\/products\/tratamentos\/alkemy-sleek-pt-pt\/alkemy-sleek-champo-alisador-anticrespo-2\/","og_locale":"pt_PT","og_type":"article","og_title":"Alkemy Sleek | Champ\u00f4 Alisador Anticrespo","og_description":"Alkemy Sleek, Champ\u00f4 alisador anticrespo, enriquecido com extrato de algod\u00e3o, garante um efeito brilhante e controla o efeito crespo dos cabelos rebeldes.","og_url":"https:\/\/www.technique-italia.com\/pt-pt\/products\/tratamentos\/alkemy-sleek-pt-pt\/alkemy-sleek-champo-alisador-anticrespo-2\/","og_site_name":"Technique","article_modified_time":"2021-12-21T10:53:37+00:00","og_image":[{"width":800,"height":800,"url":"https:\/\/www.technique-italia.com\/wp-content\/uploads\/2026\/03\/02072_technique_treatment_alkemy_sleek_anti-frizz_smoothing_shampoo_300ml.png","type":"image\/png"}],"twitter_card":"summary_large_image","schema":{"@context":"https:\/\/schema.org","@graph":[{"@type":"WebPage","@id":"https:\/\/www.technique-italia.com\/pt-pt\/products\/tratamentos\/alkemy-sleek-pt-pt\/alkemy-sleek-champo-alisador-anticrespo-2\/","url":"https:\/\/www.technique-italia.com\/pt-pt\/products\/tratamentos\/alkemy-sleek-pt-pt\/alkemy-sleek-champo-alisador-anticrespo-2\/","name":"Alkemy Sleek | Champ\u00f4 Alisador Anticrespo","isPartOf":{"@id":"https:\/\/www.technique-italia.com\/pt-pt\/#website"},"primaryImageOfPage":{"@id":"https:\/\/www.technique-italia.com\/pt-pt\/products\/tratamentos\/alkemy-sleek-pt-pt\/alkemy-sleek-champo-alisador-anticrespo-2\/#primaryimage"},"image":{"@id":"https:\/\/www.technique-italia.com\/pt-pt\/products\/tratamentos\/alkemy-sleek-pt-pt\/alkemy-sleek-champo-alisador-anticrespo-2\/#primaryimage"},"thumbnailUrl":"https:\/\/www.technique-italia.com\/wp-content\/uploads\/2026\/03\/02072_technique_treatment_alkemy_sleek_anti-frizz_smoothing_shampoo_300ml.png","datePublished":"2015-05-22T07:59:50+00:00","dateModified":"2021-12-21T10:53:37+00:00","description":"Alkemy Sleek, Champ\u00f4 alisador anticrespo, enriquecido com extrato de algod\u00e3o, garante um efeito brilhante e controla o efeito crespo dos cabelos rebeldes.","breadcrumb":{"@id":"https:\/\/www.technique-italia.com\/pt-pt\/products\/tratamentos\/alkemy-sleek-pt-pt\/alkemy-sleek-champo-alisador-anticrespo-2\/#breadcrumb"},"inLanguage":"pt-PT","potentialAction":[{"@type":"ReadAction","target":["https:\/\/www.technique-italia.com\/pt-pt\/products\/tratamentos\/alkemy-sleek-pt-pt\/alkemy-sleek-champo-alisador-anticrespo-2\/"]}]},{"@type":"ImageObject","inLanguage":"pt-PT","@id":"https:\/\/www.technique-italia.com\/pt-pt\/products\/tratamentos\/alkemy-sleek-pt-pt\/alkemy-sleek-champo-alisador-anticrespo-2\/#primaryimage","url":"https:\/\/www.technique-italia.com\/wp-content\/uploads\/2026\/03\/02072_technique_treatment_alkemy_sleek_anti-frizz_smoothing_shampoo_300ml.png","contentUrl":"https:\/\/www.technique-italia.com\/wp-content\/uploads\/2026\/03\/02072_technique_treatment_alkemy_sleek_anti-frizz_smoothing_shampoo_300ml.png","width":800,"height":800},{"@type":"BreadcrumbList","@id":"https:\/\/www.technique-italia.com\/pt-pt\/products\/tratamentos\/alkemy-sleek-pt-pt\/alkemy-sleek-champo-alisador-anticrespo-2\/#breadcrumb","itemListElement":[{"@type":"ListItem","position":1,"name":"Home","item":"https:\/\/www.technique-italia.com\/pt-pt\/"},{"@type":"ListItem","position":2,"name":"Produtos","item":"https:\/\/www.technique-italia.com\/pt-pt\/shop\/"},{"@type":"ListItem","position":3,"name":"Alkemy Sleek | Champ\u00f4 Alisador Anticrespo"}]},{"@type":"WebSite","@id":"https:\/\/www.technique-italia.com\/pt-pt\/#website","url":"https:\/\/www.technique-italia.com\/pt-pt\/","name":"Technique","description":"The Italian Concept","potentialAction":[{"@type":"SearchAction","target":{"@type":"EntryPoint","urlTemplate":"https:\/\/www.technique-italia.com\/pt-pt\/?s={search_term_string}"},"query-input":{"@type":"PropertyValueSpecification","valueRequired":true,"valueName":"search_term_string"}}],"inLanguage":"pt-PT"}]}},"_links":{"self":[{"href":"https:\/\/www.technique-italia.com\/pt-pt\/wp-json\/wp\/v2\/product\/8776","targetHints":{"allow":["GET"]}}],"collection":[{"href":"https:\/\/www.technique-italia.com\/pt-pt\/wp-json\/wp\/v2\/product"}],"about":[{"href":"https:\/\/www.technique-italia.com\/pt-pt\/wp-json\/wp\/v2\/types\/product"}],"wp:featuredmedia":[{"embeddable":true,"href":"https:\/\/www.technique-italia.com\/pt-pt\/wp-json\/wp\/v2\/media\/18004"}],"wp:attachment":[{"href":"https:\/\/www.technique-italia.com\/pt-pt\/wp-json\/wp\/v2\/media?parent=8776"}],"wp:term":[{"taxonomy":"product_brand","embeddable":true,"href":"https:\/\/www.technique-italia.com\/pt-pt\/wp-json\/wp\/v2\/product_brand?post=8776"},{"taxonomy":"product_cat","embeddable":true,"href":"https:\/\/www.technique-italia.com\/pt-pt\/wp-json\/wp\/v2\/product_cat?post=8776"},{"taxonomy":"product_tag","embeddable":true,"href":"https:\/\/www.technique-italia.com\/pt-pt\/wp-json\/wp\/v2\/product_tag?post=8776"}],"curies":[{"name":"wp","href":"https:\/\/api.w.org\/{rel}","templated":true}]}}