{"id":8770,"date":"2015-05-22T11:34:24","date_gmt":"2015-05-22T09:34:24","guid":{"rendered":"https:\/\/www.technique-italia.com\/\/products\/sem%20categoria\/alkemy-champo-revitalizante-2\/"},"modified":"2023-03-23T15:44:48","modified_gmt":"2023-03-23T14:44:48","slug":"champo-revitalizante-1000ml","status":"publish","type":"product","link":"https:\/\/www.technique-italia.com\/pt-pt\/products\/tratamentos\/alkemy-reactive-pt-pt\/champo-revitalizante-1000ml\/","title":{"rendered":"Alkemy Re-Active | Champ\u00f4 revitalizante"},"content":{"rendered":"","protected":false},"excerpt":{"rendered":"<p><b>Alkemy Re-Active, Champ\u00f4 revitalizante,<\/b><span style=\"font-weight: 400;\"> desenvolve uma a\u00e7\u00e3o de limpeza e nutri\u00e7\u00e3o do cabelo gra\u00e7as ao <\/span><b>\u00f3leo de arg\u00e3o,<\/b><span style=\"font-weight: 400;\"> \u00e0 <\/span><b>queratina<\/b><span style=\"font-weight: 400;\">, ao <\/span><b>\u00e1cido hialur\u00f3nico <\/b><span style=\"font-weight: 400;\">e ao <\/span><b>extrato de bambu<\/b><span style=\"font-weight: 400;\">. Ideal para cabelos secos e sem estrutura, para uma maior <\/span><b>resist\u00eancia, elasticidade <\/b><span style=\"font-weight: 400;\">e<\/span><b> luminosidade<\/b><span style=\"font-weight: 400;\">. Pr\u00e1tico, funcional e de longa dura\u00e7\u00e3o com o formato Sal\u00e3o de 1 litro. <\/span><\/p>\n<p><span style=\"font-weight: 400;\">Uso profissional<\/span><\/p>\n<p><span style=\"font-weight: 400;\">Frasco de 1000 ml<\/span><\/p>\n","protected":false},"featured_media":15034,"template":"","meta":[],"product_brand":[],"product_cat":[629,628],"product_tag":[],"class_list":{"0":"post-8770","1":"product","2":"type-product","3":"status-publish","4":"has-post-thumbnail","6":"product_cat-alkemy-reactive-pt-pt","7":"product_cat-tratamentos","8":"description-off","10":"first","11":"instock","12":"shipping-taxable","13":"product-type-simple"},"yoast_head":"<!-- This site is optimized with the Yoast SEO plugin v26.8 - https:\/\/yoast.com\/product\/yoast-seo-wordpress\/ -->\n<title>Alkemy Re-Active | Champ\u00f4 revitalizante<\/title>\n<meta name=\"description\" content=\"Alkemy Re-Active, Champ\u00f4 revitalizante, desenvolve uma a\u00e7\u00e3o de limpeza e nutri\u00e7\u00e3o do cabelo gra\u00e7as ao \u00f3leo de arg\u00e3o, \u00e0 queratina, ao \u00e1cido hialur\u00f3nico\" \/>\n<meta name=\"robots\" content=\"index, follow, max-snippet:-1, max-image-preview:large, max-video-preview:-1\" \/>\n<link rel=\"canonical\" href=\"https:\/\/www.technique-italia.com\/pt-pt\/products\/tratamentos\/alkemy-reactive-pt-pt\/champo-revitalizante-1000ml\/\" \/>\n<meta property=\"og:locale\" content=\"pt_PT\" \/>\n<meta property=\"og:type\" content=\"article\" \/>\n<meta property=\"og:title\" content=\"Alkemy Re-Active | Champ\u00f4 revitalizante\" \/>\n<meta property=\"og:description\" content=\"Alkemy Re-Active, Champ\u00f4 revitalizante, desenvolve uma a\u00e7\u00e3o de limpeza e nutri\u00e7\u00e3o do cabelo gra\u00e7as ao \u00f3leo de arg\u00e3o, \u00e0 queratina, ao \u00e1cido hialur\u00f3nico\" \/>\n<meta property=\"og:url\" content=\"https:\/\/www.technique-italia.com\/pt-pt\/products\/tratamentos\/alkemy-reactive-pt-pt\/champo-revitalizante-1000ml\/\" \/>\n<meta property=\"og:site_name\" content=\"Technique\" \/>\n<meta property=\"article:modified_time\" content=\"2023-03-23T14:44:48+00:00\" \/>\n<meta property=\"og:image\" content=\"https:\/\/www.technique-italia.com\/wp-content\/uploads\/2023\/03\/02046_technique_treatment_alkemy_re_active_revitalizing_shampoo_1000ml-1.png\" \/>\n\t<meta property=\"og:image:width\" content=\"600\" \/>\n\t<meta property=\"og:image:height\" content=\"600\" \/>\n\t<meta property=\"og:image:type\" content=\"image\/png\" \/>\n<meta name=\"twitter:card\" content=\"summary_large_image\" \/>\n<script type=\"application\/ld+json\" class=\"yoast-schema-graph\">{\"@context\":\"https:\/\/schema.org\",\"@graph\":[{\"@type\":\"WebPage\",\"@id\":\"https:\/\/www.technique-italia.com\/pt-pt\/products\/tratamentos\/alkemy-reactive-pt-pt\/champo-revitalizante-1000ml\/\",\"url\":\"https:\/\/www.technique-italia.com\/pt-pt\/products\/tratamentos\/alkemy-reactive-pt-pt\/champo-revitalizante-1000ml\/\",\"name\":\"Alkemy Re-Active | Champ\u00f4 revitalizante\",\"isPartOf\":{\"@id\":\"https:\/\/www.technique-italia.com\/pt-pt\/#website\"},\"primaryImageOfPage\":{\"@id\":\"https:\/\/www.technique-italia.com\/pt-pt\/products\/tratamentos\/alkemy-reactive-pt-pt\/champo-revitalizante-1000ml\/#primaryimage\"},\"image\":{\"@id\":\"https:\/\/www.technique-italia.com\/pt-pt\/products\/tratamentos\/alkemy-reactive-pt-pt\/champo-revitalizante-1000ml\/#primaryimage\"},\"thumbnailUrl\":\"https:\/\/www.technique-italia.com\/wp-content\/uploads\/2023\/03\/02046_technique_treatment_alkemy_re_active_revitalizing_shampoo_1000ml-1.png\",\"datePublished\":\"2015-05-22T09:34:24+00:00\",\"dateModified\":\"2023-03-23T14:44:48+00:00\",\"description\":\"Alkemy Re-Active, Champ\u00f4 revitalizante, desenvolve uma a\u00e7\u00e3o de limpeza e nutri\u00e7\u00e3o do cabelo gra\u00e7as ao \u00f3leo de arg\u00e3o, \u00e0 queratina, ao \u00e1cido hialur\u00f3nico\",\"breadcrumb\":{\"@id\":\"https:\/\/www.technique-italia.com\/pt-pt\/products\/tratamentos\/alkemy-reactive-pt-pt\/champo-revitalizante-1000ml\/#breadcrumb\"},\"inLanguage\":\"pt-PT\",\"potentialAction\":[{\"@type\":\"ReadAction\",\"target\":[\"https:\/\/www.technique-italia.com\/pt-pt\/products\/tratamentos\/alkemy-reactive-pt-pt\/champo-revitalizante-1000ml\/\"]}]},{\"@type\":\"ImageObject\",\"inLanguage\":\"pt-PT\",\"@id\":\"https:\/\/www.technique-italia.com\/pt-pt\/products\/tratamentos\/alkemy-reactive-pt-pt\/champo-revitalizante-1000ml\/#primaryimage\",\"url\":\"https:\/\/www.technique-italia.com\/wp-content\/uploads\/2023\/03\/02046_technique_treatment_alkemy_re_active_revitalizing_shampoo_1000ml-1.png\",\"contentUrl\":\"https:\/\/www.technique-italia.com\/wp-content\/uploads\/2023\/03\/02046_technique_treatment_alkemy_re_active_revitalizing_shampoo_1000ml-1.png\",\"width\":600,\"height\":600},{\"@type\":\"BreadcrumbList\",\"@id\":\"https:\/\/www.technique-italia.com\/pt-pt\/products\/tratamentos\/alkemy-reactive-pt-pt\/champo-revitalizante-1000ml\/#breadcrumb\",\"itemListElement\":[{\"@type\":\"ListItem\",\"position\":1,\"name\":\"Home\",\"item\":\"https:\/\/www.technique-italia.com\/pt-pt\/\"},{\"@type\":\"ListItem\",\"position\":2,\"name\":\"Produtos\",\"item\":\"https:\/\/www.technique-italia.com\/pt-pt\/shop\/\"},{\"@type\":\"ListItem\",\"position\":3,\"name\":\"Alkemy Re-Active | Champ\u00f4 revitalizante\"}]},{\"@type\":\"WebSite\",\"@id\":\"https:\/\/www.technique-italia.com\/pt-pt\/#website\",\"url\":\"https:\/\/www.technique-italia.com\/pt-pt\/\",\"name\":\"Technique\",\"description\":\"The Italian Concept\",\"potentialAction\":[{\"@type\":\"SearchAction\",\"target\":{\"@type\":\"EntryPoint\",\"urlTemplate\":\"https:\/\/www.technique-italia.com\/pt-pt\/?s={search_term_string}\"},\"query-input\":{\"@type\":\"PropertyValueSpecification\",\"valueRequired\":true,\"valueName\":\"search_term_string\"}}],\"inLanguage\":\"pt-PT\"}]}<\/script>\n<!-- \/ Yoast SEO plugin. -->","yoast_head_json":{"title":"Alkemy Re-Active | Champ\u00f4 revitalizante","description":"Alkemy Re-Active, Champ\u00f4 revitalizante, desenvolve uma a\u00e7\u00e3o de limpeza e nutri\u00e7\u00e3o do cabelo gra\u00e7as ao \u00f3leo de arg\u00e3o, \u00e0 queratina, ao \u00e1cido hialur\u00f3nico","robots":{"index":"index","follow":"follow","max-snippet":"max-snippet:-1","max-image-preview":"max-image-preview:large","max-video-preview":"max-video-preview:-1"},"canonical":"https:\/\/www.technique-italia.com\/pt-pt\/products\/tratamentos\/alkemy-reactive-pt-pt\/champo-revitalizante-1000ml\/","og_locale":"pt_PT","og_type":"article","og_title":"Alkemy Re-Active | Champ\u00f4 revitalizante","og_description":"Alkemy Re-Active, Champ\u00f4 revitalizante, desenvolve uma a\u00e7\u00e3o de limpeza e nutri\u00e7\u00e3o do cabelo gra\u00e7as ao \u00f3leo de arg\u00e3o, \u00e0 queratina, ao \u00e1cido hialur\u00f3nico","og_url":"https:\/\/www.technique-italia.com\/pt-pt\/products\/tratamentos\/alkemy-reactive-pt-pt\/champo-revitalizante-1000ml\/","og_site_name":"Technique","article_modified_time":"2023-03-23T14:44:48+00:00","og_image":[{"width":600,"height":600,"url":"https:\/\/www.technique-italia.com\/wp-content\/uploads\/2023\/03\/02046_technique_treatment_alkemy_re_active_revitalizing_shampoo_1000ml-1.png","type":"image\/png"}],"twitter_card":"summary_large_image","schema":{"@context":"https:\/\/schema.org","@graph":[{"@type":"WebPage","@id":"https:\/\/www.technique-italia.com\/pt-pt\/products\/tratamentos\/alkemy-reactive-pt-pt\/champo-revitalizante-1000ml\/","url":"https:\/\/www.technique-italia.com\/pt-pt\/products\/tratamentos\/alkemy-reactive-pt-pt\/champo-revitalizante-1000ml\/","name":"Alkemy Re-Active | Champ\u00f4 revitalizante","isPartOf":{"@id":"https:\/\/www.technique-italia.com\/pt-pt\/#website"},"primaryImageOfPage":{"@id":"https:\/\/www.technique-italia.com\/pt-pt\/products\/tratamentos\/alkemy-reactive-pt-pt\/champo-revitalizante-1000ml\/#primaryimage"},"image":{"@id":"https:\/\/www.technique-italia.com\/pt-pt\/products\/tratamentos\/alkemy-reactive-pt-pt\/champo-revitalizante-1000ml\/#primaryimage"},"thumbnailUrl":"https:\/\/www.technique-italia.com\/wp-content\/uploads\/2023\/03\/02046_technique_treatment_alkemy_re_active_revitalizing_shampoo_1000ml-1.png","datePublished":"2015-05-22T09:34:24+00:00","dateModified":"2023-03-23T14:44:48+00:00","description":"Alkemy Re-Active, Champ\u00f4 revitalizante, desenvolve uma a\u00e7\u00e3o de limpeza e nutri\u00e7\u00e3o do cabelo gra\u00e7as ao \u00f3leo de arg\u00e3o, \u00e0 queratina, ao \u00e1cido hialur\u00f3nico","breadcrumb":{"@id":"https:\/\/www.technique-italia.com\/pt-pt\/products\/tratamentos\/alkemy-reactive-pt-pt\/champo-revitalizante-1000ml\/#breadcrumb"},"inLanguage":"pt-PT","potentialAction":[{"@type":"ReadAction","target":["https:\/\/www.technique-italia.com\/pt-pt\/products\/tratamentos\/alkemy-reactive-pt-pt\/champo-revitalizante-1000ml\/"]}]},{"@type":"ImageObject","inLanguage":"pt-PT","@id":"https:\/\/www.technique-italia.com\/pt-pt\/products\/tratamentos\/alkemy-reactive-pt-pt\/champo-revitalizante-1000ml\/#primaryimage","url":"https:\/\/www.technique-italia.com\/wp-content\/uploads\/2023\/03\/02046_technique_treatment_alkemy_re_active_revitalizing_shampoo_1000ml-1.png","contentUrl":"https:\/\/www.technique-italia.com\/wp-content\/uploads\/2023\/03\/02046_technique_treatment_alkemy_re_active_revitalizing_shampoo_1000ml-1.png","width":600,"height":600},{"@type":"BreadcrumbList","@id":"https:\/\/www.technique-italia.com\/pt-pt\/products\/tratamentos\/alkemy-reactive-pt-pt\/champo-revitalizante-1000ml\/#breadcrumb","itemListElement":[{"@type":"ListItem","position":1,"name":"Home","item":"https:\/\/www.technique-italia.com\/pt-pt\/"},{"@type":"ListItem","position":2,"name":"Produtos","item":"https:\/\/www.technique-italia.com\/pt-pt\/shop\/"},{"@type":"ListItem","position":3,"name":"Alkemy Re-Active | Champ\u00f4 revitalizante"}]},{"@type":"WebSite","@id":"https:\/\/www.technique-italia.com\/pt-pt\/#website","url":"https:\/\/www.technique-italia.com\/pt-pt\/","name":"Technique","description":"The Italian Concept","potentialAction":[{"@type":"SearchAction","target":{"@type":"EntryPoint","urlTemplate":"https:\/\/www.technique-italia.com\/pt-pt\/?s={search_term_string}"},"query-input":{"@type":"PropertyValueSpecification","valueRequired":true,"valueName":"search_term_string"}}],"inLanguage":"pt-PT"}]}},"_links":{"self":[{"href":"https:\/\/www.technique-italia.com\/pt-pt\/wp-json\/wp\/v2\/product\/8770","targetHints":{"allow":["GET"]}}],"collection":[{"href":"https:\/\/www.technique-italia.com\/pt-pt\/wp-json\/wp\/v2\/product"}],"about":[{"href":"https:\/\/www.technique-italia.com\/pt-pt\/wp-json\/wp\/v2\/types\/product"}],"wp:featuredmedia":[{"embeddable":true,"href":"https:\/\/www.technique-italia.com\/pt-pt\/wp-json\/wp\/v2\/media\/15034"}],"wp:attachment":[{"href":"https:\/\/www.technique-italia.com\/pt-pt\/wp-json\/wp\/v2\/media?parent=8770"}],"wp:term":[{"taxonomy":"product_brand","embeddable":true,"href":"https:\/\/www.technique-italia.com\/pt-pt\/wp-json\/wp\/v2\/product_brand?post=8770"},{"taxonomy":"product_cat","embeddable":true,"href":"https:\/\/www.technique-italia.com\/pt-pt\/wp-json\/wp\/v2\/product_cat?post=8770"},{"taxonomy":"product_tag","embeddable":true,"href":"https:\/\/www.technique-italia.com\/pt-pt\/wp-json\/wp\/v2\/product_tag?post=8770"}],"curies":[{"name":"wp","href":"https:\/\/api.w.org\/{rel}","templated":true}]}}