{"id":8767,"date":"2015-05-22T11:42:27","date_gmt":"2015-05-22T09:42:27","guid":{"rendered":"https:\/\/www.technique-italia.com\/\/products\/sem%20categoria\/alkemy-fluido-sinergico-revitalizante-2\/"},"modified":"2023-03-23T15:13:41","modified_gmt":"2023-03-23T14:13:41","slug":"fluido-sinergico-revitalizante-500-ml","status":"publish","type":"product","link":"https:\/\/www.technique-italia.com\/pt-pt\/products\/tratamentos\/alkemy-reactive-pt-pt\/fluido-sinergico-revitalizante-500-ml\/","title":{"rendered":"Alkemy Re-Active | Fluido Sin\u00e9rgico revitalizante"},"content":{"rendered":"","protected":false},"excerpt":{"rendered":"<p><b><strong>Alkemy Re-Active<\/strong>,<\/b> <b>Fluido sin\u00e9rgico revitalizante<\/b><span style=\"font-weight: 400;\"> com pH \u00e1cido. A sua <\/span><b>a\u00e7\u00e3o selante<\/b><span style=\"font-weight: 400;\"> das escamas completa o tratamento Alkemy. Possui elevadas <\/span><b>propriedades condicionadoras e anticrespo<\/b><span style=\"font-weight: 400;\">, para um cabelo forte, suave e luminoso. Efic\u00e1cia de longa dura\u00e7\u00e3o, gra\u00e7as ao formato de 500 ml.<\/span><\/p>\n<p><span style=\"font-weight: 400;\">Uso profissional<\/span><\/p>\n<p><span style=\"font-weight: 400;\">Frasco de 500 ml<\/span><\/p>\n","protected":false},"featured_media":15044,"template":"","meta":[],"product_brand":[],"product_cat":[629,628],"product_tag":[],"class_list":{"0":"post-8767","1":"product","2":"type-product","3":"status-publish","4":"has-post-thumbnail","6":"product_cat-alkemy-reactive-pt-pt","7":"product_cat-tratamentos","8":"description-off","10":"first","11":"instock","12":"shipping-taxable","13":"product-type-simple"},"yoast_head":"<!-- This site is optimized with the Yoast SEO plugin v26.8 - https:\/\/yoast.com\/product\/yoast-seo-wordpress\/ -->\n<title>Alkemy Re-Active | Fluido Sin\u00e9rgico revitalizante<\/title>\n<meta name=\"description\" content=\"Alkemy Re-Active, Fluido sin\u00e9rgico revitalizante com pH \u00e1cido. A sua a\u00e7\u00e3o selante das escamas completa o tratamento Alkemy.\" \/>\n<meta name=\"robots\" content=\"index, follow, max-snippet:-1, max-image-preview:large, max-video-preview:-1\" \/>\n<link rel=\"canonical\" href=\"https:\/\/www.technique-italia.com\/pt-pt\/products\/tratamentos\/alkemy-reactive-pt-pt\/fluido-sinergico-revitalizante-500-ml\/\" \/>\n<meta property=\"og:locale\" content=\"pt_PT\" \/>\n<meta property=\"og:type\" content=\"article\" \/>\n<meta property=\"og:title\" content=\"Alkemy Re-Active | Fluido Sin\u00e9rgico revitalizante\" \/>\n<meta property=\"og:description\" content=\"Alkemy Re-Active, Fluido sin\u00e9rgico revitalizante com pH \u00e1cido. A sua a\u00e7\u00e3o selante das escamas completa o tratamento Alkemy.\" \/>\n<meta property=\"og:url\" content=\"https:\/\/www.technique-italia.com\/pt-pt\/products\/tratamentos\/alkemy-reactive-pt-pt\/fluido-sinergico-revitalizante-500-ml\/\" \/>\n<meta property=\"og:site_name\" content=\"Technique\" \/>\n<meta property=\"article:modified_time\" content=\"2023-03-23T14:13:41+00:00\" \/>\n<meta property=\"og:image\" content=\"https:\/\/www.technique-italia.com\/wp-content\/uploads\/2023\/03\/02049_technique_treatment_alkemy_re_active_revitalizing_synergic_fluid_500ml-1.png\" \/>\n\t<meta property=\"og:image:width\" content=\"600\" \/>\n\t<meta property=\"og:image:height\" content=\"600\" \/>\n\t<meta property=\"og:image:type\" content=\"image\/png\" \/>\n<meta name=\"twitter:card\" content=\"summary_large_image\" \/>\n<script type=\"application\/ld+json\" class=\"yoast-schema-graph\">{\"@context\":\"https:\/\/schema.org\",\"@graph\":[{\"@type\":\"WebPage\",\"@id\":\"https:\/\/www.technique-italia.com\/pt-pt\/products\/tratamentos\/alkemy-reactive-pt-pt\/fluido-sinergico-revitalizante-500-ml\/\",\"url\":\"https:\/\/www.technique-italia.com\/pt-pt\/products\/tratamentos\/alkemy-reactive-pt-pt\/fluido-sinergico-revitalizante-500-ml\/\",\"name\":\"Alkemy Re-Active | Fluido Sin\u00e9rgico revitalizante\",\"isPartOf\":{\"@id\":\"https:\/\/www.technique-italia.com\/pt-pt\/#website\"},\"primaryImageOfPage\":{\"@id\":\"https:\/\/www.technique-italia.com\/pt-pt\/products\/tratamentos\/alkemy-reactive-pt-pt\/fluido-sinergico-revitalizante-500-ml\/#primaryimage\"},\"image\":{\"@id\":\"https:\/\/www.technique-italia.com\/pt-pt\/products\/tratamentos\/alkemy-reactive-pt-pt\/fluido-sinergico-revitalizante-500-ml\/#primaryimage\"},\"thumbnailUrl\":\"https:\/\/www.technique-italia.com\/wp-content\/uploads\/2023\/03\/02049_technique_treatment_alkemy_re_active_revitalizing_synergic_fluid_500ml-1.png\",\"datePublished\":\"2015-05-22T09:42:27+00:00\",\"dateModified\":\"2023-03-23T14:13:41+00:00\",\"description\":\"Alkemy Re-Active, Fluido sin\u00e9rgico revitalizante com pH \u00e1cido. A sua a\u00e7\u00e3o selante das escamas completa o tratamento Alkemy.\",\"breadcrumb\":{\"@id\":\"https:\/\/www.technique-italia.com\/pt-pt\/products\/tratamentos\/alkemy-reactive-pt-pt\/fluido-sinergico-revitalizante-500-ml\/#breadcrumb\"},\"inLanguage\":\"pt-PT\",\"potentialAction\":[{\"@type\":\"ReadAction\",\"target\":[\"https:\/\/www.technique-italia.com\/pt-pt\/products\/tratamentos\/alkemy-reactive-pt-pt\/fluido-sinergico-revitalizante-500-ml\/\"]}]},{\"@type\":\"ImageObject\",\"inLanguage\":\"pt-PT\",\"@id\":\"https:\/\/www.technique-italia.com\/pt-pt\/products\/tratamentos\/alkemy-reactive-pt-pt\/fluido-sinergico-revitalizante-500-ml\/#primaryimage\",\"url\":\"https:\/\/www.technique-italia.com\/wp-content\/uploads\/2023\/03\/02049_technique_treatment_alkemy_re_active_revitalizing_synergic_fluid_500ml-1.png\",\"contentUrl\":\"https:\/\/www.technique-italia.com\/wp-content\/uploads\/2023\/03\/02049_technique_treatment_alkemy_re_active_revitalizing_synergic_fluid_500ml-1.png\",\"width\":600,\"height\":600},{\"@type\":\"BreadcrumbList\",\"@id\":\"https:\/\/www.technique-italia.com\/pt-pt\/products\/tratamentos\/alkemy-reactive-pt-pt\/fluido-sinergico-revitalizante-500-ml\/#breadcrumb\",\"itemListElement\":[{\"@type\":\"ListItem\",\"position\":1,\"name\":\"Home\",\"item\":\"https:\/\/www.technique-italia.com\/pt-pt\/\"},{\"@type\":\"ListItem\",\"position\":2,\"name\":\"Produtos\",\"item\":\"https:\/\/www.technique-italia.com\/pt-pt\/shop\/\"},{\"@type\":\"ListItem\",\"position\":3,\"name\":\"Alkemy Re-Active | Fluido Sin\u00e9rgico revitalizante\"}]},{\"@type\":\"WebSite\",\"@id\":\"https:\/\/www.technique-italia.com\/pt-pt\/#website\",\"url\":\"https:\/\/www.technique-italia.com\/pt-pt\/\",\"name\":\"Technique\",\"description\":\"The Italian Concept\",\"potentialAction\":[{\"@type\":\"SearchAction\",\"target\":{\"@type\":\"EntryPoint\",\"urlTemplate\":\"https:\/\/www.technique-italia.com\/pt-pt\/?s={search_term_string}\"},\"query-input\":{\"@type\":\"PropertyValueSpecification\",\"valueRequired\":true,\"valueName\":\"search_term_string\"}}],\"inLanguage\":\"pt-PT\"}]}<\/script>\n<!-- \/ Yoast SEO plugin. -->","yoast_head_json":{"title":"Alkemy Re-Active | Fluido Sin\u00e9rgico revitalizante","description":"Alkemy Re-Active, Fluido sin\u00e9rgico revitalizante com pH \u00e1cido. A sua a\u00e7\u00e3o selante das escamas completa o tratamento Alkemy.","robots":{"index":"index","follow":"follow","max-snippet":"max-snippet:-1","max-image-preview":"max-image-preview:large","max-video-preview":"max-video-preview:-1"},"canonical":"https:\/\/www.technique-italia.com\/pt-pt\/products\/tratamentos\/alkemy-reactive-pt-pt\/fluido-sinergico-revitalizante-500-ml\/","og_locale":"pt_PT","og_type":"article","og_title":"Alkemy Re-Active | Fluido Sin\u00e9rgico revitalizante","og_description":"Alkemy Re-Active, Fluido sin\u00e9rgico revitalizante com pH \u00e1cido. A sua a\u00e7\u00e3o selante das escamas completa o tratamento Alkemy.","og_url":"https:\/\/www.technique-italia.com\/pt-pt\/products\/tratamentos\/alkemy-reactive-pt-pt\/fluido-sinergico-revitalizante-500-ml\/","og_site_name":"Technique","article_modified_time":"2023-03-23T14:13:41+00:00","og_image":[{"width":600,"height":600,"url":"https:\/\/www.technique-italia.com\/wp-content\/uploads\/2023\/03\/02049_technique_treatment_alkemy_re_active_revitalizing_synergic_fluid_500ml-1.png","type":"image\/png"}],"twitter_card":"summary_large_image","schema":{"@context":"https:\/\/schema.org","@graph":[{"@type":"WebPage","@id":"https:\/\/www.technique-italia.com\/pt-pt\/products\/tratamentos\/alkemy-reactive-pt-pt\/fluido-sinergico-revitalizante-500-ml\/","url":"https:\/\/www.technique-italia.com\/pt-pt\/products\/tratamentos\/alkemy-reactive-pt-pt\/fluido-sinergico-revitalizante-500-ml\/","name":"Alkemy Re-Active | Fluido Sin\u00e9rgico revitalizante","isPartOf":{"@id":"https:\/\/www.technique-italia.com\/pt-pt\/#website"},"primaryImageOfPage":{"@id":"https:\/\/www.technique-italia.com\/pt-pt\/products\/tratamentos\/alkemy-reactive-pt-pt\/fluido-sinergico-revitalizante-500-ml\/#primaryimage"},"image":{"@id":"https:\/\/www.technique-italia.com\/pt-pt\/products\/tratamentos\/alkemy-reactive-pt-pt\/fluido-sinergico-revitalizante-500-ml\/#primaryimage"},"thumbnailUrl":"https:\/\/www.technique-italia.com\/wp-content\/uploads\/2023\/03\/02049_technique_treatment_alkemy_re_active_revitalizing_synergic_fluid_500ml-1.png","datePublished":"2015-05-22T09:42:27+00:00","dateModified":"2023-03-23T14:13:41+00:00","description":"Alkemy Re-Active, Fluido sin\u00e9rgico revitalizante com pH \u00e1cido. A sua a\u00e7\u00e3o selante das escamas completa o tratamento Alkemy.","breadcrumb":{"@id":"https:\/\/www.technique-italia.com\/pt-pt\/products\/tratamentos\/alkemy-reactive-pt-pt\/fluido-sinergico-revitalizante-500-ml\/#breadcrumb"},"inLanguage":"pt-PT","potentialAction":[{"@type":"ReadAction","target":["https:\/\/www.technique-italia.com\/pt-pt\/products\/tratamentos\/alkemy-reactive-pt-pt\/fluido-sinergico-revitalizante-500-ml\/"]}]},{"@type":"ImageObject","inLanguage":"pt-PT","@id":"https:\/\/www.technique-italia.com\/pt-pt\/products\/tratamentos\/alkemy-reactive-pt-pt\/fluido-sinergico-revitalizante-500-ml\/#primaryimage","url":"https:\/\/www.technique-italia.com\/wp-content\/uploads\/2023\/03\/02049_technique_treatment_alkemy_re_active_revitalizing_synergic_fluid_500ml-1.png","contentUrl":"https:\/\/www.technique-italia.com\/wp-content\/uploads\/2023\/03\/02049_technique_treatment_alkemy_re_active_revitalizing_synergic_fluid_500ml-1.png","width":600,"height":600},{"@type":"BreadcrumbList","@id":"https:\/\/www.technique-italia.com\/pt-pt\/products\/tratamentos\/alkemy-reactive-pt-pt\/fluido-sinergico-revitalizante-500-ml\/#breadcrumb","itemListElement":[{"@type":"ListItem","position":1,"name":"Home","item":"https:\/\/www.technique-italia.com\/pt-pt\/"},{"@type":"ListItem","position":2,"name":"Produtos","item":"https:\/\/www.technique-italia.com\/pt-pt\/shop\/"},{"@type":"ListItem","position":3,"name":"Alkemy Re-Active | Fluido Sin\u00e9rgico revitalizante"}]},{"@type":"WebSite","@id":"https:\/\/www.technique-italia.com\/pt-pt\/#website","url":"https:\/\/www.technique-italia.com\/pt-pt\/","name":"Technique","description":"The Italian Concept","potentialAction":[{"@type":"SearchAction","target":{"@type":"EntryPoint","urlTemplate":"https:\/\/www.technique-italia.com\/pt-pt\/?s={search_term_string}"},"query-input":{"@type":"PropertyValueSpecification","valueRequired":true,"valueName":"search_term_string"}}],"inLanguage":"pt-PT"}]}},"_links":{"self":[{"href":"https:\/\/www.technique-italia.com\/pt-pt\/wp-json\/wp\/v2\/product\/8767","targetHints":{"allow":["GET"]}}],"collection":[{"href":"https:\/\/www.technique-italia.com\/pt-pt\/wp-json\/wp\/v2\/product"}],"about":[{"href":"https:\/\/www.technique-italia.com\/pt-pt\/wp-json\/wp\/v2\/types\/product"}],"wp:featuredmedia":[{"embeddable":true,"href":"https:\/\/www.technique-italia.com\/pt-pt\/wp-json\/wp\/v2\/media\/15044"}],"wp:attachment":[{"href":"https:\/\/www.technique-italia.com\/pt-pt\/wp-json\/wp\/v2\/media?parent=8767"}],"wp:term":[{"taxonomy":"product_brand","embeddable":true,"href":"https:\/\/www.technique-italia.com\/pt-pt\/wp-json\/wp\/v2\/product_brand?post=8767"},{"taxonomy":"product_cat","embeddable":true,"href":"https:\/\/www.technique-italia.com\/pt-pt\/wp-json\/wp\/v2\/product_cat?post=8767"},{"taxonomy":"product_tag","embeddable":true,"href":"https:\/\/www.technique-italia.com\/pt-pt\/wp-json\/wp\/v2\/product_tag?post=8767"}],"curies":[{"name":"wp","href":"https:\/\/api.w.org\/{rel}","templated":true}]}}