{"id":8766,"date":"2015-05-22T11:50:28","date_gmt":"2015-05-22T09:50:28","guid":{"rendered":"https:\/\/www.technique-italia.com\/\/products\/sem%20categoria\/alkemy-fluido-sinergico-revitalizante\/"},"modified":"2023-11-13T15:16:13","modified_gmt":"2023-11-13T14:16:13","slug":"alkemy-fluido-sinergico-revitalizante","status":"publish","type":"product","link":"https:\/\/www.technique-italia.com\/pt-pt\/products\/tratamentos\/alkemy-reactive-pt-pt\/alkemy-fluido-sinergico-revitalizante\/","title":{"rendered":"Alkemy Re-Active | Fluido Sin\u00e9rgico revitalizante"},"content":{"rendered":"","protected":false},"excerpt":{"rendered":"<p><b>Alkemy,<\/b> <b>Fluido sin\u00e9rgico revitalizante<\/b><span style=\"font-weight: 400;\"> com pH \u00e1cido. A sua <\/span><b>a\u00e7\u00e3o selante<\/b><span style=\"font-weight: 400;\"> das escamas completa o tratamento Alkemy. Possui elevadas <\/span><b>propriedades condicionadoras e anticrespo<\/b><span style=\"font-weight: 400;\">, para um cabelo forte, suave e luminoso.\u00a0<\/span><\/p>\n<p><span style=\"font-weight: 400;\">Uso profissional<\/span><\/p>\n<p><span style=\"font-weight: 400;\">Frasco de 200 ml<\/span><\/p>\n","protected":false},"featured_media":17429,"template":"","meta":[],"product_brand":[],"product_cat":[629,628],"product_tag":[],"class_list":{"0":"post-8766","1":"product","2":"type-product","3":"status-publish","4":"has-post-thumbnail","6":"product_cat-alkemy-reactive-pt-pt","7":"product_cat-tratamentos","8":"description-off","10":"first","11":"instock","12":"shipping-taxable","13":"product-type-simple"},"yoast_head":"<!-- This site is optimized with the Yoast SEO plugin v26.8 - https:\/\/yoast.com\/product\/yoast-seo-wordpress\/ -->\n<title>Alkemy | Fluido Sin\u00e9rgico revitalizante<\/title>\n<meta name=\"description\" content=\"Alkemy, Fluido sin\u00e9rgico revitalizante com pH \u00e1cido. A sua a\u00e7\u00e3o selante das escamas completa o tratamento Alkemy.\" \/>\n<meta name=\"robots\" content=\"index, follow, max-snippet:-1, max-image-preview:large, max-video-preview:-1\" \/>\n<link rel=\"canonical\" href=\"https:\/\/www.technique-italia.com\/pt-pt\/products\/tratamentos\/alkemy-reactive-pt-pt\/alkemy-fluido-sinergico-revitalizante\/\" \/>\n<meta property=\"og:locale\" content=\"pt_PT\" \/>\n<meta property=\"og:type\" content=\"article\" \/>\n<meta property=\"og:title\" content=\"Alkemy | Fluido Sin\u00e9rgico revitalizante\" \/>\n<meta property=\"og:description\" content=\"Alkemy, Fluido sin\u00e9rgico revitalizante com pH \u00e1cido. A sua a\u00e7\u00e3o selante das escamas completa o tratamento Alkemy.\" \/>\n<meta property=\"og:url\" content=\"https:\/\/www.technique-italia.com\/pt-pt\/products\/tratamentos\/alkemy-reactive-pt-pt\/alkemy-fluido-sinergico-revitalizante\/\" \/>\n<meta property=\"og:site_name\" content=\"Technique\" \/>\n<meta property=\"article:modified_time\" content=\"2023-11-13T14:16:13+00:00\" \/>\n<meta property=\"og:image\" content=\"https:\/\/www.technique-italia.com\/wp-content\/uploads\/2015\/05\/02049_technique_treatment_alkemy_re_active_revitalizing_synergic_fluid_200ml-2.png\" \/>\n\t<meta property=\"og:image:width\" content=\"600\" \/>\n\t<meta property=\"og:image:height\" content=\"600\" \/>\n\t<meta property=\"og:image:type\" content=\"image\/png\" \/>\n<meta name=\"twitter:card\" content=\"summary_large_image\" \/>\n<script type=\"application\/ld+json\" class=\"yoast-schema-graph\">{\"@context\":\"https:\/\/schema.org\",\"@graph\":[{\"@type\":\"WebPage\",\"@id\":\"https:\/\/www.technique-italia.com\/pt-pt\/products\/tratamentos\/alkemy-reactive-pt-pt\/alkemy-fluido-sinergico-revitalizante\/\",\"url\":\"https:\/\/www.technique-italia.com\/pt-pt\/products\/tratamentos\/alkemy-reactive-pt-pt\/alkemy-fluido-sinergico-revitalizante\/\",\"name\":\"Alkemy | Fluido Sin\u00e9rgico revitalizante\",\"isPartOf\":{\"@id\":\"https:\/\/www.technique-italia.com\/pt-pt\/#website\"},\"primaryImageOfPage\":{\"@id\":\"https:\/\/www.technique-italia.com\/pt-pt\/products\/tratamentos\/alkemy-reactive-pt-pt\/alkemy-fluido-sinergico-revitalizante\/#primaryimage\"},\"image\":{\"@id\":\"https:\/\/www.technique-italia.com\/pt-pt\/products\/tratamentos\/alkemy-reactive-pt-pt\/alkemy-fluido-sinergico-revitalizante\/#primaryimage\"},\"thumbnailUrl\":\"https:\/\/www.technique-italia.com\/wp-content\/uploads\/2015\/05\/02049_technique_treatment_alkemy_re_active_revitalizing_synergic_fluid_200ml-2.png\",\"datePublished\":\"2015-05-22T09:50:28+00:00\",\"dateModified\":\"2023-11-13T14:16:13+00:00\",\"description\":\"Alkemy, Fluido sin\u00e9rgico revitalizante com pH \u00e1cido. A sua a\u00e7\u00e3o selante das escamas completa o tratamento Alkemy.\",\"breadcrumb\":{\"@id\":\"https:\/\/www.technique-italia.com\/pt-pt\/products\/tratamentos\/alkemy-reactive-pt-pt\/alkemy-fluido-sinergico-revitalizante\/#breadcrumb\"},\"inLanguage\":\"pt-PT\",\"potentialAction\":[{\"@type\":\"ReadAction\",\"target\":[\"https:\/\/www.technique-italia.com\/pt-pt\/products\/tratamentos\/alkemy-reactive-pt-pt\/alkemy-fluido-sinergico-revitalizante\/\"]}]},{\"@type\":\"ImageObject\",\"inLanguage\":\"pt-PT\",\"@id\":\"https:\/\/www.technique-italia.com\/pt-pt\/products\/tratamentos\/alkemy-reactive-pt-pt\/alkemy-fluido-sinergico-revitalizante\/#primaryimage\",\"url\":\"https:\/\/www.technique-italia.com\/wp-content\/uploads\/2015\/05\/02049_technique_treatment_alkemy_re_active_revitalizing_synergic_fluid_200ml-2.png\",\"contentUrl\":\"https:\/\/www.technique-italia.com\/wp-content\/uploads\/2015\/05\/02049_technique_treatment_alkemy_re_active_revitalizing_synergic_fluid_200ml-2.png\",\"width\":600,\"height\":600},{\"@type\":\"BreadcrumbList\",\"@id\":\"https:\/\/www.technique-italia.com\/pt-pt\/products\/tratamentos\/alkemy-reactive-pt-pt\/alkemy-fluido-sinergico-revitalizante\/#breadcrumb\",\"itemListElement\":[{\"@type\":\"ListItem\",\"position\":1,\"name\":\"Home\",\"item\":\"https:\/\/www.technique-italia.com\/pt-pt\/\"},{\"@type\":\"ListItem\",\"position\":2,\"name\":\"Produtos\",\"item\":\"https:\/\/www.technique-italia.com\/pt-pt\/shop\/\"},{\"@type\":\"ListItem\",\"position\":3,\"name\":\"Alkemy Re-Active | Fluido Sin\u00e9rgico revitalizante\"}]},{\"@type\":\"WebSite\",\"@id\":\"https:\/\/www.technique-italia.com\/pt-pt\/#website\",\"url\":\"https:\/\/www.technique-italia.com\/pt-pt\/\",\"name\":\"Technique\",\"description\":\"The Italian Concept\",\"potentialAction\":[{\"@type\":\"SearchAction\",\"target\":{\"@type\":\"EntryPoint\",\"urlTemplate\":\"https:\/\/www.technique-italia.com\/pt-pt\/?s={search_term_string}\"},\"query-input\":{\"@type\":\"PropertyValueSpecification\",\"valueRequired\":true,\"valueName\":\"search_term_string\"}}],\"inLanguage\":\"pt-PT\"}]}<\/script>\n<!-- \/ Yoast SEO plugin. -->","yoast_head_json":{"title":"Alkemy | Fluido Sin\u00e9rgico revitalizante","description":"Alkemy, Fluido sin\u00e9rgico revitalizante com pH \u00e1cido. A sua a\u00e7\u00e3o selante das escamas completa o tratamento Alkemy.","robots":{"index":"index","follow":"follow","max-snippet":"max-snippet:-1","max-image-preview":"max-image-preview:large","max-video-preview":"max-video-preview:-1"},"canonical":"https:\/\/www.technique-italia.com\/pt-pt\/products\/tratamentos\/alkemy-reactive-pt-pt\/alkemy-fluido-sinergico-revitalizante\/","og_locale":"pt_PT","og_type":"article","og_title":"Alkemy | Fluido Sin\u00e9rgico revitalizante","og_description":"Alkemy, Fluido sin\u00e9rgico revitalizante com pH \u00e1cido. A sua a\u00e7\u00e3o selante das escamas completa o tratamento Alkemy.","og_url":"https:\/\/www.technique-italia.com\/pt-pt\/products\/tratamentos\/alkemy-reactive-pt-pt\/alkemy-fluido-sinergico-revitalizante\/","og_site_name":"Technique","article_modified_time":"2023-11-13T14:16:13+00:00","og_image":[{"width":600,"height":600,"url":"https:\/\/www.technique-italia.com\/wp-content\/uploads\/2015\/05\/02049_technique_treatment_alkemy_re_active_revitalizing_synergic_fluid_200ml-2.png","type":"image\/png"}],"twitter_card":"summary_large_image","schema":{"@context":"https:\/\/schema.org","@graph":[{"@type":"WebPage","@id":"https:\/\/www.technique-italia.com\/pt-pt\/products\/tratamentos\/alkemy-reactive-pt-pt\/alkemy-fluido-sinergico-revitalizante\/","url":"https:\/\/www.technique-italia.com\/pt-pt\/products\/tratamentos\/alkemy-reactive-pt-pt\/alkemy-fluido-sinergico-revitalizante\/","name":"Alkemy | Fluido Sin\u00e9rgico revitalizante","isPartOf":{"@id":"https:\/\/www.technique-italia.com\/pt-pt\/#website"},"primaryImageOfPage":{"@id":"https:\/\/www.technique-italia.com\/pt-pt\/products\/tratamentos\/alkemy-reactive-pt-pt\/alkemy-fluido-sinergico-revitalizante\/#primaryimage"},"image":{"@id":"https:\/\/www.technique-italia.com\/pt-pt\/products\/tratamentos\/alkemy-reactive-pt-pt\/alkemy-fluido-sinergico-revitalizante\/#primaryimage"},"thumbnailUrl":"https:\/\/www.technique-italia.com\/wp-content\/uploads\/2015\/05\/02049_technique_treatment_alkemy_re_active_revitalizing_synergic_fluid_200ml-2.png","datePublished":"2015-05-22T09:50:28+00:00","dateModified":"2023-11-13T14:16:13+00:00","description":"Alkemy, Fluido sin\u00e9rgico revitalizante com pH \u00e1cido. A sua a\u00e7\u00e3o selante das escamas completa o tratamento Alkemy.","breadcrumb":{"@id":"https:\/\/www.technique-italia.com\/pt-pt\/products\/tratamentos\/alkemy-reactive-pt-pt\/alkemy-fluido-sinergico-revitalizante\/#breadcrumb"},"inLanguage":"pt-PT","potentialAction":[{"@type":"ReadAction","target":["https:\/\/www.technique-italia.com\/pt-pt\/products\/tratamentos\/alkemy-reactive-pt-pt\/alkemy-fluido-sinergico-revitalizante\/"]}]},{"@type":"ImageObject","inLanguage":"pt-PT","@id":"https:\/\/www.technique-italia.com\/pt-pt\/products\/tratamentos\/alkemy-reactive-pt-pt\/alkemy-fluido-sinergico-revitalizante\/#primaryimage","url":"https:\/\/www.technique-italia.com\/wp-content\/uploads\/2015\/05\/02049_technique_treatment_alkemy_re_active_revitalizing_synergic_fluid_200ml-2.png","contentUrl":"https:\/\/www.technique-italia.com\/wp-content\/uploads\/2015\/05\/02049_technique_treatment_alkemy_re_active_revitalizing_synergic_fluid_200ml-2.png","width":600,"height":600},{"@type":"BreadcrumbList","@id":"https:\/\/www.technique-italia.com\/pt-pt\/products\/tratamentos\/alkemy-reactive-pt-pt\/alkemy-fluido-sinergico-revitalizante\/#breadcrumb","itemListElement":[{"@type":"ListItem","position":1,"name":"Home","item":"https:\/\/www.technique-italia.com\/pt-pt\/"},{"@type":"ListItem","position":2,"name":"Produtos","item":"https:\/\/www.technique-italia.com\/pt-pt\/shop\/"},{"@type":"ListItem","position":3,"name":"Alkemy Re-Active | Fluido Sin\u00e9rgico revitalizante"}]},{"@type":"WebSite","@id":"https:\/\/www.technique-italia.com\/pt-pt\/#website","url":"https:\/\/www.technique-italia.com\/pt-pt\/","name":"Technique","description":"The Italian Concept","potentialAction":[{"@type":"SearchAction","target":{"@type":"EntryPoint","urlTemplate":"https:\/\/www.technique-italia.com\/pt-pt\/?s={search_term_string}"},"query-input":{"@type":"PropertyValueSpecification","valueRequired":true,"valueName":"search_term_string"}}],"inLanguage":"pt-PT"}]}},"_links":{"self":[{"href":"https:\/\/www.technique-italia.com\/pt-pt\/wp-json\/wp\/v2\/product\/8766","targetHints":{"allow":["GET"]}}],"collection":[{"href":"https:\/\/www.technique-italia.com\/pt-pt\/wp-json\/wp\/v2\/product"}],"about":[{"href":"https:\/\/www.technique-italia.com\/pt-pt\/wp-json\/wp\/v2\/types\/product"}],"wp:featuredmedia":[{"embeddable":true,"href":"https:\/\/www.technique-italia.com\/pt-pt\/wp-json\/wp\/v2\/media\/17429"}],"wp:attachment":[{"href":"https:\/\/www.technique-italia.com\/pt-pt\/wp-json\/wp\/v2\/media?parent=8766"}],"wp:term":[{"taxonomy":"product_brand","embeddable":true,"href":"https:\/\/www.technique-italia.com\/pt-pt\/wp-json\/wp\/v2\/product_brand?post=8766"},{"taxonomy":"product_cat","embeddable":true,"href":"https:\/\/www.technique-italia.com\/pt-pt\/wp-json\/wp\/v2\/product_cat?post=8766"},{"taxonomy":"product_tag","embeddable":true,"href":"https:\/\/www.technique-italia.com\/pt-pt\/wp-json\/wp\/v2\/product_tag?post=8766"}],"curies":[{"name":"wp","href":"https:\/\/api.w.org\/{rel}","templated":true}]}}