{"id":8565,"date":"2015-05-21T10:34:38","date_gmt":"2015-05-21T08:34:38","guid":{"rendered":"https:\/\/www.technique-italia.com\/\/products\/sem%20categoria\/technique-emulsao-oxidante-20-vol-2\/"},"modified":"2021-12-20T15:03:09","modified_gmt":"2021-12-20T14:03:09","slug":"technique-emulsao-oxidante-20-vol-2","status":"publish","type":"product","link":"https:\/\/www.technique-italia.com\/pt-pt\/products\/coloracoes\/oxidacao\/technique-emulsao-oxidante-20-vol-2\/","title":{"rendered":"Technique | Emuls\u00e3o oxidante 40 vol."},"content":{"rendered":"","protected":false},"excerpt":{"rendered":"<p><b>Technique, Emuls\u00e3o oxidante 40 volumes (12%)<\/b><span style=\"font-weight: 400;\">ativa e guia de forma homog\u00e9nea a cess\u00e3o do oxig\u00e9nio durante o tratamento.<\/span><b>Consist\u00eancia cremosa<\/b><span style=\"font-weight: 400;\">. Ideal para garantir um <\/span><b>desenvolvimento \u00f3timo da cor e para uma descolora\u00e7\u00e3o completa<\/b><span style=\"font-weight: 400;\">. Tamb\u00e9m dispon\u00edvel na vers\u00e3o bolso de 200 ml, pr\u00e1tica e funcional.<\/span><\/p>\n<p><span style=\"font-weight: 400;\">Uso profissional<\/span><\/p>\n<p><span style=\"font-weight: 400;\">Frasco de 200 ml<\/span><\/p>\n<p><span style=\"font-weight: 400;\">40 volumes (12%)<\/span><\/p>\n","protected":false},"featured_media":8509,"template":"","meta":[],"product_brand":[],"product_cat":[613,618],"product_tag":[],"class_list":{"0":"post-8565","1":"product","2":"type-product","3":"status-publish","4":"has-post-thumbnail","6":"product_cat-coloracoes","7":"product_cat-oxidacao","8":"description-off","10":"first","11":"instock","12":"shipping-taxable","13":"product-type-simple"},"yoast_head":"<!-- This site is optimized with the Yoast SEO plugin v26.8 - https:\/\/yoast.com\/product\/yoast-seo-wordpress\/ -->\n<title>Technique | Emuls\u00e3o oxidante 40 vol.<\/title>\n<meta name=\"description\" content=\"Technique, Emuls\u00e3o oxidante 40 volumes (12%)ativa e guia de forma homog\u00e9nea a cess\u00e3o do oxig\u00e9nio durante o tratamento.\" \/>\n<meta name=\"robots\" content=\"index, follow, max-snippet:-1, max-image-preview:large, max-video-preview:-1\" \/>\n<link rel=\"canonical\" href=\"https:\/\/www.technique-italia.com\/pt-pt\/products\/coloracoes\/oxidacao\/technique-emulsao-oxidante-20-vol-2\/\" \/>\n<meta property=\"og:locale\" content=\"pt_PT\" \/>\n<meta property=\"og:type\" content=\"article\" \/>\n<meta property=\"og:title\" content=\"Technique | Emuls\u00e3o oxidante 40 vol.\" \/>\n<meta property=\"og:description\" content=\"Technique, Emuls\u00e3o oxidante 40 volumes (12%)ativa e guia de forma homog\u00e9nea a cess\u00e3o do oxig\u00e9nio durante o tratamento.\" \/>\n<meta property=\"og:url\" content=\"https:\/\/www.technique-italia.com\/pt-pt\/products\/coloracoes\/oxidacao\/technique-emulsao-oxidante-20-vol-2\/\" \/>\n<meta property=\"og:site_name\" content=\"Technique\" \/>\n<meta property=\"article:modified_time\" content=\"2021-12-20T14:03:09+00:00\" \/>\n<meta property=\"og:image\" content=\"https:\/\/www.technique-italia.com\/wp-content\/uploads\/2021\/09\/01008_technique_oxidizing_oxidizing_emulsion_40_vol_200ml.png\" \/>\n\t<meta property=\"og:image:width\" content=\"600\" \/>\n\t<meta property=\"og:image:height\" content=\"600\" \/>\n\t<meta property=\"og:image:type\" content=\"image\/png\" \/>\n<meta name=\"twitter:card\" content=\"summary_large_image\" \/>\n<script type=\"application\/ld+json\" class=\"yoast-schema-graph\">{\"@context\":\"https:\/\/schema.org\",\"@graph\":[{\"@type\":\"WebPage\",\"@id\":\"https:\/\/www.technique-italia.com\/pt-pt\/products\/coloracoes\/oxidacao\/technique-emulsao-oxidante-20-vol-2\/\",\"url\":\"https:\/\/www.technique-italia.com\/pt-pt\/products\/coloracoes\/oxidacao\/technique-emulsao-oxidante-20-vol-2\/\",\"name\":\"Technique | Emuls\u00e3o oxidante 40 vol.\",\"isPartOf\":{\"@id\":\"https:\/\/www.technique-italia.com\/pt-pt\/#website\"},\"primaryImageOfPage\":{\"@id\":\"https:\/\/www.technique-italia.com\/pt-pt\/products\/coloracoes\/oxidacao\/technique-emulsao-oxidante-20-vol-2\/#primaryimage\"},\"image\":{\"@id\":\"https:\/\/www.technique-italia.com\/pt-pt\/products\/coloracoes\/oxidacao\/technique-emulsao-oxidante-20-vol-2\/#primaryimage\"},\"thumbnailUrl\":\"https:\/\/www.technique-italia.com\/wp-content\/uploads\/2021\/09\/01008_technique_oxidizing_oxidizing_emulsion_40_vol_200ml.png\",\"datePublished\":\"2015-05-21T08:34:38+00:00\",\"dateModified\":\"2021-12-20T14:03:09+00:00\",\"description\":\"Technique, Emuls\u00e3o oxidante 40 volumes (12%)ativa e guia de forma homog\u00e9nea a cess\u00e3o do oxig\u00e9nio durante o tratamento.\",\"breadcrumb\":{\"@id\":\"https:\/\/www.technique-italia.com\/pt-pt\/products\/coloracoes\/oxidacao\/technique-emulsao-oxidante-20-vol-2\/#breadcrumb\"},\"inLanguage\":\"pt-PT\",\"potentialAction\":[{\"@type\":\"ReadAction\",\"target\":[\"https:\/\/www.technique-italia.com\/pt-pt\/products\/coloracoes\/oxidacao\/technique-emulsao-oxidante-20-vol-2\/\"]}]},{\"@type\":\"ImageObject\",\"inLanguage\":\"pt-PT\",\"@id\":\"https:\/\/www.technique-italia.com\/pt-pt\/products\/coloracoes\/oxidacao\/technique-emulsao-oxidante-20-vol-2\/#primaryimage\",\"url\":\"https:\/\/www.technique-italia.com\/wp-content\/uploads\/2021\/09\/01008_technique_oxidizing_oxidizing_emulsion_40_vol_200ml.png\",\"contentUrl\":\"https:\/\/www.technique-italia.com\/wp-content\/uploads\/2021\/09\/01008_technique_oxidizing_oxidizing_emulsion_40_vol_200ml.png\",\"width\":600,\"height\":600},{\"@type\":\"BreadcrumbList\",\"@id\":\"https:\/\/www.technique-italia.com\/pt-pt\/products\/coloracoes\/oxidacao\/technique-emulsao-oxidante-20-vol-2\/#breadcrumb\",\"itemListElement\":[{\"@type\":\"ListItem\",\"position\":1,\"name\":\"Home\",\"item\":\"https:\/\/www.technique-italia.com\/pt-pt\/\"},{\"@type\":\"ListItem\",\"position\":2,\"name\":\"Produtos\",\"item\":\"https:\/\/www.technique-italia.com\/pt-pt\/shop\/\"},{\"@type\":\"ListItem\",\"position\":3,\"name\":\"Technique | Emuls\u00e3o oxidante 40 vol.\"}]},{\"@type\":\"WebSite\",\"@id\":\"https:\/\/www.technique-italia.com\/pt-pt\/#website\",\"url\":\"https:\/\/www.technique-italia.com\/pt-pt\/\",\"name\":\"Technique\",\"description\":\"The Italian Concept\",\"potentialAction\":[{\"@type\":\"SearchAction\",\"target\":{\"@type\":\"EntryPoint\",\"urlTemplate\":\"https:\/\/www.technique-italia.com\/pt-pt\/?s={search_term_string}\"},\"query-input\":{\"@type\":\"PropertyValueSpecification\",\"valueRequired\":true,\"valueName\":\"search_term_string\"}}],\"inLanguage\":\"pt-PT\"}]}<\/script>\n<!-- \/ Yoast SEO plugin. -->","yoast_head_json":{"title":"Technique | Emuls\u00e3o oxidante 40 vol.","description":"Technique, Emuls\u00e3o oxidante 40 volumes (12%)ativa e guia de forma homog\u00e9nea a cess\u00e3o do oxig\u00e9nio durante o tratamento.","robots":{"index":"index","follow":"follow","max-snippet":"max-snippet:-1","max-image-preview":"max-image-preview:large","max-video-preview":"max-video-preview:-1"},"canonical":"https:\/\/www.technique-italia.com\/pt-pt\/products\/coloracoes\/oxidacao\/technique-emulsao-oxidante-20-vol-2\/","og_locale":"pt_PT","og_type":"article","og_title":"Technique | Emuls\u00e3o oxidante 40 vol.","og_description":"Technique, Emuls\u00e3o oxidante 40 volumes (12%)ativa e guia de forma homog\u00e9nea a cess\u00e3o do oxig\u00e9nio durante o tratamento.","og_url":"https:\/\/www.technique-italia.com\/pt-pt\/products\/coloracoes\/oxidacao\/technique-emulsao-oxidante-20-vol-2\/","og_site_name":"Technique","article_modified_time":"2021-12-20T14:03:09+00:00","og_image":[{"width":600,"height":600,"url":"https:\/\/www.technique-italia.com\/wp-content\/uploads\/2021\/09\/01008_technique_oxidizing_oxidizing_emulsion_40_vol_200ml.png","type":"image\/png"}],"twitter_card":"summary_large_image","schema":{"@context":"https:\/\/schema.org","@graph":[{"@type":"WebPage","@id":"https:\/\/www.technique-italia.com\/pt-pt\/products\/coloracoes\/oxidacao\/technique-emulsao-oxidante-20-vol-2\/","url":"https:\/\/www.technique-italia.com\/pt-pt\/products\/coloracoes\/oxidacao\/technique-emulsao-oxidante-20-vol-2\/","name":"Technique | Emuls\u00e3o oxidante 40 vol.","isPartOf":{"@id":"https:\/\/www.technique-italia.com\/pt-pt\/#website"},"primaryImageOfPage":{"@id":"https:\/\/www.technique-italia.com\/pt-pt\/products\/coloracoes\/oxidacao\/technique-emulsao-oxidante-20-vol-2\/#primaryimage"},"image":{"@id":"https:\/\/www.technique-italia.com\/pt-pt\/products\/coloracoes\/oxidacao\/technique-emulsao-oxidante-20-vol-2\/#primaryimage"},"thumbnailUrl":"https:\/\/www.technique-italia.com\/wp-content\/uploads\/2021\/09\/01008_technique_oxidizing_oxidizing_emulsion_40_vol_200ml.png","datePublished":"2015-05-21T08:34:38+00:00","dateModified":"2021-12-20T14:03:09+00:00","description":"Technique, Emuls\u00e3o oxidante 40 volumes (12%)ativa e guia de forma homog\u00e9nea a cess\u00e3o do oxig\u00e9nio durante o tratamento.","breadcrumb":{"@id":"https:\/\/www.technique-italia.com\/pt-pt\/products\/coloracoes\/oxidacao\/technique-emulsao-oxidante-20-vol-2\/#breadcrumb"},"inLanguage":"pt-PT","potentialAction":[{"@type":"ReadAction","target":["https:\/\/www.technique-italia.com\/pt-pt\/products\/coloracoes\/oxidacao\/technique-emulsao-oxidante-20-vol-2\/"]}]},{"@type":"ImageObject","inLanguage":"pt-PT","@id":"https:\/\/www.technique-italia.com\/pt-pt\/products\/coloracoes\/oxidacao\/technique-emulsao-oxidante-20-vol-2\/#primaryimage","url":"https:\/\/www.technique-italia.com\/wp-content\/uploads\/2021\/09\/01008_technique_oxidizing_oxidizing_emulsion_40_vol_200ml.png","contentUrl":"https:\/\/www.technique-italia.com\/wp-content\/uploads\/2021\/09\/01008_technique_oxidizing_oxidizing_emulsion_40_vol_200ml.png","width":600,"height":600},{"@type":"BreadcrumbList","@id":"https:\/\/www.technique-italia.com\/pt-pt\/products\/coloracoes\/oxidacao\/technique-emulsao-oxidante-20-vol-2\/#breadcrumb","itemListElement":[{"@type":"ListItem","position":1,"name":"Home","item":"https:\/\/www.technique-italia.com\/pt-pt\/"},{"@type":"ListItem","position":2,"name":"Produtos","item":"https:\/\/www.technique-italia.com\/pt-pt\/shop\/"},{"@type":"ListItem","position":3,"name":"Technique | Emuls\u00e3o oxidante 40 vol."}]},{"@type":"WebSite","@id":"https:\/\/www.technique-italia.com\/pt-pt\/#website","url":"https:\/\/www.technique-italia.com\/pt-pt\/","name":"Technique","description":"The Italian Concept","potentialAction":[{"@type":"SearchAction","target":{"@type":"EntryPoint","urlTemplate":"https:\/\/www.technique-italia.com\/pt-pt\/?s={search_term_string}"},"query-input":{"@type":"PropertyValueSpecification","valueRequired":true,"valueName":"search_term_string"}}],"inLanguage":"pt-PT"}]}},"_links":{"self":[{"href":"https:\/\/www.technique-italia.com\/pt-pt\/wp-json\/wp\/v2\/product\/8565","targetHints":{"allow":["GET"]}}],"collection":[{"href":"https:\/\/www.technique-italia.com\/pt-pt\/wp-json\/wp\/v2\/product"}],"about":[{"href":"https:\/\/www.technique-italia.com\/pt-pt\/wp-json\/wp\/v2\/types\/product"}],"wp:featuredmedia":[{"embeddable":true,"href":"https:\/\/www.technique-italia.com\/pt-pt\/wp-json\/wp\/v2\/media\/8509"}],"wp:attachment":[{"href":"https:\/\/www.technique-italia.com\/pt-pt\/wp-json\/wp\/v2\/media?parent=8565"}],"wp:term":[{"taxonomy":"product_brand","embeddable":true,"href":"https:\/\/www.technique-italia.com\/pt-pt\/wp-json\/wp\/v2\/product_brand?post=8565"},{"taxonomy":"product_cat","embeddable":true,"href":"https:\/\/www.technique-italia.com\/pt-pt\/wp-json\/wp\/v2\/product_cat?post=8565"},{"taxonomy":"product_tag","embeddable":true,"href":"https:\/\/www.technique-italia.com\/pt-pt\/wp-json\/wp\/v2\/product_tag?post=8565"}],"curies":[{"name":"wp","href":"https:\/\/api.w.org\/{rel}","templated":true}]}}