{"id":8562,"date":"2015-05-21T10:45:25","date_gmt":"2015-05-21T08:45:25","guid":{"rendered":"https:\/\/www.technique-italia.com\/\/products\/sem%20categoria\/technique-emulsao-oxidante-30-vol\/"},"modified":"2023-11-13T15:02:52","modified_gmt":"2023-11-13T14:02:52","slug":"technique-emulsao-oxidante-30-vol","status":"publish","type":"product","link":"https:\/\/www.technique-italia.com\/pt-pt\/products\/coloracoes\/oxidacao\/technique-emulsao-oxidante-30-vol\/","title":{"rendered":"Oxilogy | Emuls\u00e3o oxidante 30 vol."},"content":{"rendered":"","protected":false},"excerpt":{"rendered":"<p><span style=\"font-weight: 400;\">Technique, <\/span><b>Emuls\u00e3o oxidante 30 volumes (9%)<\/b><span style=\"font-weight: 400;\"> de consist\u00eancia cremosa, ideal para garantir um <\/span><b>desenvolvimento \u00f3timo da cor<\/b><span style=\"font-weight: 400;\">, ativa e gere uniformemente a cess\u00e3o de oxig\u00e9nio durante o tempo de atua\u00e7\u00e3o. Indispens\u00e1vel para cada sal\u00e3o no seu formato pr\u00e1tico de 1000 ml.<\/span><\/p>\n<p><span style=\"font-weight: 400;\">Uso profissional<\/span><\/p>\n<p><span style=\"font-weight: 400;\">Frasco de 1000 ml<\/span><\/p>\n<p><span style=\"font-weight: 400;\">30 volumes (9%)<\/span><\/p>\n","protected":false},"featured_media":17418,"template":"","meta":[],"product_brand":[],"product_cat":[613,618],"product_tag":[],"class_list":{"0":"post-8562","1":"product","2":"type-product","3":"status-publish","4":"has-post-thumbnail","6":"product_cat-coloracoes","7":"product_cat-oxidacao","8":"description-off","10":"first","11":"instock","12":"shipping-taxable","13":"product-type-simple"},"yoast_head":"<!-- This site is optimized with the Yoast SEO plugin v26.8 - https:\/\/yoast.com\/product\/yoast-seo-wordpress\/ -->\n<title>Technique | Emuls\u00e3o oxidante 30 vol.<\/title>\n<meta name=\"description\" content=\"Technique, Emuls\u00e3o oxidante 30 volumes (9%) de consist\u00eancia cremosa, ideal para garantir um desenvolvimento \u00f3timo da cor.\" \/>\n<meta name=\"robots\" content=\"index, follow, max-snippet:-1, max-image-preview:large, max-video-preview:-1\" \/>\n<link rel=\"canonical\" href=\"https:\/\/www.technique-italia.com\/pt-pt\/products\/coloracoes\/oxidacao\/technique-emulsao-oxidante-30-vol\/\" \/>\n<meta property=\"og:locale\" content=\"pt_PT\" \/>\n<meta property=\"og:type\" content=\"article\" \/>\n<meta property=\"og:title\" content=\"Technique | Emuls\u00e3o oxidante 30 vol.\" \/>\n<meta property=\"og:description\" content=\"Technique, Emuls\u00e3o oxidante 30 volumes (9%) de consist\u00eancia cremosa, ideal para garantir um desenvolvimento \u00f3timo da cor.\" \/>\n<meta property=\"og:url\" content=\"https:\/\/www.technique-italia.com\/pt-pt\/products\/coloracoes\/oxidacao\/technique-emulsao-oxidante-30-vol\/\" \/>\n<meta property=\"og:site_name\" content=\"Technique\" \/>\n<meta property=\"article:modified_time\" content=\"2023-11-13T14:02:52+00:00\" \/>\n<meta property=\"og:image\" content=\"https:\/\/www.technique-italia.com\/wp-content\/uploads\/2015\/05\/01002_technique_oxidizing_creamy_oxygen_30vol_1000ml-1.png\" \/>\n\t<meta property=\"og:image:width\" content=\"600\" \/>\n\t<meta property=\"og:image:height\" content=\"600\" \/>\n\t<meta property=\"og:image:type\" content=\"image\/png\" \/>\n<meta name=\"twitter:card\" content=\"summary_large_image\" \/>\n<script type=\"application\/ld+json\" class=\"yoast-schema-graph\">{\"@context\":\"https:\/\/schema.org\",\"@graph\":[{\"@type\":\"WebPage\",\"@id\":\"https:\/\/www.technique-italia.com\/pt-pt\/products\/coloracoes\/oxidacao\/technique-emulsao-oxidante-30-vol\/\",\"url\":\"https:\/\/www.technique-italia.com\/pt-pt\/products\/coloracoes\/oxidacao\/technique-emulsao-oxidante-30-vol\/\",\"name\":\"Technique | Emuls\u00e3o oxidante 30 vol.\",\"isPartOf\":{\"@id\":\"https:\/\/www.technique-italia.com\/pt-pt\/#website\"},\"primaryImageOfPage\":{\"@id\":\"https:\/\/www.technique-italia.com\/pt-pt\/products\/coloracoes\/oxidacao\/technique-emulsao-oxidante-30-vol\/#primaryimage\"},\"image\":{\"@id\":\"https:\/\/www.technique-italia.com\/pt-pt\/products\/coloracoes\/oxidacao\/technique-emulsao-oxidante-30-vol\/#primaryimage\"},\"thumbnailUrl\":\"https:\/\/www.technique-italia.com\/wp-content\/uploads\/2015\/05\/01002_technique_oxidizing_creamy_oxygen_30vol_1000ml-1.png\",\"datePublished\":\"2015-05-21T08:45:25+00:00\",\"dateModified\":\"2023-11-13T14:02:52+00:00\",\"description\":\"Technique, Emuls\u00e3o oxidante 30 volumes (9%) de consist\u00eancia cremosa, ideal para garantir um desenvolvimento \u00f3timo da cor.\",\"breadcrumb\":{\"@id\":\"https:\/\/www.technique-italia.com\/pt-pt\/products\/coloracoes\/oxidacao\/technique-emulsao-oxidante-30-vol\/#breadcrumb\"},\"inLanguage\":\"pt-PT\",\"potentialAction\":[{\"@type\":\"ReadAction\",\"target\":[\"https:\/\/www.technique-italia.com\/pt-pt\/products\/coloracoes\/oxidacao\/technique-emulsao-oxidante-30-vol\/\"]}]},{\"@type\":\"ImageObject\",\"inLanguage\":\"pt-PT\",\"@id\":\"https:\/\/www.technique-italia.com\/pt-pt\/products\/coloracoes\/oxidacao\/technique-emulsao-oxidante-30-vol\/#primaryimage\",\"url\":\"https:\/\/www.technique-italia.com\/wp-content\/uploads\/2015\/05\/01002_technique_oxidizing_creamy_oxygen_30vol_1000ml-1.png\",\"contentUrl\":\"https:\/\/www.technique-italia.com\/wp-content\/uploads\/2015\/05\/01002_technique_oxidizing_creamy_oxygen_30vol_1000ml-1.png\",\"width\":600,\"height\":600},{\"@type\":\"BreadcrumbList\",\"@id\":\"https:\/\/www.technique-italia.com\/pt-pt\/products\/coloracoes\/oxidacao\/technique-emulsao-oxidante-30-vol\/#breadcrumb\",\"itemListElement\":[{\"@type\":\"ListItem\",\"position\":1,\"name\":\"Home\",\"item\":\"https:\/\/www.technique-italia.com\/pt-pt\/\"},{\"@type\":\"ListItem\",\"position\":2,\"name\":\"Produtos\",\"item\":\"https:\/\/www.technique-italia.com\/pt-pt\/shop\/\"},{\"@type\":\"ListItem\",\"position\":3,\"name\":\"Oxilogy | Emuls\u00e3o oxidante 30 vol.\"}]},{\"@type\":\"WebSite\",\"@id\":\"https:\/\/www.technique-italia.com\/pt-pt\/#website\",\"url\":\"https:\/\/www.technique-italia.com\/pt-pt\/\",\"name\":\"Technique\",\"description\":\"The Italian Concept\",\"potentialAction\":[{\"@type\":\"SearchAction\",\"target\":{\"@type\":\"EntryPoint\",\"urlTemplate\":\"https:\/\/www.technique-italia.com\/pt-pt\/?s={search_term_string}\"},\"query-input\":{\"@type\":\"PropertyValueSpecification\",\"valueRequired\":true,\"valueName\":\"search_term_string\"}}],\"inLanguage\":\"pt-PT\"}]}<\/script>\n<!-- \/ Yoast SEO plugin. -->","yoast_head_json":{"title":"Technique | Emuls\u00e3o oxidante 30 vol.","description":"Technique, Emuls\u00e3o oxidante 30 volumes (9%) de consist\u00eancia cremosa, ideal para garantir um desenvolvimento \u00f3timo da cor.","robots":{"index":"index","follow":"follow","max-snippet":"max-snippet:-1","max-image-preview":"max-image-preview:large","max-video-preview":"max-video-preview:-1"},"canonical":"https:\/\/www.technique-italia.com\/pt-pt\/products\/coloracoes\/oxidacao\/technique-emulsao-oxidante-30-vol\/","og_locale":"pt_PT","og_type":"article","og_title":"Technique | Emuls\u00e3o oxidante 30 vol.","og_description":"Technique, Emuls\u00e3o oxidante 30 volumes (9%) de consist\u00eancia cremosa, ideal para garantir um desenvolvimento \u00f3timo da cor.","og_url":"https:\/\/www.technique-italia.com\/pt-pt\/products\/coloracoes\/oxidacao\/technique-emulsao-oxidante-30-vol\/","og_site_name":"Technique","article_modified_time":"2023-11-13T14:02:52+00:00","og_image":[{"width":600,"height":600,"url":"https:\/\/www.technique-italia.com\/wp-content\/uploads\/2015\/05\/01002_technique_oxidizing_creamy_oxygen_30vol_1000ml-1.png","type":"image\/png"}],"twitter_card":"summary_large_image","schema":{"@context":"https:\/\/schema.org","@graph":[{"@type":"WebPage","@id":"https:\/\/www.technique-italia.com\/pt-pt\/products\/coloracoes\/oxidacao\/technique-emulsao-oxidante-30-vol\/","url":"https:\/\/www.technique-italia.com\/pt-pt\/products\/coloracoes\/oxidacao\/technique-emulsao-oxidante-30-vol\/","name":"Technique | Emuls\u00e3o oxidante 30 vol.","isPartOf":{"@id":"https:\/\/www.technique-italia.com\/pt-pt\/#website"},"primaryImageOfPage":{"@id":"https:\/\/www.technique-italia.com\/pt-pt\/products\/coloracoes\/oxidacao\/technique-emulsao-oxidante-30-vol\/#primaryimage"},"image":{"@id":"https:\/\/www.technique-italia.com\/pt-pt\/products\/coloracoes\/oxidacao\/technique-emulsao-oxidante-30-vol\/#primaryimage"},"thumbnailUrl":"https:\/\/www.technique-italia.com\/wp-content\/uploads\/2015\/05\/01002_technique_oxidizing_creamy_oxygen_30vol_1000ml-1.png","datePublished":"2015-05-21T08:45:25+00:00","dateModified":"2023-11-13T14:02:52+00:00","description":"Technique, Emuls\u00e3o oxidante 30 volumes (9%) de consist\u00eancia cremosa, ideal para garantir um desenvolvimento \u00f3timo da cor.","breadcrumb":{"@id":"https:\/\/www.technique-italia.com\/pt-pt\/products\/coloracoes\/oxidacao\/technique-emulsao-oxidante-30-vol\/#breadcrumb"},"inLanguage":"pt-PT","potentialAction":[{"@type":"ReadAction","target":["https:\/\/www.technique-italia.com\/pt-pt\/products\/coloracoes\/oxidacao\/technique-emulsao-oxidante-30-vol\/"]}]},{"@type":"ImageObject","inLanguage":"pt-PT","@id":"https:\/\/www.technique-italia.com\/pt-pt\/products\/coloracoes\/oxidacao\/technique-emulsao-oxidante-30-vol\/#primaryimage","url":"https:\/\/www.technique-italia.com\/wp-content\/uploads\/2015\/05\/01002_technique_oxidizing_creamy_oxygen_30vol_1000ml-1.png","contentUrl":"https:\/\/www.technique-italia.com\/wp-content\/uploads\/2015\/05\/01002_technique_oxidizing_creamy_oxygen_30vol_1000ml-1.png","width":600,"height":600},{"@type":"BreadcrumbList","@id":"https:\/\/www.technique-italia.com\/pt-pt\/products\/coloracoes\/oxidacao\/technique-emulsao-oxidante-30-vol\/#breadcrumb","itemListElement":[{"@type":"ListItem","position":1,"name":"Home","item":"https:\/\/www.technique-italia.com\/pt-pt\/"},{"@type":"ListItem","position":2,"name":"Produtos","item":"https:\/\/www.technique-italia.com\/pt-pt\/shop\/"},{"@type":"ListItem","position":3,"name":"Oxilogy | Emuls\u00e3o oxidante 30 vol."}]},{"@type":"WebSite","@id":"https:\/\/www.technique-italia.com\/pt-pt\/#website","url":"https:\/\/www.technique-italia.com\/pt-pt\/","name":"Technique","description":"The Italian Concept","potentialAction":[{"@type":"SearchAction","target":{"@type":"EntryPoint","urlTemplate":"https:\/\/www.technique-italia.com\/pt-pt\/?s={search_term_string}"},"query-input":{"@type":"PropertyValueSpecification","valueRequired":true,"valueName":"search_term_string"}}],"inLanguage":"pt-PT"}]}},"_links":{"self":[{"href":"https:\/\/www.technique-italia.com\/pt-pt\/wp-json\/wp\/v2\/product\/8562","targetHints":{"allow":["GET"]}}],"collection":[{"href":"https:\/\/www.technique-italia.com\/pt-pt\/wp-json\/wp\/v2\/product"}],"about":[{"href":"https:\/\/www.technique-italia.com\/pt-pt\/wp-json\/wp\/v2\/types\/product"}],"wp:featuredmedia":[{"embeddable":true,"href":"https:\/\/www.technique-italia.com\/pt-pt\/wp-json\/wp\/v2\/media\/17418"}],"wp:attachment":[{"href":"https:\/\/www.technique-italia.com\/pt-pt\/wp-json\/wp\/v2\/media?parent=8562"}],"wp:term":[{"taxonomy":"product_brand","embeddable":true,"href":"https:\/\/www.technique-italia.com\/pt-pt\/wp-json\/wp\/v2\/product_brand?post=8562"},{"taxonomy":"product_cat","embeddable":true,"href":"https:\/\/www.technique-italia.com\/pt-pt\/wp-json\/wp\/v2\/product_cat?post=8562"},{"taxonomy":"product_tag","embeddable":true,"href":"https:\/\/www.technique-italia.com\/pt-pt\/wp-json\/wp\/v2\/product_tag?post=8562"}],"curies":[{"name":"wp","href":"https:\/\/api.w.org\/{rel}","templated":true}]}}