{"id":8561,"date":"2015-05-21T11:01:04","date_gmt":"2015-05-21T09:01:04","guid":{"rendered":"https:\/\/www.technique-italia.com\/\/products\/sem%20categoria\/8561\/"},"modified":"2023-07-27T09:09:46","modified_gmt":"2023-07-27T07:09:46","slug":"technique-emulsao-oxidante-40-vol","status":"publish","type":"product","link":"https:\/\/www.technique-italia.com\/pt-pt\/products\/coloracoes\/oxidacao\/technique-emulsao-oxidante-40-vol\/","title":{"rendered":"Oxilogy | Emuls\u00e3o oxidante 40 vol"},"content":{"rendered":"","protected":false},"excerpt":{"rendered":"<p><span style=\"font-weight: 400;\">Oxilogy, <\/span><b>Emuls\u00e3o oxidante 40 volumes (12%)<\/b><span style=\"font-weight: 400;\"> ativa e guia de forma homog\u00e9nea a cess\u00e3o do oxig\u00eanio durante o tratamento.<\/span><b>Consist\u00eancia cremosa<\/b><span style=\"font-weight: 400;\">. Ideal para garantir um <\/span><b>desenvolvimento \u00f3timo da cor <\/b><span style=\"font-weight: 400;\">e para uma descolora\u00e7\u00e3o completa. Dispon\u00edvel em frasco pr\u00e1tico de 1000 ml.<\/span><\/p>\n<p><span style=\"font-weight: 400;\">Uso profissional<\/span><\/p>\n<p><span style=\"font-weight: 400;\">Frasco de 1000 ml<\/span><\/p>\n<p><span style=\"font-weight: 400;\">40 volumes (12%)<\/span><\/p>\n","protected":false},"featured_media":15142,"template":"","meta":[],"product_brand":[],"product_cat":[613,618],"product_tag":[],"class_list":{"0":"post-8561","1":"product","2":"type-product","3":"status-publish","4":"has-post-thumbnail","6":"product_cat-coloracoes","7":"product_cat-oxidacao","8":"description-off","10":"first","11":"instock","12":"shipping-taxable","13":"product-type-simple"},"yoast_head":"<!-- This site is optimized with the Yoast SEO plugin v26.8 - https:\/\/yoast.com\/product\/yoast-seo-wordpress\/ -->\n<title>Oxilogy - Emuls\u00e3o oxidante 40 vol | Technique<\/title>\n<meta name=\"description\" content=\"Oxilogy, Emuls\u00e3o oxidante 40 volumes (12%)ativa e guia de forma homog\u00e9nea a cess\u00e3o do oxig\u00e9nio durante o tratamento.\" \/>\n<meta name=\"robots\" content=\"index, follow, max-snippet:-1, max-image-preview:large, max-video-preview:-1\" \/>\n<link rel=\"canonical\" href=\"https:\/\/www.technique-italia.com\/pt-pt\/products\/coloracoes\/oxidacao\/technique-emulsao-oxidante-40-vol\/\" \/>\n<meta property=\"og:locale\" content=\"pt_PT\" \/>\n<meta property=\"og:type\" content=\"article\" \/>\n<meta property=\"og:title\" content=\"Oxilogy - Emuls\u00e3o oxidante 40 vol | Technique\" \/>\n<meta property=\"og:description\" content=\"Oxilogy, Emuls\u00e3o oxidante 40 volumes (12%)ativa e guia de forma homog\u00e9nea a cess\u00e3o do oxig\u00e9nio durante o tratamento.\" \/>\n<meta property=\"og:url\" content=\"https:\/\/www.technique-italia.com\/pt-pt\/products\/coloracoes\/oxidacao\/technique-emulsao-oxidante-40-vol\/\" \/>\n<meta property=\"og:site_name\" content=\"Technique\" \/>\n<meta property=\"article:modified_time\" content=\"2023-07-27T07:09:46+00:00\" \/>\n<meta property=\"og:image\" content=\"https:\/\/www.technique-italia.com\/wp-content\/uploads\/2023\/07\/01003_technique_oxidizing_creamy_oxygen_40vol_1000ml.png\" \/>\n\t<meta property=\"og:image:width\" content=\"600\" \/>\n\t<meta property=\"og:image:height\" content=\"600\" \/>\n\t<meta property=\"og:image:type\" content=\"image\/png\" \/>\n<meta name=\"twitter:card\" content=\"summary_large_image\" \/>\n<script type=\"application\/ld+json\" class=\"yoast-schema-graph\">{\"@context\":\"https:\/\/schema.org\",\"@graph\":[{\"@type\":\"WebPage\",\"@id\":\"https:\/\/www.technique-italia.com\/pt-pt\/products\/coloracoes\/oxidacao\/technique-emulsao-oxidante-40-vol\/\",\"url\":\"https:\/\/www.technique-italia.com\/pt-pt\/products\/coloracoes\/oxidacao\/technique-emulsao-oxidante-40-vol\/\",\"name\":\"Oxilogy - Emuls\u00e3o oxidante 40 vol | Technique\",\"isPartOf\":{\"@id\":\"https:\/\/www.technique-italia.com\/pt-pt\/#website\"},\"primaryImageOfPage\":{\"@id\":\"https:\/\/www.technique-italia.com\/pt-pt\/products\/coloracoes\/oxidacao\/technique-emulsao-oxidante-40-vol\/#primaryimage\"},\"image\":{\"@id\":\"https:\/\/www.technique-italia.com\/pt-pt\/products\/coloracoes\/oxidacao\/technique-emulsao-oxidante-40-vol\/#primaryimage\"},\"thumbnailUrl\":\"https:\/\/www.technique-italia.com\/wp-content\/uploads\/2023\/07\/01003_technique_oxidizing_creamy_oxygen_40vol_1000ml.png\",\"datePublished\":\"2015-05-21T09:01:04+00:00\",\"dateModified\":\"2023-07-27T07:09:46+00:00\",\"description\":\"Oxilogy, Emuls\u00e3o oxidante 40 volumes (12%)ativa e guia de forma homog\u00e9nea a cess\u00e3o do oxig\u00e9nio durante o tratamento.\",\"breadcrumb\":{\"@id\":\"https:\/\/www.technique-italia.com\/pt-pt\/products\/coloracoes\/oxidacao\/technique-emulsao-oxidante-40-vol\/#breadcrumb\"},\"inLanguage\":\"pt-PT\",\"potentialAction\":[{\"@type\":\"ReadAction\",\"target\":[\"https:\/\/www.technique-italia.com\/pt-pt\/products\/coloracoes\/oxidacao\/technique-emulsao-oxidante-40-vol\/\"]}]},{\"@type\":\"ImageObject\",\"inLanguage\":\"pt-PT\",\"@id\":\"https:\/\/www.technique-italia.com\/pt-pt\/products\/coloracoes\/oxidacao\/technique-emulsao-oxidante-40-vol\/#primaryimage\",\"url\":\"https:\/\/www.technique-italia.com\/wp-content\/uploads\/2023\/07\/01003_technique_oxidizing_creamy_oxygen_40vol_1000ml.png\",\"contentUrl\":\"https:\/\/www.technique-italia.com\/wp-content\/uploads\/2023\/07\/01003_technique_oxidizing_creamy_oxygen_40vol_1000ml.png\",\"width\":600,\"height\":600,\"caption\":\"oxilogy\"},{\"@type\":\"BreadcrumbList\",\"@id\":\"https:\/\/www.technique-italia.com\/pt-pt\/products\/coloracoes\/oxidacao\/technique-emulsao-oxidante-40-vol\/#breadcrumb\",\"itemListElement\":[{\"@type\":\"ListItem\",\"position\":1,\"name\":\"Home\",\"item\":\"https:\/\/www.technique-italia.com\/pt-pt\/\"},{\"@type\":\"ListItem\",\"position\":2,\"name\":\"Produtos\",\"item\":\"https:\/\/www.technique-italia.com\/pt-pt\/shop\/\"},{\"@type\":\"ListItem\",\"position\":3,\"name\":\"Oxilogy | Emuls\u00e3o oxidante 40 vol\"}]},{\"@type\":\"WebSite\",\"@id\":\"https:\/\/www.technique-italia.com\/pt-pt\/#website\",\"url\":\"https:\/\/www.technique-italia.com\/pt-pt\/\",\"name\":\"Technique\",\"description\":\"The Italian Concept\",\"potentialAction\":[{\"@type\":\"SearchAction\",\"target\":{\"@type\":\"EntryPoint\",\"urlTemplate\":\"https:\/\/www.technique-italia.com\/pt-pt\/?s={search_term_string}\"},\"query-input\":{\"@type\":\"PropertyValueSpecification\",\"valueRequired\":true,\"valueName\":\"search_term_string\"}}],\"inLanguage\":\"pt-PT\"}]}<\/script>\n<!-- \/ Yoast SEO plugin. -->","yoast_head_json":{"title":"Oxilogy - Emuls\u00e3o oxidante 40 vol | Technique","description":"Oxilogy, Emuls\u00e3o oxidante 40 volumes (12%)ativa e guia de forma homog\u00e9nea a cess\u00e3o do oxig\u00e9nio durante o tratamento.","robots":{"index":"index","follow":"follow","max-snippet":"max-snippet:-1","max-image-preview":"max-image-preview:large","max-video-preview":"max-video-preview:-1"},"canonical":"https:\/\/www.technique-italia.com\/pt-pt\/products\/coloracoes\/oxidacao\/technique-emulsao-oxidante-40-vol\/","og_locale":"pt_PT","og_type":"article","og_title":"Oxilogy - Emuls\u00e3o oxidante 40 vol | Technique","og_description":"Oxilogy, Emuls\u00e3o oxidante 40 volumes (12%)ativa e guia de forma homog\u00e9nea a cess\u00e3o do oxig\u00e9nio durante o tratamento.","og_url":"https:\/\/www.technique-italia.com\/pt-pt\/products\/coloracoes\/oxidacao\/technique-emulsao-oxidante-40-vol\/","og_site_name":"Technique","article_modified_time":"2023-07-27T07:09:46+00:00","og_image":[{"width":600,"height":600,"url":"https:\/\/www.technique-italia.com\/wp-content\/uploads\/2023\/07\/01003_technique_oxidizing_creamy_oxygen_40vol_1000ml.png","type":"image\/png"}],"twitter_card":"summary_large_image","schema":{"@context":"https:\/\/schema.org","@graph":[{"@type":"WebPage","@id":"https:\/\/www.technique-italia.com\/pt-pt\/products\/coloracoes\/oxidacao\/technique-emulsao-oxidante-40-vol\/","url":"https:\/\/www.technique-italia.com\/pt-pt\/products\/coloracoes\/oxidacao\/technique-emulsao-oxidante-40-vol\/","name":"Oxilogy - Emuls\u00e3o oxidante 40 vol | Technique","isPartOf":{"@id":"https:\/\/www.technique-italia.com\/pt-pt\/#website"},"primaryImageOfPage":{"@id":"https:\/\/www.technique-italia.com\/pt-pt\/products\/coloracoes\/oxidacao\/technique-emulsao-oxidante-40-vol\/#primaryimage"},"image":{"@id":"https:\/\/www.technique-italia.com\/pt-pt\/products\/coloracoes\/oxidacao\/technique-emulsao-oxidante-40-vol\/#primaryimage"},"thumbnailUrl":"https:\/\/www.technique-italia.com\/wp-content\/uploads\/2023\/07\/01003_technique_oxidizing_creamy_oxygen_40vol_1000ml.png","datePublished":"2015-05-21T09:01:04+00:00","dateModified":"2023-07-27T07:09:46+00:00","description":"Oxilogy, Emuls\u00e3o oxidante 40 volumes (12%)ativa e guia de forma homog\u00e9nea a cess\u00e3o do oxig\u00e9nio durante o tratamento.","breadcrumb":{"@id":"https:\/\/www.technique-italia.com\/pt-pt\/products\/coloracoes\/oxidacao\/technique-emulsao-oxidante-40-vol\/#breadcrumb"},"inLanguage":"pt-PT","potentialAction":[{"@type":"ReadAction","target":["https:\/\/www.technique-italia.com\/pt-pt\/products\/coloracoes\/oxidacao\/technique-emulsao-oxidante-40-vol\/"]}]},{"@type":"ImageObject","inLanguage":"pt-PT","@id":"https:\/\/www.technique-italia.com\/pt-pt\/products\/coloracoes\/oxidacao\/technique-emulsao-oxidante-40-vol\/#primaryimage","url":"https:\/\/www.technique-italia.com\/wp-content\/uploads\/2023\/07\/01003_technique_oxidizing_creamy_oxygen_40vol_1000ml.png","contentUrl":"https:\/\/www.technique-italia.com\/wp-content\/uploads\/2023\/07\/01003_technique_oxidizing_creamy_oxygen_40vol_1000ml.png","width":600,"height":600,"caption":"oxilogy"},{"@type":"BreadcrumbList","@id":"https:\/\/www.technique-italia.com\/pt-pt\/products\/coloracoes\/oxidacao\/technique-emulsao-oxidante-40-vol\/#breadcrumb","itemListElement":[{"@type":"ListItem","position":1,"name":"Home","item":"https:\/\/www.technique-italia.com\/pt-pt\/"},{"@type":"ListItem","position":2,"name":"Produtos","item":"https:\/\/www.technique-italia.com\/pt-pt\/shop\/"},{"@type":"ListItem","position":3,"name":"Oxilogy | Emuls\u00e3o oxidante 40 vol"}]},{"@type":"WebSite","@id":"https:\/\/www.technique-italia.com\/pt-pt\/#website","url":"https:\/\/www.technique-italia.com\/pt-pt\/","name":"Technique","description":"The Italian Concept","potentialAction":[{"@type":"SearchAction","target":{"@type":"EntryPoint","urlTemplate":"https:\/\/www.technique-italia.com\/pt-pt\/?s={search_term_string}"},"query-input":{"@type":"PropertyValueSpecification","valueRequired":true,"valueName":"search_term_string"}}],"inLanguage":"pt-PT"}]}},"_links":{"self":[{"href":"https:\/\/www.technique-italia.com\/pt-pt\/wp-json\/wp\/v2\/product\/8561","targetHints":{"allow":["GET"]}}],"collection":[{"href":"https:\/\/www.technique-italia.com\/pt-pt\/wp-json\/wp\/v2\/product"}],"about":[{"href":"https:\/\/www.technique-italia.com\/pt-pt\/wp-json\/wp\/v2\/types\/product"}],"wp:featuredmedia":[{"embeddable":true,"href":"https:\/\/www.technique-italia.com\/pt-pt\/wp-json\/wp\/v2\/media\/15142"}],"wp:attachment":[{"href":"https:\/\/www.technique-italia.com\/pt-pt\/wp-json\/wp\/v2\/media?parent=8561"}],"wp:term":[{"taxonomy":"product_brand","embeddable":true,"href":"https:\/\/www.technique-italia.com\/pt-pt\/wp-json\/wp\/v2\/product_brand?post=8561"},{"taxonomy":"product_cat","embeddable":true,"href":"https:\/\/www.technique-italia.com\/pt-pt\/wp-json\/wp\/v2\/product_cat?post=8561"},{"taxonomy":"product_tag","embeddable":true,"href":"https:\/\/www.technique-italia.com\/pt-pt\/wp-json\/wp\/v2\/product_tag?post=8561"}],"curies":[{"name":"wp","href":"https:\/\/api.w.org\/{rel}","templated":true}]}}