{"id":17990,"date":"2025-11-12T10:41:05","date_gmt":"2025-11-12T09:41:05","guid":{"rendered":"https:\/\/www.technique-italia.com\/\/?post_type=product&#038;p=17990"},"modified":"2025-11-12T10:41:05","modified_gmt":"2025-11-12T09:41:05","slug":"primia-detox-primer-de-couro-cabeludo-pre-shampoo","status":"publish","type":"product","link":"https:\/\/www.technique-italia.com\/pt-pt\/products\/tratamentos\/alkemy-reactive-pt-pt\/primia-detox-primer-de-couro-cabeludo-pre-shampoo\/","title":{"rendered":"Primia Detox \u2013 Primer de couro cabeludo pr\u00e9-shampoo"},"content":{"rendered":"","protected":false},"excerpt":{"rendered":"<p><span style=\"font-weight: 400;\"><strong>Primia Detox<\/strong> \u00e9 o pr\u00e9-shampoo tricologico da Technique para uma desintoxica\u00e7\u00e3o direcionada do couro cabeludo, o gesto profissional que prepara o cabelo da melhor forma.<\/span><\/p>\n<p><span style=\"font-weight: 400;\">150 ml<\/span><\/p>\n","protected":false},"featured_media":17986,"template":"","meta":[],"product_brand":[],"product_cat":[2323,2331,630,631,632,629,633,634,636,628],"product_tag":[],"class_list":{"0":"post-17990","1":"product","2":"type-product","3":"status-publish","4":"has-post-thumbnail","6":"product_cat-alkemy-amplify-pt-pt","7":"product_cat-alkemy-care-pt-pt","8":"product_cat-alkemy-color-pt-pt","9":"product_cat-alkemy-curl-pt-pt","10":"product_cat-alkemy-nutro-pt-pt","11":"product_cat-alkemy-reactive-pt-pt","12":"product_cat-alkemy-silver-pt-pt","13":"product_cat-alkemy-sleek-pt-pt","14":"product_cat-mirylia-pt-pt","15":"product_cat-tratamentos","16":"description-off","18":"first","19":"instock","20":"shipping-taxable","21":"product-type-simple"},"yoast_head":"<!-- This site is optimized with the Yoast SEO plugin v26.8 - https:\/\/yoast.com\/product\/yoast-seo-wordpress\/ -->\n<title>Primia Detox \u2013 Primer de couro cabeludo pr\u00e9-shampoo - Technique<\/title>\n<meta name=\"description\" content=\"Primia Detox \u00e9 o pr\u00e9-shampoo tricologico da Technique para uma desintoxica\u00e7\u00e3o direcionada do couro cabeludo, o gesto profissional que prepara o cabelo da melhor forma.\" \/>\n<meta name=\"robots\" content=\"index, follow, max-snippet:-1, max-image-preview:large, max-video-preview:-1\" \/>\n<link rel=\"canonical\" href=\"https:\/\/www.technique-italia.com\/pt-pt\/products\/tratamentos\/alkemy-reactive-pt-pt\/primia-detox-primer-de-couro-cabeludo-pre-shampoo\/\" \/>\n<meta property=\"og:locale\" content=\"pt_PT\" \/>\n<meta property=\"og:type\" content=\"article\" \/>\n<meta property=\"og:title\" content=\"Primia Detox \u2013 Primer de couro cabeludo pr\u00e9-shampoo - Technique\" \/>\n<meta property=\"og:description\" content=\"Primia Detox \u00e9 o pr\u00e9-shampoo tricologico da Technique para uma desintoxica\u00e7\u00e3o direcionada do couro cabeludo, o gesto profissional que prepara o cabelo da melhor forma.\" \/>\n<meta property=\"og:url\" content=\"https:\/\/www.technique-italia.com\/pt-pt\/products\/tratamentos\/alkemy-reactive-pt-pt\/primia-detox-primer-de-couro-cabeludo-pre-shampoo\/\" \/>\n<meta property=\"og:site_name\" content=\"Technique\" \/>\n<meta property=\"og:image\" content=\"https:\/\/www.technique-italia.com\/wp-content\/uploads\/2025\/11\/primia-detox.png\" \/>\n\t<meta property=\"og:image:width\" content=\"800\" \/>\n\t<meta property=\"og:image:height\" content=\"800\" \/>\n\t<meta property=\"og:image:type\" content=\"image\/png\" \/>\n<meta name=\"twitter:card\" content=\"summary_large_image\" \/>\n<script type=\"application\/ld+json\" class=\"yoast-schema-graph\">{\"@context\":\"https:\/\/schema.org\",\"@graph\":[{\"@type\":\"WebPage\",\"@id\":\"https:\/\/www.technique-italia.com\/pt-pt\/products\/tratamentos\/alkemy-reactive-pt-pt\/primia-detox-primer-de-couro-cabeludo-pre-shampoo\/\",\"url\":\"https:\/\/www.technique-italia.com\/pt-pt\/products\/tratamentos\/alkemy-reactive-pt-pt\/primia-detox-primer-de-couro-cabeludo-pre-shampoo\/\",\"name\":\"Primia Detox \u2013 Primer de couro cabeludo pr\u00e9-shampoo - Technique\",\"isPartOf\":{\"@id\":\"https:\/\/www.technique-italia.com\/pt-pt\/#website\"},\"primaryImageOfPage\":{\"@id\":\"https:\/\/www.technique-italia.com\/pt-pt\/products\/tratamentos\/alkemy-reactive-pt-pt\/primia-detox-primer-de-couro-cabeludo-pre-shampoo\/#primaryimage\"},\"image\":{\"@id\":\"https:\/\/www.technique-italia.com\/pt-pt\/products\/tratamentos\/alkemy-reactive-pt-pt\/primia-detox-primer-de-couro-cabeludo-pre-shampoo\/#primaryimage\"},\"thumbnailUrl\":\"https:\/\/www.technique-italia.com\/wp-content\/uploads\/2025\/11\/primia-detox.png\",\"datePublished\":\"2025-11-12T09:41:05+00:00\",\"description\":\"Primia Detox \u00e9 o pr\u00e9-shampoo tricologico da Technique para uma desintoxica\u00e7\u00e3o direcionada do couro cabeludo, o gesto profissional que prepara o cabelo da melhor forma.\",\"breadcrumb\":{\"@id\":\"https:\/\/www.technique-italia.com\/pt-pt\/products\/tratamentos\/alkemy-reactive-pt-pt\/primia-detox-primer-de-couro-cabeludo-pre-shampoo\/#breadcrumb\"},\"inLanguage\":\"pt-PT\",\"potentialAction\":[{\"@type\":\"ReadAction\",\"target\":[\"https:\/\/www.technique-italia.com\/pt-pt\/products\/tratamentos\/alkemy-reactive-pt-pt\/primia-detox-primer-de-couro-cabeludo-pre-shampoo\/\"]}]},{\"@type\":\"ImageObject\",\"inLanguage\":\"pt-PT\",\"@id\":\"https:\/\/www.technique-italia.com\/pt-pt\/products\/tratamentos\/alkemy-reactive-pt-pt\/primia-detox-primer-de-couro-cabeludo-pre-shampoo\/#primaryimage\",\"url\":\"https:\/\/www.technique-italia.com\/wp-content\/uploads\/2025\/11\/primia-detox.png\",\"contentUrl\":\"https:\/\/www.technique-italia.com\/wp-content\/uploads\/2025\/11\/primia-detox.png\",\"width\":800,\"height\":800},{\"@type\":\"BreadcrumbList\",\"@id\":\"https:\/\/www.technique-italia.com\/pt-pt\/products\/tratamentos\/alkemy-reactive-pt-pt\/primia-detox-primer-de-couro-cabeludo-pre-shampoo\/#breadcrumb\",\"itemListElement\":[{\"@type\":\"ListItem\",\"position\":1,\"name\":\"Home\",\"item\":\"https:\/\/www.technique-italia.com\/pt-pt\/\"},{\"@type\":\"ListItem\",\"position\":2,\"name\":\"Produtos\",\"item\":\"https:\/\/www.technique-italia.com\/pt-pt\/shop\/\"},{\"@type\":\"ListItem\",\"position\":3,\"name\":\"Primia Detox \u2013 Primer de couro cabeludo pr\u00e9-shampoo\"}]},{\"@type\":\"WebSite\",\"@id\":\"https:\/\/www.technique-italia.com\/pt-pt\/#website\",\"url\":\"https:\/\/www.technique-italia.com\/pt-pt\/\",\"name\":\"Technique\",\"description\":\"The Italian Concept\",\"potentialAction\":[{\"@type\":\"SearchAction\",\"target\":{\"@type\":\"EntryPoint\",\"urlTemplate\":\"https:\/\/www.technique-italia.com\/pt-pt\/?s={search_term_string}\"},\"query-input\":{\"@type\":\"PropertyValueSpecification\",\"valueRequired\":true,\"valueName\":\"search_term_string\"}}],\"inLanguage\":\"pt-PT\"}]}<\/script>\n<!-- \/ Yoast SEO plugin. -->","yoast_head_json":{"title":"Primia Detox \u2013 Primer de couro cabeludo pr\u00e9-shampoo - Technique","description":"Primia Detox \u00e9 o pr\u00e9-shampoo tricologico da Technique para uma desintoxica\u00e7\u00e3o direcionada do couro cabeludo, o gesto profissional que prepara o cabelo da melhor forma.","robots":{"index":"index","follow":"follow","max-snippet":"max-snippet:-1","max-image-preview":"max-image-preview:large","max-video-preview":"max-video-preview:-1"},"canonical":"https:\/\/www.technique-italia.com\/pt-pt\/products\/tratamentos\/alkemy-reactive-pt-pt\/primia-detox-primer-de-couro-cabeludo-pre-shampoo\/","og_locale":"pt_PT","og_type":"article","og_title":"Primia Detox \u2013 Primer de couro cabeludo pr\u00e9-shampoo - Technique","og_description":"Primia Detox \u00e9 o pr\u00e9-shampoo tricologico da Technique para uma desintoxica\u00e7\u00e3o direcionada do couro cabeludo, o gesto profissional que prepara o cabelo da melhor forma.","og_url":"https:\/\/www.technique-italia.com\/pt-pt\/products\/tratamentos\/alkemy-reactive-pt-pt\/primia-detox-primer-de-couro-cabeludo-pre-shampoo\/","og_site_name":"Technique","og_image":[{"width":800,"height":800,"url":"https:\/\/www.technique-italia.com\/wp-content\/uploads\/2025\/11\/primia-detox.png","type":"image\/png"}],"twitter_card":"summary_large_image","schema":{"@context":"https:\/\/schema.org","@graph":[{"@type":"WebPage","@id":"https:\/\/www.technique-italia.com\/pt-pt\/products\/tratamentos\/alkemy-reactive-pt-pt\/primia-detox-primer-de-couro-cabeludo-pre-shampoo\/","url":"https:\/\/www.technique-italia.com\/pt-pt\/products\/tratamentos\/alkemy-reactive-pt-pt\/primia-detox-primer-de-couro-cabeludo-pre-shampoo\/","name":"Primia Detox \u2013 Primer de couro cabeludo pr\u00e9-shampoo - Technique","isPartOf":{"@id":"https:\/\/www.technique-italia.com\/pt-pt\/#website"},"primaryImageOfPage":{"@id":"https:\/\/www.technique-italia.com\/pt-pt\/products\/tratamentos\/alkemy-reactive-pt-pt\/primia-detox-primer-de-couro-cabeludo-pre-shampoo\/#primaryimage"},"image":{"@id":"https:\/\/www.technique-italia.com\/pt-pt\/products\/tratamentos\/alkemy-reactive-pt-pt\/primia-detox-primer-de-couro-cabeludo-pre-shampoo\/#primaryimage"},"thumbnailUrl":"https:\/\/www.technique-italia.com\/wp-content\/uploads\/2025\/11\/primia-detox.png","datePublished":"2025-11-12T09:41:05+00:00","description":"Primia Detox \u00e9 o pr\u00e9-shampoo tricologico da Technique para uma desintoxica\u00e7\u00e3o direcionada do couro cabeludo, o gesto profissional que prepara o cabelo da melhor forma.","breadcrumb":{"@id":"https:\/\/www.technique-italia.com\/pt-pt\/products\/tratamentos\/alkemy-reactive-pt-pt\/primia-detox-primer-de-couro-cabeludo-pre-shampoo\/#breadcrumb"},"inLanguage":"pt-PT","potentialAction":[{"@type":"ReadAction","target":["https:\/\/www.technique-italia.com\/pt-pt\/products\/tratamentos\/alkemy-reactive-pt-pt\/primia-detox-primer-de-couro-cabeludo-pre-shampoo\/"]}]},{"@type":"ImageObject","inLanguage":"pt-PT","@id":"https:\/\/www.technique-italia.com\/pt-pt\/products\/tratamentos\/alkemy-reactive-pt-pt\/primia-detox-primer-de-couro-cabeludo-pre-shampoo\/#primaryimage","url":"https:\/\/www.technique-italia.com\/wp-content\/uploads\/2025\/11\/primia-detox.png","contentUrl":"https:\/\/www.technique-italia.com\/wp-content\/uploads\/2025\/11\/primia-detox.png","width":800,"height":800},{"@type":"BreadcrumbList","@id":"https:\/\/www.technique-italia.com\/pt-pt\/products\/tratamentos\/alkemy-reactive-pt-pt\/primia-detox-primer-de-couro-cabeludo-pre-shampoo\/#breadcrumb","itemListElement":[{"@type":"ListItem","position":1,"name":"Home","item":"https:\/\/www.technique-italia.com\/pt-pt\/"},{"@type":"ListItem","position":2,"name":"Produtos","item":"https:\/\/www.technique-italia.com\/pt-pt\/shop\/"},{"@type":"ListItem","position":3,"name":"Primia Detox \u2013 Primer de couro cabeludo pr\u00e9-shampoo"}]},{"@type":"WebSite","@id":"https:\/\/www.technique-italia.com\/pt-pt\/#website","url":"https:\/\/www.technique-italia.com\/pt-pt\/","name":"Technique","description":"The Italian Concept","potentialAction":[{"@type":"SearchAction","target":{"@type":"EntryPoint","urlTemplate":"https:\/\/www.technique-italia.com\/pt-pt\/?s={search_term_string}"},"query-input":{"@type":"PropertyValueSpecification","valueRequired":true,"valueName":"search_term_string"}}],"inLanguage":"pt-PT"}]}},"_links":{"self":[{"href":"https:\/\/www.technique-italia.com\/pt-pt\/wp-json\/wp\/v2\/product\/17990","targetHints":{"allow":["GET"]}}],"collection":[{"href":"https:\/\/www.technique-italia.com\/pt-pt\/wp-json\/wp\/v2\/product"}],"about":[{"href":"https:\/\/www.technique-italia.com\/pt-pt\/wp-json\/wp\/v2\/types\/product"}],"wp:featuredmedia":[{"embeddable":true,"href":"https:\/\/www.technique-italia.com\/pt-pt\/wp-json\/wp\/v2\/media\/17986"}],"wp:attachment":[{"href":"https:\/\/www.technique-italia.com\/pt-pt\/wp-json\/wp\/v2\/media?parent=17990"}],"wp:term":[{"taxonomy":"product_brand","embeddable":true,"href":"https:\/\/www.technique-italia.com\/pt-pt\/wp-json\/wp\/v2\/product_brand?post=17990"},{"taxonomy":"product_cat","embeddable":true,"href":"https:\/\/www.technique-italia.com\/pt-pt\/wp-json\/wp\/v2\/product_cat?post=17990"},{"taxonomy":"product_tag","embeddable":true,"href":"https:\/\/www.technique-italia.com\/pt-pt\/wp-json\/wp\/v2\/product_tag?post=17990"}],"curies":[{"name":"wp","href":"https:\/\/api.w.org\/{rel}","templated":true}]}}