{"id":15233,"date":"2024-03-28T16:03:11","date_gmt":"2024-03-28T15:05:44","guid":{"rendered":"https:\/\/www.technique-italia.com\/\/?post_type=product&#038;p=15233"},"modified":"2024-03-28T16:05:44","modified_gmt":"2024-03-28T15:05:44","slug":"alkemy-care-condicionador-hidratante","status":"publish","type":"product","link":"https:\/\/www.technique-italia.com\/pt-pt\/products\/tratamentos\/alkemy-care-pt-pt\/alkemy-care-condicionador-hidratante\/","title":{"rendered":"Alkemy Care | Condicionador hidratante"},"content":{"rendered":"<ul>\n<li style=\"font-weight: 400;\" aria-level=\"1\"><span style=\"font-weight: 400;\">F\u00f3rmula <\/span><b>sem silicone<\/b><\/li>\n<li style=\"font-weight: 400;\" aria-level=\"1\"><span style=\"font-weight: 400;\">Ajuda a <\/span><b>desembara\u00e7ar os cabelos<\/b><\/li>\n<li style=\"font-weight: 400;\" aria-level=\"1\"><span style=\"font-weight: 400;\">Deixa os <\/span><b>cabelos mais macios e leves<\/b><\/li>\n<li style=\"font-weight: 400;\" aria-level=\"1\"><span style=\"font-weight: 400;\">Desenvolve uma <\/span><b>a\u00e7\u00e3o hidratante sobre os cabelos<\/b><\/li>\n<li style=\"font-weight: 400;\" aria-level=\"1\">Enriquecido com <b style=\"color: #555555; font-size: 14.4px;\">extrato de violeta e extrato de camomila<\/b><\/li>\n<\/ul>\n","protected":false},"excerpt":{"rendered":"<p><span style=\"font-weight: 400;\">O condicionador Alkemy Care d\u00e1 ao seu cabelo um <\/span><b>toque suave e naturalmente leve<\/b><span style=\"font-weight: 400;\">, gra\u00e7as \u00e0 sua f\u00f3rmula sem silicone.<\/span><\/p>\n<p><span style=\"font-weight: 400;\">1000 ml<\/span><\/p>\n","protected":false},"featured_media":15217,"template":"","meta":[],"product_brand":[],"product_cat":[2331,628],"product_tag":[],"class_list":{"0":"post-15233","1":"product","2":"type-product","3":"status-publish","4":"has-post-thumbnail","6":"product_cat-alkemy-care-pt-pt","7":"product_cat-tratamentos","8":"description-off","10":"first","11":"instock","12":"shipping-taxable","13":"product-type-simple"},"yoast_head":"<!-- This site is optimized with the Yoast SEO plugin v26.8 - https:\/\/yoast.com\/product\/yoast-seo-wordpress\/ -->\n<title>Alkemy Care | Condicionador hidratante<\/title>\n<meta name=\"description\" content=\"Champ\u00f4 antiamarelecimento formulado para eliminar os tons amarelados de cabelos brancos, descolorados e com madeixas.\" \/>\n<meta name=\"robots\" content=\"index, follow, max-snippet:-1, max-image-preview:large, max-video-preview:-1\" \/>\n<link rel=\"canonical\" href=\"https:\/\/www.technique-italia.com\/pt-pt\/products\/tratamentos\/alkemy-care-pt-pt\/alkemy-care-condicionador-hidratante\/\" \/>\n<meta property=\"og:locale\" content=\"pt_PT\" \/>\n<meta property=\"og:type\" content=\"article\" \/>\n<meta property=\"og:title\" content=\"Alkemy Care | Condicionador hidratante\" \/>\n<meta property=\"og:description\" content=\"Champ\u00f4 antiamarelecimento formulado para eliminar os tons amarelados de cabelos brancos, descolorados e com madeixas.\" \/>\n<meta property=\"og:url\" content=\"https:\/\/www.technique-italia.com\/pt-pt\/products\/tratamentos\/alkemy-care-pt-pt\/alkemy-care-condicionador-hidratante\/\" \/>\n<meta property=\"og:site_name\" content=\"Technique\" \/>\n<meta property=\"og:image\" content=\"https:\/\/www.technique-italia.com\/wp-content\/uploads\/2023\/10\/02107_technique_treatment_alkemy_care_conditioner_1000ml.png\" \/>\n\t<meta property=\"og:image:width\" content=\"600\" \/>\n\t<meta property=\"og:image:height\" content=\"600\" \/>\n\t<meta property=\"og:image:type\" content=\"image\/png\" \/>\n<meta name=\"twitter:card\" content=\"summary_large_image\" \/>\n<script type=\"application\/ld+json\" class=\"yoast-schema-graph\">{\"@context\":\"https:\/\/schema.org\",\"@graph\":[{\"@type\":\"WebPage\",\"@id\":\"https:\/\/www.technique-italia.com\/pt-pt\/products\/tratamentos\/alkemy-care-pt-pt\/alkemy-care-condicionador-hidratante\/\",\"url\":\"https:\/\/www.technique-italia.com\/pt-pt\/products\/tratamentos\/alkemy-care-pt-pt\/alkemy-care-condicionador-hidratante\/\",\"name\":\"Alkemy Care | Condicionador hidratante\",\"isPartOf\":{\"@id\":\"https:\/\/www.technique-italia.com\/pt-pt\/#website\"},\"primaryImageOfPage\":{\"@id\":\"https:\/\/www.technique-italia.com\/pt-pt\/products\/tratamentos\/alkemy-care-pt-pt\/alkemy-care-condicionador-hidratante\/#primaryimage\"},\"image\":{\"@id\":\"https:\/\/www.technique-italia.com\/pt-pt\/products\/tratamentos\/alkemy-care-pt-pt\/alkemy-care-condicionador-hidratante\/#primaryimage\"},\"thumbnailUrl\":\"https:\/\/www.technique-italia.com\/wp-content\/uploads\/2023\/10\/02107_technique_treatment_alkemy_care_conditioner_1000ml.png\",\"datePublished\":\"2024-03-28T15:05:44+00:00\",\"description\":\"Champ\u00f4 antiamarelecimento formulado para eliminar os tons amarelados de cabelos brancos, descolorados e com madeixas.\",\"breadcrumb\":{\"@id\":\"https:\/\/www.technique-italia.com\/pt-pt\/products\/tratamentos\/alkemy-care-pt-pt\/alkemy-care-condicionador-hidratante\/#breadcrumb\"},\"inLanguage\":\"pt-PT\",\"potentialAction\":[{\"@type\":\"ReadAction\",\"target\":[\"https:\/\/www.technique-italia.com\/pt-pt\/products\/tratamentos\/alkemy-care-pt-pt\/alkemy-care-condicionador-hidratante\/\"]}]},{\"@type\":\"ImageObject\",\"inLanguage\":\"pt-PT\",\"@id\":\"https:\/\/www.technique-italia.com\/pt-pt\/products\/tratamentos\/alkemy-care-pt-pt\/alkemy-care-condicionador-hidratante\/#primaryimage\",\"url\":\"https:\/\/www.technique-italia.com\/wp-content\/uploads\/2023\/10\/02107_technique_treatment_alkemy_care_conditioner_1000ml.png\",\"contentUrl\":\"https:\/\/www.technique-italia.com\/wp-content\/uploads\/2023\/10\/02107_technique_treatment_alkemy_care_conditioner_1000ml.png\",\"width\":600,\"height\":600},{\"@type\":\"BreadcrumbList\",\"@id\":\"https:\/\/www.technique-italia.com\/pt-pt\/products\/tratamentos\/alkemy-care-pt-pt\/alkemy-care-condicionador-hidratante\/#breadcrumb\",\"itemListElement\":[{\"@type\":\"ListItem\",\"position\":1,\"name\":\"Home\",\"item\":\"https:\/\/www.technique-italia.com\/pt-pt\/\"},{\"@type\":\"ListItem\",\"position\":2,\"name\":\"Produtos\",\"item\":\"https:\/\/www.technique-italia.com\/pt-pt\/shop\/\"},{\"@type\":\"ListItem\",\"position\":3,\"name\":\"Alkemy Care | Condicionador hidratante\"}]},{\"@type\":\"WebSite\",\"@id\":\"https:\/\/www.technique-italia.com\/pt-pt\/#website\",\"url\":\"https:\/\/www.technique-italia.com\/pt-pt\/\",\"name\":\"Technique\",\"description\":\"The Italian Concept\",\"potentialAction\":[{\"@type\":\"SearchAction\",\"target\":{\"@type\":\"EntryPoint\",\"urlTemplate\":\"https:\/\/www.technique-italia.com\/pt-pt\/?s={search_term_string}\"},\"query-input\":{\"@type\":\"PropertyValueSpecification\",\"valueRequired\":true,\"valueName\":\"search_term_string\"}}],\"inLanguage\":\"pt-PT\"}]}<\/script>\n<!-- \/ Yoast SEO plugin. -->","yoast_head_json":{"title":"Alkemy Care | Condicionador hidratante","description":"Champ\u00f4 antiamarelecimento formulado para eliminar os tons amarelados de cabelos brancos, descolorados e com madeixas.","robots":{"index":"index","follow":"follow","max-snippet":"max-snippet:-1","max-image-preview":"max-image-preview:large","max-video-preview":"max-video-preview:-1"},"canonical":"https:\/\/www.technique-italia.com\/pt-pt\/products\/tratamentos\/alkemy-care-pt-pt\/alkemy-care-condicionador-hidratante\/","og_locale":"pt_PT","og_type":"article","og_title":"Alkemy Care | Condicionador hidratante","og_description":"Champ\u00f4 antiamarelecimento formulado para eliminar os tons amarelados de cabelos brancos, descolorados e com madeixas.","og_url":"https:\/\/www.technique-italia.com\/pt-pt\/products\/tratamentos\/alkemy-care-pt-pt\/alkemy-care-condicionador-hidratante\/","og_site_name":"Technique","og_image":[{"width":600,"height":600,"url":"https:\/\/www.technique-italia.com\/wp-content\/uploads\/2023\/10\/02107_technique_treatment_alkemy_care_conditioner_1000ml.png","type":"image\/png"}],"twitter_card":"summary_large_image","schema":{"@context":"https:\/\/schema.org","@graph":[{"@type":"WebPage","@id":"https:\/\/www.technique-italia.com\/pt-pt\/products\/tratamentos\/alkemy-care-pt-pt\/alkemy-care-condicionador-hidratante\/","url":"https:\/\/www.technique-italia.com\/pt-pt\/products\/tratamentos\/alkemy-care-pt-pt\/alkemy-care-condicionador-hidratante\/","name":"Alkemy Care | Condicionador hidratante","isPartOf":{"@id":"https:\/\/www.technique-italia.com\/pt-pt\/#website"},"primaryImageOfPage":{"@id":"https:\/\/www.technique-italia.com\/pt-pt\/products\/tratamentos\/alkemy-care-pt-pt\/alkemy-care-condicionador-hidratante\/#primaryimage"},"image":{"@id":"https:\/\/www.technique-italia.com\/pt-pt\/products\/tratamentos\/alkemy-care-pt-pt\/alkemy-care-condicionador-hidratante\/#primaryimage"},"thumbnailUrl":"https:\/\/www.technique-italia.com\/wp-content\/uploads\/2023\/10\/02107_technique_treatment_alkemy_care_conditioner_1000ml.png","datePublished":"2024-03-28T15:05:44+00:00","description":"Champ\u00f4 antiamarelecimento formulado para eliminar os tons amarelados de cabelos brancos, descolorados e com madeixas.","breadcrumb":{"@id":"https:\/\/www.technique-italia.com\/pt-pt\/products\/tratamentos\/alkemy-care-pt-pt\/alkemy-care-condicionador-hidratante\/#breadcrumb"},"inLanguage":"pt-PT","potentialAction":[{"@type":"ReadAction","target":["https:\/\/www.technique-italia.com\/pt-pt\/products\/tratamentos\/alkemy-care-pt-pt\/alkemy-care-condicionador-hidratante\/"]}]},{"@type":"ImageObject","inLanguage":"pt-PT","@id":"https:\/\/www.technique-italia.com\/pt-pt\/products\/tratamentos\/alkemy-care-pt-pt\/alkemy-care-condicionador-hidratante\/#primaryimage","url":"https:\/\/www.technique-italia.com\/wp-content\/uploads\/2023\/10\/02107_technique_treatment_alkemy_care_conditioner_1000ml.png","contentUrl":"https:\/\/www.technique-italia.com\/wp-content\/uploads\/2023\/10\/02107_technique_treatment_alkemy_care_conditioner_1000ml.png","width":600,"height":600},{"@type":"BreadcrumbList","@id":"https:\/\/www.technique-italia.com\/pt-pt\/products\/tratamentos\/alkemy-care-pt-pt\/alkemy-care-condicionador-hidratante\/#breadcrumb","itemListElement":[{"@type":"ListItem","position":1,"name":"Home","item":"https:\/\/www.technique-italia.com\/pt-pt\/"},{"@type":"ListItem","position":2,"name":"Produtos","item":"https:\/\/www.technique-italia.com\/pt-pt\/shop\/"},{"@type":"ListItem","position":3,"name":"Alkemy Care | Condicionador hidratante"}]},{"@type":"WebSite","@id":"https:\/\/www.technique-italia.com\/pt-pt\/#website","url":"https:\/\/www.technique-italia.com\/pt-pt\/","name":"Technique","description":"The Italian Concept","potentialAction":[{"@type":"SearchAction","target":{"@type":"EntryPoint","urlTemplate":"https:\/\/www.technique-italia.com\/pt-pt\/?s={search_term_string}"},"query-input":{"@type":"PropertyValueSpecification","valueRequired":true,"valueName":"search_term_string"}}],"inLanguage":"pt-PT"}]}},"_links":{"self":[{"href":"https:\/\/www.technique-italia.com\/pt-pt\/wp-json\/wp\/v2\/product\/15233","targetHints":{"allow":["GET"]}}],"collection":[{"href":"https:\/\/www.technique-italia.com\/pt-pt\/wp-json\/wp\/v2\/product"}],"about":[{"href":"https:\/\/www.technique-italia.com\/pt-pt\/wp-json\/wp\/v2\/types\/product"}],"wp:featuredmedia":[{"embeddable":true,"href":"https:\/\/www.technique-italia.com\/pt-pt\/wp-json\/wp\/v2\/media\/15217"}],"wp:attachment":[{"href":"https:\/\/www.technique-italia.com\/pt-pt\/wp-json\/wp\/v2\/media?parent=15233"}],"wp:term":[{"taxonomy":"product_brand","embeddable":true,"href":"https:\/\/www.technique-italia.com\/pt-pt\/wp-json\/wp\/v2\/product_brand?post=15233"},{"taxonomy":"product_cat","embeddable":true,"href":"https:\/\/www.technique-italia.com\/pt-pt\/wp-json\/wp\/v2\/product_cat?post=15233"},{"taxonomy":"product_tag","embeddable":true,"href":"https:\/\/www.technique-italia.com\/pt-pt\/wp-json\/wp\/v2\/product_tag?post=15233"}],"curies":[{"name":"wp","href":"https:\/\/api.w.org\/{rel}","templated":true}]}}