{"id":15176,"date":"2023-10-10T16:55:04","date_gmt":"2023-10-10T14:55:04","guid":{"rendered":"https:\/\/www.technique-italia.com\/\/?post_type=product&#038;p=15176"},"modified":"2023-10-10T16:58:34","modified_gmt":"2023-10-10T14:58:34","slug":"mirylia-mascara-em-spray-10-em-1-2","status":"publish","type":"product","link":"https:\/\/www.technique-italia.com\/pt-pt\/products\/tratamentos\/mirylia-pt-pt\/mirylia-mascara-em-spray-10-em-1-2\/","title":{"rendered":"Mirylia | M\u00e1scara em Spray 10 em 1"},"content":{"rendered":"","protected":false},"excerpt":{"rendered":"<p><span style=\"font-weight: 400;\">A <\/span><b>M\u00e1scara em spray 10 em 1<\/b><span style=\"font-weight: 400;\"> Mirylia \u00e9 um <\/span><b>spray multiuso<\/b><span style=\"font-weight: 400;\"> com a\u00e7\u00e3o sublimadora de brilho, um tratamento intensivo e completo que re\u00fane <\/span><b>10 benef\u00edcios<\/b><span style=\"font-weight: 400;\"> ideais para <\/span><b>todos os tipos de cabelos<\/b><span style=\"font-weight: 400;\">.\u00a0<\/span><\/p>\n<p><span style=\"font-weight: 400;\">Pr\u00e1tico, r\u00e1pido e sem enxaguamento, o spray 10 em 1 reveste o cabelo com a sua f\u00f3rmula avan\u00e7ada que <\/span><b>repara, regenera, nutre, hidrata e valoriza o styling.<\/b><span style=\"font-weight: 400;\"> Vaporizada em toda a cabeleira, a m\u00e1scara em spray Technique liberta as incr\u00edveis propriedades iluminadoras e protetoras do <\/span><b>\u00f3leo de arg\u00e3o, c\u00e2nhamo e pr\u00edmula<\/b><span style=\"font-weight: 400;\">.\u00a0<\/span><\/p>\n<p><span style=\"font-weight: 400;\">30 ml<\/span><\/p>\n","protected":false},"featured_media":15170,"template":"","meta":[],"product_brand":[],"product_cat":[636,628],"product_tag":[],"class_list":{"0":"post-15176","1":"product","2":"type-product","3":"status-publish","4":"has-post-thumbnail","6":"product_cat-mirylia-pt-pt","7":"product_cat-tratamentos","8":"description-off","10":"first","11":"instock","12":"shipping-taxable","13":"product-type-simple"},"yoast_head":"<!-- This site is optimized with the Yoast SEO plugin v26.8 - https:\/\/yoast.com\/product\/yoast-seo-wordpress\/ -->\n<title>Mirylia | M\u00e1scara em Spray 10 em 1<\/title>\n<meta name=\"description\" content=\"A M\u00e1scara em spray 10 em 1 Mirylia \u00e9 um spray multiuso com a\u00e7\u00e3o sublimadora de brilho.\" \/>\n<meta name=\"robots\" content=\"index, follow, max-snippet:-1, max-image-preview:large, max-video-preview:-1\" \/>\n<link rel=\"canonical\" href=\"https:\/\/www.technique-italia.com\/pt-pt\/products\/tratamentos\/mirylia-pt-pt\/mirylia-mascara-em-spray-10-em-1-2\/\" \/>\n<meta property=\"og:locale\" content=\"pt_PT\" \/>\n<meta property=\"og:type\" content=\"article\" \/>\n<meta property=\"og:title\" content=\"Mirylia | M\u00e1scara em Spray 10 em 1\" \/>\n<meta property=\"og:description\" content=\"A M\u00e1scara em spray 10 em 1 Mirylia \u00e9 um spray multiuso com a\u00e7\u00e3o sublimadora de brilho.\" \/>\n<meta property=\"og:url\" content=\"https:\/\/www.technique-italia.com\/pt-pt\/products\/tratamentos\/mirylia-pt-pt\/mirylia-mascara-em-spray-10-em-1-2\/\" \/>\n<meta property=\"og:site_name\" content=\"Technique\" \/>\n<meta property=\"article:modified_time\" content=\"2023-10-10T14:58:34+00:00\" \/>\n<meta property=\"og:image\" content=\"https:\/\/www.technique-italia.com\/wp-content\/uploads\/2023\/10\/05042_technique_treatment_mirylia_sublimating_spray_mask_10_in_1_30ml-1.png\" \/>\n\t<meta property=\"og:image:width\" content=\"800\" \/>\n\t<meta property=\"og:image:height\" content=\"800\" \/>\n\t<meta property=\"og:image:type\" content=\"image\/png\" \/>\n<meta name=\"twitter:card\" content=\"summary_large_image\" \/>\n<script type=\"application\/ld+json\" class=\"yoast-schema-graph\">{\"@context\":\"https:\/\/schema.org\",\"@graph\":[{\"@type\":\"WebPage\",\"@id\":\"https:\/\/www.technique-italia.com\/pt-pt\/products\/tratamentos\/mirylia-pt-pt\/mirylia-mascara-em-spray-10-em-1-2\/\",\"url\":\"https:\/\/www.technique-italia.com\/pt-pt\/products\/tratamentos\/mirylia-pt-pt\/mirylia-mascara-em-spray-10-em-1-2\/\",\"name\":\"Mirylia | M\u00e1scara em Spray 10 em 1\",\"isPartOf\":{\"@id\":\"https:\/\/www.technique-italia.com\/pt-pt\/#website\"},\"primaryImageOfPage\":{\"@id\":\"https:\/\/www.technique-italia.com\/pt-pt\/products\/tratamentos\/mirylia-pt-pt\/mirylia-mascara-em-spray-10-em-1-2\/#primaryimage\"},\"image\":{\"@id\":\"https:\/\/www.technique-italia.com\/pt-pt\/products\/tratamentos\/mirylia-pt-pt\/mirylia-mascara-em-spray-10-em-1-2\/#primaryimage\"},\"thumbnailUrl\":\"https:\/\/www.technique-italia.com\/wp-content\/uploads\/2023\/10\/05042_technique_treatment_mirylia_sublimating_spray_mask_10_in_1_30ml-1.png\",\"datePublished\":\"2023-10-10T14:55:04+00:00\",\"dateModified\":\"2023-10-10T14:58:34+00:00\",\"description\":\"A M\u00e1scara em spray 10 em 1 Mirylia \u00e9 um spray multiuso com a\u00e7\u00e3o sublimadora de brilho.\",\"breadcrumb\":{\"@id\":\"https:\/\/www.technique-italia.com\/pt-pt\/products\/tratamentos\/mirylia-pt-pt\/mirylia-mascara-em-spray-10-em-1-2\/#breadcrumb\"},\"inLanguage\":\"pt-PT\",\"potentialAction\":[{\"@type\":\"ReadAction\",\"target\":[\"https:\/\/www.technique-italia.com\/pt-pt\/products\/tratamentos\/mirylia-pt-pt\/mirylia-mascara-em-spray-10-em-1-2\/\"]}]},{\"@type\":\"ImageObject\",\"inLanguage\":\"pt-PT\",\"@id\":\"https:\/\/www.technique-italia.com\/pt-pt\/products\/tratamentos\/mirylia-pt-pt\/mirylia-mascara-em-spray-10-em-1-2\/#primaryimage\",\"url\":\"https:\/\/www.technique-italia.com\/wp-content\/uploads\/2023\/10\/05042_technique_treatment_mirylia_sublimating_spray_mask_10_in_1_30ml-1.png\",\"contentUrl\":\"https:\/\/www.technique-italia.com\/wp-content\/uploads\/2023\/10\/05042_technique_treatment_mirylia_sublimating_spray_mask_10_in_1_30ml-1.png\",\"width\":800,\"height\":800},{\"@type\":\"BreadcrumbList\",\"@id\":\"https:\/\/www.technique-italia.com\/pt-pt\/products\/tratamentos\/mirylia-pt-pt\/mirylia-mascara-em-spray-10-em-1-2\/#breadcrumb\",\"itemListElement\":[{\"@type\":\"ListItem\",\"position\":1,\"name\":\"Home\",\"item\":\"https:\/\/www.technique-italia.com\/pt-pt\/\"},{\"@type\":\"ListItem\",\"position\":2,\"name\":\"Produtos\",\"item\":\"https:\/\/www.technique-italia.com\/pt-pt\/shop\/\"},{\"@type\":\"ListItem\",\"position\":3,\"name\":\"Mirylia | M\u00e1scara em Spray 10 em 1\"}]},{\"@type\":\"WebSite\",\"@id\":\"https:\/\/www.technique-italia.com\/pt-pt\/#website\",\"url\":\"https:\/\/www.technique-italia.com\/pt-pt\/\",\"name\":\"Technique\",\"description\":\"The Italian Concept\",\"potentialAction\":[{\"@type\":\"SearchAction\",\"target\":{\"@type\":\"EntryPoint\",\"urlTemplate\":\"https:\/\/www.technique-italia.com\/pt-pt\/?s={search_term_string}\"},\"query-input\":{\"@type\":\"PropertyValueSpecification\",\"valueRequired\":true,\"valueName\":\"search_term_string\"}}],\"inLanguage\":\"pt-PT\"}]}<\/script>\n<!-- \/ Yoast SEO plugin. -->","yoast_head_json":{"title":"Mirylia | M\u00e1scara em Spray 10 em 1","description":"A M\u00e1scara em spray 10 em 1 Mirylia \u00e9 um spray multiuso com a\u00e7\u00e3o sublimadora de brilho.","robots":{"index":"index","follow":"follow","max-snippet":"max-snippet:-1","max-image-preview":"max-image-preview:large","max-video-preview":"max-video-preview:-1"},"canonical":"https:\/\/www.technique-italia.com\/pt-pt\/products\/tratamentos\/mirylia-pt-pt\/mirylia-mascara-em-spray-10-em-1-2\/","og_locale":"pt_PT","og_type":"article","og_title":"Mirylia | M\u00e1scara em Spray 10 em 1","og_description":"A M\u00e1scara em spray 10 em 1 Mirylia \u00e9 um spray multiuso com a\u00e7\u00e3o sublimadora de brilho.","og_url":"https:\/\/www.technique-italia.com\/pt-pt\/products\/tratamentos\/mirylia-pt-pt\/mirylia-mascara-em-spray-10-em-1-2\/","og_site_name":"Technique","article_modified_time":"2023-10-10T14:58:34+00:00","og_image":[{"width":800,"height":800,"url":"https:\/\/www.technique-italia.com\/wp-content\/uploads\/2023\/10\/05042_technique_treatment_mirylia_sublimating_spray_mask_10_in_1_30ml-1.png","type":"image\/png"}],"twitter_card":"summary_large_image","schema":{"@context":"https:\/\/schema.org","@graph":[{"@type":"WebPage","@id":"https:\/\/www.technique-italia.com\/pt-pt\/products\/tratamentos\/mirylia-pt-pt\/mirylia-mascara-em-spray-10-em-1-2\/","url":"https:\/\/www.technique-italia.com\/pt-pt\/products\/tratamentos\/mirylia-pt-pt\/mirylia-mascara-em-spray-10-em-1-2\/","name":"Mirylia | M\u00e1scara em Spray 10 em 1","isPartOf":{"@id":"https:\/\/www.technique-italia.com\/pt-pt\/#website"},"primaryImageOfPage":{"@id":"https:\/\/www.technique-italia.com\/pt-pt\/products\/tratamentos\/mirylia-pt-pt\/mirylia-mascara-em-spray-10-em-1-2\/#primaryimage"},"image":{"@id":"https:\/\/www.technique-italia.com\/pt-pt\/products\/tratamentos\/mirylia-pt-pt\/mirylia-mascara-em-spray-10-em-1-2\/#primaryimage"},"thumbnailUrl":"https:\/\/www.technique-italia.com\/wp-content\/uploads\/2023\/10\/05042_technique_treatment_mirylia_sublimating_spray_mask_10_in_1_30ml-1.png","datePublished":"2023-10-10T14:55:04+00:00","dateModified":"2023-10-10T14:58:34+00:00","description":"A M\u00e1scara em spray 10 em 1 Mirylia \u00e9 um spray multiuso com a\u00e7\u00e3o sublimadora de brilho.","breadcrumb":{"@id":"https:\/\/www.technique-italia.com\/pt-pt\/products\/tratamentos\/mirylia-pt-pt\/mirylia-mascara-em-spray-10-em-1-2\/#breadcrumb"},"inLanguage":"pt-PT","potentialAction":[{"@type":"ReadAction","target":["https:\/\/www.technique-italia.com\/pt-pt\/products\/tratamentos\/mirylia-pt-pt\/mirylia-mascara-em-spray-10-em-1-2\/"]}]},{"@type":"ImageObject","inLanguage":"pt-PT","@id":"https:\/\/www.technique-italia.com\/pt-pt\/products\/tratamentos\/mirylia-pt-pt\/mirylia-mascara-em-spray-10-em-1-2\/#primaryimage","url":"https:\/\/www.technique-italia.com\/wp-content\/uploads\/2023\/10\/05042_technique_treatment_mirylia_sublimating_spray_mask_10_in_1_30ml-1.png","contentUrl":"https:\/\/www.technique-italia.com\/wp-content\/uploads\/2023\/10\/05042_technique_treatment_mirylia_sublimating_spray_mask_10_in_1_30ml-1.png","width":800,"height":800},{"@type":"BreadcrumbList","@id":"https:\/\/www.technique-italia.com\/pt-pt\/products\/tratamentos\/mirylia-pt-pt\/mirylia-mascara-em-spray-10-em-1-2\/#breadcrumb","itemListElement":[{"@type":"ListItem","position":1,"name":"Home","item":"https:\/\/www.technique-italia.com\/pt-pt\/"},{"@type":"ListItem","position":2,"name":"Produtos","item":"https:\/\/www.technique-italia.com\/pt-pt\/shop\/"},{"@type":"ListItem","position":3,"name":"Mirylia | M\u00e1scara em Spray 10 em 1"}]},{"@type":"WebSite","@id":"https:\/\/www.technique-italia.com\/pt-pt\/#website","url":"https:\/\/www.technique-italia.com\/pt-pt\/","name":"Technique","description":"The Italian Concept","potentialAction":[{"@type":"SearchAction","target":{"@type":"EntryPoint","urlTemplate":"https:\/\/www.technique-italia.com\/pt-pt\/?s={search_term_string}"},"query-input":{"@type":"PropertyValueSpecification","valueRequired":true,"valueName":"search_term_string"}}],"inLanguage":"pt-PT"}]}},"_links":{"self":[{"href":"https:\/\/www.technique-italia.com\/pt-pt\/wp-json\/wp\/v2\/product\/15176","targetHints":{"allow":["GET"]}}],"collection":[{"href":"https:\/\/www.technique-italia.com\/pt-pt\/wp-json\/wp\/v2\/product"}],"about":[{"href":"https:\/\/www.technique-italia.com\/pt-pt\/wp-json\/wp\/v2\/types\/product"}],"wp:featuredmedia":[{"embeddable":true,"href":"https:\/\/www.technique-italia.com\/pt-pt\/wp-json\/wp\/v2\/media\/15170"}],"wp:attachment":[{"href":"https:\/\/www.technique-italia.com\/pt-pt\/wp-json\/wp\/v2\/media?parent=15176"}],"wp:term":[{"taxonomy":"product_brand","embeddable":true,"href":"https:\/\/www.technique-italia.com\/pt-pt\/wp-json\/wp\/v2\/product_brand?post=15176"},{"taxonomy":"product_cat","embeddable":true,"href":"https:\/\/www.technique-italia.com\/pt-pt\/wp-json\/wp\/v2\/product_cat?post=15176"},{"taxonomy":"product_tag","embeddable":true,"href":"https:\/\/www.technique-italia.com\/pt-pt\/wp-json\/wp\/v2\/product_tag?post=15176"}],"curies":[{"name":"wp","href":"https:\/\/api.w.org\/{rel}","templated":true}]}}