{"id":14982,"date":"2023-03-16T15:47:35","date_gmt":"2023-03-16T14:47:36","guid":{"rendered":"https:\/\/www.technique-italia.com\/\/?post_type=product&#038;p=14982"},"modified":"2023-04-17T10:30:10","modified_gmt":"2023-04-17T08:30:10","slug":"alkemy-amplify-mascara-volumizadora","status":"publish","type":"product","link":"https:\/\/www.technique-italia.com\/pt-pt\/products\/tratamentos\/alkemy-amplify-pt-pt\/alkemy-amplify-mascara-volumizadora\/","title":{"rendered":"Alkemy Amplify | M\u00e1scara volumizadora"},"content":{"rendered":"","protected":false},"excerpt":{"rendered":"<p><span style=\"font-weight: 400;\">Alkemy Amplify \u00e9 a m\u00e1scara que <\/span><b>d\u00e1 um volume extraordin\u00e1rio<\/b><span style=\"font-weight: 400;\"> aos cabelos finos e sem tonicidade. A sua f\u00f3rmula especial com Extrato de Magn\u00f3lia atua em profundidade, <\/span><b>restituindo a elasticidade <\/b><span style=\"font-weight: 400;\">e brilho ao cabelo.<\/span><\/p>\n<p><span style=\"font-weight: 400;\">500 ml<\/span><\/p>\n","protected":false},"featured_media":14938,"template":"","meta":[],"product_brand":[],"product_cat":[2323,628],"product_tag":[],"class_list":{"0":"post-14982","1":"product","2":"type-product","3":"status-publish","4":"has-post-thumbnail","6":"product_cat-alkemy-amplify-pt-pt","7":"product_cat-tratamentos","8":"description-off","10":"first","11":"instock","12":"shipping-taxable","13":"product-type-simple"},"yoast_head":"<!-- This site is optimized with the Yoast SEO plugin v26.8 - https:\/\/yoast.com\/product\/yoast-seo-wordpress\/ -->\n<title>Alkemy Amplify | M\u00e1scara volumizadora - Technique<\/title>\n<meta name=\"description\" content=\"Alkemy Amplify \u00e9 a m\u00e1scara que d\u00e1 um volume extraordin\u00e1rio aos cabelos finos e sem tonicidade.\" \/>\n<meta name=\"robots\" content=\"index, follow, max-snippet:-1, max-image-preview:large, max-video-preview:-1\" \/>\n<link rel=\"canonical\" href=\"https:\/\/www.technique-italia.com\/pt-pt\/products\/tratamentos\/alkemy-amplify-pt-pt\/alkemy-amplify-mascara-volumizadora\/\" \/>\n<meta property=\"og:locale\" content=\"pt_PT\" \/>\n<meta property=\"og:type\" content=\"article\" \/>\n<meta property=\"og:title\" content=\"Alkemy Amplify | M\u00e1scara volumizadora - Technique\" \/>\n<meta property=\"og:description\" content=\"Alkemy Amplify \u00e9 a m\u00e1scara que d\u00e1 um volume extraordin\u00e1rio aos cabelos finos e sem tonicidade.\" \/>\n<meta property=\"og:url\" content=\"https:\/\/www.technique-italia.com\/pt-pt\/products\/tratamentos\/alkemy-amplify-pt-pt\/alkemy-amplify-mascara-volumizadora\/\" \/>\n<meta property=\"og:site_name\" content=\"Technique\" \/>\n<meta property=\"article:modified_time\" content=\"2023-04-17T08:30:10+00:00\" \/>\n<meta property=\"og:image\" content=\"https:\/\/www.technique-italia.com\/wp-content\/uploads\/2023\/03\/02096_technique_alkemy_amplify_mask_500ml.png\" \/>\n\t<meta property=\"og:image:width\" content=\"600\" \/>\n\t<meta property=\"og:image:height\" content=\"600\" \/>\n\t<meta property=\"og:image:type\" content=\"image\/png\" \/>\n<meta name=\"twitter:card\" content=\"summary_large_image\" \/>\n<script type=\"application\/ld+json\" class=\"yoast-schema-graph\">{\"@context\":\"https:\/\/schema.org\",\"@graph\":[{\"@type\":\"WebPage\",\"@id\":\"https:\/\/www.technique-italia.com\/pt-pt\/products\/tratamentos\/alkemy-amplify-pt-pt\/alkemy-amplify-mascara-volumizadora\/\",\"url\":\"https:\/\/www.technique-italia.com\/pt-pt\/products\/tratamentos\/alkemy-amplify-pt-pt\/alkemy-amplify-mascara-volumizadora\/\",\"name\":\"Alkemy Amplify | M\u00e1scara volumizadora - Technique\",\"isPartOf\":{\"@id\":\"https:\/\/www.technique-italia.com\/pt-pt\/#website\"},\"primaryImageOfPage\":{\"@id\":\"https:\/\/www.technique-italia.com\/pt-pt\/products\/tratamentos\/alkemy-amplify-pt-pt\/alkemy-amplify-mascara-volumizadora\/#primaryimage\"},\"image\":{\"@id\":\"https:\/\/www.technique-italia.com\/pt-pt\/products\/tratamentos\/alkemy-amplify-pt-pt\/alkemy-amplify-mascara-volumizadora\/#primaryimage\"},\"thumbnailUrl\":\"https:\/\/www.technique-italia.com\/wp-content\/uploads\/2023\/03\/02096_technique_alkemy_amplify_mask_500ml.png\",\"datePublished\":\"2023-03-16T14:47:36+00:00\",\"dateModified\":\"2023-04-17T08:30:10+00:00\",\"description\":\"Alkemy Amplify \u00e9 a m\u00e1scara que d\u00e1 um volume extraordin\u00e1rio aos cabelos finos e sem tonicidade.\",\"breadcrumb\":{\"@id\":\"https:\/\/www.technique-italia.com\/pt-pt\/products\/tratamentos\/alkemy-amplify-pt-pt\/alkemy-amplify-mascara-volumizadora\/#breadcrumb\"},\"inLanguage\":\"pt-PT\",\"potentialAction\":[{\"@type\":\"ReadAction\",\"target\":[\"https:\/\/www.technique-italia.com\/pt-pt\/products\/tratamentos\/alkemy-amplify-pt-pt\/alkemy-amplify-mascara-volumizadora\/\"]}]},{\"@type\":\"ImageObject\",\"inLanguage\":\"pt-PT\",\"@id\":\"https:\/\/www.technique-italia.com\/pt-pt\/products\/tratamentos\/alkemy-amplify-pt-pt\/alkemy-amplify-mascara-volumizadora\/#primaryimage\",\"url\":\"https:\/\/www.technique-italia.com\/wp-content\/uploads\/2023\/03\/02096_technique_alkemy_amplify_mask_500ml.png\",\"contentUrl\":\"https:\/\/www.technique-italia.com\/wp-content\/uploads\/2023\/03\/02096_technique_alkemy_amplify_mask_500ml.png\",\"width\":600,\"height\":600},{\"@type\":\"BreadcrumbList\",\"@id\":\"https:\/\/www.technique-italia.com\/pt-pt\/products\/tratamentos\/alkemy-amplify-pt-pt\/alkemy-amplify-mascara-volumizadora\/#breadcrumb\",\"itemListElement\":[{\"@type\":\"ListItem\",\"position\":1,\"name\":\"Home\",\"item\":\"https:\/\/www.technique-italia.com\/pt-pt\/\"},{\"@type\":\"ListItem\",\"position\":2,\"name\":\"Produtos\",\"item\":\"https:\/\/www.technique-italia.com\/pt-pt\/shop\/\"},{\"@type\":\"ListItem\",\"position\":3,\"name\":\"Alkemy Amplify | M\u00e1scara volumizadora\"}]},{\"@type\":\"WebSite\",\"@id\":\"https:\/\/www.technique-italia.com\/pt-pt\/#website\",\"url\":\"https:\/\/www.technique-italia.com\/pt-pt\/\",\"name\":\"Technique\",\"description\":\"The Italian Concept\",\"potentialAction\":[{\"@type\":\"SearchAction\",\"target\":{\"@type\":\"EntryPoint\",\"urlTemplate\":\"https:\/\/www.technique-italia.com\/pt-pt\/?s={search_term_string}\"},\"query-input\":{\"@type\":\"PropertyValueSpecification\",\"valueRequired\":true,\"valueName\":\"search_term_string\"}}],\"inLanguage\":\"pt-PT\"}]}<\/script>\n<!-- \/ Yoast SEO plugin. -->","yoast_head_json":{"title":"Alkemy Amplify | M\u00e1scara volumizadora - Technique","description":"Alkemy Amplify \u00e9 a m\u00e1scara que d\u00e1 um volume extraordin\u00e1rio aos cabelos finos e sem tonicidade.","robots":{"index":"index","follow":"follow","max-snippet":"max-snippet:-1","max-image-preview":"max-image-preview:large","max-video-preview":"max-video-preview:-1"},"canonical":"https:\/\/www.technique-italia.com\/pt-pt\/products\/tratamentos\/alkemy-amplify-pt-pt\/alkemy-amplify-mascara-volumizadora\/","og_locale":"pt_PT","og_type":"article","og_title":"Alkemy Amplify | M\u00e1scara volumizadora - Technique","og_description":"Alkemy Amplify \u00e9 a m\u00e1scara que d\u00e1 um volume extraordin\u00e1rio aos cabelos finos e sem tonicidade.","og_url":"https:\/\/www.technique-italia.com\/pt-pt\/products\/tratamentos\/alkemy-amplify-pt-pt\/alkemy-amplify-mascara-volumizadora\/","og_site_name":"Technique","article_modified_time":"2023-04-17T08:30:10+00:00","og_image":[{"width":600,"height":600,"url":"https:\/\/www.technique-italia.com\/wp-content\/uploads\/2023\/03\/02096_technique_alkemy_amplify_mask_500ml.png","type":"image\/png"}],"twitter_card":"summary_large_image","schema":{"@context":"https:\/\/schema.org","@graph":[{"@type":"WebPage","@id":"https:\/\/www.technique-italia.com\/pt-pt\/products\/tratamentos\/alkemy-amplify-pt-pt\/alkemy-amplify-mascara-volumizadora\/","url":"https:\/\/www.technique-italia.com\/pt-pt\/products\/tratamentos\/alkemy-amplify-pt-pt\/alkemy-amplify-mascara-volumizadora\/","name":"Alkemy Amplify | M\u00e1scara volumizadora - Technique","isPartOf":{"@id":"https:\/\/www.technique-italia.com\/pt-pt\/#website"},"primaryImageOfPage":{"@id":"https:\/\/www.technique-italia.com\/pt-pt\/products\/tratamentos\/alkemy-amplify-pt-pt\/alkemy-amplify-mascara-volumizadora\/#primaryimage"},"image":{"@id":"https:\/\/www.technique-italia.com\/pt-pt\/products\/tratamentos\/alkemy-amplify-pt-pt\/alkemy-amplify-mascara-volumizadora\/#primaryimage"},"thumbnailUrl":"https:\/\/www.technique-italia.com\/wp-content\/uploads\/2023\/03\/02096_technique_alkemy_amplify_mask_500ml.png","datePublished":"2023-03-16T14:47:36+00:00","dateModified":"2023-04-17T08:30:10+00:00","description":"Alkemy Amplify \u00e9 a m\u00e1scara que d\u00e1 um volume extraordin\u00e1rio aos cabelos finos e sem tonicidade.","breadcrumb":{"@id":"https:\/\/www.technique-italia.com\/pt-pt\/products\/tratamentos\/alkemy-amplify-pt-pt\/alkemy-amplify-mascara-volumizadora\/#breadcrumb"},"inLanguage":"pt-PT","potentialAction":[{"@type":"ReadAction","target":["https:\/\/www.technique-italia.com\/pt-pt\/products\/tratamentos\/alkemy-amplify-pt-pt\/alkemy-amplify-mascara-volumizadora\/"]}]},{"@type":"ImageObject","inLanguage":"pt-PT","@id":"https:\/\/www.technique-italia.com\/pt-pt\/products\/tratamentos\/alkemy-amplify-pt-pt\/alkemy-amplify-mascara-volumizadora\/#primaryimage","url":"https:\/\/www.technique-italia.com\/wp-content\/uploads\/2023\/03\/02096_technique_alkemy_amplify_mask_500ml.png","contentUrl":"https:\/\/www.technique-italia.com\/wp-content\/uploads\/2023\/03\/02096_technique_alkemy_amplify_mask_500ml.png","width":600,"height":600},{"@type":"BreadcrumbList","@id":"https:\/\/www.technique-italia.com\/pt-pt\/products\/tratamentos\/alkemy-amplify-pt-pt\/alkemy-amplify-mascara-volumizadora\/#breadcrumb","itemListElement":[{"@type":"ListItem","position":1,"name":"Home","item":"https:\/\/www.technique-italia.com\/pt-pt\/"},{"@type":"ListItem","position":2,"name":"Produtos","item":"https:\/\/www.technique-italia.com\/pt-pt\/shop\/"},{"@type":"ListItem","position":3,"name":"Alkemy Amplify | M\u00e1scara volumizadora"}]},{"@type":"WebSite","@id":"https:\/\/www.technique-italia.com\/pt-pt\/#website","url":"https:\/\/www.technique-italia.com\/pt-pt\/","name":"Technique","description":"The Italian Concept","potentialAction":[{"@type":"SearchAction","target":{"@type":"EntryPoint","urlTemplate":"https:\/\/www.technique-italia.com\/pt-pt\/?s={search_term_string}"},"query-input":{"@type":"PropertyValueSpecification","valueRequired":true,"valueName":"search_term_string"}}],"inLanguage":"pt-PT"}]}},"_links":{"self":[{"href":"https:\/\/www.technique-italia.com\/pt-pt\/wp-json\/wp\/v2\/product\/14982","targetHints":{"allow":["GET"]}}],"collection":[{"href":"https:\/\/www.technique-italia.com\/pt-pt\/wp-json\/wp\/v2\/product"}],"about":[{"href":"https:\/\/www.technique-italia.com\/pt-pt\/wp-json\/wp\/v2\/types\/product"}],"wp:featuredmedia":[{"embeddable":true,"href":"https:\/\/www.technique-italia.com\/pt-pt\/wp-json\/wp\/v2\/media\/14938"}],"wp:attachment":[{"href":"https:\/\/www.technique-italia.com\/pt-pt\/wp-json\/wp\/v2\/media?parent=14982"}],"wp:term":[{"taxonomy":"product_brand","embeddable":true,"href":"https:\/\/www.technique-italia.com\/pt-pt\/wp-json\/wp\/v2\/product_brand?post=14982"},{"taxonomy":"product_cat","embeddable":true,"href":"https:\/\/www.technique-italia.com\/pt-pt\/wp-json\/wp\/v2\/product_cat?post=14982"},{"taxonomy":"product_tag","embeddable":true,"href":"https:\/\/www.technique-italia.com\/pt-pt\/wp-json\/wp\/v2\/product_tag?post=14982"}],"curies":[{"name":"wp","href":"https:\/\/api.w.org\/{rel}","templated":true}]}}