{"id":14972,"date":"2023-03-16T15:23:55","date_gmt":"2023-03-16T14:23:56","guid":{"rendered":"https:\/\/www.technique-italia.com\/\/?post_type=product&#038;p=14972"},"modified":"2023-04-17T10:27:19","modified_gmt":"2023-04-17T08:27:19","slug":"alkemy-amplify-champo-volumizador","status":"publish","type":"product","link":"https:\/\/www.technique-italia.com\/pt-pt\/products\/tratamentos\/alkemy-amplify-pt-pt\/alkemy-amplify-champo-volumizador\/","title":{"rendered":"Alkemy Amplify | Champ\u00f4 volumizador"},"content":{"rendered":"","protected":false},"excerpt":{"rendered":"<p><span style=\"font-weight: 400;\">Alkemy Amplify \u00e9 o <\/span><b>champ\u00f4 volumizador<\/b><span style=\"font-weight: 400;\"> estudado para cabelos finos e sem tonicidade. Limpa suavemente o cabelo, <\/span><b>dando corpo e volume,<\/b><span style=\"font-weight: 400;\"> com um efeito natural.<\/span><\/p>\n<p><span style=\"font-weight: 400;\">1000 ml<\/span><\/p>\n","protected":false},"featured_media":14928,"template":"","meta":[],"product_brand":[],"product_cat":[2323,628],"product_tag":[],"class_list":{"0":"post-14972","1":"product","2":"type-product","3":"status-publish","4":"has-post-thumbnail","6":"product_cat-alkemy-amplify-pt-pt","7":"product_cat-tratamentos","8":"description-off","10":"first","11":"instock","12":"shipping-taxable","13":"product-type-simple"},"yoast_head":"<!-- This site is optimized with the Yoast SEO plugin v26.8 - https:\/\/yoast.com\/product\/yoast-seo-wordpress\/ -->\n<title>Alkemy Amplify | Champ\u00f4 volumizador - Technique<\/title>\n<meta name=\"description\" content=\"Alkemy Amplify \u00e9 o champ\u00f4 volumizador estudado para cabelos finos e sem tonicidade.\" \/>\n<meta name=\"robots\" content=\"index, follow, max-snippet:-1, max-image-preview:large, max-video-preview:-1\" \/>\n<link rel=\"canonical\" href=\"https:\/\/www.technique-italia.com\/pt-pt\/products\/tratamentos\/alkemy-amplify-pt-pt\/alkemy-amplify-champo-volumizador\/\" \/>\n<meta property=\"og:locale\" content=\"pt_PT\" \/>\n<meta property=\"og:type\" content=\"article\" \/>\n<meta property=\"og:title\" content=\"Alkemy Amplify | Champ\u00f4 volumizador - Technique\" \/>\n<meta property=\"og:description\" content=\"Alkemy Amplify \u00e9 o champ\u00f4 volumizador estudado para cabelos finos e sem tonicidade.\" \/>\n<meta property=\"og:url\" content=\"https:\/\/www.technique-italia.com\/pt-pt\/products\/tratamentos\/alkemy-amplify-pt-pt\/alkemy-amplify-champo-volumizador\/\" \/>\n<meta property=\"og:site_name\" content=\"Technique\" \/>\n<meta property=\"article:modified_time\" content=\"2023-04-17T08:27:19+00:00\" \/>\n<meta property=\"og:image\" content=\"https:\/\/www.technique-italia.com\/wp-content\/uploads\/2023\/03\/02094_technique_alkemy_amplify_shampoo_1000ml.png\" \/>\n\t<meta property=\"og:image:width\" content=\"600\" \/>\n\t<meta property=\"og:image:height\" content=\"600\" \/>\n\t<meta property=\"og:image:type\" content=\"image\/png\" \/>\n<meta name=\"twitter:card\" content=\"summary_large_image\" \/>\n<script type=\"application\/ld+json\" class=\"yoast-schema-graph\">{\"@context\":\"https:\/\/schema.org\",\"@graph\":[{\"@type\":\"WebPage\",\"@id\":\"https:\/\/www.technique-italia.com\/pt-pt\/products\/tratamentos\/alkemy-amplify-pt-pt\/alkemy-amplify-champo-volumizador\/\",\"url\":\"https:\/\/www.technique-italia.com\/pt-pt\/products\/tratamentos\/alkemy-amplify-pt-pt\/alkemy-amplify-champo-volumizador\/\",\"name\":\"Alkemy Amplify | Champ\u00f4 volumizador - Technique\",\"isPartOf\":{\"@id\":\"https:\/\/www.technique-italia.com\/pt-pt\/#website\"},\"primaryImageOfPage\":{\"@id\":\"https:\/\/www.technique-italia.com\/pt-pt\/products\/tratamentos\/alkemy-amplify-pt-pt\/alkemy-amplify-champo-volumizador\/#primaryimage\"},\"image\":{\"@id\":\"https:\/\/www.technique-italia.com\/pt-pt\/products\/tratamentos\/alkemy-amplify-pt-pt\/alkemy-amplify-champo-volumizador\/#primaryimage\"},\"thumbnailUrl\":\"https:\/\/www.technique-italia.com\/wp-content\/uploads\/2023\/03\/02094_technique_alkemy_amplify_shampoo_1000ml.png\",\"datePublished\":\"2023-03-16T14:23:56+00:00\",\"dateModified\":\"2023-04-17T08:27:19+00:00\",\"description\":\"Alkemy Amplify \u00e9 o champ\u00f4 volumizador estudado para cabelos finos e sem tonicidade.\",\"breadcrumb\":{\"@id\":\"https:\/\/www.technique-italia.com\/pt-pt\/products\/tratamentos\/alkemy-amplify-pt-pt\/alkemy-amplify-champo-volumizador\/#breadcrumb\"},\"inLanguage\":\"pt-PT\",\"potentialAction\":[{\"@type\":\"ReadAction\",\"target\":[\"https:\/\/www.technique-italia.com\/pt-pt\/products\/tratamentos\/alkemy-amplify-pt-pt\/alkemy-amplify-champo-volumizador\/\"]}]},{\"@type\":\"ImageObject\",\"inLanguage\":\"pt-PT\",\"@id\":\"https:\/\/www.technique-italia.com\/pt-pt\/products\/tratamentos\/alkemy-amplify-pt-pt\/alkemy-amplify-champo-volumizador\/#primaryimage\",\"url\":\"https:\/\/www.technique-italia.com\/wp-content\/uploads\/2023\/03\/02094_technique_alkemy_amplify_shampoo_1000ml.png\",\"contentUrl\":\"https:\/\/www.technique-italia.com\/wp-content\/uploads\/2023\/03\/02094_technique_alkemy_amplify_shampoo_1000ml.png\",\"width\":600,\"height\":600},{\"@type\":\"BreadcrumbList\",\"@id\":\"https:\/\/www.technique-italia.com\/pt-pt\/products\/tratamentos\/alkemy-amplify-pt-pt\/alkemy-amplify-champo-volumizador\/#breadcrumb\",\"itemListElement\":[{\"@type\":\"ListItem\",\"position\":1,\"name\":\"Home\",\"item\":\"https:\/\/www.technique-italia.com\/pt-pt\/\"},{\"@type\":\"ListItem\",\"position\":2,\"name\":\"Produtos\",\"item\":\"https:\/\/www.technique-italia.com\/pt-pt\/shop\/\"},{\"@type\":\"ListItem\",\"position\":3,\"name\":\"Alkemy Amplify | Champ\u00f4 volumizador\"}]},{\"@type\":\"WebSite\",\"@id\":\"https:\/\/www.technique-italia.com\/pt-pt\/#website\",\"url\":\"https:\/\/www.technique-italia.com\/pt-pt\/\",\"name\":\"Technique\",\"description\":\"The Italian Concept\",\"potentialAction\":[{\"@type\":\"SearchAction\",\"target\":{\"@type\":\"EntryPoint\",\"urlTemplate\":\"https:\/\/www.technique-italia.com\/pt-pt\/?s={search_term_string}\"},\"query-input\":{\"@type\":\"PropertyValueSpecification\",\"valueRequired\":true,\"valueName\":\"search_term_string\"}}],\"inLanguage\":\"pt-PT\"}]}<\/script>\n<!-- \/ Yoast SEO plugin. -->","yoast_head_json":{"title":"Alkemy Amplify | Champ\u00f4 volumizador - Technique","description":"Alkemy Amplify \u00e9 o champ\u00f4 volumizador estudado para cabelos finos e sem tonicidade.","robots":{"index":"index","follow":"follow","max-snippet":"max-snippet:-1","max-image-preview":"max-image-preview:large","max-video-preview":"max-video-preview:-1"},"canonical":"https:\/\/www.technique-italia.com\/pt-pt\/products\/tratamentos\/alkemy-amplify-pt-pt\/alkemy-amplify-champo-volumizador\/","og_locale":"pt_PT","og_type":"article","og_title":"Alkemy Amplify | Champ\u00f4 volumizador - Technique","og_description":"Alkemy Amplify \u00e9 o champ\u00f4 volumizador estudado para cabelos finos e sem tonicidade.","og_url":"https:\/\/www.technique-italia.com\/pt-pt\/products\/tratamentos\/alkemy-amplify-pt-pt\/alkemy-amplify-champo-volumizador\/","og_site_name":"Technique","article_modified_time":"2023-04-17T08:27:19+00:00","og_image":[{"width":600,"height":600,"url":"https:\/\/www.technique-italia.com\/wp-content\/uploads\/2023\/03\/02094_technique_alkemy_amplify_shampoo_1000ml.png","type":"image\/png"}],"twitter_card":"summary_large_image","schema":{"@context":"https:\/\/schema.org","@graph":[{"@type":"WebPage","@id":"https:\/\/www.technique-italia.com\/pt-pt\/products\/tratamentos\/alkemy-amplify-pt-pt\/alkemy-amplify-champo-volumizador\/","url":"https:\/\/www.technique-italia.com\/pt-pt\/products\/tratamentos\/alkemy-amplify-pt-pt\/alkemy-amplify-champo-volumizador\/","name":"Alkemy Amplify | Champ\u00f4 volumizador - Technique","isPartOf":{"@id":"https:\/\/www.technique-italia.com\/pt-pt\/#website"},"primaryImageOfPage":{"@id":"https:\/\/www.technique-italia.com\/pt-pt\/products\/tratamentos\/alkemy-amplify-pt-pt\/alkemy-amplify-champo-volumizador\/#primaryimage"},"image":{"@id":"https:\/\/www.technique-italia.com\/pt-pt\/products\/tratamentos\/alkemy-amplify-pt-pt\/alkemy-amplify-champo-volumizador\/#primaryimage"},"thumbnailUrl":"https:\/\/www.technique-italia.com\/wp-content\/uploads\/2023\/03\/02094_technique_alkemy_amplify_shampoo_1000ml.png","datePublished":"2023-03-16T14:23:56+00:00","dateModified":"2023-04-17T08:27:19+00:00","description":"Alkemy Amplify \u00e9 o champ\u00f4 volumizador estudado para cabelos finos e sem tonicidade.","breadcrumb":{"@id":"https:\/\/www.technique-italia.com\/pt-pt\/products\/tratamentos\/alkemy-amplify-pt-pt\/alkemy-amplify-champo-volumizador\/#breadcrumb"},"inLanguage":"pt-PT","potentialAction":[{"@type":"ReadAction","target":["https:\/\/www.technique-italia.com\/pt-pt\/products\/tratamentos\/alkemy-amplify-pt-pt\/alkemy-amplify-champo-volumizador\/"]}]},{"@type":"ImageObject","inLanguage":"pt-PT","@id":"https:\/\/www.technique-italia.com\/pt-pt\/products\/tratamentos\/alkemy-amplify-pt-pt\/alkemy-amplify-champo-volumizador\/#primaryimage","url":"https:\/\/www.technique-italia.com\/wp-content\/uploads\/2023\/03\/02094_technique_alkemy_amplify_shampoo_1000ml.png","contentUrl":"https:\/\/www.technique-italia.com\/wp-content\/uploads\/2023\/03\/02094_technique_alkemy_amplify_shampoo_1000ml.png","width":600,"height":600},{"@type":"BreadcrumbList","@id":"https:\/\/www.technique-italia.com\/pt-pt\/products\/tratamentos\/alkemy-amplify-pt-pt\/alkemy-amplify-champo-volumizador\/#breadcrumb","itemListElement":[{"@type":"ListItem","position":1,"name":"Home","item":"https:\/\/www.technique-italia.com\/pt-pt\/"},{"@type":"ListItem","position":2,"name":"Produtos","item":"https:\/\/www.technique-italia.com\/pt-pt\/shop\/"},{"@type":"ListItem","position":3,"name":"Alkemy Amplify | Champ\u00f4 volumizador"}]},{"@type":"WebSite","@id":"https:\/\/www.technique-italia.com\/pt-pt\/#website","url":"https:\/\/www.technique-italia.com\/pt-pt\/","name":"Technique","description":"The Italian Concept","potentialAction":[{"@type":"SearchAction","target":{"@type":"EntryPoint","urlTemplate":"https:\/\/www.technique-italia.com\/pt-pt\/?s={search_term_string}"},"query-input":{"@type":"PropertyValueSpecification","valueRequired":true,"valueName":"search_term_string"}}],"inLanguage":"pt-PT"}]}},"_links":{"self":[{"href":"https:\/\/www.technique-italia.com\/pt-pt\/wp-json\/wp\/v2\/product\/14972","targetHints":{"allow":["GET"]}}],"collection":[{"href":"https:\/\/www.technique-italia.com\/pt-pt\/wp-json\/wp\/v2\/product"}],"about":[{"href":"https:\/\/www.technique-italia.com\/pt-pt\/wp-json\/wp\/v2\/types\/product"}],"wp:featuredmedia":[{"embeddable":true,"href":"https:\/\/www.technique-italia.com\/pt-pt\/wp-json\/wp\/v2\/media\/14928"}],"wp:attachment":[{"href":"https:\/\/www.technique-italia.com\/pt-pt\/wp-json\/wp\/v2\/media?parent=14972"}],"wp:term":[{"taxonomy":"product_brand","embeddable":true,"href":"https:\/\/www.technique-italia.com\/pt-pt\/wp-json\/wp\/v2\/product_brand?post=14972"},{"taxonomy":"product_cat","embeddable":true,"href":"https:\/\/www.technique-italia.com\/pt-pt\/wp-json\/wp\/v2\/product_cat?post=14972"},{"taxonomy":"product_tag","embeddable":true,"href":"https:\/\/www.technique-italia.com\/pt-pt\/wp-json\/wp\/v2\/product_tag?post=14972"}],"curies":[{"name":"wp","href":"https:\/\/api.w.org\/{rel}","templated":true}]}}