{"id":14383,"date":"2022-09-09T11:45:04","date_gmt":"2022-09-09T09:45:04","guid":{"rendered":"https:\/\/www.technique-italia.com\/\/?post_type=product&#038;p=14383"},"modified":"2022-09-13T14:56:26","modified_gmt":"2022-09-13T12:56:26","slug":"system-energy-tratamento-intensivo-de-prevencao-antiqueda-copia","status":"publish","type":"product","link":"https:\/\/www.technique-italia.com\/pt-pt\/products\/tratamentos\/system-energy-pt-pt\/system-energy-tratamento-intensivo-de-prevencao-antiqueda-copia\/","title":{"rendered":"System Energy | Kit de preven\u00e7\u00e3o antiqueda"},"content":{"rendered":"","protected":false},"excerpt":{"rendered":"<p><span style=\"font-weight: 400;\">O kit de preven\u00e7\u00e3o antiqueda System Energy foi <strong>concebido para cabelos fragilizados, enfraquecidos e com tend\u00eancia para a quebra<\/strong>. O banho capilar, o tratamento de ampolas e o massajador do couro cabeludo ajudam a combater a <strong>queda de cabelo e a reativar a microcircula\u00e7\u00e3o<\/strong>, para um cabelo mais saud\u00e1vel e forte.<\/span><\/p>\n<p><span style=\"font-weight: 400;\">O kit consiste no Banho capilar de 300 ml, no Tratamento de 10 ampolas monodose de 8 ml e no Massajador do couro cabeludo.<\/span><\/p>\n<p>&nbsp;<\/p>\n","protected":false},"featured_media":13932,"template":"","meta":[],"product_brand":[],"product_cat":[637,628],"product_tag":[],"class_list":{"0":"post-14383","1":"product","2":"type-product","3":"status-publish","4":"has-post-thumbnail","6":"product_cat-system-energy-pt-pt","7":"product_cat-tratamentos","8":"description-off","10":"first","11":"instock","12":"shipping-taxable","13":"product-type-simple"},"yoast_head":"<!-- This site is optimized with the Yoast SEO plugin v26.8 - https:\/\/yoast.com\/product\/yoast-seo-wordpress\/ -->\n<title>System Energy | Kit de preven\u00e7\u00e3o antiqueda<\/title>\n<meta name=\"description\" content=\"O kit de preven\u00e7\u00e3o antiqueda System Energy foi concebido para cabelos fragilizados, enfraquecidos e com tend\u00eancia para a quebra.\" \/>\n<meta name=\"robots\" content=\"index, follow, max-snippet:-1, max-image-preview:large, max-video-preview:-1\" \/>\n<link rel=\"canonical\" href=\"https:\/\/www.technique-italia.com\/pt-pt\/products\/tratamentos\/system-energy-pt-pt\/system-energy-tratamento-intensivo-de-prevencao-antiqueda-copia\/\" \/>\n<meta property=\"og:locale\" content=\"pt_PT\" \/>\n<meta property=\"og:type\" content=\"article\" \/>\n<meta property=\"og:title\" content=\"System Energy | Kit de preven\u00e7\u00e3o antiqueda\" \/>\n<meta property=\"og:description\" content=\"O kit de preven\u00e7\u00e3o antiqueda System Energy foi concebido para cabelos fragilizados, enfraquecidos e com tend\u00eancia para a quebra.\" \/>\n<meta property=\"og:url\" content=\"https:\/\/www.technique-italia.com\/pt-pt\/products\/tratamentos\/system-energy-pt-pt\/system-energy-tratamento-intensivo-de-prevencao-antiqueda-copia\/\" \/>\n<meta property=\"og:site_name\" content=\"Technique\" \/>\n<meta property=\"article:modified_time\" content=\"2022-09-13T12:56:26+00:00\" \/>\n<meta property=\"og:image\" content=\"https:\/\/www.technique-italia.com\/wp-content\/uploads\/2022\/08\/technique_system_energy_kit_massaggiatore.png\" \/>\n\t<meta property=\"og:image:width\" content=\"600\" \/>\n\t<meta property=\"og:image:height\" content=\"600\" \/>\n\t<meta property=\"og:image:type\" content=\"image\/png\" \/>\n<meta name=\"twitter:card\" content=\"summary_large_image\" \/>\n<script type=\"application\/ld+json\" class=\"yoast-schema-graph\">{\"@context\":\"https:\/\/schema.org\",\"@graph\":[{\"@type\":\"WebPage\",\"@id\":\"https:\/\/www.technique-italia.com\/pt-pt\/products\/tratamentos\/system-energy-pt-pt\/system-energy-tratamento-intensivo-de-prevencao-antiqueda-copia\/\",\"url\":\"https:\/\/www.technique-italia.com\/pt-pt\/products\/tratamentos\/system-energy-pt-pt\/system-energy-tratamento-intensivo-de-prevencao-antiqueda-copia\/\",\"name\":\"System Energy | Kit de preven\u00e7\u00e3o antiqueda\",\"isPartOf\":{\"@id\":\"https:\/\/www.technique-italia.com\/pt-pt\/#website\"},\"primaryImageOfPage\":{\"@id\":\"https:\/\/www.technique-italia.com\/pt-pt\/products\/tratamentos\/system-energy-pt-pt\/system-energy-tratamento-intensivo-de-prevencao-antiqueda-copia\/#primaryimage\"},\"image\":{\"@id\":\"https:\/\/www.technique-italia.com\/pt-pt\/products\/tratamentos\/system-energy-pt-pt\/system-energy-tratamento-intensivo-de-prevencao-antiqueda-copia\/#primaryimage\"},\"thumbnailUrl\":\"https:\/\/www.technique-italia.com\/wp-content\/uploads\/2022\/08\/technique_system_energy_kit_massaggiatore.png\",\"datePublished\":\"2022-09-09T09:45:04+00:00\",\"dateModified\":\"2022-09-13T12:56:26+00:00\",\"description\":\"O kit de preven\u00e7\u00e3o antiqueda System Energy foi concebido para cabelos fragilizados, enfraquecidos e com tend\u00eancia para a quebra.\",\"breadcrumb\":{\"@id\":\"https:\/\/www.technique-italia.com\/pt-pt\/products\/tratamentos\/system-energy-pt-pt\/system-energy-tratamento-intensivo-de-prevencao-antiqueda-copia\/#breadcrumb\"},\"inLanguage\":\"pt-PT\",\"potentialAction\":[{\"@type\":\"ReadAction\",\"target\":[\"https:\/\/www.technique-italia.com\/pt-pt\/products\/tratamentos\/system-energy-pt-pt\/system-energy-tratamento-intensivo-de-prevencao-antiqueda-copia\/\"]}]},{\"@type\":\"ImageObject\",\"inLanguage\":\"pt-PT\",\"@id\":\"https:\/\/www.technique-italia.com\/pt-pt\/products\/tratamentos\/system-energy-pt-pt\/system-energy-tratamento-intensivo-de-prevencao-antiqueda-copia\/#primaryimage\",\"url\":\"https:\/\/www.technique-italia.com\/wp-content\/uploads\/2022\/08\/technique_system_energy_kit_massaggiatore.png\",\"contentUrl\":\"https:\/\/www.technique-italia.com\/wp-content\/uploads\/2022\/08\/technique_system_energy_kit_massaggiatore.png\",\"width\":600,\"height\":600},{\"@type\":\"BreadcrumbList\",\"@id\":\"https:\/\/www.technique-italia.com\/pt-pt\/products\/tratamentos\/system-energy-pt-pt\/system-energy-tratamento-intensivo-de-prevencao-antiqueda-copia\/#breadcrumb\",\"itemListElement\":[{\"@type\":\"ListItem\",\"position\":1,\"name\":\"Home\",\"item\":\"https:\/\/www.technique-italia.com\/pt-pt\/\"},{\"@type\":\"ListItem\",\"position\":2,\"name\":\"Produtos\",\"item\":\"https:\/\/www.technique-italia.com\/pt-pt\/shop\/\"},{\"@type\":\"ListItem\",\"position\":3,\"name\":\"System Energy | Kit de preven\u00e7\u00e3o antiqueda\"}]},{\"@type\":\"WebSite\",\"@id\":\"https:\/\/www.technique-italia.com\/pt-pt\/#website\",\"url\":\"https:\/\/www.technique-italia.com\/pt-pt\/\",\"name\":\"Technique\",\"description\":\"The Italian Concept\",\"potentialAction\":[{\"@type\":\"SearchAction\",\"target\":{\"@type\":\"EntryPoint\",\"urlTemplate\":\"https:\/\/www.technique-italia.com\/pt-pt\/?s={search_term_string}\"},\"query-input\":{\"@type\":\"PropertyValueSpecification\",\"valueRequired\":true,\"valueName\":\"search_term_string\"}}],\"inLanguage\":\"pt-PT\"}]}<\/script>\n<!-- \/ Yoast SEO plugin. -->","yoast_head_json":{"title":"System Energy | Kit de preven\u00e7\u00e3o antiqueda","description":"O kit de preven\u00e7\u00e3o antiqueda System Energy foi concebido para cabelos fragilizados, enfraquecidos e com tend\u00eancia para a quebra.","robots":{"index":"index","follow":"follow","max-snippet":"max-snippet:-1","max-image-preview":"max-image-preview:large","max-video-preview":"max-video-preview:-1"},"canonical":"https:\/\/www.technique-italia.com\/pt-pt\/products\/tratamentos\/system-energy-pt-pt\/system-energy-tratamento-intensivo-de-prevencao-antiqueda-copia\/","og_locale":"pt_PT","og_type":"article","og_title":"System Energy | Kit de preven\u00e7\u00e3o antiqueda","og_description":"O kit de preven\u00e7\u00e3o antiqueda System Energy foi concebido para cabelos fragilizados, enfraquecidos e com tend\u00eancia para a quebra.","og_url":"https:\/\/www.technique-italia.com\/pt-pt\/products\/tratamentos\/system-energy-pt-pt\/system-energy-tratamento-intensivo-de-prevencao-antiqueda-copia\/","og_site_name":"Technique","article_modified_time":"2022-09-13T12:56:26+00:00","og_image":[{"width":600,"height":600,"url":"https:\/\/www.technique-italia.com\/wp-content\/uploads\/2022\/08\/technique_system_energy_kit_massaggiatore.png","type":"image\/png"}],"twitter_card":"summary_large_image","schema":{"@context":"https:\/\/schema.org","@graph":[{"@type":"WebPage","@id":"https:\/\/www.technique-italia.com\/pt-pt\/products\/tratamentos\/system-energy-pt-pt\/system-energy-tratamento-intensivo-de-prevencao-antiqueda-copia\/","url":"https:\/\/www.technique-italia.com\/pt-pt\/products\/tratamentos\/system-energy-pt-pt\/system-energy-tratamento-intensivo-de-prevencao-antiqueda-copia\/","name":"System Energy | Kit de preven\u00e7\u00e3o antiqueda","isPartOf":{"@id":"https:\/\/www.technique-italia.com\/pt-pt\/#website"},"primaryImageOfPage":{"@id":"https:\/\/www.technique-italia.com\/pt-pt\/products\/tratamentos\/system-energy-pt-pt\/system-energy-tratamento-intensivo-de-prevencao-antiqueda-copia\/#primaryimage"},"image":{"@id":"https:\/\/www.technique-italia.com\/pt-pt\/products\/tratamentos\/system-energy-pt-pt\/system-energy-tratamento-intensivo-de-prevencao-antiqueda-copia\/#primaryimage"},"thumbnailUrl":"https:\/\/www.technique-italia.com\/wp-content\/uploads\/2022\/08\/technique_system_energy_kit_massaggiatore.png","datePublished":"2022-09-09T09:45:04+00:00","dateModified":"2022-09-13T12:56:26+00:00","description":"O kit de preven\u00e7\u00e3o antiqueda System Energy foi concebido para cabelos fragilizados, enfraquecidos e com tend\u00eancia para a quebra.","breadcrumb":{"@id":"https:\/\/www.technique-italia.com\/pt-pt\/products\/tratamentos\/system-energy-pt-pt\/system-energy-tratamento-intensivo-de-prevencao-antiqueda-copia\/#breadcrumb"},"inLanguage":"pt-PT","potentialAction":[{"@type":"ReadAction","target":["https:\/\/www.technique-italia.com\/pt-pt\/products\/tratamentos\/system-energy-pt-pt\/system-energy-tratamento-intensivo-de-prevencao-antiqueda-copia\/"]}]},{"@type":"ImageObject","inLanguage":"pt-PT","@id":"https:\/\/www.technique-italia.com\/pt-pt\/products\/tratamentos\/system-energy-pt-pt\/system-energy-tratamento-intensivo-de-prevencao-antiqueda-copia\/#primaryimage","url":"https:\/\/www.technique-italia.com\/wp-content\/uploads\/2022\/08\/technique_system_energy_kit_massaggiatore.png","contentUrl":"https:\/\/www.technique-italia.com\/wp-content\/uploads\/2022\/08\/technique_system_energy_kit_massaggiatore.png","width":600,"height":600},{"@type":"BreadcrumbList","@id":"https:\/\/www.technique-italia.com\/pt-pt\/products\/tratamentos\/system-energy-pt-pt\/system-energy-tratamento-intensivo-de-prevencao-antiqueda-copia\/#breadcrumb","itemListElement":[{"@type":"ListItem","position":1,"name":"Home","item":"https:\/\/www.technique-italia.com\/pt-pt\/"},{"@type":"ListItem","position":2,"name":"Produtos","item":"https:\/\/www.technique-italia.com\/pt-pt\/shop\/"},{"@type":"ListItem","position":3,"name":"System Energy | Kit de preven\u00e7\u00e3o antiqueda"}]},{"@type":"WebSite","@id":"https:\/\/www.technique-italia.com\/pt-pt\/#website","url":"https:\/\/www.technique-italia.com\/pt-pt\/","name":"Technique","description":"The Italian Concept","potentialAction":[{"@type":"SearchAction","target":{"@type":"EntryPoint","urlTemplate":"https:\/\/www.technique-italia.com\/pt-pt\/?s={search_term_string}"},"query-input":{"@type":"PropertyValueSpecification","valueRequired":true,"valueName":"search_term_string"}}],"inLanguage":"pt-PT"}]}},"_links":{"self":[{"href":"https:\/\/www.technique-italia.com\/pt-pt\/wp-json\/wp\/v2\/product\/14383","targetHints":{"allow":["GET"]}}],"collection":[{"href":"https:\/\/www.technique-italia.com\/pt-pt\/wp-json\/wp\/v2\/product"}],"about":[{"href":"https:\/\/www.technique-italia.com\/pt-pt\/wp-json\/wp\/v2\/types\/product"}],"wp:featuredmedia":[{"embeddable":true,"href":"https:\/\/www.technique-italia.com\/pt-pt\/wp-json\/wp\/v2\/media\/13932"}],"wp:attachment":[{"href":"https:\/\/www.technique-italia.com\/pt-pt\/wp-json\/wp\/v2\/media?parent=14383"}],"wp:term":[{"taxonomy":"product_brand","embeddable":true,"href":"https:\/\/www.technique-italia.com\/pt-pt\/wp-json\/wp\/v2\/product_brand?post=14383"},{"taxonomy":"product_cat","embeddable":true,"href":"https:\/\/www.technique-italia.com\/pt-pt\/wp-json\/wp\/v2\/product_cat?post=14383"},{"taxonomy":"product_tag","embeddable":true,"href":"https:\/\/www.technique-italia.com\/pt-pt\/wp-json\/wp\/v2\/product_tag?post=14383"}],"curies":[{"name":"wp","href":"https:\/\/api.w.org\/{rel}","templated":true}]}}