{"id":8531,"date":"2021-12-20T10:11:44","date_gmt":"2021-12-20T09:11:44","guid":{"rendered":"https:\/\/www.technique-italia.com\/\/dados-da-sociedade-completos\/"},"modified":"2021-12-20T10:11:44","modified_gmt":"2021-12-20T09:11:44","slug":"dados-da-sociedade-completos","status":"publish","type":"page","link":"https:\/\/www.technique-italia.com\/pt-pt\/dados-da-sociedade-completos\/","title":{"rendered":"Dados da sociedade completos"},"content":{"rendered":"<div class=\"wpb-content-wrapper\"><p>[vc_row][vc_column][vc_column_text]<\/p>\n<h4><strong>DADOS DA SOCIEDADE COMPLETOS:<\/strong><\/h4>\n<div id=\"content\" class=\"content\" role=\"main\">\n<div class=\"vc_row wpb_row vc_row-fluid\">\n<div class=\"wpb_column vc_column_container vc_col-sm-12\">\n<div class=\"vc_column-inner\">\n<div class=\"wpb_wrapper\">\n<div class=\"wpb_text_column wpb_content_element \">\n<div class=\"wpb_wrapper\">\n<div class=\"vc_row wpb_row vc_row-fluid\">\n<div class=\"wpb_column vc_column_container vc_col-sm-12\">\n<div class=\"vc_column-inner\">\n<div class=\"wpb_wrapper\">\n<div class=\"wpb_text_column wpb_content_element \">\n<div class=\"wpb_wrapper\">\n<p>Comprof Milano S.r.l.<\/p>\n<p>N\u00famero de IVA: IT07479001211<\/p>\n<p>Sede legal: P.zza S. Maria degli Angeli a Pizzofalcone 1, N\u00e1poles (Na) 80132<\/p>\n<p>Sede Operacional: Cis di Nola Isola 8, lotto 8032-8035, 80035 Nola (Na)<\/p>\n<p>Conservat\u00f3ria do registo comercial: N\u00e1poles \u2013 sec\u00e7\u00e3o ordin\u00e1ria<\/p>\n<p>N\u00famero de inscri\u00e7\u00e3o no registo comercial: 07479001211<\/p>\n<p>Capital social realizado: \u20ac 100.000,00<\/p>\n<p>Endere\u00e7o de correio eletr\u00f3nico certificado: <a href=\"mailto:comprofmilano@legalmail.it\">comprofmilano@legalmail.it<\/a><\/p>\n<\/div>\n<\/div>\n<\/div>\n<\/div>\n<\/div>\n<\/div>\n<\/div>\n<\/div>\n<\/div>\n<\/div>\n<\/div>\n<\/div>\n<\/div>\n<p>[\/vc_column_text][\/vc_column][\/vc_row]<\/p>\n<\/div>","protected":false},"excerpt":{"rendered":"<p>[vc_row][vc_column][vc_column_text] DADOS DA SOCIEDADE COMPLETOS: Comprof Milano S.r.l. N\u00famero de IVA: IT07479001211 Sede legal: P.zza S. Maria degli Angeli a Pizzofalcone 1, N\u00e1poles (Na) 80132 Sede Operacional: Cis di Nola Isola 8, lotto 8032-8035, 80035 Nola (Na) Conservat\u00f3ria do registo comercial: N\u00e1poles \u2013 sec\u00e7\u00e3o ordin\u00e1ria N\u00famero de inscri\u00e7\u00e3o no registo comercial: 07479001211 Capital social realizado:&hellip;<\/p>\n","protected":false},"author":1,"featured_media":0,"parent":0,"menu_order":0,"comment_status":"closed","ping_status":"closed","template":"","meta":{"footnotes":""},"class_list":["post-8531","page","type-page","status-publish","hentry","description-off"],"yoast_head":"<!-- This site is optimized with the Yoast SEO plugin v26.8 - https:\/\/yoast.com\/product\/yoast-seo-wordpress\/ -->\n<title>Dados da sociedade completos - Technique<\/title>\n<meta name=\"robots\" content=\"noindex, nofollow\" \/>\n<meta property=\"og:locale\" content=\"pt_PT\" \/>\n<meta property=\"og:type\" content=\"article\" \/>\n<meta property=\"og:title\" content=\"Dados da sociedade completos - Technique\" \/>\n<meta property=\"og:description\" content=\"[vc_row][vc_column][vc_column_text] DADOS DA SOCIEDADE COMPLETOS: Comprof Milano S.r.l. N\u00famero de IVA: IT07479001211 Sede legal: P.zza S. Maria degli Angeli a Pizzofalcone 1, N\u00e1poles (Na) 80132 Sede Operacional: Cis di Nola Isola 8, lotto 8032-8035, 80035 Nola (Na) Conservat\u00f3ria do registo comercial: N\u00e1poles \u2013 sec\u00e7\u00e3o ordin\u00e1ria N\u00famero de inscri\u00e7\u00e3o no registo comercial: 07479001211 Capital social realizado:&hellip;\" \/>\n<meta property=\"og:url\" content=\"https:\/\/www.technique-italia.com\/pt-pt\/dados-da-sociedade-completos\/\" \/>\n<meta property=\"og:site_name\" content=\"Technique\" \/>\n<meta name=\"twitter:card\" content=\"summary_large_image\" \/>\n<script type=\"application\/ld+json\" class=\"yoast-schema-graph\">{\"@context\":\"https:\/\/schema.org\",\"@graph\":[{\"@type\":\"WebPage\",\"@id\":\"https:\/\/www.technique-italia.com\/pt-pt\/dados-da-sociedade-completos\/\",\"url\":\"https:\/\/www.technique-italia.com\/pt-pt\/dados-da-sociedade-completos\/\",\"name\":\"Dados da sociedade completos - Technique\",\"isPartOf\":{\"@id\":\"https:\/\/www.technique-italia.com\/pt-pt\/#website\"},\"datePublished\":\"2021-12-20T09:11:44+00:00\",\"breadcrumb\":{\"@id\":\"https:\/\/www.technique-italia.com\/pt-pt\/dados-da-sociedade-completos\/#breadcrumb\"},\"inLanguage\":\"pt-PT\",\"potentialAction\":[{\"@type\":\"ReadAction\",\"target\":[\"https:\/\/www.technique-italia.com\/pt-pt\/dados-da-sociedade-completos\/\"]}]},{\"@type\":\"BreadcrumbList\",\"@id\":\"https:\/\/www.technique-italia.com\/pt-pt\/dados-da-sociedade-completos\/#breadcrumb\",\"itemListElement\":[{\"@type\":\"ListItem\",\"position\":1,\"name\":\"Home\",\"item\":\"https:\/\/www.technique-italia.com\/pt-pt\/\"},{\"@type\":\"ListItem\",\"position\":2,\"name\":\"Dados da sociedade completos\"}]},{\"@type\":\"WebSite\",\"@id\":\"https:\/\/www.technique-italia.com\/pt-pt\/#website\",\"url\":\"https:\/\/www.technique-italia.com\/pt-pt\/\",\"name\":\"Technique\",\"description\":\"The Italian Concept\",\"potentialAction\":[{\"@type\":\"SearchAction\",\"target\":{\"@type\":\"EntryPoint\",\"urlTemplate\":\"https:\/\/www.technique-italia.com\/pt-pt\/?s={search_term_string}\"},\"query-input\":{\"@type\":\"PropertyValueSpecification\",\"valueRequired\":true,\"valueName\":\"search_term_string\"}}],\"inLanguage\":\"pt-PT\"}]}<\/script>\n<!-- \/ Yoast SEO plugin. -->","yoast_head_json":{"title":"Dados da sociedade completos - Technique","robots":{"index":"noindex","follow":"nofollow"},"og_locale":"pt_PT","og_type":"article","og_title":"Dados da sociedade completos - Technique","og_description":"[vc_row][vc_column][vc_column_text] DADOS DA SOCIEDADE COMPLETOS: Comprof Milano S.r.l. N\u00famero de IVA: IT07479001211 Sede legal: P.zza S. Maria degli Angeli a Pizzofalcone 1, N\u00e1poles (Na) 80132 Sede Operacional: Cis di Nola Isola 8, lotto 8032-8035, 80035 Nola (Na) Conservat\u00f3ria do registo comercial: N\u00e1poles \u2013 sec\u00e7\u00e3o ordin\u00e1ria N\u00famero de inscri\u00e7\u00e3o no registo comercial: 07479001211 Capital social realizado:&hellip;","og_url":"https:\/\/www.technique-italia.com\/pt-pt\/dados-da-sociedade-completos\/","og_site_name":"Technique","twitter_card":"summary_large_image","schema":{"@context":"https:\/\/schema.org","@graph":[{"@type":"WebPage","@id":"https:\/\/www.technique-italia.com\/pt-pt\/dados-da-sociedade-completos\/","url":"https:\/\/www.technique-italia.com\/pt-pt\/dados-da-sociedade-completos\/","name":"Dados da sociedade completos - Technique","isPartOf":{"@id":"https:\/\/www.technique-italia.com\/pt-pt\/#website"},"datePublished":"2021-12-20T09:11:44+00:00","breadcrumb":{"@id":"https:\/\/www.technique-italia.com\/pt-pt\/dados-da-sociedade-completos\/#breadcrumb"},"inLanguage":"pt-PT","potentialAction":[{"@type":"ReadAction","target":["https:\/\/www.technique-italia.com\/pt-pt\/dados-da-sociedade-completos\/"]}]},{"@type":"BreadcrumbList","@id":"https:\/\/www.technique-italia.com\/pt-pt\/dados-da-sociedade-completos\/#breadcrumb","itemListElement":[{"@type":"ListItem","position":1,"name":"Home","item":"https:\/\/www.technique-italia.com\/pt-pt\/"},{"@type":"ListItem","position":2,"name":"Dados da sociedade completos"}]},{"@type":"WebSite","@id":"https:\/\/www.technique-italia.com\/pt-pt\/#website","url":"https:\/\/www.technique-italia.com\/pt-pt\/","name":"Technique","description":"The Italian Concept","potentialAction":[{"@type":"SearchAction","target":{"@type":"EntryPoint","urlTemplate":"https:\/\/www.technique-italia.com\/pt-pt\/?s={search_term_string}"},"query-input":{"@type":"PropertyValueSpecification","valueRequired":true,"valueName":"search_term_string"}}],"inLanguage":"pt-PT"}]}},"_links":{"self":[{"href":"https:\/\/www.technique-italia.com\/pt-pt\/wp-json\/wp\/v2\/pages\/8531","targetHints":{"allow":["GET"]}}],"collection":[{"href":"https:\/\/www.technique-italia.com\/pt-pt\/wp-json\/wp\/v2\/pages"}],"about":[{"href":"https:\/\/www.technique-italia.com\/pt-pt\/wp-json\/wp\/v2\/types\/page"}],"author":[{"embeddable":true,"href":"https:\/\/www.technique-italia.com\/pt-pt\/wp-json\/wp\/v2\/users\/1"}],"replies":[{"embeddable":true,"href":"https:\/\/www.technique-italia.com\/pt-pt\/wp-json\/wp\/v2\/comments?post=8531"}],"version-history":[{"count":0,"href":"https:\/\/www.technique-italia.com\/pt-pt\/wp-json\/wp\/v2\/pages\/8531\/revisions"}],"wp:attachment":[{"href":"https:\/\/www.technique-italia.com\/pt-pt\/wp-json\/wp\/v2\/media?parent=8531"}],"curies":[{"name":"wp","href":"https:\/\/api.w.org\/{rel}","templated":true}]}}