{"id":8524,"date":"2021-12-20T10:04:01","date_gmt":"2021-12-20T09:04:01","guid":{"rendered":"https:\/\/www.technique-italia.com\/\/contactos\/"},"modified":"2026-04-09T15:48:52","modified_gmt":"2026-04-09T13:48:52","slug":"contactos","status":"publish","type":"page","link":"https:\/\/www.technique-italia.com\/pt-pt\/contactos\/","title":{"rendered":"Contactos"},"content":{"rendered":"<div class=\"wpb-content-wrapper\"><p>[vc_row][vc_column][vc_column_text]<\/p>\n<h2 style=\"text-align: left;\">Technique: Live the Performance<\/h2>\n<p><span style=\"font-weight: 400;\">L\u00edder por defini\u00e7\u00e3o. O Made in Italy que se destaca tamb\u00e9m no estrangeiro. Produtos de desempenho impec\u00e1vel, uma seguran\u00e7a para os profissionais mais exigentes e clientes que procuram o melhor. Escolher Technique significa decidir do seu pr\u00f3prio futuro, sempre e em todas as circunst\u00e2ncias.<\/span><br \/>\n[\/vc_column_text][vc_separator][\/vc_column][\/vc_row][vc_row][vc_column width=&#8221;1\/2&#8243;][vc_raw_html css=&#8221;&#8221;]JTNDJTIxLS0lMjBDdXN0b20lMjBGb3JtJTNBJTIwVGVjaG5pcXVlJTIwUFQlMjAtLSUzRSUwQSUzQ2xpbmslMjByZWwlM0QlMjJzdHlsZXNoZWV0JTIyJTIwaHJlZiUzRCUyMmh0dHBzJTNBJTJGJTJGaGVscGRlc2suY29tcHJvZi5pdCUyRmFzc2V0cyUyRmN1c3RvbS1mb3JtJTJGY3VzdG9tLWZvcm0uY3NzJTIyJTNFJTBBJTNDZGl2JTIwaWQlM0QlMjJjdXN0b20tZm9ybS1ncV9ReEZuSSUyMiUzRSUzQyUyRmRpdiUzRSUwQSUzQ3NjcmlwdCUyMHNyYyUzRCUyMmh0dHBzJTNBJTJGJTJGaGVscGRlc2suY29tcHJvZi5pdCUyRmFzc2V0cyUyRmN1c3RvbS1mb3JtJTJGY3VzdG9tLWZvcm0uanMlMjIlM0UlM0MlMkZzY3JpcHQlM0UlMEElM0NzY3JpcHQlM0UlMEElMjAlMjBaYW1tYWRDdXN0b21Gb3JtLmluaXQlMjglN0IlMEElMjAlMjAlMjAlMjBlbCUzQSUyMCUyMCUyMCUyMCUyMCUyMCUyNyUyM2N1c3RvbS1mb3JtLWdxX1F4Rm5JJTI3JTJDJTBBJTIwJTIwJTIwJTIwdG9rZW4lM0ElMjAlMjAlMjAlMjdncV9ReEZuSVA4VGFfVWdZZW5wOXZQUS1CNVFYTkZKdTUyNUkzRmFpZ0N0dmEyVkVJbF9JdWNpeDhLMTc2NEhYJTI3JTJDJTBBJTIwJTIwJTIwJTIwYmFzZVVybCUzQSUyMCUyN2h0dHBzJTNBJTJGJTJGaGVscGRlc2suY29tcHJvZi5pdCUyNyUwQSUyMCUyMCU3RCUyOSUzQiUwQSUzQyUyRnNjcmlwdCUzRQ==[\/vc_raw_html][\/vc_column][vc_column width=&#8221;1\/2&#8243;][vc_column_text]<br \/>\n<span style=\"font-weight: 400;\">Quer submeter um pedido ou perguntas acerca dos produtos <\/span><b>Technique<\/b><span style=\"font-weight: 400;\">? J\u00e1 consultou a nossa <\/span><b>sec\u00e7\u00e3o Produtos<\/b><span style=\"font-weight: 400;\">?<\/span><\/p>\n<p><span style=\"font-weight: 400;\">Se n\u00e3o encontrou a resposta que procurava, pode contactar-nos ligando para o n\u00famero verde <\/span><b>800 273 708<\/b><span style=\"font-weight: 400;\">.<\/span><\/p>\n<p><span style=\"font-weight: 400;\">O nosso <\/span><b><i>servi\u00e7o de apoio ao cliente<\/i><\/b><span style=\"font-weight: 400;\"> responder\u00e1 a todos os pedidos com profissionalismo e cortesia, acompanhando-o passo a passo no mundo da excel\u00eancia Technique.<\/span><br \/>\n[\/vc_column_text][vc_column_text]<i class=\"fa-solid fa-file-arrow-down\" style=\"color: #ff2876;\"><\/i> <span style=\"font-size: 100%;\"><a href=\"https:\/\/comprof.it\/cataloghi\/technique\/technique_products_book.pdf\" target=\"_blank\" rel=\"noopener noreferrer\">Descarregue o Cat\u00e1logo de produtos<\/a><\/span>[\/vc_column_text][\/vc_column][\/vc_row]<\/p>\n<\/div>","protected":false},"excerpt":{"rendered":"<p>[vc_row][vc_column][vc_column_text] Technique: Live the Performance L\u00edder por defini\u00e7\u00e3o. O Made in Italy que se destaca tamb\u00e9m no estrangeiro. Produtos de desempenho impec\u00e1vel, uma seguran\u00e7a para os profissionais mais exigentes e clientes que procuram o melhor. Escolher Technique significa decidir do seu pr\u00f3prio futuro, sempre e em todas as circunst\u00e2ncias. [\/vc_column_text][vc_separator][\/vc_column][\/vc_row][vc_row][vc_column width=&#8221;1\/2&#8243;][vc_raw_html css=&#8221;&#8221;]JTNDJTIxLS0lMjBDdXN0b20lMjBGb3JtJTNBJTIwVGVjaG5pcXVlJTIwUFQlMjAtLSUzRSUwQSUzQ2xpbmslMjByZWwlM0QlMjJzdHlsZXNoZWV0JTIyJTIwaHJlZiUzRCUyMmh0dHBzJTNBJTJGJTJGaGVscGRlc2suY29tcHJvZi5pdCUyRmFzc2V0cyUyRmN1c3RvbS1mb3JtJTJGY3VzdG9tLWZvcm0uY3NzJTIyJTNFJTBBJTNDZGl2JTIwaWQlM0QlMjJjdXN0b20tZm9ybS1ncV9ReEZuSSUyMiUzRSUzQyUyRmRpdiUzRSUwQSUzQ3NjcmlwdCUyMHNyYyUzRCUyMmh0dHBzJTNBJTJGJTJGaGVscGRlc2suY29tcHJvZi5pdCUyRmFzc2V0cyUyRmN1c3RvbS1mb3JtJTJGY3VzdG9tLWZvcm0uanMlMjIlM0UlM0MlMkZzY3JpcHQlM0UlMEElM0NzY3JpcHQlM0UlMEElMjAlMjBaYW1tYWRDdXN0b21Gb3JtLmluaXQlMjglN0IlMEElMjAlMjAlMjAlMjBlbCUzQSUyMCUyMCUyMCUyMCUyMCUyMCUyNyUyM2N1c3RvbS1mb3JtLWdxX1F4Rm5JJTI3JTJDJTBBJTIwJTIwJTIwJTIwdG9rZW4lM0ElMjAlMjAlMjAlMjdncV9ReEZuSVA4VGFfVWdZZW5wOXZQUS1CNVFYTkZKdTUyNUkzRmFpZ0N0dmEyVkVJbF9JdWNpeDhLMTc2NEhYJTI3JTJDJTBBJTIwJTIwJTIwJTIwYmFzZVVybCUzQSUyMCUyN2h0dHBzJTNBJTJGJTJGaGVscGRlc2suY29tcHJvZi5pdCUyNyUwQSUyMCUyMCU3RCUyOSUzQiUwQSUzQyUyRnNjcmlwdCUzRQ==[\/vc_raw_html][\/vc_column][vc_column width=&#8221;1\/2&#8243;][vc_column_text] Quer submeter&hellip;<\/p>\n","protected":false},"author":1,"featured_media":0,"parent":0,"menu_order":0,"comment_status":"closed","ping_status":"closed","template":"","meta":{"footnotes":""},"class_list":["post-8524","page","type-page","status-publish","hentry","description-off"],"yoast_head":"<!-- This site is optimized with the Yoast SEO plugin v26.8 - https:\/\/yoast.com\/product\/yoast-seo-wordpress\/ -->\n<title>Technique | Contactos<\/title>\n<meta name=\"description\" content=\"Para submeter um pedido ou um coment\u00e1rio, assinalar um pedido ou uma sugest\u00e3o, pode contactar a Technique atrav\u00e9s do formul\u00e1rio.\" \/>\n<meta name=\"robots\" content=\"index, follow, max-snippet:-1, max-image-preview:large, max-video-preview:-1\" \/>\n<link rel=\"canonical\" href=\"https:\/\/www.technique-italia.com\/pt-pt\/contactos\/\" \/>\n<meta property=\"og:locale\" content=\"pt_PT\" \/>\n<meta property=\"og:type\" content=\"article\" \/>\n<meta property=\"og:title\" content=\"Technique | Contactos\" \/>\n<meta property=\"og:description\" content=\"Para submeter um pedido ou um coment\u00e1rio, assinalar um pedido ou uma sugest\u00e3o, pode contactar a Technique atrav\u00e9s do formul\u00e1rio.\" \/>\n<meta property=\"og:url\" content=\"https:\/\/www.technique-italia.com\/pt-pt\/contactos\/\" \/>\n<meta property=\"og:site_name\" content=\"Technique\" \/>\n<meta property=\"article:modified_time\" content=\"2026-04-09T13:48:52+00:00\" \/>\n<meta name=\"twitter:card\" content=\"summary_large_image\" \/>\n<meta name=\"twitter:label1\" content=\"Tempo estimado de leitura\" \/>\n\t<meta name=\"twitter:data1\" content=\"1 minuto\" \/>\n<script type=\"application\/ld+json\" class=\"yoast-schema-graph\">{\"@context\":\"https:\/\/schema.org\",\"@graph\":[{\"@type\":\"WebPage\",\"@id\":\"https:\/\/www.technique-italia.com\/pt-pt\/contactos\/\",\"url\":\"https:\/\/www.technique-italia.com\/pt-pt\/contactos\/\",\"name\":\"Technique | Contactos\",\"isPartOf\":{\"@id\":\"https:\/\/www.technique-italia.com\/pt-pt\/#website\"},\"datePublished\":\"2021-12-20T09:04:01+00:00\",\"dateModified\":\"2026-04-09T13:48:52+00:00\",\"description\":\"Para submeter um pedido ou um coment\u00e1rio, assinalar um pedido ou uma sugest\u00e3o, pode contactar a Technique atrav\u00e9s do formul\u00e1rio.\",\"breadcrumb\":{\"@id\":\"https:\/\/www.technique-italia.com\/pt-pt\/contactos\/#breadcrumb\"},\"inLanguage\":\"pt-PT\",\"potentialAction\":[{\"@type\":\"ReadAction\",\"target\":[\"https:\/\/www.technique-italia.com\/pt-pt\/contactos\/\"]}]},{\"@type\":\"BreadcrumbList\",\"@id\":\"https:\/\/www.technique-italia.com\/pt-pt\/contactos\/#breadcrumb\",\"itemListElement\":[{\"@type\":\"ListItem\",\"position\":1,\"name\":\"Home\",\"item\":\"https:\/\/www.technique-italia.com\/pt-pt\/\"},{\"@type\":\"ListItem\",\"position\":2,\"name\":\"Contactos\"}]},{\"@type\":\"WebSite\",\"@id\":\"https:\/\/www.technique-italia.com\/pt-pt\/#website\",\"url\":\"https:\/\/www.technique-italia.com\/pt-pt\/\",\"name\":\"Technique\",\"description\":\"The Italian Concept\",\"potentialAction\":[{\"@type\":\"SearchAction\",\"target\":{\"@type\":\"EntryPoint\",\"urlTemplate\":\"https:\/\/www.technique-italia.com\/pt-pt\/?s={search_term_string}\"},\"query-input\":{\"@type\":\"PropertyValueSpecification\",\"valueRequired\":true,\"valueName\":\"search_term_string\"}}],\"inLanguage\":\"pt-PT\"}]}<\/script>\n<!-- \/ Yoast SEO plugin. -->","yoast_head_json":{"title":"Technique | Contactos","description":"Para submeter um pedido ou um coment\u00e1rio, assinalar um pedido ou uma sugest\u00e3o, pode contactar a Technique atrav\u00e9s do formul\u00e1rio.","robots":{"index":"index","follow":"follow","max-snippet":"max-snippet:-1","max-image-preview":"max-image-preview:large","max-video-preview":"max-video-preview:-1"},"canonical":"https:\/\/www.technique-italia.com\/pt-pt\/contactos\/","og_locale":"pt_PT","og_type":"article","og_title":"Technique | Contactos","og_description":"Para submeter um pedido ou um coment\u00e1rio, assinalar um pedido ou uma sugest\u00e3o, pode contactar a Technique atrav\u00e9s do formul\u00e1rio.","og_url":"https:\/\/www.technique-italia.com\/pt-pt\/contactos\/","og_site_name":"Technique","article_modified_time":"2026-04-09T13:48:52+00:00","twitter_card":"summary_large_image","twitter_misc":{"Tempo estimado de leitura":"1 minuto"},"schema":{"@context":"https:\/\/schema.org","@graph":[{"@type":"WebPage","@id":"https:\/\/www.technique-italia.com\/pt-pt\/contactos\/","url":"https:\/\/www.technique-italia.com\/pt-pt\/contactos\/","name":"Technique | Contactos","isPartOf":{"@id":"https:\/\/www.technique-italia.com\/pt-pt\/#website"},"datePublished":"2021-12-20T09:04:01+00:00","dateModified":"2026-04-09T13:48:52+00:00","description":"Para submeter um pedido ou um coment\u00e1rio, assinalar um pedido ou uma sugest\u00e3o, pode contactar a Technique atrav\u00e9s do formul\u00e1rio.","breadcrumb":{"@id":"https:\/\/www.technique-italia.com\/pt-pt\/contactos\/#breadcrumb"},"inLanguage":"pt-PT","potentialAction":[{"@type":"ReadAction","target":["https:\/\/www.technique-italia.com\/pt-pt\/contactos\/"]}]},{"@type":"BreadcrumbList","@id":"https:\/\/www.technique-italia.com\/pt-pt\/contactos\/#breadcrumb","itemListElement":[{"@type":"ListItem","position":1,"name":"Home","item":"https:\/\/www.technique-italia.com\/pt-pt\/"},{"@type":"ListItem","position":2,"name":"Contactos"}]},{"@type":"WebSite","@id":"https:\/\/www.technique-italia.com\/pt-pt\/#website","url":"https:\/\/www.technique-italia.com\/pt-pt\/","name":"Technique","description":"The Italian Concept","potentialAction":[{"@type":"SearchAction","target":{"@type":"EntryPoint","urlTemplate":"https:\/\/www.technique-italia.com\/pt-pt\/?s={search_term_string}"},"query-input":{"@type":"PropertyValueSpecification","valueRequired":true,"valueName":"search_term_string"}}],"inLanguage":"pt-PT"}]}},"_links":{"self":[{"href":"https:\/\/www.technique-italia.com\/pt-pt\/wp-json\/wp\/v2\/pages\/8524","targetHints":{"allow":["GET"]}}],"collection":[{"href":"https:\/\/www.technique-italia.com\/pt-pt\/wp-json\/wp\/v2\/pages"}],"about":[{"href":"https:\/\/www.technique-italia.com\/pt-pt\/wp-json\/wp\/v2\/types\/page"}],"author":[{"embeddable":true,"href":"https:\/\/www.technique-italia.com\/pt-pt\/wp-json\/wp\/v2\/users\/1"}],"replies":[{"embeddable":true,"href":"https:\/\/www.technique-italia.com\/pt-pt\/wp-json\/wp\/v2\/comments?post=8524"}],"version-history":[{"count":1,"href":"https:\/\/www.technique-italia.com\/pt-pt\/wp-json\/wp\/v2\/pages\/8524\/revisions"}],"predecessor-version":[{"id":18061,"href":"https:\/\/www.technique-italia.com\/pt-pt\/wp-json\/wp\/v2\/pages\/8524\/revisions\/18061"}],"wp:attachment":[{"href":"https:\/\/www.technique-italia.com\/pt-pt\/wp-json\/wp\/v2\/media?parent=8524"}],"curies":[{"name":"wp","href":"https:\/\/api.w.org\/{rel}","templated":true}]}}