{"id":8520,"date":"2021-12-20T10:00:20","date_gmt":"2021-12-20T09:00:20","guid":{"rendered":"https:\/\/www.technique-italia.com\/\/thank-you-page\/"},"modified":"2021-12-20T10:00:20","modified_gmt":"2021-12-20T09:00:20","slug":"thank-you-page","status":"publish","type":"page","link":"https:\/\/www.technique-italia.com\/pt-pt\/thank-you-page\/","title":{"rendered":"Thank you page"},"content":{"rendered":"<div class=\"wpb-content-wrapper\"><p>[vc_row][vc_column][vc_empty_space][vc_column_text]<\/p>\n<h1><span style=\"font-weight: 400;\">AGRADECEMOS O SEU CONTACTO!<\/span><\/h1>\n<p><span style=\"font-weight: 400;\">Recebemos a sua mensagem. Um dos nossos consultores entrar\u00e1 em contacto consigo o mais breve poss\u00edvel. Se deseja falar com o nosso servi\u00e7o de apoio ao cliente, pode ligar para o n\u00famero verde <\/span><b>800.273.708<\/b><span style=\"font-weight: 400;\"> ou contactar-nos atrav\u00e9s da nossa <\/span><b>p\u00e1gina do Facebook<\/b><span style=\"font-weight: 400;\">.<\/span>[\/vc_column_text][vc_single_image image=&#8221;8372&#8243; img_size=&#8221;40X40&#8243; onclick=&#8221;custom_link&#8221; img_link_target=&#8221;_blank&#8221; link=&#8221;https:%2F%2Fwww.facebook.com%2FTechniqueOfficial%2F|&#8221; title=&#8221;Contactar-nos atrav\u00e9s Facebook&#8221;][vc_separator][\/vc_column][\/vc_row]<\/p>\n<\/div>","protected":false},"excerpt":{"rendered":"<p>[vc_row][vc_column][vc_empty_space][vc_column_text] AGRADECEMOS O SEU CONTACTO! Recebemos a sua mensagem. Um dos nossos consultores entrar\u00e1 em contacto consigo o mais breve poss\u00edvel. Se deseja falar com o nosso servi\u00e7o de apoio ao cliente, pode ligar para o n\u00famero verde 800.273.708 ou contactar-nos atrav\u00e9s da nossa p\u00e1gina do Facebook.[\/vc_column_text][vc_single_image image=&#8221;8372&#8243; img_size=&#8221;40X40&#8243; onclick=&#8221;custom_link&#8221; img_link_target=&#8221;_blank&#8221; link=&#8221;https:%2F%2Fwww.facebook.com%2FTechniqueOfficial%2F|&#8221; title=&#8221;Contactar-nos atrav\u00e9s Facebook&#8221;][vc_separator][\/vc_column][\/vc_row]<\/p>\n","protected":false},"author":1,"featured_media":0,"parent":0,"menu_order":0,"comment_status":"closed","ping_status":"closed","template":"","meta":{"footnotes":""},"class_list":["post-8520","page","type-page","status-publish","hentry","description-off"],"yoast_head":"<!-- This site is optimized with the Yoast SEO plugin v26.8 - https:\/\/yoast.com\/product\/yoast-seo-wordpress\/ -->\n<title>Thank you page - Technique<\/title>\n<meta name=\"robots\" content=\"noindex, nofollow\" \/>\n<meta property=\"og:locale\" content=\"pt_PT\" \/>\n<meta property=\"og:type\" content=\"article\" \/>\n<meta property=\"og:title\" content=\"Thank you page - Technique\" \/>\n<meta property=\"og:description\" content=\"[vc_row][vc_column][vc_empty_space][vc_column_text] AGRADECEMOS O SEU CONTACTO! Recebemos a sua mensagem. Um dos nossos consultores entrar\u00e1 em contacto consigo o mais breve poss\u00edvel. Se deseja falar com o nosso servi\u00e7o de apoio ao cliente, pode ligar para o n\u00famero verde 800.273.708 ou contactar-nos atrav\u00e9s da nossa p\u00e1gina do Facebook.[\/vc_column_text][vc_single_image image=&#8221;8372&#8243; img_size=&#8221;40X40&#8243; onclick=&#8221;custom_link&#8221; img_link_target=&#8221;_blank&#8221; link=&#8221;https:%2F%2Fwww.facebook.com%2FTechniqueOfficial%2F|&#8221; title=&#8221;Contactar-nos atrav\u00e9s Facebook&#8221;][vc_separator][\/vc_column][\/vc_row]\" \/>\n<meta property=\"og:url\" content=\"https:\/\/www.technique-italia.com\/pt-pt\/thank-you-page\/\" \/>\n<meta property=\"og:site_name\" content=\"Technique\" \/>\n<meta name=\"twitter:card\" content=\"summary_large_image\" \/>\n<script type=\"application\/ld+json\" class=\"yoast-schema-graph\">{\"@context\":\"https:\/\/schema.org\",\"@graph\":[{\"@type\":\"WebPage\",\"@id\":\"https:\/\/www.technique-italia.com\/pt-pt\/thank-you-page\/\",\"url\":\"https:\/\/www.technique-italia.com\/pt-pt\/thank-you-page\/\",\"name\":\"Thank you page - Technique\",\"isPartOf\":{\"@id\":\"https:\/\/www.technique-italia.com\/pt-pt\/#website\"},\"datePublished\":\"2021-12-20T09:00:20+00:00\",\"breadcrumb\":{\"@id\":\"https:\/\/www.technique-italia.com\/pt-pt\/thank-you-page\/#breadcrumb\"},\"inLanguage\":\"pt-PT\",\"potentialAction\":[{\"@type\":\"ReadAction\",\"target\":[\"https:\/\/www.technique-italia.com\/pt-pt\/thank-you-page\/\"]}]},{\"@type\":\"BreadcrumbList\",\"@id\":\"https:\/\/www.technique-italia.com\/pt-pt\/thank-you-page\/#breadcrumb\",\"itemListElement\":[{\"@type\":\"ListItem\",\"position\":1,\"name\":\"Home\",\"item\":\"https:\/\/www.technique-italia.com\/pt-pt\/\"},{\"@type\":\"ListItem\",\"position\":2,\"name\":\"Thank you page\"}]},{\"@type\":\"WebSite\",\"@id\":\"https:\/\/www.technique-italia.com\/pt-pt\/#website\",\"url\":\"https:\/\/www.technique-italia.com\/pt-pt\/\",\"name\":\"Technique\",\"description\":\"The Italian Concept\",\"potentialAction\":[{\"@type\":\"SearchAction\",\"target\":{\"@type\":\"EntryPoint\",\"urlTemplate\":\"https:\/\/www.technique-italia.com\/pt-pt\/?s={search_term_string}\"},\"query-input\":{\"@type\":\"PropertyValueSpecification\",\"valueRequired\":true,\"valueName\":\"search_term_string\"}}],\"inLanguage\":\"pt-PT\"}]}<\/script>\n<!-- \/ Yoast SEO plugin. -->","yoast_head_json":{"title":"Thank you page - Technique","robots":{"index":"noindex","follow":"nofollow"},"og_locale":"pt_PT","og_type":"article","og_title":"Thank you page - Technique","og_description":"[vc_row][vc_column][vc_empty_space][vc_column_text] AGRADECEMOS O SEU CONTACTO! Recebemos a sua mensagem. Um dos nossos consultores entrar\u00e1 em contacto consigo o mais breve poss\u00edvel. Se deseja falar com o nosso servi\u00e7o de apoio ao cliente, pode ligar para o n\u00famero verde 800.273.708 ou contactar-nos atrav\u00e9s da nossa p\u00e1gina do Facebook.[\/vc_column_text][vc_single_image image=&#8221;8372&#8243; img_size=&#8221;40X40&#8243; onclick=&#8221;custom_link&#8221; img_link_target=&#8221;_blank&#8221; link=&#8221;https:%2F%2Fwww.facebook.com%2FTechniqueOfficial%2F|&#8221; title=&#8221;Contactar-nos atrav\u00e9s Facebook&#8221;][vc_separator][\/vc_column][\/vc_row]","og_url":"https:\/\/www.technique-italia.com\/pt-pt\/thank-you-page\/","og_site_name":"Technique","twitter_card":"summary_large_image","schema":{"@context":"https:\/\/schema.org","@graph":[{"@type":"WebPage","@id":"https:\/\/www.technique-italia.com\/pt-pt\/thank-you-page\/","url":"https:\/\/www.technique-italia.com\/pt-pt\/thank-you-page\/","name":"Thank you page - Technique","isPartOf":{"@id":"https:\/\/www.technique-italia.com\/pt-pt\/#website"},"datePublished":"2021-12-20T09:00:20+00:00","breadcrumb":{"@id":"https:\/\/www.technique-italia.com\/pt-pt\/thank-you-page\/#breadcrumb"},"inLanguage":"pt-PT","potentialAction":[{"@type":"ReadAction","target":["https:\/\/www.technique-italia.com\/pt-pt\/thank-you-page\/"]}]},{"@type":"BreadcrumbList","@id":"https:\/\/www.technique-italia.com\/pt-pt\/thank-you-page\/#breadcrumb","itemListElement":[{"@type":"ListItem","position":1,"name":"Home","item":"https:\/\/www.technique-italia.com\/pt-pt\/"},{"@type":"ListItem","position":2,"name":"Thank you page"}]},{"@type":"WebSite","@id":"https:\/\/www.technique-italia.com\/pt-pt\/#website","url":"https:\/\/www.technique-italia.com\/pt-pt\/","name":"Technique","description":"The Italian Concept","potentialAction":[{"@type":"SearchAction","target":{"@type":"EntryPoint","urlTemplate":"https:\/\/www.technique-italia.com\/pt-pt\/?s={search_term_string}"},"query-input":{"@type":"PropertyValueSpecification","valueRequired":true,"valueName":"search_term_string"}}],"inLanguage":"pt-PT"}]}},"_links":{"self":[{"href":"https:\/\/www.technique-italia.com\/pt-pt\/wp-json\/wp\/v2\/pages\/8520","targetHints":{"allow":["GET"]}}],"collection":[{"href":"https:\/\/www.technique-italia.com\/pt-pt\/wp-json\/wp\/v2\/pages"}],"about":[{"href":"https:\/\/www.technique-italia.com\/pt-pt\/wp-json\/wp\/v2\/types\/page"}],"author":[{"embeddable":true,"href":"https:\/\/www.technique-italia.com\/pt-pt\/wp-json\/wp\/v2\/users\/1"}],"replies":[{"embeddable":true,"href":"https:\/\/www.technique-italia.com\/pt-pt\/wp-json\/wp\/v2\/comments?post=8520"}],"version-history":[{"count":0,"href":"https:\/\/www.technique-italia.com\/pt-pt\/wp-json\/wp\/v2\/pages\/8520\/revisions"}],"wp:attachment":[{"href":"https:\/\/www.technique-italia.com\/pt-pt\/wp-json\/wp\/v2\/media?parent=8520"}],"curies":[{"name":"wp","href":"https:\/\/api.w.org\/{rel}","templated":true}]}}