{"id":7848,"date":"2021-11-15T09:00:18","date_gmt":"2021-11-09T14:25:18","guid":{"rendered":"https:\/\/www.technique-italia.com\/\/?post_type=product&#038;p=7848"},"modified":"2021-11-09T15:27:00","modified_gmt":"2021-11-09T14:27:00","slug":"alkemy-sleek-wygladzajaca-maska-przeciw-puszeniu-sie-wlosow-copia","status":"publish","type":"product","link":"https:\/\/www.technique-italia.com\/pl\/products\/zabiegi\/alkemy-sleek-pl\/alkemy-sleek-wygladzajaca-maska-przeciw-puszeniu-sie-wlosow-copia\/","title":{"rendered":"Alkemy Sleek | Wyg\u0142adzaj\u0105ca maska przeciw puszeniu si\u0119 w\u0142os\u00f3w"},"content":{"rendered":"","protected":false},"excerpt":{"rendered":"<p><span style=\"font-weight: 400;\">Alkemy Sleek <\/span><b>wyg\u0142adzaj\u0105ca maska przewidzia\u0142a efektowi puszenia<\/b><span style=\"font-weight: 400;\">, dla idealnie g\u0142adkich, zdyscyplinowanych i oczywi\u015bcie zdrowych w\u0142os\u00f3w. Wzbogacona <\/span><b>ekstraktem z Bawe\u0142ny<\/b><span style=\"font-weight: 400;\">, o silnych <\/span><b>w\u0142a\u015bciwo\u015bciach przeciw puszeniu<\/b><span style=\"font-weight: 400;\">.<\/span><\/p>\n<p><span style=\"font-weight: 400;\">Pojemno\u015b\u0107 250 ml<\/span><\/p>\n","protected":false},"featured_media":7851,"template":"","meta":[],"product_brand":[],"product_cat":[604,598],"product_tag":[],"class_list":{"0":"post-7848","1":"product","2":"type-product","3":"status-publish","4":"has-post-thumbnail","6":"product_cat-alkemy-sleek-pl","7":"product_cat-zabiegi","8":"description-off","10":"first","11":"instock","12":"shipping-taxable","13":"product-type-simple"},"yoast_head":"<!-- This site is optimized with the Yoast SEO plugin v26.8 - https:\/\/yoast.com\/product\/yoast-seo-wordpress\/ -->\n<title>Alkemy Sleek | Wyg\u0142adzaj\u0105ca maska przeciw puszeniu si\u0119 w\u0142os\u00f3w<\/title>\n<meta name=\"description\" content=\"Alkemy Sleek wyg\u0142adzaj\u0105ca maska przewidzia\u0142a efektowi puszenia, dla idealnie g\u0142adkich, zdyscyplinowanych i oczywi\u015bcie zdrowych w\u0142os\u00f3w.\" \/>\n<meta name=\"robots\" content=\"index, follow, max-snippet:-1, max-image-preview:large, max-video-preview:-1\" \/>\n<link rel=\"canonical\" href=\"https:\/\/www.technique-italia.com\/pl\/products\/zabiegi\/alkemy-sleek-pl\/alkemy-sleek-wygladzajaca-maska-przeciw-puszeniu-sie-wlosow-copia\/\" \/>\n<meta property=\"og:locale\" content=\"pl_PL\" \/>\n<meta property=\"og:type\" content=\"article\" \/>\n<meta property=\"og:title\" content=\"Alkemy Sleek | Wyg\u0142adzaj\u0105ca maska przeciw puszeniu si\u0119 w\u0142os\u00f3w\" \/>\n<meta property=\"og:description\" content=\"Alkemy Sleek wyg\u0142adzaj\u0105ca maska przewidzia\u0142a efektowi puszenia, dla idealnie g\u0142adkich, zdyscyplinowanych i oczywi\u015bcie zdrowych w\u0142os\u00f3w.\" \/>\n<meta property=\"og:url\" content=\"https:\/\/www.technique-italia.com\/pl\/products\/zabiegi\/alkemy-sleek-pl\/alkemy-sleek-wygladzajaca-maska-przeciw-puszeniu-sie-wlosow-copia\/\" \/>\n<meta property=\"og:site_name\" content=\"Technique\" \/>\n<meta property=\"article:modified_time\" content=\"2021-11-09T14:27:00+00:00\" \/>\n<meta property=\"og:image\" content=\"https:\/\/www.technique-italia.com\/wp-content\/uploads\/2021\/11\/02075_technique_treatment_alkemy_sleek_anti-frizz_smoothing_mask_250ml-1.png\" \/>\n\t<meta property=\"og:image:width\" content=\"600\" \/>\n\t<meta property=\"og:image:height\" content=\"600\" \/>\n\t<meta property=\"og:image:type\" content=\"image\/png\" \/>\n<meta name=\"twitter:card\" content=\"summary_large_image\" \/>\n<script type=\"application\/ld+json\" class=\"yoast-schema-graph\">{\"@context\":\"https:\/\/schema.org\",\"@graph\":[{\"@type\":\"WebPage\",\"@id\":\"https:\/\/www.technique-italia.com\/pl\/products\/zabiegi\/alkemy-sleek-pl\/alkemy-sleek-wygladzajaca-maska-przeciw-puszeniu-sie-wlosow-copia\/\",\"url\":\"https:\/\/www.technique-italia.com\/pl\/products\/zabiegi\/alkemy-sleek-pl\/alkemy-sleek-wygladzajaca-maska-przeciw-puszeniu-sie-wlosow-copia\/\",\"name\":\"Alkemy Sleek | Wyg\u0142adzaj\u0105ca maska przeciw puszeniu si\u0119 w\u0142os\u00f3w\",\"isPartOf\":{\"@id\":\"https:\/\/www.technique-italia.com\/pl\/#website\"},\"primaryImageOfPage\":{\"@id\":\"https:\/\/www.technique-italia.com\/pl\/products\/zabiegi\/alkemy-sleek-pl\/alkemy-sleek-wygladzajaca-maska-przeciw-puszeniu-sie-wlosow-copia\/#primaryimage\"},\"image\":{\"@id\":\"https:\/\/www.technique-italia.com\/pl\/products\/zabiegi\/alkemy-sleek-pl\/alkemy-sleek-wygladzajaca-maska-przeciw-puszeniu-sie-wlosow-copia\/#primaryimage\"},\"thumbnailUrl\":\"https:\/\/www.technique-italia.com\/wp-content\/uploads\/2021\/11\/02075_technique_treatment_alkemy_sleek_anti-frizz_smoothing_mask_250ml-1.png\",\"datePublished\":\"2021-11-09T14:25:18+00:00\",\"dateModified\":\"2021-11-09T14:27:00+00:00\",\"description\":\"Alkemy Sleek wyg\u0142adzaj\u0105ca maska przewidzia\u0142a efektowi puszenia, dla idealnie g\u0142adkich, zdyscyplinowanych i oczywi\u015bcie zdrowych w\u0142os\u00f3w.\",\"breadcrumb\":{\"@id\":\"https:\/\/www.technique-italia.com\/pl\/products\/zabiegi\/alkemy-sleek-pl\/alkemy-sleek-wygladzajaca-maska-przeciw-puszeniu-sie-wlosow-copia\/#breadcrumb\"},\"inLanguage\":\"pl-PL\",\"potentialAction\":[{\"@type\":\"ReadAction\",\"target\":[\"https:\/\/www.technique-italia.com\/pl\/products\/zabiegi\/alkemy-sleek-pl\/alkemy-sleek-wygladzajaca-maska-przeciw-puszeniu-sie-wlosow-copia\/\"]}]},{\"@type\":\"ImageObject\",\"inLanguage\":\"pl-PL\",\"@id\":\"https:\/\/www.technique-italia.com\/pl\/products\/zabiegi\/alkemy-sleek-pl\/alkemy-sleek-wygladzajaca-maska-przeciw-puszeniu-sie-wlosow-copia\/#primaryimage\",\"url\":\"https:\/\/www.technique-italia.com\/wp-content\/uploads\/2021\/11\/02075_technique_treatment_alkemy_sleek_anti-frizz_smoothing_mask_250ml-1.png\",\"contentUrl\":\"https:\/\/www.technique-italia.com\/wp-content\/uploads\/2021\/11\/02075_technique_treatment_alkemy_sleek_anti-frizz_smoothing_mask_250ml-1.png\",\"width\":600,\"height\":600},{\"@type\":\"BreadcrumbList\",\"@id\":\"https:\/\/www.technique-italia.com\/pl\/products\/zabiegi\/alkemy-sleek-pl\/alkemy-sleek-wygladzajaca-maska-przeciw-puszeniu-sie-wlosow-copia\/#breadcrumb\",\"itemListElement\":[{\"@type\":\"ListItem\",\"position\":1,\"name\":\"Home\",\"item\":\"https:\/\/www.technique-italia.com\/pl\/\"},{\"@type\":\"ListItem\",\"position\":2,\"name\":\"Produkty\",\"item\":\"https:\/\/www.technique-italia.com\/pl\/shop\/\"},{\"@type\":\"ListItem\",\"position\":3,\"name\":\"Alkemy Sleek | Wyg\u0142adzaj\u0105ca maska przeciw puszeniu si\u0119 w\u0142os\u00f3w\"}]},{\"@type\":\"WebSite\",\"@id\":\"https:\/\/www.technique-italia.com\/pl\/#website\",\"url\":\"https:\/\/www.technique-italia.com\/pl\/\",\"name\":\"Technique\",\"description\":\"The Italian Concept\",\"potentialAction\":[{\"@type\":\"SearchAction\",\"target\":{\"@type\":\"EntryPoint\",\"urlTemplate\":\"https:\/\/www.technique-italia.com\/pl\/?s={search_term_string}\"},\"query-input\":{\"@type\":\"PropertyValueSpecification\",\"valueRequired\":true,\"valueName\":\"search_term_string\"}}],\"inLanguage\":\"pl-PL\"}]}<\/script>\n<!-- \/ Yoast SEO plugin. -->","yoast_head_json":{"title":"Alkemy Sleek | Wyg\u0142adzaj\u0105ca maska przeciw puszeniu si\u0119 w\u0142os\u00f3w","description":"Alkemy Sleek wyg\u0142adzaj\u0105ca maska przewidzia\u0142a efektowi puszenia, dla idealnie g\u0142adkich, zdyscyplinowanych i oczywi\u015bcie zdrowych w\u0142os\u00f3w.","robots":{"index":"index","follow":"follow","max-snippet":"max-snippet:-1","max-image-preview":"max-image-preview:large","max-video-preview":"max-video-preview:-1"},"canonical":"https:\/\/www.technique-italia.com\/pl\/products\/zabiegi\/alkemy-sleek-pl\/alkemy-sleek-wygladzajaca-maska-przeciw-puszeniu-sie-wlosow-copia\/","og_locale":"pl_PL","og_type":"article","og_title":"Alkemy Sleek | Wyg\u0142adzaj\u0105ca maska przeciw puszeniu si\u0119 w\u0142os\u00f3w","og_description":"Alkemy Sleek wyg\u0142adzaj\u0105ca maska przewidzia\u0142a efektowi puszenia, dla idealnie g\u0142adkich, zdyscyplinowanych i oczywi\u015bcie zdrowych w\u0142os\u00f3w.","og_url":"https:\/\/www.technique-italia.com\/pl\/products\/zabiegi\/alkemy-sleek-pl\/alkemy-sleek-wygladzajaca-maska-przeciw-puszeniu-sie-wlosow-copia\/","og_site_name":"Technique","article_modified_time":"2021-11-09T14:27:00+00:00","og_image":[{"width":600,"height":600,"url":"https:\/\/www.technique-italia.com\/wp-content\/uploads\/2021\/11\/02075_technique_treatment_alkemy_sleek_anti-frizz_smoothing_mask_250ml-1.png","type":"image\/png"}],"twitter_card":"summary_large_image","schema":{"@context":"https:\/\/schema.org","@graph":[{"@type":"WebPage","@id":"https:\/\/www.technique-italia.com\/pl\/products\/zabiegi\/alkemy-sleek-pl\/alkemy-sleek-wygladzajaca-maska-przeciw-puszeniu-sie-wlosow-copia\/","url":"https:\/\/www.technique-italia.com\/pl\/products\/zabiegi\/alkemy-sleek-pl\/alkemy-sleek-wygladzajaca-maska-przeciw-puszeniu-sie-wlosow-copia\/","name":"Alkemy Sleek | Wyg\u0142adzaj\u0105ca maska przeciw puszeniu si\u0119 w\u0142os\u00f3w","isPartOf":{"@id":"https:\/\/www.technique-italia.com\/pl\/#website"},"primaryImageOfPage":{"@id":"https:\/\/www.technique-italia.com\/pl\/products\/zabiegi\/alkemy-sleek-pl\/alkemy-sleek-wygladzajaca-maska-przeciw-puszeniu-sie-wlosow-copia\/#primaryimage"},"image":{"@id":"https:\/\/www.technique-italia.com\/pl\/products\/zabiegi\/alkemy-sleek-pl\/alkemy-sleek-wygladzajaca-maska-przeciw-puszeniu-sie-wlosow-copia\/#primaryimage"},"thumbnailUrl":"https:\/\/www.technique-italia.com\/wp-content\/uploads\/2021\/11\/02075_technique_treatment_alkemy_sleek_anti-frizz_smoothing_mask_250ml-1.png","datePublished":"2021-11-09T14:25:18+00:00","dateModified":"2021-11-09T14:27:00+00:00","description":"Alkemy Sleek wyg\u0142adzaj\u0105ca maska przewidzia\u0142a efektowi puszenia, dla idealnie g\u0142adkich, zdyscyplinowanych i oczywi\u015bcie zdrowych w\u0142os\u00f3w.","breadcrumb":{"@id":"https:\/\/www.technique-italia.com\/pl\/products\/zabiegi\/alkemy-sleek-pl\/alkemy-sleek-wygladzajaca-maska-przeciw-puszeniu-sie-wlosow-copia\/#breadcrumb"},"inLanguage":"pl-PL","potentialAction":[{"@type":"ReadAction","target":["https:\/\/www.technique-italia.com\/pl\/products\/zabiegi\/alkemy-sleek-pl\/alkemy-sleek-wygladzajaca-maska-przeciw-puszeniu-sie-wlosow-copia\/"]}]},{"@type":"ImageObject","inLanguage":"pl-PL","@id":"https:\/\/www.technique-italia.com\/pl\/products\/zabiegi\/alkemy-sleek-pl\/alkemy-sleek-wygladzajaca-maska-przeciw-puszeniu-sie-wlosow-copia\/#primaryimage","url":"https:\/\/www.technique-italia.com\/wp-content\/uploads\/2021\/11\/02075_technique_treatment_alkemy_sleek_anti-frizz_smoothing_mask_250ml-1.png","contentUrl":"https:\/\/www.technique-italia.com\/wp-content\/uploads\/2021\/11\/02075_technique_treatment_alkemy_sleek_anti-frizz_smoothing_mask_250ml-1.png","width":600,"height":600},{"@type":"BreadcrumbList","@id":"https:\/\/www.technique-italia.com\/pl\/products\/zabiegi\/alkemy-sleek-pl\/alkemy-sleek-wygladzajaca-maska-przeciw-puszeniu-sie-wlosow-copia\/#breadcrumb","itemListElement":[{"@type":"ListItem","position":1,"name":"Home","item":"https:\/\/www.technique-italia.com\/pl\/"},{"@type":"ListItem","position":2,"name":"Produkty","item":"https:\/\/www.technique-italia.com\/pl\/shop\/"},{"@type":"ListItem","position":3,"name":"Alkemy Sleek | Wyg\u0142adzaj\u0105ca maska przeciw puszeniu si\u0119 w\u0142os\u00f3w"}]},{"@type":"WebSite","@id":"https:\/\/www.technique-italia.com\/pl\/#website","url":"https:\/\/www.technique-italia.com\/pl\/","name":"Technique","description":"The Italian Concept","potentialAction":[{"@type":"SearchAction","target":{"@type":"EntryPoint","urlTemplate":"https:\/\/www.technique-italia.com\/pl\/?s={search_term_string}"},"query-input":{"@type":"PropertyValueSpecification","valueRequired":true,"valueName":"search_term_string"}}],"inLanguage":"pl-PL"}]}},"_links":{"self":[{"href":"https:\/\/www.technique-italia.com\/pl\/wp-json\/wp\/v2\/product\/7848","targetHints":{"allow":["GET"]}}],"collection":[{"href":"https:\/\/www.technique-italia.com\/pl\/wp-json\/wp\/v2\/product"}],"about":[{"href":"https:\/\/www.technique-italia.com\/pl\/wp-json\/wp\/v2\/types\/product"}],"wp:featuredmedia":[{"embeddable":true,"href":"https:\/\/www.technique-italia.com\/pl\/wp-json\/wp\/v2\/media\/7851"}],"wp:attachment":[{"href":"https:\/\/www.technique-italia.com\/pl\/wp-json\/wp\/v2\/media?parent=7848"}],"wp:term":[{"taxonomy":"product_brand","embeddable":true,"href":"https:\/\/www.technique-italia.com\/pl\/wp-json\/wp\/v2\/product_brand?post=7848"},{"taxonomy":"product_cat","embeddable":true,"href":"https:\/\/www.technique-italia.com\/pl\/wp-json\/wp\/v2\/product_cat?post=7848"},{"taxonomy":"product_tag","embeddable":true,"href":"https:\/\/www.technique-italia.com\/pl\/wp-json\/wp\/v2\/product_tag?post=7848"}],"curies":[{"name":"wp","href":"https:\/\/api.w.org\/{rel}","templated":true}]}}