{"id":7841,"date":"2021-11-15T09:00:24","date_gmt":"2021-11-15T08:00:24","guid":{"rendered":"https:\/\/www.technique-italia.com\/\/?post_type=product&#038;p=7841"},"modified":"2021-11-09T15:14:13","modified_gmt":"2021-11-09T14:14:13","slug":"alkemy-curl-maska-definiujaca-krecone-wlosy-copia","status":"publish","type":"product","link":"https:\/\/www.technique-italia.com\/pl\/products\/zabiegi\/alkemy-curl\/alkemy-curl-maska-definiujaca-krecone-wlosy-copia\/","title":{"rendered":"Alkemy Curl | Maska Definiuj\u0105ca Kr\u0119cone W\u0142osy"},"content":{"rendered":"","protected":false},"excerpt":{"rendered":"<p><b>Alkemy Curl maska<\/b> <b>definiuj\u0105ca do w\u0142os\u00f3w kr\u0119conych<\/b><span style=\"font-weight: 400;\"> i niezdyscyplinowanych. Intensywnie nawil\u017ca, przeciwdzia\u0142ania puszeniu i dyscyplinuje, sprawiaj\u0105c, \u017ce loki staj\u0105 si\u0119 idealne. Opracowana na bazie <\/span><b>ekstraktu z Moringi, <\/b><span style=\"font-weight: 400;\">o dzia\u0142aniu przeciwzapalnym i koj\u0105cym, kt\u00f3re wzmacnia<\/span><b> w\u0142a\u015bciwo\u015bci antyoksydacyjne<\/b><span style=\"font-weight: 400;\">.<\/span><\/p>\n<p><span style=\"font-weight: 400;\">Pojemno\u015b\u0107 250 ml<\/span><\/p>\n","protected":false},"featured_media":18048,"template":"","meta":[],"product_brand":[],"product_cat":[601,598],"product_tag":[],"class_list":{"0":"post-7841","1":"product","2":"type-product","3":"status-publish","4":"has-post-thumbnail","6":"product_cat-alkemy-curl","7":"product_cat-zabiegi","8":"description-off","10":"first","11":"instock","12":"shipping-taxable","13":"product-type-simple"},"yoast_head":"<!-- This site is optimized with the Yoast SEO plugin v26.8 - https:\/\/yoast.com\/product\/yoast-seo-wordpress\/ -->\n<title>Alkemy Curl | Maska Definiuj\u0105ca Kr\u0119cone W\u0142osy<\/title>\n<meta name=\"description\" content=\"Alkemy Curl maska definiuj\u0105ca do w\u0142os\u00f3w kr\u0119conych i niezdyscyplinowanych.\" \/>\n<meta name=\"robots\" content=\"index, follow, max-snippet:-1, max-image-preview:large, max-video-preview:-1\" \/>\n<link rel=\"canonical\" href=\"https:\/\/www.technique-italia.com\/pl\/products\/zabiegi\/alkemy-curl\/alkemy-curl-maska-definiujaca-krecone-wlosy-copia\/\" \/>\n<meta property=\"og:locale\" content=\"pl_PL\" \/>\n<meta property=\"og:type\" content=\"article\" \/>\n<meta property=\"og:title\" content=\"Alkemy Curl | Maska Definiuj\u0105ca Kr\u0119cone W\u0142osy\" \/>\n<meta property=\"og:description\" content=\"Alkemy Curl maska definiuj\u0105ca do w\u0142os\u00f3w kr\u0119conych i niezdyscyplinowanych.\" \/>\n<meta property=\"og:url\" content=\"https:\/\/www.technique-italia.com\/pl\/products\/zabiegi\/alkemy-curl\/alkemy-curl-maska-definiujaca-krecone-wlosy-copia\/\" \/>\n<meta property=\"og:site_name\" content=\"Technique\" \/>\n<meta property=\"og:image\" content=\"https:\/\/www.technique-italia.com\/wp-content\/uploads\/2026\/03\/02070_technique_treatment_alkemy_curl_definition_control_mask_300ml.png\" \/>\n\t<meta property=\"og:image:width\" content=\"800\" \/>\n\t<meta property=\"og:image:height\" content=\"800\" \/>\n\t<meta property=\"og:image:type\" content=\"image\/png\" \/>\n<meta name=\"twitter:card\" content=\"summary_large_image\" \/>\n<script type=\"application\/ld+json\" class=\"yoast-schema-graph\">{\"@context\":\"https:\/\/schema.org\",\"@graph\":[{\"@type\":\"WebPage\",\"@id\":\"https:\/\/www.technique-italia.com\/pl\/products\/zabiegi\/alkemy-curl\/alkemy-curl-maska-definiujaca-krecone-wlosy-copia\/\",\"url\":\"https:\/\/www.technique-italia.com\/pl\/products\/zabiegi\/alkemy-curl\/alkemy-curl-maska-definiujaca-krecone-wlosy-copia\/\",\"name\":\"Alkemy Curl | Maska Definiuj\u0105ca Kr\u0119cone W\u0142osy\",\"isPartOf\":{\"@id\":\"https:\/\/www.technique-italia.com\/pl\/#website\"},\"primaryImageOfPage\":{\"@id\":\"https:\/\/www.technique-italia.com\/pl\/products\/zabiegi\/alkemy-curl\/alkemy-curl-maska-definiujaca-krecone-wlosy-copia\/#primaryimage\"},\"image\":{\"@id\":\"https:\/\/www.technique-italia.com\/pl\/products\/zabiegi\/alkemy-curl\/alkemy-curl-maska-definiujaca-krecone-wlosy-copia\/#primaryimage\"},\"thumbnailUrl\":\"https:\/\/www.technique-italia.com\/wp-content\/uploads\/2026\/03\/02070_technique_treatment_alkemy_curl_definition_control_mask_300ml.png\",\"datePublished\":\"2021-11-15T08:00:24+00:00\",\"description\":\"Alkemy Curl maska definiuj\u0105ca do w\u0142os\u00f3w kr\u0119conych i niezdyscyplinowanych.\",\"breadcrumb\":{\"@id\":\"https:\/\/www.technique-italia.com\/pl\/products\/zabiegi\/alkemy-curl\/alkemy-curl-maska-definiujaca-krecone-wlosy-copia\/#breadcrumb\"},\"inLanguage\":\"pl-PL\",\"potentialAction\":[{\"@type\":\"ReadAction\",\"target\":[\"https:\/\/www.technique-italia.com\/pl\/products\/zabiegi\/alkemy-curl\/alkemy-curl-maska-definiujaca-krecone-wlosy-copia\/\"]}]},{\"@type\":\"ImageObject\",\"inLanguage\":\"pl-PL\",\"@id\":\"https:\/\/www.technique-italia.com\/pl\/products\/zabiegi\/alkemy-curl\/alkemy-curl-maska-definiujaca-krecone-wlosy-copia\/#primaryimage\",\"url\":\"https:\/\/www.technique-italia.com\/wp-content\/uploads\/2026\/03\/02070_technique_treatment_alkemy_curl_definition_control_mask_300ml.png\",\"contentUrl\":\"https:\/\/www.technique-italia.com\/wp-content\/uploads\/2026\/03\/02070_technique_treatment_alkemy_curl_definition_control_mask_300ml.png\",\"width\":800,\"height\":800},{\"@type\":\"BreadcrumbList\",\"@id\":\"https:\/\/www.technique-italia.com\/pl\/products\/zabiegi\/alkemy-curl\/alkemy-curl-maska-definiujaca-krecone-wlosy-copia\/#breadcrumb\",\"itemListElement\":[{\"@type\":\"ListItem\",\"position\":1,\"name\":\"Home\",\"item\":\"https:\/\/www.technique-italia.com\/pl\/\"},{\"@type\":\"ListItem\",\"position\":2,\"name\":\"Produkty\",\"item\":\"https:\/\/www.technique-italia.com\/pl\/shop\/\"},{\"@type\":\"ListItem\",\"position\":3,\"name\":\"Alkemy Curl | Maska Definiuj\u0105ca Kr\u0119cone W\u0142osy\"}]},{\"@type\":\"WebSite\",\"@id\":\"https:\/\/www.technique-italia.com\/pl\/#website\",\"url\":\"https:\/\/www.technique-italia.com\/pl\/\",\"name\":\"Technique\",\"description\":\"The Italian Concept\",\"potentialAction\":[{\"@type\":\"SearchAction\",\"target\":{\"@type\":\"EntryPoint\",\"urlTemplate\":\"https:\/\/www.technique-italia.com\/pl\/?s={search_term_string}\"},\"query-input\":{\"@type\":\"PropertyValueSpecification\",\"valueRequired\":true,\"valueName\":\"search_term_string\"}}],\"inLanguage\":\"pl-PL\"}]}<\/script>\n<!-- \/ Yoast SEO plugin. -->","yoast_head_json":{"title":"Alkemy Curl | Maska Definiuj\u0105ca Kr\u0119cone W\u0142osy","description":"Alkemy Curl maska definiuj\u0105ca do w\u0142os\u00f3w kr\u0119conych i niezdyscyplinowanych.","robots":{"index":"index","follow":"follow","max-snippet":"max-snippet:-1","max-image-preview":"max-image-preview:large","max-video-preview":"max-video-preview:-1"},"canonical":"https:\/\/www.technique-italia.com\/pl\/products\/zabiegi\/alkemy-curl\/alkemy-curl-maska-definiujaca-krecone-wlosy-copia\/","og_locale":"pl_PL","og_type":"article","og_title":"Alkemy Curl | Maska Definiuj\u0105ca Kr\u0119cone W\u0142osy","og_description":"Alkemy Curl maska definiuj\u0105ca do w\u0142os\u00f3w kr\u0119conych i niezdyscyplinowanych.","og_url":"https:\/\/www.technique-italia.com\/pl\/products\/zabiegi\/alkemy-curl\/alkemy-curl-maska-definiujaca-krecone-wlosy-copia\/","og_site_name":"Technique","og_image":[{"width":800,"height":800,"url":"https:\/\/www.technique-italia.com\/wp-content\/uploads\/2026\/03\/02070_technique_treatment_alkemy_curl_definition_control_mask_300ml.png","type":"image\/png"}],"twitter_card":"summary_large_image","schema":{"@context":"https:\/\/schema.org","@graph":[{"@type":"WebPage","@id":"https:\/\/www.technique-italia.com\/pl\/products\/zabiegi\/alkemy-curl\/alkemy-curl-maska-definiujaca-krecone-wlosy-copia\/","url":"https:\/\/www.technique-italia.com\/pl\/products\/zabiegi\/alkemy-curl\/alkemy-curl-maska-definiujaca-krecone-wlosy-copia\/","name":"Alkemy Curl | Maska Definiuj\u0105ca Kr\u0119cone W\u0142osy","isPartOf":{"@id":"https:\/\/www.technique-italia.com\/pl\/#website"},"primaryImageOfPage":{"@id":"https:\/\/www.technique-italia.com\/pl\/products\/zabiegi\/alkemy-curl\/alkemy-curl-maska-definiujaca-krecone-wlosy-copia\/#primaryimage"},"image":{"@id":"https:\/\/www.technique-italia.com\/pl\/products\/zabiegi\/alkemy-curl\/alkemy-curl-maska-definiujaca-krecone-wlosy-copia\/#primaryimage"},"thumbnailUrl":"https:\/\/www.technique-italia.com\/wp-content\/uploads\/2026\/03\/02070_technique_treatment_alkemy_curl_definition_control_mask_300ml.png","datePublished":"2021-11-15T08:00:24+00:00","description":"Alkemy Curl maska definiuj\u0105ca do w\u0142os\u00f3w kr\u0119conych i niezdyscyplinowanych.","breadcrumb":{"@id":"https:\/\/www.technique-italia.com\/pl\/products\/zabiegi\/alkemy-curl\/alkemy-curl-maska-definiujaca-krecone-wlosy-copia\/#breadcrumb"},"inLanguage":"pl-PL","potentialAction":[{"@type":"ReadAction","target":["https:\/\/www.technique-italia.com\/pl\/products\/zabiegi\/alkemy-curl\/alkemy-curl-maska-definiujaca-krecone-wlosy-copia\/"]}]},{"@type":"ImageObject","inLanguage":"pl-PL","@id":"https:\/\/www.technique-italia.com\/pl\/products\/zabiegi\/alkemy-curl\/alkemy-curl-maska-definiujaca-krecone-wlosy-copia\/#primaryimage","url":"https:\/\/www.technique-italia.com\/wp-content\/uploads\/2026\/03\/02070_technique_treatment_alkemy_curl_definition_control_mask_300ml.png","contentUrl":"https:\/\/www.technique-italia.com\/wp-content\/uploads\/2026\/03\/02070_technique_treatment_alkemy_curl_definition_control_mask_300ml.png","width":800,"height":800},{"@type":"BreadcrumbList","@id":"https:\/\/www.technique-italia.com\/pl\/products\/zabiegi\/alkemy-curl\/alkemy-curl-maska-definiujaca-krecone-wlosy-copia\/#breadcrumb","itemListElement":[{"@type":"ListItem","position":1,"name":"Home","item":"https:\/\/www.technique-italia.com\/pl\/"},{"@type":"ListItem","position":2,"name":"Produkty","item":"https:\/\/www.technique-italia.com\/pl\/shop\/"},{"@type":"ListItem","position":3,"name":"Alkemy Curl | Maska Definiuj\u0105ca Kr\u0119cone W\u0142osy"}]},{"@type":"WebSite","@id":"https:\/\/www.technique-italia.com\/pl\/#website","url":"https:\/\/www.technique-italia.com\/pl\/","name":"Technique","description":"The Italian Concept","potentialAction":[{"@type":"SearchAction","target":{"@type":"EntryPoint","urlTemplate":"https:\/\/www.technique-italia.com\/pl\/?s={search_term_string}"},"query-input":{"@type":"PropertyValueSpecification","valueRequired":true,"valueName":"search_term_string"}}],"inLanguage":"pl-PL"}]}},"_links":{"self":[{"href":"https:\/\/www.technique-italia.com\/pl\/wp-json\/wp\/v2\/product\/7841","targetHints":{"allow":["GET"]}}],"collection":[{"href":"https:\/\/www.technique-italia.com\/pl\/wp-json\/wp\/v2\/product"}],"about":[{"href":"https:\/\/www.technique-italia.com\/pl\/wp-json\/wp\/v2\/types\/product"}],"wp:featuredmedia":[{"embeddable":true,"href":"https:\/\/www.technique-italia.com\/pl\/wp-json\/wp\/v2\/media\/18048"}],"wp:attachment":[{"href":"https:\/\/www.technique-italia.com\/pl\/wp-json\/wp\/v2\/media?parent=7841"}],"wp:term":[{"taxonomy":"product_brand","embeddable":true,"href":"https:\/\/www.technique-italia.com\/pl\/wp-json\/wp\/v2\/product_brand?post=7841"},{"taxonomy":"product_cat","embeddable":true,"href":"https:\/\/www.technique-italia.com\/pl\/wp-json\/wp\/v2\/product_cat?post=7841"},{"taxonomy":"product_tag","embeddable":true,"href":"https:\/\/www.technique-italia.com\/pl\/wp-json\/wp\/v2\/product_tag?post=7841"}],"curies":[{"name":"wp","href":"https:\/\/api.w.org\/{rel}","templated":true}]}}