{"id":7819,"date":"2021-11-15T09:00:48","date_gmt":"2021-11-15T08:00:48","guid":{"rendered":"https:\/\/www.technique-italia.com\/\/?post_type=product&#038;p=7819"},"modified":"2021-11-09T15:30:01","modified_gmt":"2021-11-09T14:30:01","slug":"alkemy-nutro-odzywcza-maska-copia","status":"publish","type":"product","link":"https:\/\/www.technique-italia.com\/pl\/products\/zabiegi\/alkemy-nutro-pl\/alkemy-nutro-odzywcza-maska-copia\/","title":{"rendered":"Alkemy Nutro | Od\u017cywcza Maska"},"content":{"rendered":"","protected":false},"excerpt":{"rendered":"<p><b>Alkemy Nutro, Od\u017cywcza Maska,<\/b><span style=\"font-weight: 400;\"> kt\u00f3ra regeneruje i nawil\u017ca struktur\u0119 w\u0142os\u00f3w. Formu\u0142a wzbogacona <\/span><b>Solami Mineralnymi, Kompleksami Witaminowymi i Ceramidami,<\/b><span style=\"font-weight: 400;\"> dla od\u017cywionych w\u0142\u00f3kien w\u0142osa. Nie obci\u0105\u017ca w\u0142os\u00f3w. <\/span><span style=\"font-weight: 400;\">Do stosowania zewn\u0119trznego<\/span><\/p>\n<p><span style=\"font-weight: 400;\">Opakowanie o pojemno\u015bci 250 ml<\/span><\/p>\n","protected":false},"featured_media":18013,"template":"","meta":[],"product_brand":[],"product_cat":[602,598],"product_tag":[],"class_list":{"0":"post-7819","1":"product","2":"type-product","3":"status-publish","4":"has-post-thumbnail","6":"product_cat-alkemy-nutro-pl","7":"product_cat-zabiegi","8":"description-off","10":"first","11":"instock","12":"shipping-taxable","13":"product-type-simple"},"yoast_head":"<!-- This site is optimized with the Yoast SEO plugin v26.8 - https:\/\/yoast.com\/product\/yoast-seo-wordpress\/ -->\n<title>Alkemy Nutro | Od\u017cywcza Maska<\/title>\n<meta name=\"description\" content=\"Alkemy Nutro, Od\u017cywcza Maska, kt\u00f3ra regeneruje i nawil\u017ca struktur\u0119 w\u0142os\u00f3w.\" \/>\n<meta name=\"robots\" content=\"index, follow, max-snippet:-1, max-image-preview:large, max-video-preview:-1\" \/>\n<link rel=\"canonical\" href=\"https:\/\/www.technique-italia.com\/pl\/products\/zabiegi\/alkemy-nutro-pl\/alkemy-nutro-odzywcza-maska-copia\/\" \/>\n<meta property=\"og:locale\" content=\"pl_PL\" \/>\n<meta property=\"og:type\" content=\"article\" \/>\n<meta property=\"og:title\" content=\"Alkemy Nutro | Od\u017cywcza Maska\" \/>\n<meta property=\"og:description\" content=\"Alkemy Nutro, Od\u017cywcza Maska, kt\u00f3ra regeneruje i nawil\u017ca struktur\u0119 w\u0142os\u00f3w.\" \/>\n<meta property=\"og:url\" content=\"https:\/\/www.technique-italia.com\/pl\/products\/zabiegi\/alkemy-nutro-pl\/alkemy-nutro-odzywcza-maska-copia\/\" \/>\n<meta property=\"og:site_name\" content=\"Technique\" \/>\n<meta property=\"og:image\" content=\"https:\/\/www.technique-italia.com\/wp-content\/uploads\/2026\/03\/02058_technique_treatment_alkemy_nutro_nourishing_intensive_mask_300ml.png\" \/>\n\t<meta property=\"og:image:width\" content=\"800\" \/>\n\t<meta property=\"og:image:height\" content=\"800\" \/>\n\t<meta property=\"og:image:type\" content=\"image\/png\" \/>\n<meta name=\"twitter:card\" content=\"summary_large_image\" \/>\n<script type=\"application\/ld+json\" class=\"yoast-schema-graph\">{\"@context\":\"https:\/\/schema.org\",\"@graph\":[{\"@type\":\"WebPage\",\"@id\":\"https:\/\/www.technique-italia.com\/pl\/products\/zabiegi\/alkemy-nutro-pl\/alkemy-nutro-odzywcza-maska-copia\/\",\"url\":\"https:\/\/www.technique-italia.com\/pl\/products\/zabiegi\/alkemy-nutro-pl\/alkemy-nutro-odzywcza-maska-copia\/\",\"name\":\"Alkemy Nutro | Od\u017cywcza Maska\",\"isPartOf\":{\"@id\":\"https:\/\/www.technique-italia.com\/pl\/#website\"},\"primaryImageOfPage\":{\"@id\":\"https:\/\/www.technique-italia.com\/pl\/products\/zabiegi\/alkemy-nutro-pl\/alkemy-nutro-odzywcza-maska-copia\/#primaryimage\"},\"image\":{\"@id\":\"https:\/\/www.technique-italia.com\/pl\/products\/zabiegi\/alkemy-nutro-pl\/alkemy-nutro-odzywcza-maska-copia\/#primaryimage\"},\"thumbnailUrl\":\"https:\/\/www.technique-italia.com\/wp-content\/uploads\/2026\/03\/02058_technique_treatment_alkemy_nutro_nourishing_intensive_mask_300ml.png\",\"datePublished\":\"2021-11-15T08:00:48+00:00\",\"description\":\"Alkemy Nutro, Od\u017cywcza Maska, kt\u00f3ra regeneruje i nawil\u017ca struktur\u0119 w\u0142os\u00f3w.\",\"breadcrumb\":{\"@id\":\"https:\/\/www.technique-italia.com\/pl\/products\/zabiegi\/alkemy-nutro-pl\/alkemy-nutro-odzywcza-maska-copia\/#breadcrumb\"},\"inLanguage\":\"pl-PL\",\"potentialAction\":[{\"@type\":\"ReadAction\",\"target\":[\"https:\/\/www.technique-italia.com\/pl\/products\/zabiegi\/alkemy-nutro-pl\/alkemy-nutro-odzywcza-maska-copia\/\"]}]},{\"@type\":\"ImageObject\",\"inLanguage\":\"pl-PL\",\"@id\":\"https:\/\/www.technique-italia.com\/pl\/products\/zabiegi\/alkemy-nutro-pl\/alkemy-nutro-odzywcza-maska-copia\/#primaryimage\",\"url\":\"https:\/\/www.technique-italia.com\/wp-content\/uploads\/2026\/03\/02058_technique_treatment_alkemy_nutro_nourishing_intensive_mask_300ml.png\",\"contentUrl\":\"https:\/\/www.technique-italia.com\/wp-content\/uploads\/2026\/03\/02058_technique_treatment_alkemy_nutro_nourishing_intensive_mask_300ml.png\",\"width\":800,\"height\":800},{\"@type\":\"BreadcrumbList\",\"@id\":\"https:\/\/www.technique-italia.com\/pl\/products\/zabiegi\/alkemy-nutro-pl\/alkemy-nutro-odzywcza-maska-copia\/#breadcrumb\",\"itemListElement\":[{\"@type\":\"ListItem\",\"position\":1,\"name\":\"Home\",\"item\":\"https:\/\/www.technique-italia.com\/pl\/\"},{\"@type\":\"ListItem\",\"position\":2,\"name\":\"Produkty\",\"item\":\"https:\/\/www.technique-italia.com\/pl\/shop\/\"},{\"@type\":\"ListItem\",\"position\":3,\"name\":\"Alkemy Nutro | Od\u017cywcza Maska\"}]},{\"@type\":\"WebSite\",\"@id\":\"https:\/\/www.technique-italia.com\/pl\/#website\",\"url\":\"https:\/\/www.technique-italia.com\/pl\/\",\"name\":\"Technique\",\"description\":\"The Italian Concept\",\"potentialAction\":[{\"@type\":\"SearchAction\",\"target\":{\"@type\":\"EntryPoint\",\"urlTemplate\":\"https:\/\/www.technique-italia.com\/pl\/?s={search_term_string}\"},\"query-input\":{\"@type\":\"PropertyValueSpecification\",\"valueRequired\":true,\"valueName\":\"search_term_string\"}}],\"inLanguage\":\"pl-PL\"}]}<\/script>\n<!-- \/ Yoast SEO plugin. -->","yoast_head_json":{"title":"Alkemy Nutro | Od\u017cywcza Maska","description":"Alkemy Nutro, Od\u017cywcza Maska, kt\u00f3ra regeneruje i nawil\u017ca struktur\u0119 w\u0142os\u00f3w.","robots":{"index":"index","follow":"follow","max-snippet":"max-snippet:-1","max-image-preview":"max-image-preview:large","max-video-preview":"max-video-preview:-1"},"canonical":"https:\/\/www.technique-italia.com\/pl\/products\/zabiegi\/alkemy-nutro-pl\/alkemy-nutro-odzywcza-maska-copia\/","og_locale":"pl_PL","og_type":"article","og_title":"Alkemy Nutro | Od\u017cywcza Maska","og_description":"Alkemy Nutro, Od\u017cywcza Maska, kt\u00f3ra regeneruje i nawil\u017ca struktur\u0119 w\u0142os\u00f3w.","og_url":"https:\/\/www.technique-italia.com\/pl\/products\/zabiegi\/alkemy-nutro-pl\/alkemy-nutro-odzywcza-maska-copia\/","og_site_name":"Technique","og_image":[{"width":800,"height":800,"url":"https:\/\/www.technique-italia.com\/wp-content\/uploads\/2026\/03\/02058_technique_treatment_alkemy_nutro_nourishing_intensive_mask_300ml.png","type":"image\/png"}],"twitter_card":"summary_large_image","schema":{"@context":"https:\/\/schema.org","@graph":[{"@type":"WebPage","@id":"https:\/\/www.technique-italia.com\/pl\/products\/zabiegi\/alkemy-nutro-pl\/alkemy-nutro-odzywcza-maska-copia\/","url":"https:\/\/www.technique-italia.com\/pl\/products\/zabiegi\/alkemy-nutro-pl\/alkemy-nutro-odzywcza-maska-copia\/","name":"Alkemy Nutro | Od\u017cywcza Maska","isPartOf":{"@id":"https:\/\/www.technique-italia.com\/pl\/#website"},"primaryImageOfPage":{"@id":"https:\/\/www.technique-italia.com\/pl\/products\/zabiegi\/alkemy-nutro-pl\/alkemy-nutro-odzywcza-maska-copia\/#primaryimage"},"image":{"@id":"https:\/\/www.technique-italia.com\/pl\/products\/zabiegi\/alkemy-nutro-pl\/alkemy-nutro-odzywcza-maska-copia\/#primaryimage"},"thumbnailUrl":"https:\/\/www.technique-italia.com\/wp-content\/uploads\/2026\/03\/02058_technique_treatment_alkemy_nutro_nourishing_intensive_mask_300ml.png","datePublished":"2021-11-15T08:00:48+00:00","description":"Alkemy Nutro, Od\u017cywcza Maska, kt\u00f3ra regeneruje i nawil\u017ca struktur\u0119 w\u0142os\u00f3w.","breadcrumb":{"@id":"https:\/\/www.technique-italia.com\/pl\/products\/zabiegi\/alkemy-nutro-pl\/alkemy-nutro-odzywcza-maska-copia\/#breadcrumb"},"inLanguage":"pl-PL","potentialAction":[{"@type":"ReadAction","target":["https:\/\/www.technique-italia.com\/pl\/products\/zabiegi\/alkemy-nutro-pl\/alkemy-nutro-odzywcza-maska-copia\/"]}]},{"@type":"ImageObject","inLanguage":"pl-PL","@id":"https:\/\/www.technique-italia.com\/pl\/products\/zabiegi\/alkemy-nutro-pl\/alkemy-nutro-odzywcza-maska-copia\/#primaryimage","url":"https:\/\/www.technique-italia.com\/wp-content\/uploads\/2026\/03\/02058_technique_treatment_alkemy_nutro_nourishing_intensive_mask_300ml.png","contentUrl":"https:\/\/www.technique-italia.com\/wp-content\/uploads\/2026\/03\/02058_technique_treatment_alkemy_nutro_nourishing_intensive_mask_300ml.png","width":800,"height":800},{"@type":"BreadcrumbList","@id":"https:\/\/www.technique-italia.com\/pl\/products\/zabiegi\/alkemy-nutro-pl\/alkemy-nutro-odzywcza-maska-copia\/#breadcrumb","itemListElement":[{"@type":"ListItem","position":1,"name":"Home","item":"https:\/\/www.technique-italia.com\/pl\/"},{"@type":"ListItem","position":2,"name":"Produkty","item":"https:\/\/www.technique-italia.com\/pl\/shop\/"},{"@type":"ListItem","position":3,"name":"Alkemy Nutro | Od\u017cywcza Maska"}]},{"@type":"WebSite","@id":"https:\/\/www.technique-italia.com\/pl\/#website","url":"https:\/\/www.technique-italia.com\/pl\/","name":"Technique","description":"The Italian Concept","potentialAction":[{"@type":"SearchAction","target":{"@type":"EntryPoint","urlTemplate":"https:\/\/www.technique-italia.com\/pl\/?s={search_term_string}"},"query-input":{"@type":"PropertyValueSpecification","valueRequired":true,"valueName":"search_term_string"}}],"inLanguage":"pl-PL"}]}},"_links":{"self":[{"href":"https:\/\/www.technique-italia.com\/pl\/wp-json\/wp\/v2\/product\/7819","targetHints":{"allow":["GET"]}}],"collection":[{"href":"https:\/\/www.technique-italia.com\/pl\/wp-json\/wp\/v2\/product"}],"about":[{"href":"https:\/\/www.technique-italia.com\/pl\/wp-json\/wp\/v2\/types\/product"}],"wp:featuredmedia":[{"embeddable":true,"href":"https:\/\/www.technique-italia.com\/pl\/wp-json\/wp\/v2\/media\/18013"}],"wp:attachment":[{"href":"https:\/\/www.technique-italia.com\/pl\/wp-json\/wp\/v2\/media?parent=7819"}],"wp:term":[{"taxonomy":"product_brand","embeddable":true,"href":"https:\/\/www.technique-italia.com\/pl\/wp-json\/wp\/v2\/product_brand?post=7819"},{"taxonomy":"product_cat","embeddable":true,"href":"https:\/\/www.technique-italia.com\/pl\/wp-json\/wp\/v2\/product_cat?post=7819"},{"taxonomy":"product_tag","embeddable":true,"href":"https:\/\/www.technique-italia.com\/pl\/wp-json\/wp\/v2\/product_tag?post=7819"}],"curies":[{"name":"wp","href":"https:\/\/api.w.org\/{rel}","templated":true}]}}