{"id":7802,"date":"2015-05-21T15:20:20","date_gmt":"2015-05-21T13:20:20","guid":{"rendered":"https:\/\/www.technique-italia.com\/\/products\/bez-kategorii\/jetting-up-zel-w-musie-definicja-i-kontrola\/"},"modified":"2023-07-26T16:33:11","modified_gmt":"2023-07-26T14:33:11","slug":"jetting-up-zel-w-musie-definicja-i-kontrola","status":"publish","type":"product","link":"https:\/\/www.technique-italia.com\/pl\/products\/finishing-styling-pl\/musy\/jetting-up-zel-w-musie-definicja-i-kontrola\/","title":{"rendered":"Jetting Up | Blooming &#8211; \u017bel w Musie Definicja i Kontrola"},"content":{"rendered":"","protected":false},"excerpt":{"rendered":"<p><b>Blooming, \u017bel w Musie Definicja<\/b> <b>i Kontrola<\/b><span style=\"font-weight: 400;\"> sprawdza si\u0119 idealnie do ka\u017cdego rodzaju w\u0142os\u00f3w, kt\u00f3rym <\/span><b>nadaje<\/b> <b>wigor<\/b><span style=\"font-weight: 400;\"> i <\/span><b>ekstremalny po\u0142ysk<\/b><span style=\"font-weight: 400;\">. Stosowany na suche w\u0142osy nadaje <\/span><b>naturalny\u00a0 efekt<\/b><span style=\"font-weight: 400;\"> mokrych w\u0142os\u00f3w. Stosowany na wilgotne w\u0142osy zapewnia <\/span><b>zdefiniowan\u0105 stylizacj\u0119<\/b><span style=\"font-weight: 400;\">.<\/span><\/p>\n<p><span style=\"font-weight: 400;\">Do u\u017cytku profesjonalnego<\/span><\/p>\n<p><span style=\"font-weight: 400;\">Butelka o obj\u0119to\u015bci 300 ml<\/span><\/p>\n","protected":false},"featured_media":15136,"template":"","meta":[],"product_brand":[],"product_cat":[589,592],"product_tag":[],"class_list":{"0":"post-7802","1":"product","2":"type-product","3":"status-publish","4":"has-post-thumbnail","6":"product_cat-finishing-styling-pl","7":"product_cat-musy","8":"description-off","10":"first","11":"instock","12":"shipping-taxable","13":"product-type-simple"},"yoast_head":"<!-- This site is optimized with the Yoast SEO plugin v26.8 - https:\/\/yoast.com\/product\/yoast-seo-wordpress\/ -->\n<title>Jetting Up | Blooming - \u017bel w Musie Definicja i Kontrola<\/title>\n<meta name=\"description\" content=\"Blooming, \u017bel w Musie Definicja i Kontrola sprawdza si\u0119 idealnie do ka\u017cdego rodzaju w\u0142os\u00f3w, kt\u00f3rym nadaje wigor i ekstremalny po\u0142ysk.\" \/>\n<meta name=\"robots\" content=\"index, follow, max-snippet:-1, max-image-preview:large, max-video-preview:-1\" \/>\n<link rel=\"canonical\" href=\"https:\/\/www.technique-italia.com\/pl\/products\/finishing-styling-pl\/musy\/jetting-up-zel-w-musie-definicja-i-kontrola\/\" \/>\n<meta property=\"og:locale\" content=\"pl_PL\" \/>\n<meta property=\"og:type\" content=\"article\" \/>\n<meta property=\"og:title\" content=\"Jetting Up | Blooming - \u017bel w Musie Definicja i Kontrola\" \/>\n<meta property=\"og:description\" content=\"Blooming, \u017bel w Musie Definicja i Kontrola sprawdza si\u0119 idealnie do ka\u017cdego rodzaju w\u0142os\u00f3w, kt\u00f3rym nadaje wigor i ekstremalny po\u0142ysk.\" \/>\n<meta property=\"og:url\" content=\"https:\/\/www.technique-italia.com\/pl\/products\/finishing-styling-pl\/musy\/jetting-up-zel-w-musie-definicja-i-kontrola\/\" \/>\n<meta property=\"og:site_name\" content=\"Technique\" \/>\n<meta property=\"article:modified_time\" content=\"2023-07-26T14:33:11+00:00\" \/>\n<meta property=\"og:image\" content=\"https:\/\/www.technique-italia.com\/wp-content\/uploads\/2023\/07\/03017_technique_blooming_styling_gel_in_mousse_300ml.png\" \/>\n\t<meta property=\"og:image:width\" content=\"600\" \/>\n\t<meta property=\"og:image:height\" content=\"600\" \/>\n\t<meta property=\"og:image:type\" content=\"image\/png\" \/>\n<meta name=\"twitter:card\" content=\"summary_large_image\" \/>\n<script type=\"application\/ld+json\" class=\"yoast-schema-graph\">{\"@context\":\"https:\/\/schema.org\",\"@graph\":[{\"@type\":\"WebPage\",\"@id\":\"https:\/\/www.technique-italia.com\/pl\/products\/finishing-styling-pl\/musy\/jetting-up-zel-w-musie-definicja-i-kontrola\/\",\"url\":\"https:\/\/www.technique-italia.com\/pl\/products\/finishing-styling-pl\/musy\/jetting-up-zel-w-musie-definicja-i-kontrola\/\",\"name\":\"Jetting Up | Blooming - \u017bel w Musie Definicja i Kontrola\",\"isPartOf\":{\"@id\":\"https:\/\/www.technique-italia.com\/pl\/#website\"},\"primaryImageOfPage\":{\"@id\":\"https:\/\/www.technique-italia.com\/pl\/products\/finishing-styling-pl\/musy\/jetting-up-zel-w-musie-definicja-i-kontrola\/#primaryimage\"},\"image\":{\"@id\":\"https:\/\/www.technique-italia.com\/pl\/products\/finishing-styling-pl\/musy\/jetting-up-zel-w-musie-definicja-i-kontrola\/#primaryimage\"},\"thumbnailUrl\":\"https:\/\/www.technique-italia.com\/wp-content\/uploads\/2023\/07\/03017_technique_blooming_styling_gel_in_mousse_300ml.png\",\"datePublished\":\"2015-05-21T13:20:20+00:00\",\"dateModified\":\"2023-07-26T14:33:11+00:00\",\"description\":\"Blooming, \u017bel w Musie Definicja i Kontrola sprawdza si\u0119 idealnie do ka\u017cdego rodzaju w\u0142os\u00f3w, kt\u00f3rym nadaje wigor i ekstremalny po\u0142ysk.\",\"breadcrumb\":{\"@id\":\"https:\/\/www.technique-italia.com\/pl\/products\/finishing-styling-pl\/musy\/jetting-up-zel-w-musie-definicja-i-kontrola\/#breadcrumb\"},\"inLanguage\":\"pl-PL\",\"potentialAction\":[{\"@type\":\"ReadAction\",\"target\":[\"https:\/\/www.technique-italia.com\/pl\/products\/finishing-styling-pl\/musy\/jetting-up-zel-w-musie-definicja-i-kontrola\/\"]}]},{\"@type\":\"ImageObject\",\"inLanguage\":\"pl-PL\",\"@id\":\"https:\/\/www.technique-italia.com\/pl\/products\/finishing-styling-pl\/musy\/jetting-up-zel-w-musie-definicja-i-kontrola\/#primaryimage\",\"url\":\"https:\/\/www.technique-italia.com\/wp-content\/uploads\/2023\/07\/03017_technique_blooming_styling_gel_in_mousse_300ml.png\",\"contentUrl\":\"https:\/\/www.technique-italia.com\/wp-content\/uploads\/2023\/07\/03017_technique_blooming_styling_gel_in_mousse_300ml.png\",\"width\":600,\"height\":600,\"caption\":\"gel in mousse\"},{\"@type\":\"BreadcrumbList\",\"@id\":\"https:\/\/www.technique-italia.com\/pl\/products\/finishing-styling-pl\/musy\/jetting-up-zel-w-musie-definicja-i-kontrola\/#breadcrumb\",\"itemListElement\":[{\"@type\":\"ListItem\",\"position\":1,\"name\":\"Home\",\"item\":\"https:\/\/www.technique-italia.com\/pl\/\"},{\"@type\":\"ListItem\",\"position\":2,\"name\":\"Produkty\",\"item\":\"https:\/\/www.technique-italia.com\/pl\/shop\/\"},{\"@type\":\"ListItem\",\"position\":3,\"name\":\"Jetting Up | Blooming &#8211; \u017bel w Musie Definicja i Kontrola\"}]},{\"@type\":\"WebSite\",\"@id\":\"https:\/\/www.technique-italia.com\/pl\/#website\",\"url\":\"https:\/\/www.technique-italia.com\/pl\/\",\"name\":\"Technique\",\"description\":\"The Italian Concept\",\"potentialAction\":[{\"@type\":\"SearchAction\",\"target\":{\"@type\":\"EntryPoint\",\"urlTemplate\":\"https:\/\/www.technique-italia.com\/pl\/?s={search_term_string}\"},\"query-input\":{\"@type\":\"PropertyValueSpecification\",\"valueRequired\":true,\"valueName\":\"search_term_string\"}}],\"inLanguage\":\"pl-PL\"}]}<\/script>\n<!-- \/ Yoast SEO plugin. -->","yoast_head_json":{"title":"Jetting Up | Blooming - \u017bel w Musie Definicja i Kontrola","description":"Blooming, \u017bel w Musie Definicja i Kontrola sprawdza si\u0119 idealnie do ka\u017cdego rodzaju w\u0142os\u00f3w, kt\u00f3rym nadaje wigor i ekstremalny po\u0142ysk.","robots":{"index":"index","follow":"follow","max-snippet":"max-snippet:-1","max-image-preview":"max-image-preview:large","max-video-preview":"max-video-preview:-1"},"canonical":"https:\/\/www.technique-italia.com\/pl\/products\/finishing-styling-pl\/musy\/jetting-up-zel-w-musie-definicja-i-kontrola\/","og_locale":"pl_PL","og_type":"article","og_title":"Jetting Up | Blooming - \u017bel w Musie Definicja i Kontrola","og_description":"Blooming, \u017bel w Musie Definicja i Kontrola sprawdza si\u0119 idealnie do ka\u017cdego rodzaju w\u0142os\u00f3w, kt\u00f3rym nadaje wigor i ekstremalny po\u0142ysk.","og_url":"https:\/\/www.technique-italia.com\/pl\/products\/finishing-styling-pl\/musy\/jetting-up-zel-w-musie-definicja-i-kontrola\/","og_site_name":"Technique","article_modified_time":"2023-07-26T14:33:11+00:00","og_image":[{"width":600,"height":600,"url":"https:\/\/www.technique-italia.com\/wp-content\/uploads\/2023\/07\/03017_technique_blooming_styling_gel_in_mousse_300ml.png","type":"image\/png"}],"twitter_card":"summary_large_image","schema":{"@context":"https:\/\/schema.org","@graph":[{"@type":"WebPage","@id":"https:\/\/www.technique-italia.com\/pl\/products\/finishing-styling-pl\/musy\/jetting-up-zel-w-musie-definicja-i-kontrola\/","url":"https:\/\/www.technique-italia.com\/pl\/products\/finishing-styling-pl\/musy\/jetting-up-zel-w-musie-definicja-i-kontrola\/","name":"Jetting Up | Blooming - \u017bel w Musie Definicja i Kontrola","isPartOf":{"@id":"https:\/\/www.technique-italia.com\/pl\/#website"},"primaryImageOfPage":{"@id":"https:\/\/www.technique-italia.com\/pl\/products\/finishing-styling-pl\/musy\/jetting-up-zel-w-musie-definicja-i-kontrola\/#primaryimage"},"image":{"@id":"https:\/\/www.technique-italia.com\/pl\/products\/finishing-styling-pl\/musy\/jetting-up-zel-w-musie-definicja-i-kontrola\/#primaryimage"},"thumbnailUrl":"https:\/\/www.technique-italia.com\/wp-content\/uploads\/2023\/07\/03017_technique_blooming_styling_gel_in_mousse_300ml.png","datePublished":"2015-05-21T13:20:20+00:00","dateModified":"2023-07-26T14:33:11+00:00","description":"Blooming, \u017bel w Musie Definicja i Kontrola sprawdza si\u0119 idealnie do ka\u017cdego rodzaju w\u0142os\u00f3w, kt\u00f3rym nadaje wigor i ekstremalny po\u0142ysk.","breadcrumb":{"@id":"https:\/\/www.technique-italia.com\/pl\/products\/finishing-styling-pl\/musy\/jetting-up-zel-w-musie-definicja-i-kontrola\/#breadcrumb"},"inLanguage":"pl-PL","potentialAction":[{"@type":"ReadAction","target":["https:\/\/www.technique-italia.com\/pl\/products\/finishing-styling-pl\/musy\/jetting-up-zel-w-musie-definicja-i-kontrola\/"]}]},{"@type":"ImageObject","inLanguage":"pl-PL","@id":"https:\/\/www.technique-italia.com\/pl\/products\/finishing-styling-pl\/musy\/jetting-up-zel-w-musie-definicja-i-kontrola\/#primaryimage","url":"https:\/\/www.technique-italia.com\/wp-content\/uploads\/2023\/07\/03017_technique_blooming_styling_gel_in_mousse_300ml.png","contentUrl":"https:\/\/www.technique-italia.com\/wp-content\/uploads\/2023\/07\/03017_technique_blooming_styling_gel_in_mousse_300ml.png","width":600,"height":600,"caption":"gel in mousse"},{"@type":"BreadcrumbList","@id":"https:\/\/www.technique-italia.com\/pl\/products\/finishing-styling-pl\/musy\/jetting-up-zel-w-musie-definicja-i-kontrola\/#breadcrumb","itemListElement":[{"@type":"ListItem","position":1,"name":"Home","item":"https:\/\/www.technique-italia.com\/pl\/"},{"@type":"ListItem","position":2,"name":"Produkty","item":"https:\/\/www.technique-italia.com\/pl\/shop\/"},{"@type":"ListItem","position":3,"name":"Jetting Up | Blooming &#8211; \u017bel w Musie Definicja i Kontrola"}]},{"@type":"WebSite","@id":"https:\/\/www.technique-italia.com\/pl\/#website","url":"https:\/\/www.technique-italia.com\/pl\/","name":"Technique","description":"The Italian Concept","potentialAction":[{"@type":"SearchAction","target":{"@type":"EntryPoint","urlTemplate":"https:\/\/www.technique-italia.com\/pl\/?s={search_term_string}"},"query-input":{"@type":"PropertyValueSpecification","valueRequired":true,"valueName":"search_term_string"}}],"inLanguage":"pl-PL"}]}},"_links":{"self":[{"href":"https:\/\/www.technique-italia.com\/pl\/wp-json\/wp\/v2\/product\/7802","targetHints":{"allow":["GET"]}}],"collection":[{"href":"https:\/\/www.technique-italia.com\/pl\/wp-json\/wp\/v2\/product"}],"about":[{"href":"https:\/\/www.technique-italia.com\/pl\/wp-json\/wp\/v2\/types\/product"}],"wp:featuredmedia":[{"embeddable":true,"href":"https:\/\/www.technique-italia.com\/pl\/wp-json\/wp\/v2\/media\/15136"}],"wp:attachment":[{"href":"https:\/\/www.technique-italia.com\/pl\/wp-json\/wp\/v2\/media?parent=7802"}],"wp:term":[{"taxonomy":"product_brand","embeddable":true,"href":"https:\/\/www.technique-italia.com\/pl\/wp-json\/wp\/v2\/product_brand?post=7802"},{"taxonomy":"product_cat","embeddable":true,"href":"https:\/\/www.technique-italia.com\/pl\/wp-json\/wp\/v2\/product_cat?post=7802"},{"taxonomy":"product_tag","embeddable":true,"href":"https:\/\/www.technique-italia.com\/pl\/wp-json\/wp\/v2\/product_tag?post=7802"}],"curies":[{"name":"wp","href":"https:\/\/api.w.org\/{rel}","templated":true}]}}