{"id":7794,"date":"2015-05-21T17:05:31","date_gmt":"2015-05-21T15:05:31","guid":{"rendered":"https:\/\/www.technique-italia.com\/\/products\/bez-kategorii\/jetting-up-super-utrwalajacy-lakier-w-sprayu-3\/"},"modified":"2023-11-13T15:43:06","modified_gmt":"2023-11-13T14:43:06","slug":"jetting-up-super-utrwalajacy-lakier-w-sprayu-3","status":"publish","type":"product","link":"https:\/\/www.technique-italia.com\/pl\/products\/finishing-styling-pl\/spraye\/jetting-up-super-utrwalajacy-lakier-w-sprayu-3\/","title":{"rendered":"Jetting Up | Full HD &#8211; Super Utrwalaj\u0105cy Lakier w Sprayu"},"content":{"rendered":"","protected":false},"excerpt":{"rendered":"<p><b>Jetting Up, Lakier w Sprayu<\/b><span style=\"font-weight: 400;\"> super utrwalaj\u0105cy z przyjaznym dla \u015brodowiska, nieniszcz\u0105cym ozonu ekologicznym propelentem. Odpowiedni do <\/span><b>utrwalania fryzur<\/b><span style=\"font-weight: 400;\"> dzi\u0119ki delikatnemu i niewidocznemu <\/span><b>ochronnemu filmowi<\/b><span style=\"font-weight: 400;\">.<\/span><\/p>\n<p><span style=\"font-weight: 400;\">Do u\u017cytku profesjonalnego<\/span><\/p>\n<p><span style=\"font-weight: 400;\">Butelka o obj\u0119to\u015bci 500 ml<\/span><\/p>\n","protected":false},"featured_media":17443,"template":"","meta":[],"product_brand":[],"product_cat":[589,593],"product_tag":[],"class_list":{"0":"post-7794","1":"product","2":"type-product","3":"status-publish","4":"has-post-thumbnail","6":"product_cat-finishing-styling-pl","7":"product_cat-spraye","8":"description-off","10":"first","11":"instock","12":"shipping-taxable","13":"product-type-simple"},"yoast_head":"<!-- This site is optimized with the Yoast SEO plugin v26.8 - https:\/\/yoast.com\/product\/yoast-seo-wordpress\/ -->\n<title>Jetting Up | Super Utrwalaj\u0105cy Lakier w Sprayu<\/title>\n<meta name=\"description\" content=\"Jetting Up, Lakier w Sprayu super utrwalaj\u0105cy z przyjaznym dla \u015brodowiska, nieniszcz\u0105cym ozonu ekologicznym propelentem.\" \/>\n<meta name=\"robots\" content=\"index, follow, max-snippet:-1, max-image-preview:large, max-video-preview:-1\" \/>\n<link rel=\"canonical\" href=\"https:\/\/www.technique-italia.com\/pl\/products\/finishing-styling-pl\/spraye\/jetting-up-super-utrwalajacy-lakier-w-sprayu-3\/\" \/>\n<meta property=\"og:locale\" content=\"pl_PL\" \/>\n<meta property=\"og:type\" content=\"article\" \/>\n<meta property=\"og:title\" content=\"Jetting Up | Super Utrwalaj\u0105cy Lakier w Sprayu\" \/>\n<meta property=\"og:description\" content=\"Jetting Up, Lakier w Sprayu super utrwalaj\u0105cy z przyjaznym dla \u015brodowiska, nieniszcz\u0105cym ozonu ekologicznym propelentem.\" \/>\n<meta property=\"og:url\" content=\"https:\/\/www.technique-italia.com\/pl\/products\/finishing-styling-pl\/spraye\/jetting-up-super-utrwalajacy-lakier-w-sprayu-3\/\" \/>\n<meta property=\"og:site_name\" content=\"Technique\" \/>\n<meta property=\"article:modified_time\" content=\"2023-11-13T14:43:06+00:00\" \/>\n<meta property=\"og:image\" content=\"https:\/\/www.technique-italia.com\/wp-content\/uploads\/2015\/05\/03007_technique_full_hd_directional_spray_500ml.png\" \/>\n\t<meta property=\"og:image:width\" content=\"600\" \/>\n\t<meta property=\"og:image:height\" content=\"600\" \/>\n\t<meta property=\"og:image:type\" content=\"image\/png\" \/>\n<meta name=\"twitter:card\" content=\"summary_large_image\" \/>\n<script type=\"application\/ld+json\" class=\"yoast-schema-graph\">{\"@context\":\"https:\/\/schema.org\",\"@graph\":[{\"@type\":\"WebPage\",\"@id\":\"https:\/\/www.technique-italia.com\/pl\/products\/finishing-styling-pl\/spraye\/jetting-up-super-utrwalajacy-lakier-w-sprayu-3\/\",\"url\":\"https:\/\/www.technique-italia.com\/pl\/products\/finishing-styling-pl\/spraye\/jetting-up-super-utrwalajacy-lakier-w-sprayu-3\/\",\"name\":\"Jetting Up | Super Utrwalaj\u0105cy Lakier w Sprayu\",\"isPartOf\":{\"@id\":\"https:\/\/www.technique-italia.com\/pl\/#website\"},\"primaryImageOfPage\":{\"@id\":\"https:\/\/www.technique-italia.com\/pl\/products\/finishing-styling-pl\/spraye\/jetting-up-super-utrwalajacy-lakier-w-sprayu-3\/#primaryimage\"},\"image\":{\"@id\":\"https:\/\/www.technique-italia.com\/pl\/products\/finishing-styling-pl\/spraye\/jetting-up-super-utrwalajacy-lakier-w-sprayu-3\/#primaryimage\"},\"thumbnailUrl\":\"https:\/\/www.technique-italia.com\/wp-content\/uploads\/2015\/05\/03007_technique_full_hd_directional_spray_500ml.png\",\"datePublished\":\"2015-05-21T15:05:31+00:00\",\"dateModified\":\"2023-11-13T14:43:06+00:00\",\"description\":\"Jetting Up, Lakier w Sprayu super utrwalaj\u0105cy z przyjaznym dla \u015brodowiska, nieniszcz\u0105cym ozonu ekologicznym propelentem.\",\"breadcrumb\":{\"@id\":\"https:\/\/www.technique-italia.com\/pl\/products\/finishing-styling-pl\/spraye\/jetting-up-super-utrwalajacy-lakier-w-sprayu-3\/#breadcrumb\"},\"inLanguage\":\"pl-PL\",\"potentialAction\":[{\"@type\":\"ReadAction\",\"target\":[\"https:\/\/www.technique-italia.com\/pl\/products\/finishing-styling-pl\/spraye\/jetting-up-super-utrwalajacy-lakier-w-sprayu-3\/\"]}]},{\"@type\":\"ImageObject\",\"inLanguage\":\"pl-PL\",\"@id\":\"https:\/\/www.technique-italia.com\/pl\/products\/finishing-styling-pl\/spraye\/jetting-up-super-utrwalajacy-lakier-w-sprayu-3\/#primaryimage\",\"url\":\"https:\/\/www.technique-italia.com\/wp-content\/uploads\/2015\/05\/03007_technique_full_hd_directional_spray_500ml.png\",\"contentUrl\":\"https:\/\/www.technique-italia.com\/wp-content\/uploads\/2015\/05\/03007_technique_full_hd_directional_spray_500ml.png\",\"width\":600,\"height\":600},{\"@type\":\"BreadcrumbList\",\"@id\":\"https:\/\/www.technique-italia.com\/pl\/products\/finishing-styling-pl\/spraye\/jetting-up-super-utrwalajacy-lakier-w-sprayu-3\/#breadcrumb\",\"itemListElement\":[{\"@type\":\"ListItem\",\"position\":1,\"name\":\"Home\",\"item\":\"https:\/\/www.technique-italia.com\/pl\/\"},{\"@type\":\"ListItem\",\"position\":2,\"name\":\"Produkty\",\"item\":\"https:\/\/www.technique-italia.com\/pl\/shop\/\"},{\"@type\":\"ListItem\",\"position\":3,\"name\":\"Jetting Up | Full HD &#8211; Super Utrwalaj\u0105cy Lakier w Sprayu\"}]},{\"@type\":\"WebSite\",\"@id\":\"https:\/\/www.technique-italia.com\/pl\/#website\",\"url\":\"https:\/\/www.technique-italia.com\/pl\/\",\"name\":\"Technique\",\"description\":\"The Italian Concept\",\"potentialAction\":[{\"@type\":\"SearchAction\",\"target\":{\"@type\":\"EntryPoint\",\"urlTemplate\":\"https:\/\/www.technique-italia.com\/pl\/?s={search_term_string}\"},\"query-input\":{\"@type\":\"PropertyValueSpecification\",\"valueRequired\":true,\"valueName\":\"search_term_string\"}}],\"inLanguage\":\"pl-PL\"}]}<\/script>\n<!-- \/ Yoast SEO plugin. -->","yoast_head_json":{"title":"Jetting Up | Super Utrwalaj\u0105cy Lakier w Sprayu","description":"Jetting Up, Lakier w Sprayu super utrwalaj\u0105cy z przyjaznym dla \u015brodowiska, nieniszcz\u0105cym ozonu ekologicznym propelentem.","robots":{"index":"index","follow":"follow","max-snippet":"max-snippet:-1","max-image-preview":"max-image-preview:large","max-video-preview":"max-video-preview:-1"},"canonical":"https:\/\/www.technique-italia.com\/pl\/products\/finishing-styling-pl\/spraye\/jetting-up-super-utrwalajacy-lakier-w-sprayu-3\/","og_locale":"pl_PL","og_type":"article","og_title":"Jetting Up | Super Utrwalaj\u0105cy Lakier w Sprayu","og_description":"Jetting Up, Lakier w Sprayu super utrwalaj\u0105cy z przyjaznym dla \u015brodowiska, nieniszcz\u0105cym ozonu ekologicznym propelentem.","og_url":"https:\/\/www.technique-italia.com\/pl\/products\/finishing-styling-pl\/spraye\/jetting-up-super-utrwalajacy-lakier-w-sprayu-3\/","og_site_name":"Technique","article_modified_time":"2023-11-13T14:43:06+00:00","og_image":[{"width":600,"height":600,"url":"https:\/\/www.technique-italia.com\/wp-content\/uploads\/2015\/05\/03007_technique_full_hd_directional_spray_500ml.png","type":"image\/png"}],"twitter_card":"summary_large_image","schema":{"@context":"https:\/\/schema.org","@graph":[{"@type":"WebPage","@id":"https:\/\/www.technique-italia.com\/pl\/products\/finishing-styling-pl\/spraye\/jetting-up-super-utrwalajacy-lakier-w-sprayu-3\/","url":"https:\/\/www.technique-italia.com\/pl\/products\/finishing-styling-pl\/spraye\/jetting-up-super-utrwalajacy-lakier-w-sprayu-3\/","name":"Jetting Up | Super Utrwalaj\u0105cy Lakier w Sprayu","isPartOf":{"@id":"https:\/\/www.technique-italia.com\/pl\/#website"},"primaryImageOfPage":{"@id":"https:\/\/www.technique-italia.com\/pl\/products\/finishing-styling-pl\/spraye\/jetting-up-super-utrwalajacy-lakier-w-sprayu-3\/#primaryimage"},"image":{"@id":"https:\/\/www.technique-italia.com\/pl\/products\/finishing-styling-pl\/spraye\/jetting-up-super-utrwalajacy-lakier-w-sprayu-3\/#primaryimage"},"thumbnailUrl":"https:\/\/www.technique-italia.com\/wp-content\/uploads\/2015\/05\/03007_technique_full_hd_directional_spray_500ml.png","datePublished":"2015-05-21T15:05:31+00:00","dateModified":"2023-11-13T14:43:06+00:00","description":"Jetting Up, Lakier w Sprayu super utrwalaj\u0105cy z przyjaznym dla \u015brodowiska, nieniszcz\u0105cym ozonu ekologicznym propelentem.","breadcrumb":{"@id":"https:\/\/www.technique-italia.com\/pl\/products\/finishing-styling-pl\/spraye\/jetting-up-super-utrwalajacy-lakier-w-sprayu-3\/#breadcrumb"},"inLanguage":"pl-PL","potentialAction":[{"@type":"ReadAction","target":["https:\/\/www.technique-italia.com\/pl\/products\/finishing-styling-pl\/spraye\/jetting-up-super-utrwalajacy-lakier-w-sprayu-3\/"]}]},{"@type":"ImageObject","inLanguage":"pl-PL","@id":"https:\/\/www.technique-italia.com\/pl\/products\/finishing-styling-pl\/spraye\/jetting-up-super-utrwalajacy-lakier-w-sprayu-3\/#primaryimage","url":"https:\/\/www.technique-italia.com\/wp-content\/uploads\/2015\/05\/03007_technique_full_hd_directional_spray_500ml.png","contentUrl":"https:\/\/www.technique-italia.com\/wp-content\/uploads\/2015\/05\/03007_technique_full_hd_directional_spray_500ml.png","width":600,"height":600},{"@type":"BreadcrumbList","@id":"https:\/\/www.technique-italia.com\/pl\/products\/finishing-styling-pl\/spraye\/jetting-up-super-utrwalajacy-lakier-w-sprayu-3\/#breadcrumb","itemListElement":[{"@type":"ListItem","position":1,"name":"Home","item":"https:\/\/www.technique-italia.com\/pl\/"},{"@type":"ListItem","position":2,"name":"Produkty","item":"https:\/\/www.technique-italia.com\/pl\/shop\/"},{"@type":"ListItem","position":3,"name":"Jetting Up | Full HD &#8211; Super Utrwalaj\u0105cy Lakier w Sprayu"}]},{"@type":"WebSite","@id":"https:\/\/www.technique-italia.com\/pl\/#website","url":"https:\/\/www.technique-italia.com\/pl\/","name":"Technique","description":"The Italian Concept","potentialAction":[{"@type":"SearchAction","target":{"@type":"EntryPoint","urlTemplate":"https:\/\/www.technique-italia.com\/pl\/?s={search_term_string}"},"query-input":{"@type":"PropertyValueSpecification","valueRequired":true,"valueName":"search_term_string"}}],"inLanguage":"pl-PL"}]}},"_links":{"self":[{"href":"https:\/\/www.technique-italia.com\/pl\/wp-json\/wp\/v2\/product\/7794","targetHints":{"allow":["GET"]}}],"collection":[{"href":"https:\/\/www.technique-italia.com\/pl\/wp-json\/wp\/v2\/product"}],"about":[{"href":"https:\/\/www.technique-italia.com\/pl\/wp-json\/wp\/v2\/types\/product"}],"wp:featuredmedia":[{"embeddable":true,"href":"https:\/\/www.technique-italia.com\/pl\/wp-json\/wp\/v2\/media\/17443"}],"wp:attachment":[{"href":"https:\/\/www.technique-italia.com\/pl\/wp-json\/wp\/v2\/media?parent=7794"}],"wp:term":[{"taxonomy":"product_brand","embeddable":true,"href":"https:\/\/www.technique-italia.com\/pl\/wp-json\/wp\/v2\/product_brand?post=7794"},{"taxonomy":"product_cat","embeddable":true,"href":"https:\/\/www.technique-italia.com\/pl\/wp-json\/wp\/v2\/product_cat?post=7794"},{"taxonomy":"product_tag","embeddable":true,"href":"https:\/\/www.technique-italia.com\/pl\/wp-json\/wp\/v2\/product_tag?post=7794"}],"curies":[{"name":"wp","href":"https:\/\/api.w.org\/{rel}","templated":true}]}}