{"id":7790,"date":"2015-05-21T16:55:22","date_gmt":"2015-05-21T14:55:22","guid":{"rendered":"https:\/\/www.technique-italia.com\/\/products\/bez-kategorii\/jetting-up-ekologiczny-lakier-dodajacy-objetosci\/"},"modified":"2023-02-10T11:57:41","modified_gmt":"2023-02-10T10:57:41","slug":"jetting-up-backup-lakier-dodajacy-objetosci","status":"publish","type":"product","link":"https:\/\/www.technique-italia.com\/pl\/products\/finishing-styling-pl\/spraye\/jetting-up-backup-lakier-dodajacy-objetosci\/","title":{"rendered":"Jetting Up | Backup &#8211; Lakier Dodaj\u0105cy Obj\u0119to\u015bci"},"content":{"rendered":"","protected":false},"excerpt":{"rendered":"<p><span style=\"font-weight: 400;\"><strong>Backup<\/strong>, <\/span><b>Lakier Dodaj\u0105cy Obj\u0119to\u015bci<\/b><span style=\"font-weight: 400;\"> dla mocnego, naturalnego i ultra-elastycznego utrwalenia. Ekologiczny produkt idealny do piel\u0119gnacji w\u0142os\u00f3w, zapewnia <\/span><b>natychmiastowe utrwalenie<\/b><span style=\"font-weight: 400;\"> oraz <\/span><b>maksymalny chwyt<\/b><span style=\"font-weight: 400;\">. Zalecany do <\/span><b>definiowania kosmyk\u00f3w i tworzenia obj\u0119to\u015bci<\/b><span style=\"font-weight: 400;\">. Nie pozostawia \u015blad\u00f3w, \u0142atwousuwalny. Formu\u0142a <\/span><b>bez aerozolu<\/b><span style=\"font-weight: 400;\">.<\/span><\/p>\n<p><span style=\"font-weight: 400;\">Do u\u017cytku profesjonalnego<\/span><\/p>\n<p><span style=\"font-weight: 400;\">Butelka o obj\u0119to\u015bci 400 ml<\/span><\/p>\n","protected":false},"featured_media":14861,"template":"","meta":[],"product_brand":[],"product_cat":[589,593],"product_tag":[],"class_list":{"0":"post-7790","1":"product","2":"type-product","3":"status-publish","4":"has-post-thumbnail","6":"product_cat-finishing-styling-pl","7":"product_cat-spraye","8":"description-off","10":"first","11":"instock","12":"shipping-taxable","13":"product-type-simple"},"yoast_head":"<!-- This site is optimized with the Yoast SEO plugin v26.8 - https:\/\/yoast.com\/product\/yoast-seo-wordpress\/ -->\n<title>Jetting Up | Backup - Lakier Dodaj\u0105cy Obj\u0119to\u015bci<\/title>\n<meta name=\"description\" content=\"Backup, Lakier Dodaj\u0105cy Obj\u0119to\u015bci dla mocnego, naturalnego i ultra-elastycznego utrwalenia.\" \/>\n<meta name=\"robots\" content=\"index, follow, max-snippet:-1, max-image-preview:large, max-video-preview:-1\" \/>\n<link rel=\"canonical\" href=\"https:\/\/www.technique-italia.com\/pl\/products\/finishing-styling-pl\/spraye\/jetting-up-backup-lakier-dodajacy-objetosci\/\" \/>\n<meta property=\"og:locale\" content=\"pl_PL\" \/>\n<meta property=\"og:type\" content=\"article\" \/>\n<meta property=\"og:title\" content=\"Jetting Up | Backup - Lakier Dodaj\u0105cy Obj\u0119to\u015bci\" \/>\n<meta property=\"og:description\" content=\"Backup, Lakier Dodaj\u0105cy Obj\u0119to\u015bci dla mocnego, naturalnego i ultra-elastycznego utrwalenia.\" \/>\n<meta property=\"og:url\" content=\"https:\/\/www.technique-italia.com\/pl\/products\/finishing-styling-pl\/spraye\/jetting-up-backup-lakier-dodajacy-objetosci\/\" \/>\n<meta property=\"og:site_name\" content=\"Technique\" \/>\n<meta property=\"article:modified_time\" content=\"2023-02-10T10:57:41+00:00\" \/>\n<meta property=\"og:image\" content=\"https:\/\/www.technique-italia.com\/wp-content\/uploads\/2015\/05\/03005_technique_backup_volumizing_hairspray_400ml-1.png\" \/>\n\t<meta property=\"og:image:width\" content=\"600\" \/>\n\t<meta property=\"og:image:height\" content=\"600\" \/>\n\t<meta property=\"og:image:type\" content=\"image\/png\" \/>\n<meta name=\"twitter:card\" content=\"summary_large_image\" \/>\n<script type=\"application\/ld+json\" class=\"yoast-schema-graph\">{\"@context\":\"https:\/\/schema.org\",\"@graph\":[{\"@type\":\"WebPage\",\"@id\":\"https:\/\/www.technique-italia.com\/pl\/products\/finishing-styling-pl\/spraye\/jetting-up-backup-lakier-dodajacy-objetosci\/\",\"url\":\"https:\/\/www.technique-italia.com\/pl\/products\/finishing-styling-pl\/spraye\/jetting-up-backup-lakier-dodajacy-objetosci\/\",\"name\":\"Jetting Up | Backup - Lakier Dodaj\u0105cy Obj\u0119to\u015bci\",\"isPartOf\":{\"@id\":\"https:\/\/www.technique-italia.com\/pl\/#website\"},\"primaryImageOfPage\":{\"@id\":\"https:\/\/www.technique-italia.com\/pl\/products\/finishing-styling-pl\/spraye\/jetting-up-backup-lakier-dodajacy-objetosci\/#primaryimage\"},\"image\":{\"@id\":\"https:\/\/www.technique-italia.com\/pl\/products\/finishing-styling-pl\/spraye\/jetting-up-backup-lakier-dodajacy-objetosci\/#primaryimage\"},\"thumbnailUrl\":\"https:\/\/www.technique-italia.com\/wp-content\/uploads\/2015\/05\/03005_technique_backup_volumizing_hairspray_400ml-1.png\",\"datePublished\":\"2015-05-21T14:55:22+00:00\",\"dateModified\":\"2023-02-10T10:57:41+00:00\",\"description\":\"Backup, Lakier Dodaj\u0105cy Obj\u0119to\u015bci dla mocnego, naturalnego i ultra-elastycznego utrwalenia.\",\"breadcrumb\":{\"@id\":\"https:\/\/www.technique-italia.com\/pl\/products\/finishing-styling-pl\/spraye\/jetting-up-backup-lakier-dodajacy-objetosci\/#breadcrumb\"},\"inLanguage\":\"pl-PL\",\"potentialAction\":[{\"@type\":\"ReadAction\",\"target\":[\"https:\/\/www.technique-italia.com\/pl\/products\/finishing-styling-pl\/spraye\/jetting-up-backup-lakier-dodajacy-objetosci\/\"]}]},{\"@type\":\"ImageObject\",\"inLanguage\":\"pl-PL\",\"@id\":\"https:\/\/www.technique-italia.com\/pl\/products\/finishing-styling-pl\/spraye\/jetting-up-backup-lakier-dodajacy-objetosci\/#primaryimage\",\"url\":\"https:\/\/www.technique-italia.com\/wp-content\/uploads\/2015\/05\/03005_technique_backup_volumizing_hairspray_400ml-1.png\",\"contentUrl\":\"https:\/\/www.technique-italia.com\/wp-content\/uploads\/2015\/05\/03005_technique_backup_volumizing_hairspray_400ml-1.png\",\"width\":600,\"height\":600},{\"@type\":\"BreadcrumbList\",\"@id\":\"https:\/\/www.technique-italia.com\/pl\/products\/finishing-styling-pl\/spraye\/jetting-up-backup-lakier-dodajacy-objetosci\/#breadcrumb\",\"itemListElement\":[{\"@type\":\"ListItem\",\"position\":1,\"name\":\"Home\",\"item\":\"https:\/\/www.technique-italia.com\/pl\/\"},{\"@type\":\"ListItem\",\"position\":2,\"name\":\"Produkty\",\"item\":\"https:\/\/www.technique-italia.com\/pl\/shop\/\"},{\"@type\":\"ListItem\",\"position\":3,\"name\":\"Jetting Up | Backup &#8211; Lakier Dodaj\u0105cy Obj\u0119to\u015bci\"}]},{\"@type\":\"WebSite\",\"@id\":\"https:\/\/www.technique-italia.com\/pl\/#website\",\"url\":\"https:\/\/www.technique-italia.com\/pl\/\",\"name\":\"Technique\",\"description\":\"The Italian Concept\",\"potentialAction\":[{\"@type\":\"SearchAction\",\"target\":{\"@type\":\"EntryPoint\",\"urlTemplate\":\"https:\/\/www.technique-italia.com\/pl\/?s={search_term_string}\"},\"query-input\":{\"@type\":\"PropertyValueSpecification\",\"valueRequired\":true,\"valueName\":\"search_term_string\"}}],\"inLanguage\":\"pl-PL\"}]}<\/script>\n<!-- \/ Yoast SEO plugin. -->","yoast_head_json":{"title":"Jetting Up | Backup - Lakier Dodaj\u0105cy Obj\u0119to\u015bci","description":"Backup, Lakier Dodaj\u0105cy Obj\u0119to\u015bci dla mocnego, naturalnego i ultra-elastycznego utrwalenia.","robots":{"index":"index","follow":"follow","max-snippet":"max-snippet:-1","max-image-preview":"max-image-preview:large","max-video-preview":"max-video-preview:-1"},"canonical":"https:\/\/www.technique-italia.com\/pl\/products\/finishing-styling-pl\/spraye\/jetting-up-backup-lakier-dodajacy-objetosci\/","og_locale":"pl_PL","og_type":"article","og_title":"Jetting Up | Backup - Lakier Dodaj\u0105cy Obj\u0119to\u015bci","og_description":"Backup, Lakier Dodaj\u0105cy Obj\u0119to\u015bci dla mocnego, naturalnego i ultra-elastycznego utrwalenia.","og_url":"https:\/\/www.technique-italia.com\/pl\/products\/finishing-styling-pl\/spraye\/jetting-up-backup-lakier-dodajacy-objetosci\/","og_site_name":"Technique","article_modified_time":"2023-02-10T10:57:41+00:00","og_image":[{"width":600,"height":600,"url":"https:\/\/www.technique-italia.com\/wp-content\/uploads\/2015\/05\/03005_technique_backup_volumizing_hairspray_400ml-1.png","type":"image\/png"}],"twitter_card":"summary_large_image","schema":{"@context":"https:\/\/schema.org","@graph":[{"@type":"WebPage","@id":"https:\/\/www.technique-italia.com\/pl\/products\/finishing-styling-pl\/spraye\/jetting-up-backup-lakier-dodajacy-objetosci\/","url":"https:\/\/www.technique-italia.com\/pl\/products\/finishing-styling-pl\/spraye\/jetting-up-backup-lakier-dodajacy-objetosci\/","name":"Jetting Up | Backup - Lakier Dodaj\u0105cy Obj\u0119to\u015bci","isPartOf":{"@id":"https:\/\/www.technique-italia.com\/pl\/#website"},"primaryImageOfPage":{"@id":"https:\/\/www.technique-italia.com\/pl\/products\/finishing-styling-pl\/spraye\/jetting-up-backup-lakier-dodajacy-objetosci\/#primaryimage"},"image":{"@id":"https:\/\/www.technique-italia.com\/pl\/products\/finishing-styling-pl\/spraye\/jetting-up-backup-lakier-dodajacy-objetosci\/#primaryimage"},"thumbnailUrl":"https:\/\/www.technique-italia.com\/wp-content\/uploads\/2015\/05\/03005_technique_backup_volumizing_hairspray_400ml-1.png","datePublished":"2015-05-21T14:55:22+00:00","dateModified":"2023-02-10T10:57:41+00:00","description":"Backup, Lakier Dodaj\u0105cy Obj\u0119to\u015bci dla mocnego, naturalnego i ultra-elastycznego utrwalenia.","breadcrumb":{"@id":"https:\/\/www.technique-italia.com\/pl\/products\/finishing-styling-pl\/spraye\/jetting-up-backup-lakier-dodajacy-objetosci\/#breadcrumb"},"inLanguage":"pl-PL","potentialAction":[{"@type":"ReadAction","target":["https:\/\/www.technique-italia.com\/pl\/products\/finishing-styling-pl\/spraye\/jetting-up-backup-lakier-dodajacy-objetosci\/"]}]},{"@type":"ImageObject","inLanguage":"pl-PL","@id":"https:\/\/www.technique-italia.com\/pl\/products\/finishing-styling-pl\/spraye\/jetting-up-backup-lakier-dodajacy-objetosci\/#primaryimage","url":"https:\/\/www.technique-italia.com\/wp-content\/uploads\/2015\/05\/03005_technique_backup_volumizing_hairspray_400ml-1.png","contentUrl":"https:\/\/www.technique-italia.com\/wp-content\/uploads\/2015\/05\/03005_technique_backup_volumizing_hairspray_400ml-1.png","width":600,"height":600},{"@type":"BreadcrumbList","@id":"https:\/\/www.technique-italia.com\/pl\/products\/finishing-styling-pl\/spraye\/jetting-up-backup-lakier-dodajacy-objetosci\/#breadcrumb","itemListElement":[{"@type":"ListItem","position":1,"name":"Home","item":"https:\/\/www.technique-italia.com\/pl\/"},{"@type":"ListItem","position":2,"name":"Produkty","item":"https:\/\/www.technique-italia.com\/pl\/shop\/"},{"@type":"ListItem","position":3,"name":"Jetting Up | Backup &#8211; Lakier Dodaj\u0105cy Obj\u0119to\u015bci"}]},{"@type":"WebSite","@id":"https:\/\/www.technique-italia.com\/pl\/#website","url":"https:\/\/www.technique-italia.com\/pl\/","name":"Technique","description":"The Italian Concept","potentialAction":[{"@type":"SearchAction","target":{"@type":"EntryPoint","urlTemplate":"https:\/\/www.technique-italia.com\/pl\/?s={search_term_string}"},"query-input":{"@type":"PropertyValueSpecification","valueRequired":true,"valueName":"search_term_string"}}],"inLanguage":"pl-PL"}]}},"_links":{"self":[{"href":"https:\/\/www.technique-italia.com\/pl\/wp-json\/wp\/v2\/product\/7790","targetHints":{"allow":["GET"]}}],"collection":[{"href":"https:\/\/www.technique-italia.com\/pl\/wp-json\/wp\/v2\/product"}],"about":[{"href":"https:\/\/www.technique-italia.com\/pl\/wp-json\/wp\/v2\/types\/product"}],"wp:featuredmedia":[{"embeddable":true,"href":"https:\/\/www.technique-italia.com\/pl\/wp-json\/wp\/v2\/media\/14861"}],"wp:attachment":[{"href":"https:\/\/www.technique-italia.com\/pl\/wp-json\/wp\/v2\/media?parent=7790"}],"wp:term":[{"taxonomy":"product_brand","embeddable":true,"href":"https:\/\/www.technique-italia.com\/pl\/wp-json\/wp\/v2\/product_brand?post=7790"},{"taxonomy":"product_cat","embeddable":true,"href":"https:\/\/www.technique-italia.com\/pl\/wp-json\/wp\/v2\/product_cat?post=7790"},{"taxonomy":"product_tag","embeddable":true,"href":"https:\/\/www.technique-italia.com\/pl\/wp-json\/wp\/v2\/product_tag?post=7790"}],"curies":[{"name":"wp","href":"https:\/\/api.w.org\/{rel}","templated":true}]}}