{"id":7788,"date":"2015-05-21T16:50:12","date_gmt":"2015-05-21T14:50:12","guid":{"rendered":"https:\/\/www.technique-italia.com\/\/products\/bez-kategorii\/jetting-up-iron-control-ochronny-spray-wygladzajacy-do-prostownic\/"},"modified":"2021-11-04T12:17:06","modified_gmt":"2021-11-04T11:17:06","slug":"jetting-up-iron-control-ochronny-spray-wygladzajacy-do-prostownic","status":"publish","type":"product","link":"https:\/\/www.technique-italia.com\/pl\/products\/finishing-styling-pl\/spraye\/jetting-up-iron-control-ochronny-spray-wygladzajacy-do-prostownic\/","title":{"rendered":"Jetting Up | Iron Control \u2013 Ochronny spray wyg\u0142adzaj\u0105cy do prostownic"},"content":{"rendered":"","protected":false},"excerpt":{"rendered":"<p><b>Jetting Up, Iron Contro<\/b><span style=\"font-weight: 400;\"> Ochronny spray wyg\u0142adzaj\u0105cy, idealny do stosowania wraz z prostownic\u0105. <\/span><b>Prostuje <\/b><span style=\"font-weight: 400;\">niesforne i pusz\u0105ce si\u0119 w\u0142osy, <\/span><b>chroni\u0105c je przed \u017ar\u00f3d\u0142ami ciep\u0142a<\/b><span style=\"font-weight: 400;\">. Zawarto\u015b\u0107 <\/span><b>Prowitaminy B5<\/b><span style=\"font-weight: 400;\"> wspomaga <\/span><b>odpowiedni poziom nawil\u017cenia<\/b><span style=\"font-weight: 400;\"> w\u0142os\u00f3w i <\/span><b>zachowuje ich naturalny blask<\/b><span style=\"font-weight: 400;\">.<\/span><\/p>\n<p><span style=\"font-weight: 400;\">Do u\u017cytku profesjonalnego<\/span><\/p>\n<p><span style=\"font-weight: 400;\">Flakon o pojemno\u015bci 150 ml<\/span><\/p>\n","protected":false},"featured_media":15158,"template":"","meta":[],"product_brand":[],"product_cat":[589,593],"product_tag":[],"class_list":{"0":"post-7788","1":"product","2":"type-product","3":"status-publish","4":"has-post-thumbnail","6":"product_cat-finishing-styling-pl","7":"product_cat-spraye","8":"description-off","10":"first","11":"instock","12":"shipping-taxable","13":"product-type-simple"},"yoast_head":"<!-- This site is optimized with the Yoast SEO plugin v26.8 - https:\/\/yoast.com\/product\/yoast-seo-wordpress\/ -->\n<title>Jetting Up | Iron Control \u2013 Ochronny spray wyg\u0142adzaj\u0105cy do prostownic<\/title>\n<meta name=\"description\" content=\"Jetting Up, Iron Contro Ochronny spray wyg\u0142adzaj\u0105cy, idealny do stosowania wraz z prostownic\u0105.\" \/>\n<meta name=\"robots\" content=\"index, follow, max-snippet:-1, max-image-preview:large, max-video-preview:-1\" \/>\n<link rel=\"canonical\" href=\"https:\/\/www.technique-italia.com\/pl\/products\/finishing-styling-pl\/spraye\/jetting-up-iron-control-ochronny-spray-wygladzajacy-do-prostownic\/\" \/>\n<meta property=\"og:locale\" content=\"pl_PL\" \/>\n<meta property=\"og:type\" content=\"article\" \/>\n<meta property=\"og:title\" content=\"Jetting Up | Iron Control \u2013 Ochronny spray wyg\u0142adzaj\u0105cy do prostownic\" \/>\n<meta property=\"og:description\" content=\"Jetting Up, Iron Contro Ochronny spray wyg\u0142adzaj\u0105cy, idealny do stosowania wraz z prostownic\u0105.\" \/>\n<meta property=\"og:url\" content=\"https:\/\/www.technique-italia.com\/pl\/products\/finishing-styling-pl\/spraye\/jetting-up-iron-control-ochronny-spray-wygladzajacy-do-prostownic\/\" \/>\n<meta property=\"og:site_name\" content=\"Technique\" \/>\n<meta property=\"article:modified_time\" content=\"2021-11-04T11:17:06+00:00\" \/>\n<meta property=\"og:image\" content=\"https:\/\/www.technique-italia.com\/wp-content\/uploads\/2023\/09\/03015_technique_finishing_styling_iron_control_heat_protection_spray_150ml-copia.webp\" \/>\n\t<meta property=\"og:image:width\" content=\"800\" \/>\n\t<meta property=\"og:image:height\" content=\"800\" \/>\n\t<meta property=\"og:image:type\" content=\"image\/webp\" \/>\n<meta name=\"twitter:card\" content=\"summary_large_image\" \/>\n<script type=\"application\/ld+json\" class=\"yoast-schema-graph\">{\"@context\":\"https:\/\/schema.org\",\"@graph\":[{\"@type\":\"WebPage\",\"@id\":\"https:\/\/www.technique-italia.com\/pl\/products\/finishing-styling-pl\/spraye\/jetting-up-iron-control-ochronny-spray-wygladzajacy-do-prostownic\/\",\"url\":\"https:\/\/www.technique-italia.com\/pl\/products\/finishing-styling-pl\/spraye\/jetting-up-iron-control-ochronny-spray-wygladzajacy-do-prostownic\/\",\"name\":\"Jetting Up | Iron Control \u2013 Ochronny spray wyg\u0142adzaj\u0105cy do prostownic\",\"isPartOf\":{\"@id\":\"https:\/\/www.technique-italia.com\/pl\/#website\"},\"primaryImageOfPage\":{\"@id\":\"https:\/\/www.technique-italia.com\/pl\/products\/finishing-styling-pl\/spraye\/jetting-up-iron-control-ochronny-spray-wygladzajacy-do-prostownic\/#primaryimage\"},\"image\":{\"@id\":\"https:\/\/www.technique-italia.com\/pl\/products\/finishing-styling-pl\/spraye\/jetting-up-iron-control-ochronny-spray-wygladzajacy-do-prostownic\/#primaryimage\"},\"thumbnailUrl\":\"https:\/\/www.technique-italia.com\/wp-content\/uploads\/2023\/09\/03015_technique_finishing_styling_iron_control_heat_protection_spray_150ml-copia.webp\",\"datePublished\":\"2015-05-21T14:50:12+00:00\",\"dateModified\":\"2021-11-04T11:17:06+00:00\",\"description\":\"Jetting Up, Iron Contro Ochronny spray wyg\u0142adzaj\u0105cy, idealny do stosowania wraz z prostownic\u0105.\",\"breadcrumb\":{\"@id\":\"https:\/\/www.technique-italia.com\/pl\/products\/finishing-styling-pl\/spraye\/jetting-up-iron-control-ochronny-spray-wygladzajacy-do-prostownic\/#breadcrumb\"},\"inLanguage\":\"pl-PL\",\"potentialAction\":[{\"@type\":\"ReadAction\",\"target\":[\"https:\/\/www.technique-italia.com\/pl\/products\/finishing-styling-pl\/spraye\/jetting-up-iron-control-ochronny-spray-wygladzajacy-do-prostownic\/\"]}]},{\"@type\":\"ImageObject\",\"inLanguage\":\"pl-PL\",\"@id\":\"https:\/\/www.technique-italia.com\/pl\/products\/finishing-styling-pl\/spraye\/jetting-up-iron-control-ochronny-spray-wygladzajacy-do-prostownic\/#primaryimage\",\"url\":\"https:\/\/www.technique-italia.com\/wp-content\/uploads\/2023\/09\/03015_technique_finishing_styling_iron_control_heat_protection_spray_150ml-copia.webp\",\"contentUrl\":\"https:\/\/www.technique-italia.com\/wp-content\/uploads\/2023\/09\/03015_technique_finishing_styling_iron_control_heat_protection_spray_150ml-copia.webp\",\"width\":800,\"height\":800},{\"@type\":\"BreadcrumbList\",\"@id\":\"https:\/\/www.technique-italia.com\/pl\/products\/finishing-styling-pl\/spraye\/jetting-up-iron-control-ochronny-spray-wygladzajacy-do-prostownic\/#breadcrumb\",\"itemListElement\":[{\"@type\":\"ListItem\",\"position\":1,\"name\":\"Home\",\"item\":\"https:\/\/www.technique-italia.com\/pl\/\"},{\"@type\":\"ListItem\",\"position\":2,\"name\":\"Produkty\",\"item\":\"https:\/\/www.technique-italia.com\/pl\/shop\/\"},{\"@type\":\"ListItem\",\"position\":3,\"name\":\"Jetting Up | Iron Control \u2013 Ochronny spray wyg\u0142adzaj\u0105cy do prostownic\"}]},{\"@type\":\"WebSite\",\"@id\":\"https:\/\/www.technique-italia.com\/pl\/#website\",\"url\":\"https:\/\/www.technique-italia.com\/pl\/\",\"name\":\"Technique\",\"description\":\"The Italian Concept\",\"potentialAction\":[{\"@type\":\"SearchAction\",\"target\":{\"@type\":\"EntryPoint\",\"urlTemplate\":\"https:\/\/www.technique-italia.com\/pl\/?s={search_term_string}\"},\"query-input\":{\"@type\":\"PropertyValueSpecification\",\"valueRequired\":true,\"valueName\":\"search_term_string\"}}],\"inLanguage\":\"pl-PL\"}]}<\/script>\n<!-- \/ Yoast SEO plugin. -->","yoast_head_json":{"title":"Jetting Up | Iron Control \u2013 Ochronny spray wyg\u0142adzaj\u0105cy do prostownic","description":"Jetting Up, Iron Contro Ochronny spray wyg\u0142adzaj\u0105cy, idealny do stosowania wraz z prostownic\u0105.","robots":{"index":"index","follow":"follow","max-snippet":"max-snippet:-1","max-image-preview":"max-image-preview:large","max-video-preview":"max-video-preview:-1"},"canonical":"https:\/\/www.technique-italia.com\/pl\/products\/finishing-styling-pl\/spraye\/jetting-up-iron-control-ochronny-spray-wygladzajacy-do-prostownic\/","og_locale":"pl_PL","og_type":"article","og_title":"Jetting Up | Iron Control \u2013 Ochronny spray wyg\u0142adzaj\u0105cy do prostownic","og_description":"Jetting Up, Iron Contro Ochronny spray wyg\u0142adzaj\u0105cy, idealny do stosowania wraz z prostownic\u0105.","og_url":"https:\/\/www.technique-italia.com\/pl\/products\/finishing-styling-pl\/spraye\/jetting-up-iron-control-ochronny-spray-wygladzajacy-do-prostownic\/","og_site_name":"Technique","article_modified_time":"2021-11-04T11:17:06+00:00","og_image":[{"width":800,"height":800,"url":"https:\/\/www.technique-italia.com\/wp-content\/uploads\/2023\/09\/03015_technique_finishing_styling_iron_control_heat_protection_spray_150ml-copia.webp","type":"image\/webp"}],"twitter_card":"summary_large_image","schema":{"@context":"https:\/\/schema.org","@graph":[{"@type":"WebPage","@id":"https:\/\/www.technique-italia.com\/pl\/products\/finishing-styling-pl\/spraye\/jetting-up-iron-control-ochronny-spray-wygladzajacy-do-prostownic\/","url":"https:\/\/www.technique-italia.com\/pl\/products\/finishing-styling-pl\/spraye\/jetting-up-iron-control-ochronny-spray-wygladzajacy-do-prostownic\/","name":"Jetting Up | Iron Control \u2013 Ochronny spray wyg\u0142adzaj\u0105cy do prostownic","isPartOf":{"@id":"https:\/\/www.technique-italia.com\/pl\/#website"},"primaryImageOfPage":{"@id":"https:\/\/www.technique-italia.com\/pl\/products\/finishing-styling-pl\/spraye\/jetting-up-iron-control-ochronny-spray-wygladzajacy-do-prostownic\/#primaryimage"},"image":{"@id":"https:\/\/www.technique-italia.com\/pl\/products\/finishing-styling-pl\/spraye\/jetting-up-iron-control-ochronny-spray-wygladzajacy-do-prostownic\/#primaryimage"},"thumbnailUrl":"https:\/\/www.technique-italia.com\/wp-content\/uploads\/2023\/09\/03015_technique_finishing_styling_iron_control_heat_protection_spray_150ml-copia.webp","datePublished":"2015-05-21T14:50:12+00:00","dateModified":"2021-11-04T11:17:06+00:00","description":"Jetting Up, Iron Contro Ochronny spray wyg\u0142adzaj\u0105cy, idealny do stosowania wraz z prostownic\u0105.","breadcrumb":{"@id":"https:\/\/www.technique-italia.com\/pl\/products\/finishing-styling-pl\/spraye\/jetting-up-iron-control-ochronny-spray-wygladzajacy-do-prostownic\/#breadcrumb"},"inLanguage":"pl-PL","potentialAction":[{"@type":"ReadAction","target":["https:\/\/www.technique-italia.com\/pl\/products\/finishing-styling-pl\/spraye\/jetting-up-iron-control-ochronny-spray-wygladzajacy-do-prostownic\/"]}]},{"@type":"ImageObject","inLanguage":"pl-PL","@id":"https:\/\/www.technique-italia.com\/pl\/products\/finishing-styling-pl\/spraye\/jetting-up-iron-control-ochronny-spray-wygladzajacy-do-prostownic\/#primaryimage","url":"https:\/\/www.technique-italia.com\/wp-content\/uploads\/2023\/09\/03015_technique_finishing_styling_iron_control_heat_protection_spray_150ml-copia.webp","contentUrl":"https:\/\/www.technique-italia.com\/wp-content\/uploads\/2023\/09\/03015_technique_finishing_styling_iron_control_heat_protection_spray_150ml-copia.webp","width":800,"height":800},{"@type":"BreadcrumbList","@id":"https:\/\/www.technique-italia.com\/pl\/products\/finishing-styling-pl\/spraye\/jetting-up-iron-control-ochronny-spray-wygladzajacy-do-prostownic\/#breadcrumb","itemListElement":[{"@type":"ListItem","position":1,"name":"Home","item":"https:\/\/www.technique-italia.com\/pl\/"},{"@type":"ListItem","position":2,"name":"Produkty","item":"https:\/\/www.technique-italia.com\/pl\/shop\/"},{"@type":"ListItem","position":3,"name":"Jetting Up | Iron Control \u2013 Ochronny spray wyg\u0142adzaj\u0105cy do prostownic"}]},{"@type":"WebSite","@id":"https:\/\/www.technique-italia.com\/pl\/#website","url":"https:\/\/www.technique-italia.com\/pl\/","name":"Technique","description":"The Italian Concept","potentialAction":[{"@type":"SearchAction","target":{"@type":"EntryPoint","urlTemplate":"https:\/\/www.technique-italia.com\/pl\/?s={search_term_string}"},"query-input":{"@type":"PropertyValueSpecification","valueRequired":true,"valueName":"search_term_string"}}],"inLanguage":"pl-PL"}]}},"_links":{"self":[{"href":"https:\/\/www.technique-italia.com\/pl\/wp-json\/wp\/v2\/product\/7788","targetHints":{"allow":["GET"]}}],"collection":[{"href":"https:\/\/www.technique-italia.com\/pl\/wp-json\/wp\/v2\/product"}],"about":[{"href":"https:\/\/www.technique-italia.com\/pl\/wp-json\/wp\/v2\/types\/product"}],"wp:featuredmedia":[{"embeddable":true,"href":"https:\/\/www.technique-italia.com\/pl\/wp-json\/wp\/v2\/media\/15158"}],"wp:attachment":[{"href":"https:\/\/www.technique-italia.com\/pl\/wp-json\/wp\/v2\/media?parent=7788"}],"wp:term":[{"taxonomy":"product_brand","embeddable":true,"href":"https:\/\/www.technique-italia.com\/pl\/wp-json\/wp\/v2\/product_brand?post=7788"},{"taxonomy":"product_cat","embeddable":true,"href":"https:\/\/www.technique-italia.com\/pl\/wp-json\/wp\/v2\/product_cat?post=7788"},{"taxonomy":"product_tag","embeddable":true,"href":"https:\/\/www.technique-italia.com\/pl\/wp-json\/wp\/v2\/product_tag?post=7788"}],"curies":[{"name":"wp","href":"https:\/\/api.w.org\/{rel}","templated":true}]}}