{"id":7786,"date":"2015-05-21T16:33:46","date_gmt":"2015-05-21T14:33:46","guid":{"rendered":"https:\/\/www.technique-italia.com\/\/products\/bez-kategorii\/jetting-up-hydra-lotion-preparat-ulatwiajacy-rozczesywanie-bez-splukiwania\/"},"modified":"2022-11-22T14:25:30","modified_gmt":"2022-11-22T13:25:30","slug":"jetting-up-dual-pixel-preparat-ulatwiajacy-rozczesywanie-bez-splukiwania","status":"publish","type":"product","link":"https:\/\/www.technique-italia.com\/pl\/products\/finishing-styling-pl\/spraye\/jetting-up-dual-pixel-preparat-ulatwiajacy-rozczesywanie-bez-splukiwania\/","title":{"rendered":"Jetting Up | Dual Pixel \u2013 Preparat u\u0142atwiaj\u0105cy rozczesywanie bez sp\u0142ukiwania"},"content":{"rendered":"","protected":false},"excerpt":{"rendered":"<p><b>Jetting Up, Dual Pixel<\/b><span style=\"font-weight: 400;\">\u00a0dwufazowy preparat u\u0142atwiaj\u0105cy rozczesywanie. Balsam nawil\u017caj\u0105cy o dzia\u0142aniu zakwaszaj\u0105cym. Natychmiastowa od\u017cywka, dla b\u0142yskawicznego efektu <\/span><b>mi\u0119kko\u015bci i blasku<\/b><span style=\"font-weight: 400;\">. Sprawia, \u017ce w\u0142osy s\u0105 \u0142atwe w rozczesywaniu <\/span><b>i przywraca r\u00f3wnowag\u0119 pH<\/b><span style=\"font-weight: 400;\"> po us\u0142udze technicznej.<\/span><\/p>\n<p><span style=\"font-weight: 400;\">Do u\u017cytku profesjonalnego<\/span><\/p>\n<p><span style=\"font-weight: 400;\">Flakon o pojemno\u015bci 250 ml<\/span><\/p>\n","protected":false},"featured_media":15123,"template":"","meta":[],"product_brand":[],"product_cat":[589,593],"product_tag":[],"class_list":{"0":"post-7786","1":"product","2":"type-product","3":"status-publish","4":"has-post-thumbnail","6":"product_cat-finishing-styling-pl","7":"product_cat-spraye","8":"description-off","10":"first","11":"instock","12":"shipping-taxable","13":"product-type-simple"},"yoast_head":"<!-- This site is optimized with the Yoast SEO plugin v26.8 - https:\/\/yoast.com\/product\/yoast-seo-wordpress\/ -->\n<title>Jetting Up | Dual Pixel \u2013 Preparat u\u0142atwiaj\u0105cy rozczesywanie bez sp\u0142ukiwania<\/title>\n<meta name=\"description\" content=\"Jetting Up, Dual Pixel dwufazowy preparat u\u0142atwiaj\u0105cy rozczesywanie.\" \/>\n<meta name=\"robots\" content=\"index, follow, max-snippet:-1, max-image-preview:large, max-video-preview:-1\" \/>\n<link rel=\"canonical\" href=\"https:\/\/www.technique-italia.com\/pl\/products\/finishing-styling-pl\/spraye\/jetting-up-dual-pixel-preparat-ulatwiajacy-rozczesywanie-bez-splukiwania\/\" \/>\n<meta property=\"og:locale\" content=\"pl_PL\" \/>\n<meta property=\"og:type\" content=\"article\" \/>\n<meta property=\"og:title\" content=\"Jetting Up | Dual Pixel \u2013 Preparat u\u0142atwiaj\u0105cy rozczesywanie bez sp\u0142ukiwania\" \/>\n<meta property=\"og:description\" content=\"Jetting Up, Dual Pixel dwufazowy preparat u\u0142atwiaj\u0105cy rozczesywanie.\" \/>\n<meta property=\"og:url\" content=\"https:\/\/www.technique-italia.com\/pl\/products\/finishing-styling-pl\/spraye\/jetting-up-dual-pixel-preparat-ulatwiajacy-rozczesywanie-bez-splukiwania\/\" \/>\n<meta property=\"og:site_name\" content=\"Technique\" \/>\n<meta property=\"article:modified_time\" content=\"2022-11-22T13:25:30+00:00\" \/>\n<meta property=\"og:image\" content=\"https:\/\/www.technique-italia.com\/wp-content\/uploads\/2015\/05\/03014_technique_jetting_up_dual_pixel_250ml.png\" \/>\n\t<meta property=\"og:image:width\" content=\"600\" \/>\n\t<meta property=\"og:image:height\" content=\"600\" \/>\n\t<meta property=\"og:image:type\" content=\"image\/png\" \/>\n<meta name=\"twitter:card\" content=\"summary_large_image\" \/>\n<script type=\"application\/ld+json\" class=\"yoast-schema-graph\">{\"@context\":\"https:\/\/schema.org\",\"@graph\":[{\"@type\":\"WebPage\",\"@id\":\"https:\/\/www.technique-italia.com\/pl\/products\/finishing-styling-pl\/spraye\/jetting-up-dual-pixel-preparat-ulatwiajacy-rozczesywanie-bez-splukiwania\/\",\"url\":\"https:\/\/www.technique-italia.com\/pl\/products\/finishing-styling-pl\/spraye\/jetting-up-dual-pixel-preparat-ulatwiajacy-rozczesywanie-bez-splukiwania\/\",\"name\":\"Jetting Up | Dual Pixel \u2013 Preparat u\u0142atwiaj\u0105cy rozczesywanie bez sp\u0142ukiwania\",\"isPartOf\":{\"@id\":\"https:\/\/www.technique-italia.com\/pl\/#website\"},\"primaryImageOfPage\":{\"@id\":\"https:\/\/www.technique-italia.com\/pl\/products\/finishing-styling-pl\/spraye\/jetting-up-dual-pixel-preparat-ulatwiajacy-rozczesywanie-bez-splukiwania\/#primaryimage\"},\"image\":{\"@id\":\"https:\/\/www.technique-italia.com\/pl\/products\/finishing-styling-pl\/spraye\/jetting-up-dual-pixel-preparat-ulatwiajacy-rozczesywanie-bez-splukiwania\/#primaryimage\"},\"thumbnailUrl\":\"https:\/\/www.technique-italia.com\/wp-content\/uploads\/2015\/05\/03014_technique_jetting_up_dual_pixel_250ml.png\",\"datePublished\":\"2015-05-21T14:33:46+00:00\",\"dateModified\":\"2022-11-22T13:25:30+00:00\",\"description\":\"Jetting Up, Dual Pixel dwufazowy preparat u\u0142atwiaj\u0105cy rozczesywanie.\",\"breadcrumb\":{\"@id\":\"https:\/\/www.technique-italia.com\/pl\/products\/finishing-styling-pl\/spraye\/jetting-up-dual-pixel-preparat-ulatwiajacy-rozczesywanie-bez-splukiwania\/#breadcrumb\"},\"inLanguage\":\"pl-PL\",\"potentialAction\":[{\"@type\":\"ReadAction\",\"target\":[\"https:\/\/www.technique-italia.com\/pl\/products\/finishing-styling-pl\/spraye\/jetting-up-dual-pixel-preparat-ulatwiajacy-rozczesywanie-bez-splukiwania\/\"]}]},{\"@type\":\"ImageObject\",\"inLanguage\":\"pl-PL\",\"@id\":\"https:\/\/www.technique-italia.com\/pl\/products\/finishing-styling-pl\/spraye\/jetting-up-dual-pixel-preparat-ulatwiajacy-rozczesywanie-bez-splukiwania\/#primaryimage\",\"url\":\"https:\/\/www.technique-italia.com\/wp-content\/uploads\/2015\/05\/03014_technique_jetting_up_dual_pixel_250ml.png\",\"contentUrl\":\"https:\/\/www.technique-italia.com\/wp-content\/uploads\/2015\/05\/03014_technique_jetting_up_dual_pixel_250ml.png\",\"width\":600,\"height\":600},{\"@type\":\"BreadcrumbList\",\"@id\":\"https:\/\/www.technique-italia.com\/pl\/products\/finishing-styling-pl\/spraye\/jetting-up-dual-pixel-preparat-ulatwiajacy-rozczesywanie-bez-splukiwania\/#breadcrumb\",\"itemListElement\":[{\"@type\":\"ListItem\",\"position\":1,\"name\":\"Home\",\"item\":\"https:\/\/www.technique-italia.com\/pl\/\"},{\"@type\":\"ListItem\",\"position\":2,\"name\":\"Produkty\",\"item\":\"https:\/\/www.technique-italia.com\/pl\/shop\/\"},{\"@type\":\"ListItem\",\"position\":3,\"name\":\"Jetting Up | Dual Pixel \u2013 Preparat u\u0142atwiaj\u0105cy rozczesywanie bez sp\u0142ukiwania\"}]},{\"@type\":\"WebSite\",\"@id\":\"https:\/\/www.technique-italia.com\/pl\/#website\",\"url\":\"https:\/\/www.technique-italia.com\/pl\/\",\"name\":\"Technique\",\"description\":\"The Italian Concept\",\"potentialAction\":[{\"@type\":\"SearchAction\",\"target\":{\"@type\":\"EntryPoint\",\"urlTemplate\":\"https:\/\/www.technique-italia.com\/pl\/?s={search_term_string}\"},\"query-input\":{\"@type\":\"PropertyValueSpecification\",\"valueRequired\":true,\"valueName\":\"search_term_string\"}}],\"inLanguage\":\"pl-PL\"}]}<\/script>\n<!-- \/ Yoast SEO plugin. -->","yoast_head_json":{"title":"Jetting Up | Dual Pixel \u2013 Preparat u\u0142atwiaj\u0105cy rozczesywanie bez sp\u0142ukiwania","description":"Jetting Up, Dual Pixel dwufazowy preparat u\u0142atwiaj\u0105cy rozczesywanie.","robots":{"index":"index","follow":"follow","max-snippet":"max-snippet:-1","max-image-preview":"max-image-preview:large","max-video-preview":"max-video-preview:-1"},"canonical":"https:\/\/www.technique-italia.com\/pl\/products\/finishing-styling-pl\/spraye\/jetting-up-dual-pixel-preparat-ulatwiajacy-rozczesywanie-bez-splukiwania\/","og_locale":"pl_PL","og_type":"article","og_title":"Jetting Up | Dual Pixel \u2013 Preparat u\u0142atwiaj\u0105cy rozczesywanie bez sp\u0142ukiwania","og_description":"Jetting Up, Dual Pixel dwufazowy preparat u\u0142atwiaj\u0105cy rozczesywanie.","og_url":"https:\/\/www.technique-italia.com\/pl\/products\/finishing-styling-pl\/spraye\/jetting-up-dual-pixel-preparat-ulatwiajacy-rozczesywanie-bez-splukiwania\/","og_site_name":"Technique","article_modified_time":"2022-11-22T13:25:30+00:00","og_image":[{"width":600,"height":600,"url":"https:\/\/www.technique-italia.com\/wp-content\/uploads\/2015\/05\/03014_technique_jetting_up_dual_pixel_250ml.png","type":"image\/png"}],"twitter_card":"summary_large_image","schema":{"@context":"https:\/\/schema.org","@graph":[{"@type":"WebPage","@id":"https:\/\/www.technique-italia.com\/pl\/products\/finishing-styling-pl\/spraye\/jetting-up-dual-pixel-preparat-ulatwiajacy-rozczesywanie-bez-splukiwania\/","url":"https:\/\/www.technique-italia.com\/pl\/products\/finishing-styling-pl\/spraye\/jetting-up-dual-pixel-preparat-ulatwiajacy-rozczesywanie-bez-splukiwania\/","name":"Jetting Up | Dual Pixel \u2013 Preparat u\u0142atwiaj\u0105cy rozczesywanie bez sp\u0142ukiwania","isPartOf":{"@id":"https:\/\/www.technique-italia.com\/pl\/#website"},"primaryImageOfPage":{"@id":"https:\/\/www.technique-italia.com\/pl\/products\/finishing-styling-pl\/spraye\/jetting-up-dual-pixel-preparat-ulatwiajacy-rozczesywanie-bez-splukiwania\/#primaryimage"},"image":{"@id":"https:\/\/www.technique-italia.com\/pl\/products\/finishing-styling-pl\/spraye\/jetting-up-dual-pixel-preparat-ulatwiajacy-rozczesywanie-bez-splukiwania\/#primaryimage"},"thumbnailUrl":"https:\/\/www.technique-italia.com\/wp-content\/uploads\/2015\/05\/03014_technique_jetting_up_dual_pixel_250ml.png","datePublished":"2015-05-21T14:33:46+00:00","dateModified":"2022-11-22T13:25:30+00:00","description":"Jetting Up, Dual Pixel dwufazowy preparat u\u0142atwiaj\u0105cy rozczesywanie.","breadcrumb":{"@id":"https:\/\/www.technique-italia.com\/pl\/products\/finishing-styling-pl\/spraye\/jetting-up-dual-pixel-preparat-ulatwiajacy-rozczesywanie-bez-splukiwania\/#breadcrumb"},"inLanguage":"pl-PL","potentialAction":[{"@type":"ReadAction","target":["https:\/\/www.technique-italia.com\/pl\/products\/finishing-styling-pl\/spraye\/jetting-up-dual-pixel-preparat-ulatwiajacy-rozczesywanie-bez-splukiwania\/"]}]},{"@type":"ImageObject","inLanguage":"pl-PL","@id":"https:\/\/www.technique-italia.com\/pl\/products\/finishing-styling-pl\/spraye\/jetting-up-dual-pixel-preparat-ulatwiajacy-rozczesywanie-bez-splukiwania\/#primaryimage","url":"https:\/\/www.technique-italia.com\/wp-content\/uploads\/2015\/05\/03014_technique_jetting_up_dual_pixel_250ml.png","contentUrl":"https:\/\/www.technique-italia.com\/wp-content\/uploads\/2015\/05\/03014_technique_jetting_up_dual_pixel_250ml.png","width":600,"height":600},{"@type":"BreadcrumbList","@id":"https:\/\/www.technique-italia.com\/pl\/products\/finishing-styling-pl\/spraye\/jetting-up-dual-pixel-preparat-ulatwiajacy-rozczesywanie-bez-splukiwania\/#breadcrumb","itemListElement":[{"@type":"ListItem","position":1,"name":"Home","item":"https:\/\/www.technique-italia.com\/pl\/"},{"@type":"ListItem","position":2,"name":"Produkty","item":"https:\/\/www.technique-italia.com\/pl\/shop\/"},{"@type":"ListItem","position":3,"name":"Jetting Up | Dual Pixel \u2013 Preparat u\u0142atwiaj\u0105cy rozczesywanie bez sp\u0142ukiwania"}]},{"@type":"WebSite","@id":"https:\/\/www.technique-italia.com\/pl\/#website","url":"https:\/\/www.technique-italia.com\/pl\/","name":"Technique","description":"The Italian Concept","potentialAction":[{"@type":"SearchAction","target":{"@type":"EntryPoint","urlTemplate":"https:\/\/www.technique-italia.com\/pl\/?s={search_term_string}"},"query-input":{"@type":"PropertyValueSpecification","valueRequired":true,"valueName":"search_term_string"}}],"inLanguage":"pl-PL"}]}},"_links":{"self":[{"href":"https:\/\/www.technique-italia.com\/pl\/wp-json\/wp\/v2\/product\/7786","targetHints":{"allow":["GET"]}}],"collection":[{"href":"https:\/\/www.technique-italia.com\/pl\/wp-json\/wp\/v2\/product"}],"about":[{"href":"https:\/\/www.technique-italia.com\/pl\/wp-json\/wp\/v2\/types\/product"}],"wp:featuredmedia":[{"embeddable":true,"href":"https:\/\/www.technique-italia.com\/pl\/wp-json\/wp\/v2\/media\/15123"}],"wp:attachment":[{"href":"https:\/\/www.technique-italia.com\/pl\/wp-json\/wp\/v2\/media?parent=7786"}],"wp:term":[{"taxonomy":"product_brand","embeddable":true,"href":"https:\/\/www.technique-italia.com\/pl\/wp-json\/wp\/v2\/product_brand?post=7786"},{"taxonomy":"product_cat","embeddable":true,"href":"https:\/\/www.technique-italia.com\/pl\/wp-json\/wp\/v2\/product_cat?post=7786"},{"taxonomy":"product_tag","embeddable":true,"href":"https:\/\/www.technique-italia.com\/pl\/wp-json\/wp\/v2\/product_tag?post=7786"}],"curies":[{"name":"wp","href":"https:\/\/api.w.org\/{rel}","templated":true}]}}