{"id":7782,"date":"2015-05-22T08:32:28","date_gmt":"2015-05-22T06:32:28","guid":{"rendered":"https:\/\/www.technique-italia.com\/\/products\/bez-kategorii\/decoblond-puder-do-dekoloryzacji-box-24-saszetek\/"},"modified":"2021-11-04T11:56:09","modified_gmt":"2021-11-04T10:56:09","slug":"decoblond-puder-do-dekoloryzacji-box-24-saszetek","status":"publish","type":"product","link":"https:\/\/www.technique-italia.com\/pl\/products\/dzial-techniczny\/decoblond-pl\/decoblond-puder-do-dekoloryzacji-box-24-saszetek\/","title":{"rendered":"Decoblond | Puder do Dekoloryzacji \u2013 Box 24 saszetek"},"content":{"rendered":"","protected":false},"excerpt":{"rendered":"<p><b>Decoblond, Bia\u0142y puder do dekoloryzacji,<\/b><span style=\"font-weight: 400;\"> zalecany szczeg\u00f3lnie<\/span> <span style=\"font-weight: 400;\">do intensywnego i stopniowego <\/span><b>rozja\u015bniania do 7\/8 ton\u00f3w.<\/b><span style=\"font-weight: 400;\"> Odpowiedni do technik <\/span><b>baleja\u017cu <\/b><span style=\"font-weight: 400;\">i <\/span><b>z zastosowaniem folii<\/b><span style=\"font-weight: 400;\">. Nie narusza struktury w\u0142osa. Opakowanie zawiera <\/span><b>24 saszetki z pojedyncz\u0105 dawk\u0105 preparatu<\/b><span style=\"font-weight: 400;\">, o <\/span><b>skoncentrowanej formule<\/b><span style=\"font-weight: 400;\"> do intensywnego rozja\u015bniania.<\/span><\/p>\n<p><span style=\"font-weight: 400;\">Do u\u017cytku profesjonalnego<\/span><\/p>\n<p><span style=\"font-weight: 400;\">Pude\u0142ko z 24 saszetkami zawieraj\u0105cymi jedn\u0105 dawk\u0119 25 g<\/span><\/p>\n","protected":false},"featured_media":7254,"template":"","meta":[],"product_brand":[],"product_cat":[595,594],"product_tag":[],"class_list":{"0":"post-7782","1":"product","2":"type-product","3":"status-publish","4":"has-post-thumbnail","6":"product_cat-decoblond-pl","7":"product_cat-dzial-techniczny","8":"description-off","10":"first","11":"instock","12":"shipping-taxable","13":"product-type-simple"},"yoast_head":"<!-- This site is optimized with the Yoast SEO plugin v26.8 - https:\/\/yoast.com\/product\/yoast-seo-wordpress\/ -->\n<title>Decoblond | Puder do Dekoloryzacji \u2013 Box 24 saszetek<\/title>\n<meta name=\"description\" content=\"Decoblond, Bia\u0142y puder do dekoloryzacji, zalecany szczeg\u00f3lnie do intensywnego i stopniowego rozja\u015bniania do 7\/8 ton\u00f3w.\" \/>\n<meta name=\"robots\" content=\"index, follow, max-snippet:-1, max-image-preview:large, max-video-preview:-1\" \/>\n<link rel=\"canonical\" href=\"https:\/\/www.technique-italia.com\/pl\/products\/dzial-techniczny\/decoblond-pl\/decoblond-puder-do-dekoloryzacji-box-24-saszetek\/\" \/>\n<meta property=\"og:locale\" content=\"pl_PL\" \/>\n<meta property=\"og:type\" content=\"article\" \/>\n<meta property=\"og:title\" content=\"Decoblond | Puder do Dekoloryzacji \u2013 Box 24 saszetek\" \/>\n<meta property=\"og:description\" content=\"Decoblond, Bia\u0142y puder do dekoloryzacji, zalecany szczeg\u00f3lnie do intensywnego i stopniowego rozja\u015bniania do 7\/8 ton\u00f3w.\" \/>\n<meta property=\"og:url\" content=\"https:\/\/www.technique-italia.com\/pl\/products\/dzial-techniczny\/decoblond-pl\/decoblond-puder-do-dekoloryzacji-box-24-saszetek\/\" \/>\n<meta property=\"og:site_name\" content=\"Technique\" \/>\n<meta property=\"article:modified_time\" content=\"2021-11-04T10:56:09+00:00\" \/>\n<meta property=\"og:image\" content=\"https:\/\/www.technique-italia.com\/wp-content\/uploads\/2015\/05\/technique_decoblond_polvere_decolorante_bustine.png\" \/>\n\t<meta property=\"og:image:width\" content=\"510\" \/>\n\t<meta property=\"og:image:height\" content=\"600\" \/>\n\t<meta property=\"og:image:type\" content=\"image\/png\" \/>\n<meta name=\"twitter:card\" content=\"summary_large_image\" \/>\n<script type=\"application\/ld+json\" class=\"yoast-schema-graph\">{\"@context\":\"https:\/\/schema.org\",\"@graph\":[{\"@type\":\"WebPage\",\"@id\":\"https:\/\/www.technique-italia.com\/pl\/products\/dzial-techniczny\/decoblond-pl\/decoblond-puder-do-dekoloryzacji-box-24-saszetek\/\",\"url\":\"https:\/\/www.technique-italia.com\/pl\/products\/dzial-techniczny\/decoblond-pl\/decoblond-puder-do-dekoloryzacji-box-24-saszetek\/\",\"name\":\"Decoblond | Puder do Dekoloryzacji \u2013 Box 24 saszetek\",\"isPartOf\":{\"@id\":\"https:\/\/www.technique-italia.com\/pl\/#website\"},\"primaryImageOfPage\":{\"@id\":\"https:\/\/www.technique-italia.com\/pl\/products\/dzial-techniczny\/decoblond-pl\/decoblond-puder-do-dekoloryzacji-box-24-saszetek\/#primaryimage\"},\"image\":{\"@id\":\"https:\/\/www.technique-italia.com\/pl\/products\/dzial-techniczny\/decoblond-pl\/decoblond-puder-do-dekoloryzacji-box-24-saszetek\/#primaryimage\"},\"thumbnailUrl\":\"https:\/\/www.technique-italia.com\/wp-content\/uploads\/2015\/05\/technique_decoblond_polvere_decolorante_bustine.png\",\"datePublished\":\"2015-05-22T06:32:28+00:00\",\"dateModified\":\"2021-11-04T10:56:09+00:00\",\"description\":\"Decoblond, Bia\u0142y puder do dekoloryzacji, zalecany szczeg\u00f3lnie do intensywnego i stopniowego rozja\u015bniania do 7\/8 ton\u00f3w.\",\"breadcrumb\":{\"@id\":\"https:\/\/www.technique-italia.com\/pl\/products\/dzial-techniczny\/decoblond-pl\/decoblond-puder-do-dekoloryzacji-box-24-saszetek\/#breadcrumb\"},\"inLanguage\":\"pl-PL\",\"potentialAction\":[{\"@type\":\"ReadAction\",\"target\":[\"https:\/\/www.technique-italia.com\/pl\/products\/dzial-techniczny\/decoblond-pl\/decoblond-puder-do-dekoloryzacji-box-24-saszetek\/\"]}]},{\"@type\":\"ImageObject\",\"inLanguage\":\"pl-PL\",\"@id\":\"https:\/\/www.technique-italia.com\/pl\/products\/dzial-techniczny\/decoblond-pl\/decoblond-puder-do-dekoloryzacji-box-24-saszetek\/#primaryimage\",\"url\":\"https:\/\/www.technique-italia.com\/wp-content\/uploads\/2015\/05\/technique_decoblond_polvere_decolorante_bustine.png\",\"contentUrl\":\"https:\/\/www.technique-italia.com\/wp-content\/uploads\/2015\/05\/technique_decoblond_polvere_decolorante_bustine.png\",\"width\":510,\"height\":600},{\"@type\":\"BreadcrumbList\",\"@id\":\"https:\/\/www.technique-italia.com\/pl\/products\/dzial-techniczny\/decoblond-pl\/decoblond-puder-do-dekoloryzacji-box-24-saszetek\/#breadcrumb\",\"itemListElement\":[{\"@type\":\"ListItem\",\"position\":1,\"name\":\"Home\",\"item\":\"https:\/\/www.technique-italia.com\/pl\/\"},{\"@type\":\"ListItem\",\"position\":2,\"name\":\"Produkty\",\"item\":\"https:\/\/www.technique-italia.com\/pl\/shop\/\"},{\"@type\":\"ListItem\",\"position\":3,\"name\":\"Decoblond | Puder do Dekoloryzacji \u2013 Box 24 saszetek\"}]},{\"@type\":\"WebSite\",\"@id\":\"https:\/\/www.technique-italia.com\/pl\/#website\",\"url\":\"https:\/\/www.technique-italia.com\/pl\/\",\"name\":\"Technique\",\"description\":\"The Italian Concept\",\"potentialAction\":[{\"@type\":\"SearchAction\",\"target\":{\"@type\":\"EntryPoint\",\"urlTemplate\":\"https:\/\/www.technique-italia.com\/pl\/?s={search_term_string}\"},\"query-input\":{\"@type\":\"PropertyValueSpecification\",\"valueRequired\":true,\"valueName\":\"search_term_string\"}}],\"inLanguage\":\"pl-PL\"}]}<\/script>\n<!-- \/ Yoast SEO plugin. -->","yoast_head_json":{"title":"Decoblond | Puder do Dekoloryzacji \u2013 Box 24 saszetek","description":"Decoblond, Bia\u0142y puder do dekoloryzacji, zalecany szczeg\u00f3lnie do intensywnego i stopniowego rozja\u015bniania do 7\/8 ton\u00f3w.","robots":{"index":"index","follow":"follow","max-snippet":"max-snippet:-1","max-image-preview":"max-image-preview:large","max-video-preview":"max-video-preview:-1"},"canonical":"https:\/\/www.technique-italia.com\/pl\/products\/dzial-techniczny\/decoblond-pl\/decoblond-puder-do-dekoloryzacji-box-24-saszetek\/","og_locale":"pl_PL","og_type":"article","og_title":"Decoblond | Puder do Dekoloryzacji \u2013 Box 24 saszetek","og_description":"Decoblond, Bia\u0142y puder do dekoloryzacji, zalecany szczeg\u00f3lnie do intensywnego i stopniowego rozja\u015bniania do 7\/8 ton\u00f3w.","og_url":"https:\/\/www.technique-italia.com\/pl\/products\/dzial-techniczny\/decoblond-pl\/decoblond-puder-do-dekoloryzacji-box-24-saszetek\/","og_site_name":"Technique","article_modified_time":"2021-11-04T10:56:09+00:00","og_image":[{"width":510,"height":600,"url":"https:\/\/www.technique-italia.com\/wp-content\/uploads\/2015\/05\/technique_decoblond_polvere_decolorante_bustine.png","type":"image\/png"}],"twitter_card":"summary_large_image","schema":{"@context":"https:\/\/schema.org","@graph":[{"@type":"WebPage","@id":"https:\/\/www.technique-italia.com\/pl\/products\/dzial-techniczny\/decoblond-pl\/decoblond-puder-do-dekoloryzacji-box-24-saszetek\/","url":"https:\/\/www.technique-italia.com\/pl\/products\/dzial-techniczny\/decoblond-pl\/decoblond-puder-do-dekoloryzacji-box-24-saszetek\/","name":"Decoblond | Puder do Dekoloryzacji \u2013 Box 24 saszetek","isPartOf":{"@id":"https:\/\/www.technique-italia.com\/pl\/#website"},"primaryImageOfPage":{"@id":"https:\/\/www.technique-italia.com\/pl\/products\/dzial-techniczny\/decoblond-pl\/decoblond-puder-do-dekoloryzacji-box-24-saszetek\/#primaryimage"},"image":{"@id":"https:\/\/www.technique-italia.com\/pl\/products\/dzial-techniczny\/decoblond-pl\/decoblond-puder-do-dekoloryzacji-box-24-saszetek\/#primaryimage"},"thumbnailUrl":"https:\/\/www.technique-italia.com\/wp-content\/uploads\/2015\/05\/technique_decoblond_polvere_decolorante_bustine.png","datePublished":"2015-05-22T06:32:28+00:00","dateModified":"2021-11-04T10:56:09+00:00","description":"Decoblond, Bia\u0142y puder do dekoloryzacji, zalecany szczeg\u00f3lnie do intensywnego i stopniowego rozja\u015bniania do 7\/8 ton\u00f3w.","breadcrumb":{"@id":"https:\/\/www.technique-italia.com\/pl\/products\/dzial-techniczny\/decoblond-pl\/decoblond-puder-do-dekoloryzacji-box-24-saszetek\/#breadcrumb"},"inLanguage":"pl-PL","potentialAction":[{"@type":"ReadAction","target":["https:\/\/www.technique-italia.com\/pl\/products\/dzial-techniczny\/decoblond-pl\/decoblond-puder-do-dekoloryzacji-box-24-saszetek\/"]}]},{"@type":"ImageObject","inLanguage":"pl-PL","@id":"https:\/\/www.technique-italia.com\/pl\/products\/dzial-techniczny\/decoblond-pl\/decoblond-puder-do-dekoloryzacji-box-24-saszetek\/#primaryimage","url":"https:\/\/www.technique-italia.com\/wp-content\/uploads\/2015\/05\/technique_decoblond_polvere_decolorante_bustine.png","contentUrl":"https:\/\/www.technique-italia.com\/wp-content\/uploads\/2015\/05\/technique_decoblond_polvere_decolorante_bustine.png","width":510,"height":600},{"@type":"BreadcrumbList","@id":"https:\/\/www.technique-italia.com\/pl\/products\/dzial-techniczny\/decoblond-pl\/decoblond-puder-do-dekoloryzacji-box-24-saszetek\/#breadcrumb","itemListElement":[{"@type":"ListItem","position":1,"name":"Home","item":"https:\/\/www.technique-italia.com\/pl\/"},{"@type":"ListItem","position":2,"name":"Produkty","item":"https:\/\/www.technique-italia.com\/pl\/shop\/"},{"@type":"ListItem","position":3,"name":"Decoblond | Puder do Dekoloryzacji \u2013 Box 24 saszetek"}]},{"@type":"WebSite","@id":"https:\/\/www.technique-italia.com\/pl\/#website","url":"https:\/\/www.technique-italia.com\/pl\/","name":"Technique","description":"The Italian Concept","potentialAction":[{"@type":"SearchAction","target":{"@type":"EntryPoint","urlTemplate":"https:\/\/www.technique-italia.com\/pl\/?s={search_term_string}"},"query-input":{"@type":"PropertyValueSpecification","valueRequired":true,"valueName":"search_term_string"}}],"inLanguage":"pl-PL"}]}},"_links":{"self":[{"href":"https:\/\/www.technique-italia.com\/pl\/wp-json\/wp\/v2\/product\/7782","targetHints":{"allow":["GET"]}}],"collection":[{"href":"https:\/\/www.technique-italia.com\/pl\/wp-json\/wp\/v2\/product"}],"about":[{"href":"https:\/\/www.technique-italia.com\/pl\/wp-json\/wp\/v2\/types\/product"}],"wp:featuredmedia":[{"embeddable":true,"href":"https:\/\/www.technique-italia.com\/pl\/wp-json\/wp\/v2\/media\/7254"}],"wp:attachment":[{"href":"https:\/\/www.technique-italia.com\/pl\/wp-json\/wp\/v2\/media?parent=7782"}],"wp:term":[{"taxonomy":"product_brand","embeddable":true,"href":"https:\/\/www.technique-italia.com\/pl\/wp-json\/wp\/v2\/product_brand?post=7782"},{"taxonomy":"product_cat","embeddable":true,"href":"https:\/\/www.technique-italia.com\/pl\/wp-json\/wp\/v2\/product_cat?post=7782"},{"taxonomy":"product_tag","embeddable":true,"href":"https:\/\/www.technique-italia.com\/pl\/wp-json\/wp\/v2\/product_tag?post=7782"}],"curies":[{"name":"wp","href":"https:\/\/api.w.org\/{rel}","templated":true}]}}