{"id":7769,"date":"2015-05-22T09:45:36","date_gmt":"2015-05-22T07:45:36","guid":{"rendered":"https:\/\/www.technique-italia.com\/\/products\/bez-kategorii\/technique-suszarka-turbo-2000\/"},"modified":"2021-11-04T11:34:24","modified_gmt":"2021-11-04T10:34:24","slug":"technique-suszarka-turbo-2000","status":"publish","type":"product","link":"https:\/\/www.technique-italia.com\/pl\/products\/dzial-techniczny\/salon-pl\/technique-suszarka-turbo-2000\/","title":{"rendered":"Technique | Suszarka Turbo 2000"},"content":{"rendered":"","protected":false},"excerpt":{"rendered":"<p><span style=\"font-weight: 400;\">Technique, <\/span><b>profesjonalna Suszarka Turbo<\/b><span style=\"font-weight: 400;\"> o mocy 1400 Wat\u00f3w, <\/span><b>3 ustawienia pr\u0119dko\u015bci <\/b><span style=\"font-weight: 400;\">i<\/span><b> temperatury<\/b><span style=\"font-weight: 400;\">. Przycisk do zimnego nawiewu, pomocny przy utrwalaniu fryzury. Termostat bezpiecze\u0144stwa, funkcja <\/span><b>antishock<\/b><span style=\"font-weight: 400;\"> i <\/span><b>ergonomiczny<\/b><span style=\"font-weight: 400;\"> design. Antypo\u015blizgowa r\u0105czka zapewniaj\u0105ca pewny chwyt oraz mo\u017cliwo\u015b\u0107 pod\u0142\u0105czenia koncentratora powietrza i dyfuzora. Suszarka turbo 2000 jest produktem wyprodukowanym<\/span><b> we W\u0142oszech<\/b><span style=\"font-weight: 400;\">.<\/span><\/p>\n","protected":false},"featured_media":7276,"template":"","meta":[],"product_brand":[],"product_cat":[594,597],"product_tag":[],"class_list":{"0":"post-7769","1":"product","2":"type-product","3":"status-publish","4":"has-post-thumbnail","6":"product_cat-dzial-techniczny","7":"product_cat-salon-pl","8":"description-off","10":"first","11":"instock","12":"shipping-taxable","13":"product-type-simple"},"yoast_head":"<!-- This site is optimized with the Yoast SEO plugin v26.8 - https:\/\/yoast.com\/product\/yoast-seo-wordpress\/ -->\n<title>Technique | Suszarka Turbo 2000<\/title>\n<meta name=\"description\" content=\"Technique, profesjonalna Suszarka Turbo o mocy 1400 Wat\u00f3w, 3 ustawienia pr\u0119dko\u015bci i temperatury.\" \/>\n<meta name=\"robots\" content=\"index, follow, max-snippet:-1, max-image-preview:large, max-video-preview:-1\" \/>\n<link rel=\"canonical\" href=\"https:\/\/www.technique-italia.com\/pl\/products\/dzial-techniczny\/salon-pl\/technique-suszarka-turbo-2000\/\" \/>\n<meta property=\"og:locale\" content=\"pl_PL\" \/>\n<meta property=\"og:type\" content=\"article\" \/>\n<meta property=\"og:title\" content=\"Technique | Suszarka Turbo 2000\" \/>\n<meta property=\"og:description\" content=\"Technique, profesjonalna Suszarka Turbo o mocy 1400 Wat\u00f3w, 3 ustawienia pr\u0119dko\u015bci i temperatury.\" \/>\n<meta property=\"og:url\" content=\"https:\/\/www.technique-italia.com\/pl\/products\/dzial-techniczny\/salon-pl\/technique-suszarka-turbo-2000\/\" \/>\n<meta property=\"og:site_name\" content=\"Technique\" \/>\n<meta property=\"article:modified_time\" content=\"2021-11-04T10:34:24+00:00\" \/>\n<meta property=\"og:image\" content=\"https:\/\/www.technique-italia.com\/wp-content\/uploads\/2015\/05\/technique_phon_turbo_1600.png\" \/>\n\t<meta property=\"og:image:width\" content=\"512\" \/>\n\t<meta property=\"og:image:height\" content=\"600\" \/>\n\t<meta property=\"og:image:type\" content=\"image\/png\" \/>\n<meta name=\"twitter:card\" content=\"summary_large_image\" \/>\n<script type=\"application\/ld+json\" class=\"yoast-schema-graph\">{\"@context\":\"https:\/\/schema.org\",\"@graph\":[{\"@type\":\"WebPage\",\"@id\":\"https:\/\/www.technique-italia.com\/pl\/products\/dzial-techniczny\/salon-pl\/technique-suszarka-turbo-2000\/\",\"url\":\"https:\/\/www.technique-italia.com\/pl\/products\/dzial-techniczny\/salon-pl\/technique-suszarka-turbo-2000\/\",\"name\":\"Technique | Suszarka Turbo 2000\",\"isPartOf\":{\"@id\":\"https:\/\/www.technique-italia.com\/pl\/#website\"},\"primaryImageOfPage\":{\"@id\":\"https:\/\/www.technique-italia.com\/pl\/products\/dzial-techniczny\/salon-pl\/technique-suszarka-turbo-2000\/#primaryimage\"},\"image\":{\"@id\":\"https:\/\/www.technique-italia.com\/pl\/products\/dzial-techniczny\/salon-pl\/technique-suszarka-turbo-2000\/#primaryimage\"},\"thumbnailUrl\":\"https:\/\/www.technique-italia.com\/wp-content\/uploads\/2015\/05\/technique_phon_turbo_1600.png\",\"datePublished\":\"2015-05-22T07:45:36+00:00\",\"dateModified\":\"2021-11-04T10:34:24+00:00\",\"description\":\"Technique, profesjonalna Suszarka Turbo o mocy 1400 Wat\u00f3w, 3 ustawienia pr\u0119dko\u015bci i temperatury.\",\"breadcrumb\":{\"@id\":\"https:\/\/www.technique-italia.com\/pl\/products\/dzial-techniczny\/salon-pl\/technique-suszarka-turbo-2000\/#breadcrumb\"},\"inLanguage\":\"pl-PL\",\"potentialAction\":[{\"@type\":\"ReadAction\",\"target\":[\"https:\/\/www.technique-italia.com\/pl\/products\/dzial-techniczny\/salon-pl\/technique-suszarka-turbo-2000\/\"]}]},{\"@type\":\"ImageObject\",\"inLanguage\":\"pl-PL\",\"@id\":\"https:\/\/www.technique-italia.com\/pl\/products\/dzial-techniczny\/salon-pl\/technique-suszarka-turbo-2000\/#primaryimage\",\"url\":\"https:\/\/www.technique-italia.com\/wp-content\/uploads\/2015\/05\/technique_phon_turbo_1600.png\",\"contentUrl\":\"https:\/\/www.technique-italia.com\/wp-content\/uploads\/2015\/05\/technique_phon_turbo_1600.png\",\"width\":512,\"height\":600},{\"@type\":\"BreadcrumbList\",\"@id\":\"https:\/\/www.technique-italia.com\/pl\/products\/dzial-techniczny\/salon-pl\/technique-suszarka-turbo-2000\/#breadcrumb\",\"itemListElement\":[{\"@type\":\"ListItem\",\"position\":1,\"name\":\"Home\",\"item\":\"https:\/\/www.technique-italia.com\/pl\/\"},{\"@type\":\"ListItem\",\"position\":2,\"name\":\"Produkty\",\"item\":\"https:\/\/www.technique-italia.com\/pl\/shop\/\"},{\"@type\":\"ListItem\",\"position\":3,\"name\":\"Technique | Suszarka Turbo 2000\"}]},{\"@type\":\"WebSite\",\"@id\":\"https:\/\/www.technique-italia.com\/pl\/#website\",\"url\":\"https:\/\/www.technique-italia.com\/pl\/\",\"name\":\"Technique\",\"description\":\"The Italian Concept\",\"potentialAction\":[{\"@type\":\"SearchAction\",\"target\":{\"@type\":\"EntryPoint\",\"urlTemplate\":\"https:\/\/www.technique-italia.com\/pl\/?s={search_term_string}\"},\"query-input\":{\"@type\":\"PropertyValueSpecification\",\"valueRequired\":true,\"valueName\":\"search_term_string\"}}],\"inLanguage\":\"pl-PL\"}]}<\/script>\n<!-- \/ Yoast SEO plugin. -->","yoast_head_json":{"title":"Technique | Suszarka Turbo 2000","description":"Technique, profesjonalna Suszarka Turbo o mocy 1400 Wat\u00f3w, 3 ustawienia pr\u0119dko\u015bci i temperatury.","robots":{"index":"index","follow":"follow","max-snippet":"max-snippet:-1","max-image-preview":"max-image-preview:large","max-video-preview":"max-video-preview:-1"},"canonical":"https:\/\/www.technique-italia.com\/pl\/products\/dzial-techniczny\/salon-pl\/technique-suszarka-turbo-2000\/","og_locale":"pl_PL","og_type":"article","og_title":"Technique | Suszarka Turbo 2000","og_description":"Technique, profesjonalna Suszarka Turbo o mocy 1400 Wat\u00f3w, 3 ustawienia pr\u0119dko\u015bci i temperatury.","og_url":"https:\/\/www.technique-italia.com\/pl\/products\/dzial-techniczny\/salon-pl\/technique-suszarka-turbo-2000\/","og_site_name":"Technique","article_modified_time":"2021-11-04T10:34:24+00:00","og_image":[{"width":512,"height":600,"url":"https:\/\/www.technique-italia.com\/wp-content\/uploads\/2015\/05\/technique_phon_turbo_1600.png","type":"image\/png"}],"twitter_card":"summary_large_image","schema":{"@context":"https:\/\/schema.org","@graph":[{"@type":"WebPage","@id":"https:\/\/www.technique-italia.com\/pl\/products\/dzial-techniczny\/salon-pl\/technique-suszarka-turbo-2000\/","url":"https:\/\/www.technique-italia.com\/pl\/products\/dzial-techniczny\/salon-pl\/technique-suszarka-turbo-2000\/","name":"Technique | Suszarka Turbo 2000","isPartOf":{"@id":"https:\/\/www.technique-italia.com\/pl\/#website"},"primaryImageOfPage":{"@id":"https:\/\/www.technique-italia.com\/pl\/products\/dzial-techniczny\/salon-pl\/technique-suszarka-turbo-2000\/#primaryimage"},"image":{"@id":"https:\/\/www.technique-italia.com\/pl\/products\/dzial-techniczny\/salon-pl\/technique-suszarka-turbo-2000\/#primaryimage"},"thumbnailUrl":"https:\/\/www.technique-italia.com\/wp-content\/uploads\/2015\/05\/technique_phon_turbo_1600.png","datePublished":"2015-05-22T07:45:36+00:00","dateModified":"2021-11-04T10:34:24+00:00","description":"Technique, profesjonalna Suszarka Turbo o mocy 1400 Wat\u00f3w, 3 ustawienia pr\u0119dko\u015bci i temperatury.","breadcrumb":{"@id":"https:\/\/www.technique-italia.com\/pl\/products\/dzial-techniczny\/salon-pl\/technique-suszarka-turbo-2000\/#breadcrumb"},"inLanguage":"pl-PL","potentialAction":[{"@type":"ReadAction","target":["https:\/\/www.technique-italia.com\/pl\/products\/dzial-techniczny\/salon-pl\/technique-suszarka-turbo-2000\/"]}]},{"@type":"ImageObject","inLanguage":"pl-PL","@id":"https:\/\/www.technique-italia.com\/pl\/products\/dzial-techniczny\/salon-pl\/technique-suszarka-turbo-2000\/#primaryimage","url":"https:\/\/www.technique-italia.com\/wp-content\/uploads\/2015\/05\/technique_phon_turbo_1600.png","contentUrl":"https:\/\/www.technique-italia.com\/wp-content\/uploads\/2015\/05\/technique_phon_turbo_1600.png","width":512,"height":600},{"@type":"BreadcrumbList","@id":"https:\/\/www.technique-italia.com\/pl\/products\/dzial-techniczny\/salon-pl\/technique-suszarka-turbo-2000\/#breadcrumb","itemListElement":[{"@type":"ListItem","position":1,"name":"Home","item":"https:\/\/www.technique-italia.com\/pl\/"},{"@type":"ListItem","position":2,"name":"Produkty","item":"https:\/\/www.technique-italia.com\/pl\/shop\/"},{"@type":"ListItem","position":3,"name":"Technique | Suszarka Turbo 2000"}]},{"@type":"WebSite","@id":"https:\/\/www.technique-italia.com\/pl\/#website","url":"https:\/\/www.technique-italia.com\/pl\/","name":"Technique","description":"The Italian Concept","potentialAction":[{"@type":"SearchAction","target":{"@type":"EntryPoint","urlTemplate":"https:\/\/www.technique-italia.com\/pl\/?s={search_term_string}"},"query-input":{"@type":"PropertyValueSpecification","valueRequired":true,"valueName":"search_term_string"}}],"inLanguage":"pl-PL"}]}},"_links":{"self":[{"href":"https:\/\/www.technique-italia.com\/pl\/wp-json\/wp\/v2\/product\/7769","targetHints":{"allow":["GET"]}}],"collection":[{"href":"https:\/\/www.technique-italia.com\/pl\/wp-json\/wp\/v2\/product"}],"about":[{"href":"https:\/\/www.technique-italia.com\/pl\/wp-json\/wp\/v2\/types\/product"}],"wp:featuredmedia":[{"embeddable":true,"href":"https:\/\/www.technique-italia.com\/pl\/wp-json\/wp\/v2\/media\/7276"}],"wp:attachment":[{"href":"https:\/\/www.technique-italia.com\/pl\/wp-json\/wp\/v2\/media?parent=7769"}],"wp:term":[{"taxonomy":"product_brand","embeddable":true,"href":"https:\/\/www.technique-italia.com\/pl\/wp-json\/wp\/v2\/product_brand?post=7769"},{"taxonomy":"product_cat","embeddable":true,"href":"https:\/\/www.technique-italia.com\/pl\/wp-json\/wp\/v2\/product_cat?post=7769"},{"taxonomy":"product_tag","embeddable":true,"href":"https:\/\/www.technique-italia.com\/pl\/wp-json\/wp\/v2\/product_tag?post=7769"}],"curies":[{"name":"wp","href":"https:\/\/api.w.org\/{rel}","templated":true}]}}