{"id":7767,"date":"2015-05-22T10:04:30","date_gmt":"2015-05-22T08:04:30","guid":{"rendered":"https:\/\/www.technique-italia.com\/\/products\/bez-kategorii\/technique-szampon-algi-morskie\/"},"modified":"2021-11-04T11:32:55","modified_gmt":"2021-11-04T10:32:55","slug":"technique-szampon-algi-morskie","status":"publish","type":"product","link":"https:\/\/www.technique-italia.com\/pl\/products\/dzial-techniczny\/salon-pl\/technique-szampon-algi-morskie\/","title":{"rendered":"Technique | Szampon Algi Morskie"},"content":{"rendered":"","protected":false},"excerpt":{"rendered":"<p><b>Technique, Szampon Algi Morskie<\/b><span style=\"font-weight: 400;\"> delikatnie oczyszcza sk\u00f3r\u0119 g\u0142owy. Formu\u0142a wzmocniona sk\u0142adnikami aktywnymi pochodz\u0105cymi z <\/span><b>Alg Morskich<\/b><span style=\"font-weight: 400;\"> w celu unormowania wydzielania sebum przez sk\u00f3r\u0119. Zalecany do <\/span><b>w\u0142os\u00f3w z \u0142upie\u017cem<\/b><span style=\"font-weight: 400;\">. Praktyczny i wygodny format maxi.<\/span><\/p>\n<p><span style=\"font-weight: 400;\">Opakowanie o pojemno\u015bci 10 litr\u00f3w<\/span><\/p>\n","protected":false},"featured_media":17483,"template":"","meta":[],"product_brand":[],"product_cat":[594,597],"product_tag":[],"class_list":{"0":"post-7767","1":"product","2":"type-product","3":"status-publish","4":"has-post-thumbnail","6":"product_cat-dzial-techniczny","7":"product_cat-salon-pl","8":"description-off","10":"first","11":"instock","12":"shipping-taxable","13":"product-type-simple"},"yoast_head":"<!-- This site is optimized with the Yoast SEO plugin v26.8 - https:\/\/yoast.com\/product\/yoast-seo-wordpress\/ -->\n<title>Technique | Szampon Algi Morskie<\/title>\n<meta name=\"description\" content=\"Technique, Szampon Algi Morskie delikatnie oczyszcza sk\u00f3r\u0119 g\u0142owy.\" \/>\n<meta name=\"robots\" content=\"index, follow, max-snippet:-1, max-image-preview:large, max-video-preview:-1\" \/>\n<link rel=\"canonical\" href=\"https:\/\/www.technique-italia.com\/pl\/products\/dzial-techniczny\/salon-pl\/technique-szampon-algi-morskie\/\" \/>\n<meta property=\"og:locale\" content=\"pl_PL\" \/>\n<meta property=\"og:type\" content=\"article\" \/>\n<meta property=\"og:title\" content=\"Technique | Szampon Algi Morskie\" \/>\n<meta property=\"og:description\" content=\"Technique, Szampon Algi Morskie delikatnie oczyszcza sk\u00f3r\u0119 g\u0142owy.\" \/>\n<meta property=\"og:url\" content=\"https:\/\/www.technique-italia.com\/pl\/products\/dzial-techniczny\/salon-pl\/technique-szampon-algi-morskie\/\" \/>\n<meta property=\"og:site_name\" content=\"Technique\" \/>\n<meta property=\"article:modified_time\" content=\"2021-11-04T10:32:55+00:00\" \/>\n<meta property=\"og:image\" content=\"https:\/\/www.technique-italia.com\/wp-content\/uploads\/2015\/05\/04002_technique_technic_shampoo_seaweeds_10lt-1.png\" \/>\n\t<meta property=\"og:image:width\" content=\"600\" \/>\n\t<meta property=\"og:image:height\" content=\"600\" \/>\n\t<meta property=\"og:image:type\" content=\"image\/png\" \/>\n<meta name=\"twitter:card\" content=\"summary_large_image\" \/>\n<script type=\"application\/ld+json\" class=\"yoast-schema-graph\">{\"@context\":\"https:\/\/schema.org\",\"@graph\":[{\"@type\":\"WebPage\",\"@id\":\"https:\/\/www.technique-italia.com\/pl\/products\/dzial-techniczny\/salon-pl\/technique-szampon-algi-morskie\/\",\"url\":\"https:\/\/www.technique-italia.com\/pl\/products\/dzial-techniczny\/salon-pl\/technique-szampon-algi-morskie\/\",\"name\":\"Technique | Szampon Algi Morskie\",\"isPartOf\":{\"@id\":\"https:\/\/www.technique-italia.com\/pl\/#website\"},\"primaryImageOfPage\":{\"@id\":\"https:\/\/www.technique-italia.com\/pl\/products\/dzial-techniczny\/salon-pl\/technique-szampon-algi-morskie\/#primaryimage\"},\"image\":{\"@id\":\"https:\/\/www.technique-italia.com\/pl\/products\/dzial-techniczny\/salon-pl\/technique-szampon-algi-morskie\/#primaryimage\"},\"thumbnailUrl\":\"https:\/\/www.technique-italia.com\/wp-content\/uploads\/2015\/05\/04002_technique_technic_shampoo_seaweeds_10lt-1.png\",\"datePublished\":\"2015-05-22T08:04:30+00:00\",\"dateModified\":\"2021-11-04T10:32:55+00:00\",\"description\":\"Technique, Szampon Algi Morskie delikatnie oczyszcza sk\u00f3r\u0119 g\u0142owy.\",\"breadcrumb\":{\"@id\":\"https:\/\/www.technique-italia.com\/pl\/products\/dzial-techniczny\/salon-pl\/technique-szampon-algi-morskie\/#breadcrumb\"},\"inLanguage\":\"pl-PL\",\"potentialAction\":[{\"@type\":\"ReadAction\",\"target\":[\"https:\/\/www.technique-italia.com\/pl\/products\/dzial-techniczny\/salon-pl\/technique-szampon-algi-morskie\/\"]}]},{\"@type\":\"ImageObject\",\"inLanguage\":\"pl-PL\",\"@id\":\"https:\/\/www.technique-italia.com\/pl\/products\/dzial-techniczny\/salon-pl\/technique-szampon-algi-morskie\/#primaryimage\",\"url\":\"https:\/\/www.technique-italia.com\/wp-content\/uploads\/2015\/05\/04002_technique_technic_shampoo_seaweeds_10lt-1.png\",\"contentUrl\":\"https:\/\/www.technique-italia.com\/wp-content\/uploads\/2015\/05\/04002_technique_technic_shampoo_seaweeds_10lt-1.png\",\"width\":600,\"height\":600},{\"@type\":\"BreadcrumbList\",\"@id\":\"https:\/\/www.technique-italia.com\/pl\/products\/dzial-techniczny\/salon-pl\/technique-szampon-algi-morskie\/#breadcrumb\",\"itemListElement\":[{\"@type\":\"ListItem\",\"position\":1,\"name\":\"Home\",\"item\":\"https:\/\/www.technique-italia.com\/pl\/\"},{\"@type\":\"ListItem\",\"position\":2,\"name\":\"Produkty\",\"item\":\"https:\/\/www.technique-italia.com\/pl\/shop\/\"},{\"@type\":\"ListItem\",\"position\":3,\"name\":\"Technique | Szampon Algi Morskie\"}]},{\"@type\":\"WebSite\",\"@id\":\"https:\/\/www.technique-italia.com\/pl\/#website\",\"url\":\"https:\/\/www.technique-italia.com\/pl\/\",\"name\":\"Technique\",\"description\":\"The Italian Concept\",\"potentialAction\":[{\"@type\":\"SearchAction\",\"target\":{\"@type\":\"EntryPoint\",\"urlTemplate\":\"https:\/\/www.technique-italia.com\/pl\/?s={search_term_string}\"},\"query-input\":{\"@type\":\"PropertyValueSpecification\",\"valueRequired\":true,\"valueName\":\"search_term_string\"}}],\"inLanguage\":\"pl-PL\"}]}<\/script>\n<!-- \/ Yoast SEO plugin. -->","yoast_head_json":{"title":"Technique | Szampon Algi Morskie","description":"Technique, Szampon Algi Morskie delikatnie oczyszcza sk\u00f3r\u0119 g\u0142owy.","robots":{"index":"index","follow":"follow","max-snippet":"max-snippet:-1","max-image-preview":"max-image-preview:large","max-video-preview":"max-video-preview:-1"},"canonical":"https:\/\/www.technique-italia.com\/pl\/products\/dzial-techniczny\/salon-pl\/technique-szampon-algi-morskie\/","og_locale":"pl_PL","og_type":"article","og_title":"Technique | Szampon Algi Morskie","og_description":"Technique, Szampon Algi Morskie delikatnie oczyszcza sk\u00f3r\u0119 g\u0142owy.","og_url":"https:\/\/www.technique-italia.com\/pl\/products\/dzial-techniczny\/salon-pl\/technique-szampon-algi-morskie\/","og_site_name":"Technique","article_modified_time":"2021-11-04T10:32:55+00:00","og_image":[{"width":600,"height":600,"url":"https:\/\/www.technique-italia.com\/wp-content\/uploads\/2015\/05\/04002_technique_technic_shampoo_seaweeds_10lt-1.png","type":"image\/png"}],"twitter_card":"summary_large_image","schema":{"@context":"https:\/\/schema.org","@graph":[{"@type":"WebPage","@id":"https:\/\/www.technique-italia.com\/pl\/products\/dzial-techniczny\/salon-pl\/technique-szampon-algi-morskie\/","url":"https:\/\/www.technique-italia.com\/pl\/products\/dzial-techniczny\/salon-pl\/technique-szampon-algi-morskie\/","name":"Technique | Szampon Algi Morskie","isPartOf":{"@id":"https:\/\/www.technique-italia.com\/pl\/#website"},"primaryImageOfPage":{"@id":"https:\/\/www.technique-italia.com\/pl\/products\/dzial-techniczny\/salon-pl\/technique-szampon-algi-morskie\/#primaryimage"},"image":{"@id":"https:\/\/www.technique-italia.com\/pl\/products\/dzial-techniczny\/salon-pl\/technique-szampon-algi-morskie\/#primaryimage"},"thumbnailUrl":"https:\/\/www.technique-italia.com\/wp-content\/uploads\/2015\/05\/04002_technique_technic_shampoo_seaweeds_10lt-1.png","datePublished":"2015-05-22T08:04:30+00:00","dateModified":"2021-11-04T10:32:55+00:00","description":"Technique, Szampon Algi Morskie delikatnie oczyszcza sk\u00f3r\u0119 g\u0142owy.","breadcrumb":{"@id":"https:\/\/www.technique-italia.com\/pl\/products\/dzial-techniczny\/salon-pl\/technique-szampon-algi-morskie\/#breadcrumb"},"inLanguage":"pl-PL","potentialAction":[{"@type":"ReadAction","target":["https:\/\/www.technique-italia.com\/pl\/products\/dzial-techniczny\/salon-pl\/technique-szampon-algi-morskie\/"]}]},{"@type":"ImageObject","inLanguage":"pl-PL","@id":"https:\/\/www.technique-italia.com\/pl\/products\/dzial-techniczny\/salon-pl\/technique-szampon-algi-morskie\/#primaryimage","url":"https:\/\/www.technique-italia.com\/wp-content\/uploads\/2015\/05\/04002_technique_technic_shampoo_seaweeds_10lt-1.png","contentUrl":"https:\/\/www.technique-italia.com\/wp-content\/uploads\/2015\/05\/04002_technique_technic_shampoo_seaweeds_10lt-1.png","width":600,"height":600},{"@type":"BreadcrumbList","@id":"https:\/\/www.technique-italia.com\/pl\/products\/dzial-techniczny\/salon-pl\/technique-szampon-algi-morskie\/#breadcrumb","itemListElement":[{"@type":"ListItem","position":1,"name":"Home","item":"https:\/\/www.technique-italia.com\/pl\/"},{"@type":"ListItem","position":2,"name":"Produkty","item":"https:\/\/www.technique-italia.com\/pl\/shop\/"},{"@type":"ListItem","position":3,"name":"Technique | Szampon Algi Morskie"}]},{"@type":"WebSite","@id":"https:\/\/www.technique-italia.com\/pl\/#website","url":"https:\/\/www.technique-italia.com\/pl\/","name":"Technique","description":"The Italian Concept","potentialAction":[{"@type":"SearchAction","target":{"@type":"EntryPoint","urlTemplate":"https:\/\/www.technique-italia.com\/pl\/?s={search_term_string}"},"query-input":{"@type":"PropertyValueSpecification","valueRequired":true,"valueName":"search_term_string"}}],"inLanguage":"pl-PL"}]}},"_links":{"self":[{"href":"https:\/\/www.technique-italia.com\/pl\/wp-json\/wp\/v2\/product\/7767","targetHints":{"allow":["GET"]}}],"collection":[{"href":"https:\/\/www.technique-italia.com\/pl\/wp-json\/wp\/v2\/product"}],"about":[{"href":"https:\/\/www.technique-italia.com\/pl\/wp-json\/wp\/v2\/types\/product"}],"wp:featuredmedia":[{"embeddable":true,"href":"https:\/\/www.technique-italia.com\/pl\/wp-json\/wp\/v2\/media\/17483"}],"wp:attachment":[{"href":"https:\/\/www.technique-italia.com\/pl\/wp-json\/wp\/v2\/media?parent=7767"}],"wp:term":[{"taxonomy":"product_brand","embeddable":true,"href":"https:\/\/www.technique-italia.com\/pl\/wp-json\/wp\/v2\/product_brand?post=7767"},{"taxonomy":"product_cat","embeddable":true,"href":"https:\/\/www.technique-italia.com\/pl\/wp-json\/wp\/v2\/product_cat?post=7767"},{"taxonomy":"product_tag","embeddable":true,"href":"https:\/\/www.technique-italia.com\/pl\/wp-json\/wp\/v2\/product_tag?post=7767"}],"curies":[{"name":"wp","href":"https:\/\/api.w.org\/{rel}","templated":true}]}}