{"id":7763,"date":"2015-05-22T08:52:14","date_gmt":"2015-05-22T06:52:14","guid":{"rendered":"https:\/\/www.technique-italia.com\/\/products\/bez-kategorii\/alkemy-silver-szampon-przeciw-zolknieciu\/"},"modified":"2021-11-04T11:21:14","modified_gmt":"2021-11-04T10:21:14","slug":"alkemy-silver-szampon-przeciw-zolknieciu","status":"publish","type":"product","link":"https:\/\/www.technique-italia.com\/pl\/products\/zabiegi\/alkemy-silver-pl\/alkemy-silver-szampon-przeciw-zolknieciu\/","title":{"rendered":"Alkemy Silver | Szampon Przeciw \u017b\u00f3\u0142kni\u0119ciu"},"content":{"rendered":"","protected":false},"excerpt":{"rendered":"<p><b>Szampon Przeciw \u017b\u00f3\u0142kni\u0119ciu<\/b><span style=\"font-weight: 400;\"> zosta\u0142 opracowany po to, aby <\/span><b>pozby\u0107 si\u0119 \u017c\u00f3\u0142tawych odcieni<\/b><span style=\"font-weight: 400;\"> w\u0142os\u00f3w siwych, po dekoloryzacji czy z pasemkami. <\/span><b>Delikatnie myje, <\/b><span style=\"font-weight: 400;\">sprawiaj\u0105c, \u017ce w\u0142osy s\u0105 mi\u0119kkie i pe\u0142ne blasku.<\/span><\/p>\n<p><span style=\"font-weight: 400;\">Do u\u017cytku profesjonalnego<\/span><\/p>\n<p><span style=\"font-weight: 400;\">Flakon o pojemno\u015bci 500 ml<\/span><\/p>\n","protected":false},"featured_media":7362,"template":"","meta":[],"product_brand":[],"product_cat":[603,598],"product_tag":[],"class_list":{"0":"post-7763","1":"product","2":"type-product","3":"status-publish","4":"has-post-thumbnail","6":"product_cat-alkemy-silver-pl","7":"product_cat-zabiegi","8":"description-off","10":"first","11":"instock","12":"shipping-taxable","13":"product-type-simple"},"yoast_head":"<!-- This site is optimized with the Yoast SEO plugin v26.8 - https:\/\/yoast.com\/product\/yoast-seo-wordpress\/ -->\n<title>Alkemy Silver | Szampon Przeciw \u017b\u00f3\u0142kni\u0119ciu<\/title>\n<meta name=\"description\" content=\"Szampon Przeciw \u017b\u00f3\u0142kni\u0119ciu zosta\u0142 opracowany po to, aby pozby\u0107 si\u0119 \u017c\u00f3\u0142tawych odcieni w\u0142os\u00f3w siwych, po dekoloryzacji czy z pasemkami.\" \/>\n<meta name=\"robots\" content=\"index, follow, max-snippet:-1, max-image-preview:large, max-video-preview:-1\" \/>\n<link rel=\"canonical\" href=\"https:\/\/www.technique-italia.com\/pl\/products\/zabiegi\/alkemy-silver-pl\/alkemy-silver-szampon-przeciw-zolknieciu\/\" \/>\n<meta property=\"og:locale\" content=\"pl_PL\" \/>\n<meta property=\"og:type\" content=\"article\" \/>\n<meta property=\"og:title\" content=\"Alkemy Silver | Szampon Przeciw \u017b\u00f3\u0142kni\u0119ciu\" \/>\n<meta property=\"og:description\" content=\"Szampon Przeciw \u017b\u00f3\u0142kni\u0119ciu zosta\u0142 opracowany po to, aby pozby\u0107 si\u0119 \u017c\u00f3\u0142tawych odcieni w\u0142os\u00f3w siwych, po dekoloryzacji czy z pasemkami.\" \/>\n<meta property=\"og:url\" content=\"https:\/\/www.technique-italia.com\/pl\/products\/zabiegi\/alkemy-silver-pl\/alkemy-silver-szampon-przeciw-zolknieciu\/\" \/>\n<meta property=\"og:site_name\" content=\"Technique\" \/>\n<meta property=\"article:modified_time\" content=\"2021-11-04T10:21:14+00:00\" \/>\n<meta property=\"og:image\" content=\"https:\/\/www.technique-italia.com\/wp-content\/uploads\/2020\/03\/02089_technique_treatment_alkemy_silver_anti_yellow_shampoo_500ml.png\" \/>\n\t<meta property=\"og:image:width\" content=\"600\" \/>\n\t<meta property=\"og:image:height\" content=\"600\" \/>\n\t<meta property=\"og:image:type\" content=\"image\/png\" \/>\n<meta name=\"twitter:card\" content=\"summary_large_image\" \/>\n<script type=\"application\/ld+json\" class=\"yoast-schema-graph\">{\"@context\":\"https:\/\/schema.org\",\"@graph\":[{\"@type\":\"WebPage\",\"@id\":\"https:\/\/www.technique-italia.com\/pl\/products\/zabiegi\/alkemy-silver-pl\/alkemy-silver-szampon-przeciw-zolknieciu\/\",\"url\":\"https:\/\/www.technique-italia.com\/pl\/products\/zabiegi\/alkemy-silver-pl\/alkemy-silver-szampon-przeciw-zolknieciu\/\",\"name\":\"Alkemy Silver | Szampon Przeciw \u017b\u00f3\u0142kni\u0119ciu\",\"isPartOf\":{\"@id\":\"https:\/\/www.technique-italia.com\/pl\/#website\"},\"primaryImageOfPage\":{\"@id\":\"https:\/\/www.technique-italia.com\/pl\/products\/zabiegi\/alkemy-silver-pl\/alkemy-silver-szampon-przeciw-zolknieciu\/#primaryimage\"},\"image\":{\"@id\":\"https:\/\/www.technique-italia.com\/pl\/products\/zabiegi\/alkemy-silver-pl\/alkemy-silver-szampon-przeciw-zolknieciu\/#primaryimage\"},\"thumbnailUrl\":\"https:\/\/www.technique-italia.com\/wp-content\/uploads\/2020\/03\/02089_technique_treatment_alkemy_silver_anti_yellow_shampoo_500ml.png\",\"datePublished\":\"2015-05-22T06:52:14+00:00\",\"dateModified\":\"2021-11-04T10:21:14+00:00\",\"description\":\"Szampon Przeciw \u017b\u00f3\u0142kni\u0119ciu zosta\u0142 opracowany po to, aby pozby\u0107 si\u0119 \u017c\u00f3\u0142tawych odcieni w\u0142os\u00f3w siwych, po dekoloryzacji czy z pasemkami.\",\"breadcrumb\":{\"@id\":\"https:\/\/www.technique-italia.com\/pl\/products\/zabiegi\/alkemy-silver-pl\/alkemy-silver-szampon-przeciw-zolknieciu\/#breadcrumb\"},\"inLanguage\":\"pl-PL\",\"potentialAction\":[{\"@type\":\"ReadAction\",\"target\":[\"https:\/\/www.technique-italia.com\/pl\/products\/zabiegi\/alkemy-silver-pl\/alkemy-silver-szampon-przeciw-zolknieciu\/\"]}]},{\"@type\":\"ImageObject\",\"inLanguage\":\"pl-PL\",\"@id\":\"https:\/\/www.technique-italia.com\/pl\/products\/zabiegi\/alkemy-silver-pl\/alkemy-silver-szampon-przeciw-zolknieciu\/#primaryimage\",\"url\":\"https:\/\/www.technique-italia.com\/wp-content\/uploads\/2020\/03\/02089_technique_treatment_alkemy_silver_anti_yellow_shampoo_500ml.png\",\"contentUrl\":\"https:\/\/www.technique-italia.com\/wp-content\/uploads\/2020\/03\/02089_technique_treatment_alkemy_silver_anti_yellow_shampoo_500ml.png\",\"width\":600,\"height\":600},{\"@type\":\"BreadcrumbList\",\"@id\":\"https:\/\/www.technique-italia.com\/pl\/products\/zabiegi\/alkemy-silver-pl\/alkemy-silver-szampon-przeciw-zolknieciu\/#breadcrumb\",\"itemListElement\":[{\"@type\":\"ListItem\",\"position\":1,\"name\":\"Home\",\"item\":\"https:\/\/www.technique-italia.com\/pl\/\"},{\"@type\":\"ListItem\",\"position\":2,\"name\":\"Produkty\",\"item\":\"https:\/\/www.technique-italia.com\/pl\/shop\/\"},{\"@type\":\"ListItem\",\"position\":3,\"name\":\"Alkemy Silver | Szampon Przeciw \u017b\u00f3\u0142kni\u0119ciu\"}]},{\"@type\":\"WebSite\",\"@id\":\"https:\/\/www.technique-italia.com\/pl\/#website\",\"url\":\"https:\/\/www.technique-italia.com\/pl\/\",\"name\":\"Technique\",\"description\":\"The Italian Concept\",\"potentialAction\":[{\"@type\":\"SearchAction\",\"target\":{\"@type\":\"EntryPoint\",\"urlTemplate\":\"https:\/\/www.technique-italia.com\/pl\/?s={search_term_string}\"},\"query-input\":{\"@type\":\"PropertyValueSpecification\",\"valueRequired\":true,\"valueName\":\"search_term_string\"}}],\"inLanguage\":\"pl-PL\"}]}<\/script>\n<!-- \/ Yoast SEO plugin. -->","yoast_head_json":{"title":"Alkemy Silver | Szampon Przeciw \u017b\u00f3\u0142kni\u0119ciu","description":"Szampon Przeciw \u017b\u00f3\u0142kni\u0119ciu zosta\u0142 opracowany po to, aby pozby\u0107 si\u0119 \u017c\u00f3\u0142tawych odcieni w\u0142os\u00f3w siwych, po dekoloryzacji czy z pasemkami.","robots":{"index":"index","follow":"follow","max-snippet":"max-snippet:-1","max-image-preview":"max-image-preview:large","max-video-preview":"max-video-preview:-1"},"canonical":"https:\/\/www.technique-italia.com\/pl\/products\/zabiegi\/alkemy-silver-pl\/alkemy-silver-szampon-przeciw-zolknieciu\/","og_locale":"pl_PL","og_type":"article","og_title":"Alkemy Silver | Szampon Przeciw \u017b\u00f3\u0142kni\u0119ciu","og_description":"Szampon Przeciw \u017b\u00f3\u0142kni\u0119ciu zosta\u0142 opracowany po to, aby pozby\u0107 si\u0119 \u017c\u00f3\u0142tawych odcieni w\u0142os\u00f3w siwych, po dekoloryzacji czy z pasemkami.","og_url":"https:\/\/www.technique-italia.com\/pl\/products\/zabiegi\/alkemy-silver-pl\/alkemy-silver-szampon-przeciw-zolknieciu\/","og_site_name":"Technique","article_modified_time":"2021-11-04T10:21:14+00:00","og_image":[{"width":600,"height":600,"url":"https:\/\/www.technique-italia.com\/wp-content\/uploads\/2020\/03\/02089_technique_treatment_alkemy_silver_anti_yellow_shampoo_500ml.png","type":"image\/png"}],"twitter_card":"summary_large_image","schema":{"@context":"https:\/\/schema.org","@graph":[{"@type":"WebPage","@id":"https:\/\/www.technique-italia.com\/pl\/products\/zabiegi\/alkemy-silver-pl\/alkemy-silver-szampon-przeciw-zolknieciu\/","url":"https:\/\/www.technique-italia.com\/pl\/products\/zabiegi\/alkemy-silver-pl\/alkemy-silver-szampon-przeciw-zolknieciu\/","name":"Alkemy Silver | Szampon Przeciw \u017b\u00f3\u0142kni\u0119ciu","isPartOf":{"@id":"https:\/\/www.technique-italia.com\/pl\/#website"},"primaryImageOfPage":{"@id":"https:\/\/www.technique-italia.com\/pl\/products\/zabiegi\/alkemy-silver-pl\/alkemy-silver-szampon-przeciw-zolknieciu\/#primaryimage"},"image":{"@id":"https:\/\/www.technique-italia.com\/pl\/products\/zabiegi\/alkemy-silver-pl\/alkemy-silver-szampon-przeciw-zolknieciu\/#primaryimage"},"thumbnailUrl":"https:\/\/www.technique-italia.com\/wp-content\/uploads\/2020\/03\/02089_technique_treatment_alkemy_silver_anti_yellow_shampoo_500ml.png","datePublished":"2015-05-22T06:52:14+00:00","dateModified":"2021-11-04T10:21:14+00:00","description":"Szampon Przeciw \u017b\u00f3\u0142kni\u0119ciu zosta\u0142 opracowany po to, aby pozby\u0107 si\u0119 \u017c\u00f3\u0142tawych odcieni w\u0142os\u00f3w siwych, po dekoloryzacji czy z pasemkami.","breadcrumb":{"@id":"https:\/\/www.technique-italia.com\/pl\/products\/zabiegi\/alkemy-silver-pl\/alkemy-silver-szampon-przeciw-zolknieciu\/#breadcrumb"},"inLanguage":"pl-PL","potentialAction":[{"@type":"ReadAction","target":["https:\/\/www.technique-italia.com\/pl\/products\/zabiegi\/alkemy-silver-pl\/alkemy-silver-szampon-przeciw-zolknieciu\/"]}]},{"@type":"ImageObject","inLanguage":"pl-PL","@id":"https:\/\/www.technique-italia.com\/pl\/products\/zabiegi\/alkemy-silver-pl\/alkemy-silver-szampon-przeciw-zolknieciu\/#primaryimage","url":"https:\/\/www.technique-italia.com\/wp-content\/uploads\/2020\/03\/02089_technique_treatment_alkemy_silver_anti_yellow_shampoo_500ml.png","contentUrl":"https:\/\/www.technique-italia.com\/wp-content\/uploads\/2020\/03\/02089_technique_treatment_alkemy_silver_anti_yellow_shampoo_500ml.png","width":600,"height":600},{"@type":"BreadcrumbList","@id":"https:\/\/www.technique-italia.com\/pl\/products\/zabiegi\/alkemy-silver-pl\/alkemy-silver-szampon-przeciw-zolknieciu\/#breadcrumb","itemListElement":[{"@type":"ListItem","position":1,"name":"Home","item":"https:\/\/www.technique-italia.com\/pl\/"},{"@type":"ListItem","position":2,"name":"Produkty","item":"https:\/\/www.technique-italia.com\/pl\/shop\/"},{"@type":"ListItem","position":3,"name":"Alkemy Silver | Szampon Przeciw \u017b\u00f3\u0142kni\u0119ciu"}]},{"@type":"WebSite","@id":"https:\/\/www.technique-italia.com\/pl\/#website","url":"https:\/\/www.technique-italia.com\/pl\/","name":"Technique","description":"The Italian Concept","potentialAction":[{"@type":"SearchAction","target":{"@type":"EntryPoint","urlTemplate":"https:\/\/www.technique-italia.com\/pl\/?s={search_term_string}"},"query-input":{"@type":"PropertyValueSpecification","valueRequired":true,"valueName":"search_term_string"}}],"inLanguage":"pl-PL"}]}},"_links":{"self":[{"href":"https:\/\/www.technique-italia.com\/pl\/wp-json\/wp\/v2\/product\/7763","targetHints":{"allow":["GET"]}}],"collection":[{"href":"https:\/\/www.technique-italia.com\/pl\/wp-json\/wp\/v2\/product"}],"about":[{"href":"https:\/\/www.technique-italia.com\/pl\/wp-json\/wp\/v2\/types\/product"}],"wp:featuredmedia":[{"embeddable":true,"href":"https:\/\/www.technique-italia.com\/pl\/wp-json\/wp\/v2\/media\/7362"}],"wp:attachment":[{"href":"https:\/\/www.technique-italia.com\/pl\/wp-json\/wp\/v2\/media?parent=7763"}],"wp:term":[{"taxonomy":"product_brand","embeddable":true,"href":"https:\/\/www.technique-italia.com\/pl\/wp-json\/wp\/v2\/product_brand?post=7763"},{"taxonomy":"product_cat","embeddable":true,"href":"https:\/\/www.technique-italia.com\/pl\/wp-json\/wp\/v2\/product_cat?post=7763"},{"taxonomy":"product_tag","embeddable":true,"href":"https:\/\/www.technique-italia.com\/pl\/wp-json\/wp\/v2\/product_tag?post=7763"}],"curies":[{"name":"wp","href":"https:\/\/api.w.org\/{rel}","templated":true}]}}