{"id":7758,"date":"2019-11-08T10:24:50","date_gmt":"2019-11-08T09:24:50","guid":{"rendered":"https:\/\/www.technique-italia.com\/\/products\/bez-kategorii\/mirylia-maska-w-sprayu-10-w-1\/"},"modified":"2021-11-04T10:31:50","modified_gmt":"2021-11-04T09:31:50","slug":"mirylia-maska-w-sprayu-10-w-1","status":"publish","type":"product","link":"https:\/\/www.technique-italia.com\/pl\/products\/zabiegi\/mirylia-pl\/mirylia-maska-w-sprayu-10-w-1\/","title":{"rendered":"Mirylia | Maska w Sprayu 10 w 1"},"content":{"rendered":"","protected":false},"excerpt":{"rendered":"<p><b>Maska w Sprayu 10 w 1<\/b><span style=\"font-weight: 400;\"> Mirylia to <\/span><b>wielofunkcyjny spray<\/b><span style=\"font-weight: 400;\"> o dzia\u0142aniu wzmacniaj\u0105cym blask, intensywny i kompletny zabieg, kt\u00f3ry \u0142\u0105czy w sobie <\/span><b>10 zalet<\/b><span style=\"font-weight: 400;\"> idealnych do <\/span><b>wszystkich typ\u00f3w w\u0142os\u00f3w<\/b><span style=\"font-weight: 400;\">.\u00a0<\/span><\/p>\n<p><span style=\"font-weight: 400;\">Praktyczny, szybki, bez sp\u0142ukiwania, spray 10 w 1 otula w\u0142osy zaawansowan\u0105 formu\u0142\u0105, kt\u00f3ra <\/span><b>odbudowuje, regeneruje, od\u017cywia, nawil\u017ca i podkre\u015bla stylizacj\u0119<\/b><span style=\"font-weight: 400;\">. Rozyplona na w\u0142osy maska w sprayu Technique uwalnia niesamowite w\u0142a\u015bciwo\u015bci roz\u015bwietlaj\u0105ce i ochronne <\/span><b>Olejku Arganowego, Konopnego i z Pierwiosnka<\/b><span style=\"font-weight: 400;\">.\u00a0<\/span><\/p>\n<p><span style=\"font-weight: 400;\">180 ml<\/span><\/p>\n","protected":false},"featured_media":10885,"template":"","meta":[],"product_brand":[],"product_cat":[606,598],"product_tag":[],"class_list":{"0":"post-7758","1":"product","2":"type-product","3":"status-publish","4":"has-post-thumbnail","6":"product_cat-mirylia-pl","7":"product_cat-zabiegi","8":"description-off","10":"first","11":"instock","12":"shipping-taxable","13":"product-type-simple"},"yoast_head":"<!-- This site is optimized with the Yoast SEO plugin v26.8 - https:\/\/yoast.com\/product\/yoast-seo-wordpress\/ -->\n<title>Mirylia | Maska w Sprayu 10 w 1<\/title>\n<meta name=\"description\" content=\"Maska w Sprayu 10 w 1 Mirylia to wielofunkcyjny spray o dzia\u0142aniu wzmacniaj\u0105cym blask, intensywny i kompletny zabieg, kt\u00f3ry \u0142\u0105czy w sobie 10 zalet idealnych do wszystkich typ\u00f3w w\u0142os\u00f3w.\u00a0\" \/>\n<meta name=\"robots\" content=\"index, follow, max-snippet:-1, max-image-preview:large, max-video-preview:-1\" \/>\n<link rel=\"canonical\" href=\"https:\/\/www.technique-italia.com\/pl\/products\/zabiegi\/mirylia-pl\/mirylia-maska-w-sprayu-10-w-1\/\" \/>\n<meta property=\"og:locale\" content=\"pl_PL\" \/>\n<meta property=\"og:type\" content=\"article\" \/>\n<meta property=\"og:title\" content=\"Mirylia | Maska w Sprayu 10 w 1\" \/>\n<meta property=\"og:description\" content=\"Maska w Sprayu 10 w 1 Mirylia to wielofunkcyjny spray o dzia\u0142aniu wzmacniaj\u0105cym blask, intensywny i kompletny zabieg, kt\u00f3ry \u0142\u0105czy w sobie 10 zalet idealnych do wszystkich typ\u00f3w w\u0142os\u00f3w.\u00a0\" \/>\n<meta property=\"og:url\" content=\"https:\/\/www.technique-italia.com\/pl\/products\/zabiegi\/mirylia-pl\/mirylia-maska-w-sprayu-10-w-1\/\" \/>\n<meta property=\"og:site_name\" content=\"Technique\" \/>\n<meta property=\"article:modified_time\" content=\"2021-11-04T09:31:50+00:00\" \/>\n<meta property=\"og:image\" content=\"https:\/\/www.technique-italia.com\/wp-content\/uploads\/2022\/07\/02088_technique_treatment_mirylia_sublimating_spray_mask_10_in_1_180ml.png\" \/>\n\t<meta property=\"og:image:width\" content=\"600\" \/>\n\t<meta property=\"og:image:height\" content=\"600\" \/>\n\t<meta property=\"og:image:type\" content=\"image\/png\" \/>\n<meta name=\"twitter:card\" content=\"summary_large_image\" \/>\n<script type=\"application\/ld+json\" class=\"yoast-schema-graph\">{\"@context\":\"https:\/\/schema.org\",\"@graph\":[{\"@type\":\"WebPage\",\"@id\":\"https:\/\/www.technique-italia.com\/pl\/products\/zabiegi\/mirylia-pl\/mirylia-maska-w-sprayu-10-w-1\/\",\"url\":\"https:\/\/www.technique-italia.com\/pl\/products\/zabiegi\/mirylia-pl\/mirylia-maska-w-sprayu-10-w-1\/\",\"name\":\"Mirylia | Maska w Sprayu 10 w 1\",\"isPartOf\":{\"@id\":\"https:\/\/www.technique-italia.com\/pl\/#website\"},\"primaryImageOfPage\":{\"@id\":\"https:\/\/www.technique-italia.com\/pl\/products\/zabiegi\/mirylia-pl\/mirylia-maska-w-sprayu-10-w-1\/#primaryimage\"},\"image\":{\"@id\":\"https:\/\/www.technique-italia.com\/pl\/products\/zabiegi\/mirylia-pl\/mirylia-maska-w-sprayu-10-w-1\/#primaryimage\"},\"thumbnailUrl\":\"https:\/\/www.technique-italia.com\/wp-content\/uploads\/2022\/07\/02088_technique_treatment_mirylia_sublimating_spray_mask_10_in_1_180ml.png\",\"datePublished\":\"2019-11-08T09:24:50+00:00\",\"dateModified\":\"2021-11-04T09:31:50+00:00\",\"description\":\"Maska w Sprayu 10 w 1 Mirylia to wielofunkcyjny spray o dzia\u0142aniu wzmacniaj\u0105cym blask, intensywny i kompletny zabieg, kt\u00f3ry \u0142\u0105czy w sobie 10 zalet idealnych do wszystkich typ\u00f3w w\u0142os\u00f3w.\u00a0\",\"breadcrumb\":{\"@id\":\"https:\/\/www.technique-italia.com\/pl\/products\/zabiegi\/mirylia-pl\/mirylia-maska-w-sprayu-10-w-1\/#breadcrumb\"},\"inLanguage\":\"pl-PL\",\"potentialAction\":[{\"@type\":\"ReadAction\",\"target\":[\"https:\/\/www.technique-italia.com\/pl\/products\/zabiegi\/mirylia-pl\/mirylia-maska-w-sprayu-10-w-1\/\"]}]},{\"@type\":\"ImageObject\",\"inLanguage\":\"pl-PL\",\"@id\":\"https:\/\/www.technique-italia.com\/pl\/products\/zabiegi\/mirylia-pl\/mirylia-maska-w-sprayu-10-w-1\/#primaryimage\",\"url\":\"https:\/\/www.technique-italia.com\/wp-content\/uploads\/2022\/07\/02088_technique_treatment_mirylia_sublimating_spray_mask_10_in_1_180ml.png\",\"contentUrl\":\"https:\/\/www.technique-italia.com\/wp-content\/uploads\/2022\/07\/02088_technique_treatment_mirylia_sublimating_spray_mask_10_in_1_180ml.png\",\"width\":600,\"height\":600},{\"@type\":\"BreadcrumbList\",\"@id\":\"https:\/\/www.technique-italia.com\/pl\/products\/zabiegi\/mirylia-pl\/mirylia-maska-w-sprayu-10-w-1\/#breadcrumb\",\"itemListElement\":[{\"@type\":\"ListItem\",\"position\":1,\"name\":\"Home\",\"item\":\"https:\/\/www.technique-italia.com\/pl\/\"},{\"@type\":\"ListItem\",\"position\":2,\"name\":\"Produkty\",\"item\":\"https:\/\/www.technique-italia.com\/pl\/shop\/\"},{\"@type\":\"ListItem\",\"position\":3,\"name\":\"Mirylia | Maska w Sprayu 10 w 1\"}]},{\"@type\":\"WebSite\",\"@id\":\"https:\/\/www.technique-italia.com\/pl\/#website\",\"url\":\"https:\/\/www.technique-italia.com\/pl\/\",\"name\":\"Technique\",\"description\":\"The Italian Concept\",\"potentialAction\":[{\"@type\":\"SearchAction\",\"target\":{\"@type\":\"EntryPoint\",\"urlTemplate\":\"https:\/\/www.technique-italia.com\/pl\/?s={search_term_string}\"},\"query-input\":{\"@type\":\"PropertyValueSpecification\",\"valueRequired\":true,\"valueName\":\"search_term_string\"}}],\"inLanguage\":\"pl-PL\"}]}<\/script>\n<!-- \/ Yoast SEO plugin. -->","yoast_head_json":{"title":"Mirylia | Maska w Sprayu 10 w 1","description":"Maska w Sprayu 10 w 1 Mirylia to wielofunkcyjny spray o dzia\u0142aniu wzmacniaj\u0105cym blask, intensywny i kompletny zabieg, kt\u00f3ry \u0142\u0105czy w sobie 10 zalet idealnych do wszystkich typ\u00f3w w\u0142os\u00f3w.\u00a0","robots":{"index":"index","follow":"follow","max-snippet":"max-snippet:-1","max-image-preview":"max-image-preview:large","max-video-preview":"max-video-preview:-1"},"canonical":"https:\/\/www.technique-italia.com\/pl\/products\/zabiegi\/mirylia-pl\/mirylia-maska-w-sprayu-10-w-1\/","og_locale":"pl_PL","og_type":"article","og_title":"Mirylia | Maska w Sprayu 10 w 1","og_description":"Maska w Sprayu 10 w 1 Mirylia to wielofunkcyjny spray o dzia\u0142aniu wzmacniaj\u0105cym blask, intensywny i kompletny zabieg, kt\u00f3ry \u0142\u0105czy w sobie 10 zalet idealnych do wszystkich typ\u00f3w w\u0142os\u00f3w.\u00a0","og_url":"https:\/\/www.technique-italia.com\/pl\/products\/zabiegi\/mirylia-pl\/mirylia-maska-w-sprayu-10-w-1\/","og_site_name":"Technique","article_modified_time":"2021-11-04T09:31:50+00:00","og_image":[{"width":600,"height":600,"url":"https:\/\/www.technique-italia.com\/wp-content\/uploads\/2022\/07\/02088_technique_treatment_mirylia_sublimating_spray_mask_10_in_1_180ml.png","type":"image\/png"}],"twitter_card":"summary_large_image","schema":{"@context":"https:\/\/schema.org","@graph":[{"@type":"WebPage","@id":"https:\/\/www.technique-italia.com\/pl\/products\/zabiegi\/mirylia-pl\/mirylia-maska-w-sprayu-10-w-1\/","url":"https:\/\/www.technique-italia.com\/pl\/products\/zabiegi\/mirylia-pl\/mirylia-maska-w-sprayu-10-w-1\/","name":"Mirylia | Maska w Sprayu 10 w 1","isPartOf":{"@id":"https:\/\/www.technique-italia.com\/pl\/#website"},"primaryImageOfPage":{"@id":"https:\/\/www.technique-italia.com\/pl\/products\/zabiegi\/mirylia-pl\/mirylia-maska-w-sprayu-10-w-1\/#primaryimage"},"image":{"@id":"https:\/\/www.technique-italia.com\/pl\/products\/zabiegi\/mirylia-pl\/mirylia-maska-w-sprayu-10-w-1\/#primaryimage"},"thumbnailUrl":"https:\/\/www.technique-italia.com\/wp-content\/uploads\/2022\/07\/02088_technique_treatment_mirylia_sublimating_spray_mask_10_in_1_180ml.png","datePublished":"2019-11-08T09:24:50+00:00","dateModified":"2021-11-04T09:31:50+00:00","description":"Maska w Sprayu 10 w 1 Mirylia to wielofunkcyjny spray o dzia\u0142aniu wzmacniaj\u0105cym blask, intensywny i kompletny zabieg, kt\u00f3ry \u0142\u0105czy w sobie 10 zalet idealnych do wszystkich typ\u00f3w w\u0142os\u00f3w.\u00a0","breadcrumb":{"@id":"https:\/\/www.technique-italia.com\/pl\/products\/zabiegi\/mirylia-pl\/mirylia-maska-w-sprayu-10-w-1\/#breadcrumb"},"inLanguage":"pl-PL","potentialAction":[{"@type":"ReadAction","target":["https:\/\/www.technique-italia.com\/pl\/products\/zabiegi\/mirylia-pl\/mirylia-maska-w-sprayu-10-w-1\/"]}]},{"@type":"ImageObject","inLanguage":"pl-PL","@id":"https:\/\/www.technique-italia.com\/pl\/products\/zabiegi\/mirylia-pl\/mirylia-maska-w-sprayu-10-w-1\/#primaryimage","url":"https:\/\/www.technique-italia.com\/wp-content\/uploads\/2022\/07\/02088_technique_treatment_mirylia_sublimating_spray_mask_10_in_1_180ml.png","contentUrl":"https:\/\/www.technique-italia.com\/wp-content\/uploads\/2022\/07\/02088_technique_treatment_mirylia_sublimating_spray_mask_10_in_1_180ml.png","width":600,"height":600},{"@type":"BreadcrumbList","@id":"https:\/\/www.technique-italia.com\/pl\/products\/zabiegi\/mirylia-pl\/mirylia-maska-w-sprayu-10-w-1\/#breadcrumb","itemListElement":[{"@type":"ListItem","position":1,"name":"Home","item":"https:\/\/www.technique-italia.com\/pl\/"},{"@type":"ListItem","position":2,"name":"Produkty","item":"https:\/\/www.technique-italia.com\/pl\/shop\/"},{"@type":"ListItem","position":3,"name":"Mirylia | Maska w Sprayu 10 w 1"}]},{"@type":"WebSite","@id":"https:\/\/www.technique-italia.com\/pl\/#website","url":"https:\/\/www.technique-italia.com\/pl\/","name":"Technique","description":"The Italian Concept","potentialAction":[{"@type":"SearchAction","target":{"@type":"EntryPoint","urlTemplate":"https:\/\/www.technique-italia.com\/pl\/?s={search_term_string}"},"query-input":{"@type":"PropertyValueSpecification","valueRequired":true,"valueName":"search_term_string"}}],"inLanguage":"pl-PL"}]}},"_links":{"self":[{"href":"https:\/\/www.technique-italia.com\/pl\/wp-json\/wp\/v2\/product\/7758","targetHints":{"allow":["GET"]}}],"collection":[{"href":"https:\/\/www.technique-italia.com\/pl\/wp-json\/wp\/v2\/product"}],"about":[{"href":"https:\/\/www.technique-italia.com\/pl\/wp-json\/wp\/v2\/types\/product"}],"wp:featuredmedia":[{"embeddable":true,"href":"https:\/\/www.technique-italia.com\/pl\/wp-json\/wp\/v2\/media\/10885"}],"wp:attachment":[{"href":"https:\/\/www.technique-italia.com\/pl\/wp-json\/wp\/v2\/media?parent=7758"}],"wp:term":[{"taxonomy":"product_brand","embeddable":true,"href":"https:\/\/www.technique-italia.com\/pl\/wp-json\/wp\/v2\/product_brand?post=7758"},{"taxonomy":"product_cat","embeddable":true,"href":"https:\/\/www.technique-italia.com\/pl\/wp-json\/wp\/v2\/product_cat?post=7758"},{"taxonomy":"product_tag","embeddable":true,"href":"https:\/\/www.technique-italia.com\/pl\/wp-json\/wp\/v2\/product_tag?post=7758"}],"curies":[{"name":"wp","href":"https:\/\/api.w.org\/{rel}","templated":true}]}}