{"id":7749,"date":"2015-05-25T11:22:32","date_gmt":"2015-05-25T09:22:32","guid":{"rendered":"https:\/\/www.technique-italia.com\/\/products\/bez-kategorii\/balje-oil-non-oil\/"},"modified":"2023-04-14T11:55:23","modified_gmt":"2023-04-14T09:55:23","slug":"balje-oil-non-oil","status":"publish","type":"product","link":"https:\/\/www.technique-italia.com\/pl\/products\/zabiegi\/balje-pl\/balje-oil-non-oil\/","title":{"rendered":"Balj\u00e9 | Oil Non Oil"},"content":{"rendered":"","protected":false},"excerpt":{"rendered":"<p><b>Balj\u00e9, Olej nie Olej<\/b><span style=\"font-weight: 400;\"> chroni\u0105cy z efektem nab\u0142yszczaj\u0105cym. Nadaje w\u0142osom <\/span><b>lekki <\/b><span style=\"font-weight: 400;\">i <\/span><b>naturalny<\/b><span style=\"font-weight: 400;\"> chwyt. Wysoka ochrona przed promieniowaniem UV i czynnikami atmosferycznymi. Nie t\u0142u\u015bci, nie obci\u0105\u017ca i nie pozostawia \u015blad\u00f3w. Wzbogacony <\/span><b>Filtrami UV <\/b><span style=\"font-weight: 400;\">i Pantenolem.<\/span><\/p>\n<p><span style=\"font-weight: 400;\">Do u\u017cytku profesjonalnego<\/span><\/p>\n<p><span style=\"font-weight: 400;\">Flakon o pojemno\u015bci 250 ml<\/span><\/p>\n","protected":false},"featured_media":15065,"template":"","meta":[],"product_brand":[],"product_cat":[605,598],"product_tag":[],"class_list":{"0":"post-7749","1":"product","2":"type-product","3":"status-publish","4":"has-post-thumbnail","6":"product_cat-balje-pl","7":"product_cat-zabiegi","8":"description-off","10":"first","11":"instock","12":"shipping-taxable","13":"product-type-simple"},"yoast_head":"<!-- This site is optimized with the Yoast SEO plugin v26.8 - https:\/\/yoast.com\/product\/yoast-seo-wordpress\/ -->\n<title>Balj\u00e9 | Oil Non Oil<\/title>\n<meta name=\"description\" content=\"Balj\u00e9, Olej nie Olej chroni\u0105cy z efektem nab\u0142yszczaj\u0105cym. Nadaje w\u0142osom lekki i naturalny chwyt.\" \/>\n<meta name=\"robots\" content=\"index, follow, max-snippet:-1, max-image-preview:large, max-video-preview:-1\" \/>\n<link rel=\"canonical\" href=\"https:\/\/www.technique-italia.com\/pl\/products\/zabiegi\/balje-pl\/balje-oil-non-oil\/\" \/>\n<meta property=\"og:locale\" content=\"pl_PL\" \/>\n<meta property=\"og:type\" content=\"article\" \/>\n<meta property=\"og:title\" content=\"Balj\u00e9 | Oil Non Oil\" \/>\n<meta property=\"og:description\" content=\"Balj\u00e9, Olej nie Olej chroni\u0105cy z efektem nab\u0142yszczaj\u0105cym. Nadaje w\u0142osom lekki i naturalny chwyt.\" \/>\n<meta property=\"og:url\" content=\"https:\/\/www.technique-italia.com\/pl\/products\/zabiegi\/balje-pl\/balje-oil-non-oil\/\" \/>\n<meta property=\"og:site_name\" content=\"Technique\" \/>\n<meta property=\"article:modified_time\" content=\"2023-04-14T09:55:23+00:00\" \/>\n<meta property=\"og:image\" content=\"https:\/\/www.technique-italia.com\/wp-content\/uploads\/2023\/04\/02038_technique_treatment_oil_non_oil_250ml.png\" \/>\n\t<meta property=\"og:image:width\" content=\"600\" \/>\n\t<meta property=\"og:image:height\" content=\"600\" \/>\n\t<meta property=\"og:image:type\" content=\"image\/png\" \/>\n<meta name=\"twitter:card\" content=\"summary_large_image\" \/>\n<script type=\"application\/ld+json\" class=\"yoast-schema-graph\">{\"@context\":\"https:\/\/schema.org\",\"@graph\":[{\"@type\":\"WebPage\",\"@id\":\"https:\/\/www.technique-italia.com\/pl\/products\/zabiegi\/balje-pl\/balje-oil-non-oil\/\",\"url\":\"https:\/\/www.technique-italia.com\/pl\/products\/zabiegi\/balje-pl\/balje-oil-non-oil\/\",\"name\":\"Balj\u00e9 | Oil Non Oil\",\"isPartOf\":{\"@id\":\"https:\/\/www.technique-italia.com\/pl\/#website\"},\"primaryImageOfPage\":{\"@id\":\"https:\/\/www.technique-italia.com\/pl\/products\/zabiegi\/balje-pl\/balje-oil-non-oil\/#primaryimage\"},\"image\":{\"@id\":\"https:\/\/www.technique-italia.com\/pl\/products\/zabiegi\/balje-pl\/balje-oil-non-oil\/#primaryimage\"},\"thumbnailUrl\":\"https:\/\/www.technique-italia.com\/wp-content\/uploads\/2023\/04\/02038_technique_treatment_oil_non_oil_250ml.png\",\"datePublished\":\"2015-05-25T09:22:32+00:00\",\"dateModified\":\"2023-04-14T09:55:23+00:00\",\"description\":\"Balj\u00e9, Olej nie Olej chroni\u0105cy z efektem nab\u0142yszczaj\u0105cym. Nadaje w\u0142osom lekki i naturalny chwyt.\",\"breadcrumb\":{\"@id\":\"https:\/\/www.technique-italia.com\/pl\/products\/zabiegi\/balje-pl\/balje-oil-non-oil\/#breadcrumb\"},\"inLanguage\":\"pl-PL\",\"potentialAction\":[{\"@type\":\"ReadAction\",\"target\":[\"https:\/\/www.technique-italia.com\/pl\/products\/zabiegi\/balje-pl\/balje-oil-non-oil\/\"]}]},{\"@type\":\"ImageObject\",\"inLanguage\":\"pl-PL\",\"@id\":\"https:\/\/www.technique-italia.com\/pl\/products\/zabiegi\/balje-pl\/balje-oil-non-oil\/#primaryimage\",\"url\":\"https:\/\/www.technique-italia.com\/wp-content\/uploads\/2023\/04\/02038_technique_treatment_oil_non_oil_250ml.png\",\"contentUrl\":\"https:\/\/www.technique-italia.com\/wp-content\/uploads\/2023\/04\/02038_technique_treatment_oil_non_oil_250ml.png\",\"width\":600,\"height\":600,\"caption\":\"illuminante per capelli\"},{\"@type\":\"BreadcrumbList\",\"@id\":\"https:\/\/www.technique-italia.com\/pl\/products\/zabiegi\/balje-pl\/balje-oil-non-oil\/#breadcrumb\",\"itemListElement\":[{\"@type\":\"ListItem\",\"position\":1,\"name\":\"Home\",\"item\":\"https:\/\/www.technique-italia.com\/pl\/\"},{\"@type\":\"ListItem\",\"position\":2,\"name\":\"Produkty\",\"item\":\"https:\/\/www.technique-italia.com\/pl\/shop\/\"},{\"@type\":\"ListItem\",\"position\":3,\"name\":\"Balj\u00e9 | Oil Non Oil\"}]},{\"@type\":\"WebSite\",\"@id\":\"https:\/\/www.technique-italia.com\/pl\/#website\",\"url\":\"https:\/\/www.technique-italia.com\/pl\/\",\"name\":\"Technique\",\"description\":\"The Italian Concept\",\"potentialAction\":[{\"@type\":\"SearchAction\",\"target\":{\"@type\":\"EntryPoint\",\"urlTemplate\":\"https:\/\/www.technique-italia.com\/pl\/?s={search_term_string}\"},\"query-input\":{\"@type\":\"PropertyValueSpecification\",\"valueRequired\":true,\"valueName\":\"search_term_string\"}}],\"inLanguage\":\"pl-PL\"}]}<\/script>\n<!-- \/ Yoast SEO plugin. -->","yoast_head_json":{"title":"Balj\u00e9 | Oil Non Oil","description":"Balj\u00e9, Olej nie Olej chroni\u0105cy z efektem nab\u0142yszczaj\u0105cym. Nadaje w\u0142osom lekki i naturalny chwyt.","robots":{"index":"index","follow":"follow","max-snippet":"max-snippet:-1","max-image-preview":"max-image-preview:large","max-video-preview":"max-video-preview:-1"},"canonical":"https:\/\/www.technique-italia.com\/pl\/products\/zabiegi\/balje-pl\/balje-oil-non-oil\/","og_locale":"pl_PL","og_type":"article","og_title":"Balj\u00e9 | Oil Non Oil","og_description":"Balj\u00e9, Olej nie Olej chroni\u0105cy z efektem nab\u0142yszczaj\u0105cym. Nadaje w\u0142osom lekki i naturalny chwyt.","og_url":"https:\/\/www.technique-italia.com\/pl\/products\/zabiegi\/balje-pl\/balje-oil-non-oil\/","og_site_name":"Technique","article_modified_time":"2023-04-14T09:55:23+00:00","og_image":[{"width":600,"height":600,"url":"https:\/\/www.technique-italia.com\/wp-content\/uploads\/2023\/04\/02038_technique_treatment_oil_non_oil_250ml.png","type":"image\/png"}],"twitter_card":"summary_large_image","schema":{"@context":"https:\/\/schema.org","@graph":[{"@type":"WebPage","@id":"https:\/\/www.technique-italia.com\/pl\/products\/zabiegi\/balje-pl\/balje-oil-non-oil\/","url":"https:\/\/www.technique-italia.com\/pl\/products\/zabiegi\/balje-pl\/balje-oil-non-oil\/","name":"Balj\u00e9 | Oil Non Oil","isPartOf":{"@id":"https:\/\/www.technique-italia.com\/pl\/#website"},"primaryImageOfPage":{"@id":"https:\/\/www.technique-italia.com\/pl\/products\/zabiegi\/balje-pl\/balje-oil-non-oil\/#primaryimage"},"image":{"@id":"https:\/\/www.technique-italia.com\/pl\/products\/zabiegi\/balje-pl\/balje-oil-non-oil\/#primaryimage"},"thumbnailUrl":"https:\/\/www.technique-italia.com\/wp-content\/uploads\/2023\/04\/02038_technique_treatment_oil_non_oil_250ml.png","datePublished":"2015-05-25T09:22:32+00:00","dateModified":"2023-04-14T09:55:23+00:00","description":"Balj\u00e9, Olej nie Olej chroni\u0105cy z efektem nab\u0142yszczaj\u0105cym. Nadaje w\u0142osom lekki i naturalny chwyt.","breadcrumb":{"@id":"https:\/\/www.technique-italia.com\/pl\/products\/zabiegi\/balje-pl\/balje-oil-non-oil\/#breadcrumb"},"inLanguage":"pl-PL","potentialAction":[{"@type":"ReadAction","target":["https:\/\/www.technique-italia.com\/pl\/products\/zabiegi\/balje-pl\/balje-oil-non-oil\/"]}]},{"@type":"ImageObject","inLanguage":"pl-PL","@id":"https:\/\/www.technique-italia.com\/pl\/products\/zabiegi\/balje-pl\/balje-oil-non-oil\/#primaryimage","url":"https:\/\/www.technique-italia.com\/wp-content\/uploads\/2023\/04\/02038_technique_treatment_oil_non_oil_250ml.png","contentUrl":"https:\/\/www.technique-italia.com\/wp-content\/uploads\/2023\/04\/02038_technique_treatment_oil_non_oil_250ml.png","width":600,"height":600,"caption":"illuminante per capelli"},{"@type":"BreadcrumbList","@id":"https:\/\/www.technique-italia.com\/pl\/products\/zabiegi\/balje-pl\/balje-oil-non-oil\/#breadcrumb","itemListElement":[{"@type":"ListItem","position":1,"name":"Home","item":"https:\/\/www.technique-italia.com\/pl\/"},{"@type":"ListItem","position":2,"name":"Produkty","item":"https:\/\/www.technique-italia.com\/pl\/shop\/"},{"@type":"ListItem","position":3,"name":"Balj\u00e9 | Oil Non Oil"}]},{"@type":"WebSite","@id":"https:\/\/www.technique-italia.com\/pl\/#website","url":"https:\/\/www.technique-italia.com\/pl\/","name":"Technique","description":"The Italian Concept","potentialAction":[{"@type":"SearchAction","target":{"@type":"EntryPoint","urlTemplate":"https:\/\/www.technique-italia.com\/pl\/?s={search_term_string}"},"query-input":{"@type":"PropertyValueSpecification","valueRequired":true,"valueName":"search_term_string"}}],"inLanguage":"pl-PL"}]}},"_links":{"self":[{"href":"https:\/\/www.technique-italia.com\/pl\/wp-json\/wp\/v2\/product\/7749","targetHints":{"allow":["GET"]}}],"collection":[{"href":"https:\/\/www.technique-italia.com\/pl\/wp-json\/wp\/v2\/product"}],"about":[{"href":"https:\/\/www.technique-italia.com\/pl\/wp-json\/wp\/v2\/types\/product"}],"wp:featuredmedia":[{"embeddable":true,"href":"https:\/\/www.technique-italia.com\/pl\/wp-json\/wp\/v2\/media\/15065"}],"wp:attachment":[{"href":"https:\/\/www.technique-italia.com\/pl\/wp-json\/wp\/v2\/media?parent=7749"}],"wp:term":[{"taxonomy":"product_brand","embeddable":true,"href":"https:\/\/www.technique-italia.com\/pl\/wp-json\/wp\/v2\/product_brand?post=7749"},{"taxonomy":"product_cat","embeddable":true,"href":"https:\/\/www.technique-italia.com\/pl\/wp-json\/wp\/v2\/product_cat?post=7749"},{"taxonomy":"product_tag","embeddable":true,"href":"https:\/\/www.technique-italia.com\/pl\/wp-json\/wp\/v2\/product_tag?post=7749"}],"curies":[{"name":"wp","href":"https:\/\/api.w.org\/{rel}","templated":true}]}}