{"id":7740,"date":"2015-05-25T10:00:25","date_gmt":"2015-05-25T08:00:25","guid":{"rendered":"https:\/\/www.technique-italia.com\/\/products\/bez-kategorii\/balje-regenerujaca-kapiel-do-wlosow\/"},"modified":"2021-11-04T10:24:50","modified_gmt":"2021-11-04T09:24:50","slug":"balje-regenerujaca-kapiel-do-wlosow","status":"publish","type":"product","link":"https:\/\/www.technique-italia.com\/pl\/products\/zabiegi\/balje-pl\/balje-regenerujaca-kapiel-do-wlosow\/","title":{"rendered":"Balj\u00e9 | Regeneruj\u0105ca K\u0105piel do W\u0142os\u00f3w"},"content":{"rendered":"","protected":false},"excerpt":{"rendered":"<p><b>Balj\u00e9, Regeneruj\u0105ca K\u0105piel do W\u0142os\u00f3w, <\/b><span style=\"font-weight: 400;\">delikatnie oczyszcza, pozostawiaj\u0105c w\u0142osy nawil\u017cone i mi\u0119kkie. Formu\u0142a wzbogacona <\/span><b>Keratyn\u0105<\/b><span style=\"font-weight: 400;\">, dla g\u0142\u0119bokiego od\u017cywienia w\u0142os\u00f3w<\/span><b>, <\/b><span style=\"font-weight: 400;\">i<\/span><b> Olejkiem Arganowym,<\/b><span style=\"font-weight: 400;\"> kt\u00f3ry je dog\u0142\u0119bnie nawil\u017ca.<\/span><\/p>\n<p><span style=\"font-weight: 400;\">Do u\u017cytku profesjonalnego<\/span><\/p>\n<p><span style=\"font-weight: 400;\">Flakon o pojemno\u015bci 1000 ml<\/span><\/p>\n","protected":false},"featured_media":14690,"template":"","meta":[],"product_brand":[],"product_cat":[605,598],"product_tag":[],"class_list":{"0":"post-7740","1":"product","2":"type-product","3":"status-publish","4":"has-post-thumbnail","6":"product_cat-balje-pl","7":"product_cat-zabiegi","8":"description-off","10":"first","11":"instock","12":"shipping-taxable","13":"product-type-simple"},"yoast_head":"<!-- This site is optimized with the Yoast SEO plugin v26.8 - https:\/\/yoast.com\/product\/yoast-seo-wordpress\/ -->\n<title>Balj\u00e9 | Regeneruj\u0105ca K\u0105piel do W\u0142os\u00f3w<\/title>\n<meta name=\"description\" content=\"Balj\u00e9, Regeneruj\u0105ca K\u0105piel do W\u0142os\u00f3w, delikatnie oczyszcza, pozostawiaj\u0105c w\u0142osy nawil\u017cone i mi\u0119kkie.\" \/>\n<meta name=\"robots\" content=\"index, follow, max-snippet:-1, max-image-preview:large, max-video-preview:-1\" \/>\n<link rel=\"canonical\" href=\"https:\/\/www.technique-italia.com\/pl\/products\/zabiegi\/balje-pl\/balje-regenerujaca-kapiel-do-wlosow\/\" \/>\n<meta property=\"og:locale\" content=\"pl_PL\" \/>\n<meta property=\"og:type\" content=\"article\" \/>\n<meta property=\"og:title\" content=\"Balj\u00e9 | Regeneruj\u0105ca K\u0105piel do W\u0142os\u00f3w\" \/>\n<meta property=\"og:description\" content=\"Balj\u00e9, Regeneruj\u0105ca K\u0105piel do W\u0142os\u00f3w, delikatnie oczyszcza, pozostawiaj\u0105c w\u0142osy nawil\u017cone i mi\u0119kkie.\" \/>\n<meta property=\"og:url\" content=\"https:\/\/www.technique-italia.com\/pl\/products\/zabiegi\/balje-pl\/balje-regenerujaca-kapiel-do-wlosow\/\" \/>\n<meta property=\"og:site_name\" content=\"Technique\" \/>\n<meta property=\"article:modified_time\" content=\"2021-11-04T09:24:50+00:00\" \/>\n<meta property=\"og:image\" content=\"https:\/\/www.technique-italia.com\/wp-content\/uploads\/2022\/10\/02043_technique_treatment_balje_regenerating_hair_balth_1000ml-1.png\" \/>\n\t<meta property=\"og:image:width\" content=\"600\" \/>\n\t<meta property=\"og:image:height\" content=\"600\" \/>\n\t<meta property=\"og:image:type\" content=\"image\/png\" \/>\n<meta name=\"twitter:card\" content=\"summary_large_image\" \/>\n<script type=\"application\/ld+json\" class=\"yoast-schema-graph\">{\"@context\":\"https:\/\/schema.org\",\"@graph\":[{\"@type\":\"WebPage\",\"@id\":\"https:\/\/www.technique-italia.com\/pl\/products\/zabiegi\/balje-pl\/balje-regenerujaca-kapiel-do-wlosow\/\",\"url\":\"https:\/\/www.technique-italia.com\/pl\/products\/zabiegi\/balje-pl\/balje-regenerujaca-kapiel-do-wlosow\/\",\"name\":\"Balj\u00e9 | Regeneruj\u0105ca K\u0105piel do W\u0142os\u00f3w\",\"isPartOf\":{\"@id\":\"https:\/\/www.technique-italia.com\/pl\/#website\"},\"primaryImageOfPage\":{\"@id\":\"https:\/\/www.technique-italia.com\/pl\/products\/zabiegi\/balje-pl\/balje-regenerujaca-kapiel-do-wlosow\/#primaryimage\"},\"image\":{\"@id\":\"https:\/\/www.technique-italia.com\/pl\/products\/zabiegi\/balje-pl\/balje-regenerujaca-kapiel-do-wlosow\/#primaryimage\"},\"thumbnailUrl\":\"https:\/\/www.technique-italia.com\/wp-content\/uploads\/2022\/10\/02043_technique_treatment_balje_regenerating_hair_balth_1000ml-1.png\",\"datePublished\":\"2015-05-25T08:00:25+00:00\",\"dateModified\":\"2021-11-04T09:24:50+00:00\",\"description\":\"Balj\u00e9, Regeneruj\u0105ca K\u0105piel do W\u0142os\u00f3w, delikatnie oczyszcza, pozostawiaj\u0105c w\u0142osy nawil\u017cone i mi\u0119kkie.\",\"breadcrumb\":{\"@id\":\"https:\/\/www.technique-italia.com\/pl\/products\/zabiegi\/balje-pl\/balje-regenerujaca-kapiel-do-wlosow\/#breadcrumb\"},\"inLanguage\":\"pl-PL\",\"potentialAction\":[{\"@type\":\"ReadAction\",\"target\":[\"https:\/\/www.technique-italia.com\/pl\/products\/zabiegi\/balje-pl\/balje-regenerujaca-kapiel-do-wlosow\/\"]}]},{\"@type\":\"ImageObject\",\"inLanguage\":\"pl-PL\",\"@id\":\"https:\/\/www.technique-italia.com\/pl\/products\/zabiegi\/balje-pl\/balje-regenerujaca-kapiel-do-wlosow\/#primaryimage\",\"url\":\"https:\/\/www.technique-italia.com\/wp-content\/uploads\/2022\/10\/02043_technique_treatment_balje_regenerating_hair_balth_1000ml-1.png\",\"contentUrl\":\"https:\/\/www.technique-italia.com\/wp-content\/uploads\/2022\/10\/02043_technique_treatment_balje_regenerating_hair_balth_1000ml-1.png\",\"width\":600,\"height\":600},{\"@type\":\"BreadcrumbList\",\"@id\":\"https:\/\/www.technique-italia.com\/pl\/products\/zabiegi\/balje-pl\/balje-regenerujaca-kapiel-do-wlosow\/#breadcrumb\",\"itemListElement\":[{\"@type\":\"ListItem\",\"position\":1,\"name\":\"Home\",\"item\":\"https:\/\/www.technique-italia.com\/pl\/\"},{\"@type\":\"ListItem\",\"position\":2,\"name\":\"Produkty\",\"item\":\"https:\/\/www.technique-italia.com\/pl\/shop\/\"},{\"@type\":\"ListItem\",\"position\":3,\"name\":\"Balj\u00e9 | Regeneruj\u0105ca K\u0105piel do W\u0142os\u00f3w\"}]},{\"@type\":\"WebSite\",\"@id\":\"https:\/\/www.technique-italia.com\/pl\/#website\",\"url\":\"https:\/\/www.technique-italia.com\/pl\/\",\"name\":\"Technique\",\"description\":\"The Italian Concept\",\"potentialAction\":[{\"@type\":\"SearchAction\",\"target\":{\"@type\":\"EntryPoint\",\"urlTemplate\":\"https:\/\/www.technique-italia.com\/pl\/?s={search_term_string}\"},\"query-input\":{\"@type\":\"PropertyValueSpecification\",\"valueRequired\":true,\"valueName\":\"search_term_string\"}}],\"inLanguage\":\"pl-PL\"}]}<\/script>\n<!-- \/ Yoast SEO plugin. -->","yoast_head_json":{"title":"Balj\u00e9 | Regeneruj\u0105ca K\u0105piel do W\u0142os\u00f3w","description":"Balj\u00e9, Regeneruj\u0105ca K\u0105piel do W\u0142os\u00f3w, delikatnie oczyszcza, pozostawiaj\u0105c w\u0142osy nawil\u017cone i mi\u0119kkie.","robots":{"index":"index","follow":"follow","max-snippet":"max-snippet:-1","max-image-preview":"max-image-preview:large","max-video-preview":"max-video-preview:-1"},"canonical":"https:\/\/www.technique-italia.com\/pl\/products\/zabiegi\/balje-pl\/balje-regenerujaca-kapiel-do-wlosow\/","og_locale":"pl_PL","og_type":"article","og_title":"Balj\u00e9 | Regeneruj\u0105ca K\u0105piel do W\u0142os\u00f3w","og_description":"Balj\u00e9, Regeneruj\u0105ca K\u0105piel do W\u0142os\u00f3w, delikatnie oczyszcza, pozostawiaj\u0105c w\u0142osy nawil\u017cone i mi\u0119kkie.","og_url":"https:\/\/www.technique-italia.com\/pl\/products\/zabiegi\/balje-pl\/balje-regenerujaca-kapiel-do-wlosow\/","og_site_name":"Technique","article_modified_time":"2021-11-04T09:24:50+00:00","og_image":[{"width":600,"height":600,"url":"https:\/\/www.technique-italia.com\/wp-content\/uploads\/2022\/10\/02043_technique_treatment_balje_regenerating_hair_balth_1000ml-1.png","type":"image\/png"}],"twitter_card":"summary_large_image","schema":{"@context":"https:\/\/schema.org","@graph":[{"@type":"WebPage","@id":"https:\/\/www.technique-italia.com\/pl\/products\/zabiegi\/balje-pl\/balje-regenerujaca-kapiel-do-wlosow\/","url":"https:\/\/www.technique-italia.com\/pl\/products\/zabiegi\/balje-pl\/balje-regenerujaca-kapiel-do-wlosow\/","name":"Balj\u00e9 | Regeneruj\u0105ca K\u0105piel do W\u0142os\u00f3w","isPartOf":{"@id":"https:\/\/www.technique-italia.com\/pl\/#website"},"primaryImageOfPage":{"@id":"https:\/\/www.technique-italia.com\/pl\/products\/zabiegi\/balje-pl\/balje-regenerujaca-kapiel-do-wlosow\/#primaryimage"},"image":{"@id":"https:\/\/www.technique-italia.com\/pl\/products\/zabiegi\/balje-pl\/balje-regenerujaca-kapiel-do-wlosow\/#primaryimage"},"thumbnailUrl":"https:\/\/www.technique-italia.com\/wp-content\/uploads\/2022\/10\/02043_technique_treatment_balje_regenerating_hair_balth_1000ml-1.png","datePublished":"2015-05-25T08:00:25+00:00","dateModified":"2021-11-04T09:24:50+00:00","description":"Balj\u00e9, Regeneruj\u0105ca K\u0105piel do W\u0142os\u00f3w, delikatnie oczyszcza, pozostawiaj\u0105c w\u0142osy nawil\u017cone i mi\u0119kkie.","breadcrumb":{"@id":"https:\/\/www.technique-italia.com\/pl\/products\/zabiegi\/balje-pl\/balje-regenerujaca-kapiel-do-wlosow\/#breadcrumb"},"inLanguage":"pl-PL","potentialAction":[{"@type":"ReadAction","target":["https:\/\/www.technique-italia.com\/pl\/products\/zabiegi\/balje-pl\/balje-regenerujaca-kapiel-do-wlosow\/"]}]},{"@type":"ImageObject","inLanguage":"pl-PL","@id":"https:\/\/www.technique-italia.com\/pl\/products\/zabiegi\/balje-pl\/balje-regenerujaca-kapiel-do-wlosow\/#primaryimage","url":"https:\/\/www.technique-italia.com\/wp-content\/uploads\/2022\/10\/02043_technique_treatment_balje_regenerating_hair_balth_1000ml-1.png","contentUrl":"https:\/\/www.technique-italia.com\/wp-content\/uploads\/2022\/10\/02043_technique_treatment_balje_regenerating_hair_balth_1000ml-1.png","width":600,"height":600},{"@type":"BreadcrumbList","@id":"https:\/\/www.technique-italia.com\/pl\/products\/zabiegi\/balje-pl\/balje-regenerujaca-kapiel-do-wlosow\/#breadcrumb","itemListElement":[{"@type":"ListItem","position":1,"name":"Home","item":"https:\/\/www.technique-italia.com\/pl\/"},{"@type":"ListItem","position":2,"name":"Produkty","item":"https:\/\/www.technique-italia.com\/pl\/shop\/"},{"@type":"ListItem","position":3,"name":"Balj\u00e9 | Regeneruj\u0105ca K\u0105piel do W\u0142os\u00f3w"}]},{"@type":"WebSite","@id":"https:\/\/www.technique-italia.com\/pl\/#website","url":"https:\/\/www.technique-italia.com\/pl\/","name":"Technique","description":"The Italian Concept","potentialAction":[{"@type":"SearchAction","target":{"@type":"EntryPoint","urlTemplate":"https:\/\/www.technique-italia.com\/pl\/?s={search_term_string}"},"query-input":{"@type":"PropertyValueSpecification","valueRequired":true,"valueName":"search_term_string"}}],"inLanguage":"pl-PL"}]}},"_links":{"self":[{"href":"https:\/\/www.technique-italia.com\/pl\/wp-json\/wp\/v2\/product\/7740","targetHints":{"allow":["GET"]}}],"collection":[{"href":"https:\/\/www.technique-italia.com\/pl\/wp-json\/wp\/v2\/product"}],"about":[{"href":"https:\/\/www.technique-italia.com\/pl\/wp-json\/wp\/v2\/types\/product"}],"wp:featuredmedia":[{"embeddable":true,"href":"https:\/\/www.technique-italia.com\/pl\/wp-json\/wp\/v2\/media\/14690"}],"wp:attachment":[{"href":"https:\/\/www.technique-italia.com\/pl\/wp-json\/wp\/v2\/media?parent=7740"}],"wp:term":[{"taxonomy":"product_brand","embeddable":true,"href":"https:\/\/www.technique-italia.com\/pl\/wp-json\/wp\/v2\/product_brand?post=7740"},{"taxonomy":"product_cat","embeddable":true,"href":"https:\/\/www.technique-italia.com\/pl\/wp-json\/wp\/v2\/product_cat?post=7740"},{"taxonomy":"product_tag","embeddable":true,"href":"https:\/\/www.technique-italia.com\/pl\/wp-json\/wp\/v2\/product_tag?post=7740"}],"curies":[{"name":"wp","href":"https:\/\/api.w.org\/{rel}","templated":true}]}}