{"id":7739,"date":"2015-05-25T10:01:16","date_gmt":"2015-05-25T08:01:16","guid":{"rendered":"https:\/\/www.technique-italia.com\/\/products\/bez-kategorii\/balje-maska-regenerujaca-do-wlosow-lamliwych-i-po-zabiegach\/"},"modified":"2023-01-27T14:52:21","modified_gmt":"2023-01-27T13:52:21","slug":"balje-maska-regenerujaca-do-wlosow-lamliwych-i-po-zabiegach","status":"publish","type":"product","link":"https:\/\/www.technique-italia.com\/pl\/products\/zabiegi\/balje-pl\/balje-maska-regenerujaca-do-wlosow-lamliwych-i-po-zabiegach\/","title":{"rendered":"Balj\u00e9 | Maska Regeneruj\u0105ca do w\u0142os\u00f3w \u0142amliwych i po zabiegach"},"content":{"rendered":"","protected":false},"excerpt":{"rendered":"<p><b>Balj\u00e9, Maska Regeneruj\u0105ca,<\/b><span style=\"font-weight: 400;\"> zalecana do w\u0142os\u00f3w \u0142amliwych i po zabiegach. Formu\u0142a maski na bazie <\/span><b>Keratyny i Olejku Arganowego,<\/b><span style=\"font-weight: 400;\"> sprawia, \u017ce w\u0142osy s\u0105 idealnie <\/span><b>nawil\u017cone, rozpl\u0105tane <\/b><span style=\"font-weight: 400;\">i<\/span><b> l\u015bni\u0105ce<\/b><span style=\"font-weight: 400;\">, dla efektu absolutnej mi\u0119kko\u015bci. Nie obci\u0105\u017ca w\u0142os\u00f3w.<\/span><\/p>\n<p><span style=\"font-weight: 400;\">Do u\u017cytku profesjonalnego<\/span><\/p>\n<p><span style=\"font-weight: 400;\">Opakowanie o pojemno\u015bci 500 ml<\/span><\/p>\n","protected":false},"featured_media":14775,"template":"","meta":[],"product_brand":[],"product_cat":[605,598],"product_tag":[],"class_list":{"0":"post-7739","1":"product","2":"type-product","3":"status-publish","4":"has-post-thumbnail","6":"product_cat-balje-pl","7":"product_cat-zabiegi","8":"description-off","10":"first","11":"instock","12":"shipping-taxable","13":"product-type-simple"},"yoast_head":"<!-- This site is optimized with the Yoast SEO plugin v26.8 - https:\/\/yoast.com\/product\/yoast-seo-wordpress\/ -->\n<title>Balj\u00e9 | Maska Regeneruj\u0105ca do w\u0142os\u00f3w \u0142amliwych i po zabiegach<\/title>\n<meta name=\"description\" content=\"Balj\u00e9, Maska Regeneruj\u0105ca, zalecana do w\u0142os\u00f3w \u0142amliwych i po zabiegach. Formu\u0142a maski na bazie Keratyny i Olejku Arganowego.\" \/>\n<meta name=\"robots\" content=\"index, follow, max-snippet:-1, max-image-preview:large, max-video-preview:-1\" \/>\n<link rel=\"canonical\" href=\"https:\/\/www.technique-italia.com\/pl\/products\/zabiegi\/balje-pl\/balje-maska-regenerujaca-do-wlosow-lamliwych-i-po-zabiegach\/\" \/>\n<meta property=\"og:locale\" content=\"pl_PL\" \/>\n<meta property=\"og:type\" content=\"article\" \/>\n<meta property=\"og:title\" content=\"Balj\u00e9 | Maska Regeneruj\u0105ca do w\u0142os\u00f3w \u0142amliwych i po zabiegach\" \/>\n<meta property=\"og:description\" content=\"Balj\u00e9, Maska Regeneruj\u0105ca, zalecana do w\u0142os\u00f3w \u0142amliwych i po zabiegach. Formu\u0142a maski na bazie Keratyny i Olejku Arganowego.\" \/>\n<meta property=\"og:url\" content=\"https:\/\/www.technique-italia.com\/pl\/products\/zabiegi\/balje-pl\/balje-maska-regenerujaca-do-wlosow-lamliwych-i-po-zabiegach\/\" \/>\n<meta property=\"og:site_name\" content=\"Technique\" \/>\n<meta property=\"article:modified_time\" content=\"2023-01-27T13:52:21+00:00\" \/>\n<meta property=\"og:image\" content=\"https:\/\/www.technique-italia.com\/wp-content\/uploads\/2015\/05\/02044_echnique_treatment_balje_regenerating_mask_500ml.png\" \/>\n\t<meta property=\"og:image:width\" content=\"600\" \/>\n\t<meta property=\"og:image:height\" content=\"600\" \/>\n\t<meta property=\"og:image:type\" content=\"image\/png\" \/>\n<meta name=\"twitter:card\" content=\"summary_large_image\" \/>\n<script type=\"application\/ld+json\" class=\"yoast-schema-graph\">{\"@context\":\"https:\/\/schema.org\",\"@graph\":[{\"@type\":\"WebPage\",\"@id\":\"https:\/\/www.technique-italia.com\/pl\/products\/zabiegi\/balje-pl\/balje-maska-regenerujaca-do-wlosow-lamliwych-i-po-zabiegach\/\",\"url\":\"https:\/\/www.technique-italia.com\/pl\/products\/zabiegi\/balje-pl\/balje-maska-regenerujaca-do-wlosow-lamliwych-i-po-zabiegach\/\",\"name\":\"Balj\u00e9 | Maska Regeneruj\u0105ca do w\u0142os\u00f3w \u0142amliwych i po zabiegach\",\"isPartOf\":{\"@id\":\"https:\/\/www.technique-italia.com\/pl\/#website\"},\"primaryImageOfPage\":{\"@id\":\"https:\/\/www.technique-italia.com\/pl\/products\/zabiegi\/balje-pl\/balje-maska-regenerujaca-do-wlosow-lamliwych-i-po-zabiegach\/#primaryimage\"},\"image\":{\"@id\":\"https:\/\/www.technique-italia.com\/pl\/products\/zabiegi\/balje-pl\/balje-maska-regenerujaca-do-wlosow-lamliwych-i-po-zabiegach\/#primaryimage\"},\"thumbnailUrl\":\"https:\/\/www.technique-italia.com\/wp-content\/uploads\/2015\/05\/02044_echnique_treatment_balje_regenerating_mask_500ml.png\",\"datePublished\":\"2015-05-25T08:01:16+00:00\",\"dateModified\":\"2023-01-27T13:52:21+00:00\",\"description\":\"Balj\u00e9, Maska Regeneruj\u0105ca, zalecana do w\u0142os\u00f3w \u0142amliwych i po zabiegach. Formu\u0142a maski na bazie Keratyny i Olejku Arganowego.\",\"breadcrumb\":{\"@id\":\"https:\/\/www.technique-italia.com\/pl\/products\/zabiegi\/balje-pl\/balje-maska-regenerujaca-do-wlosow-lamliwych-i-po-zabiegach\/#breadcrumb\"},\"inLanguage\":\"pl-PL\",\"potentialAction\":[{\"@type\":\"ReadAction\",\"target\":[\"https:\/\/www.technique-italia.com\/pl\/products\/zabiegi\/balje-pl\/balje-maska-regenerujaca-do-wlosow-lamliwych-i-po-zabiegach\/\"]}]},{\"@type\":\"ImageObject\",\"inLanguage\":\"pl-PL\",\"@id\":\"https:\/\/www.technique-italia.com\/pl\/products\/zabiegi\/balje-pl\/balje-maska-regenerujaca-do-wlosow-lamliwych-i-po-zabiegach\/#primaryimage\",\"url\":\"https:\/\/www.technique-italia.com\/wp-content\/uploads\/2015\/05\/02044_echnique_treatment_balje_regenerating_mask_500ml.png\",\"contentUrl\":\"https:\/\/www.technique-italia.com\/wp-content\/uploads\/2015\/05\/02044_echnique_treatment_balje_regenerating_mask_500ml.png\",\"width\":600,\"height\":600},{\"@type\":\"BreadcrumbList\",\"@id\":\"https:\/\/www.technique-italia.com\/pl\/products\/zabiegi\/balje-pl\/balje-maska-regenerujaca-do-wlosow-lamliwych-i-po-zabiegach\/#breadcrumb\",\"itemListElement\":[{\"@type\":\"ListItem\",\"position\":1,\"name\":\"Home\",\"item\":\"https:\/\/www.technique-italia.com\/pl\/\"},{\"@type\":\"ListItem\",\"position\":2,\"name\":\"Produkty\",\"item\":\"https:\/\/www.technique-italia.com\/pl\/shop\/\"},{\"@type\":\"ListItem\",\"position\":3,\"name\":\"Balj\u00e9 | Maska Regeneruj\u0105ca do w\u0142os\u00f3w \u0142amliwych i po zabiegach\"}]},{\"@type\":\"WebSite\",\"@id\":\"https:\/\/www.technique-italia.com\/pl\/#website\",\"url\":\"https:\/\/www.technique-italia.com\/pl\/\",\"name\":\"Technique\",\"description\":\"The Italian Concept\",\"potentialAction\":[{\"@type\":\"SearchAction\",\"target\":{\"@type\":\"EntryPoint\",\"urlTemplate\":\"https:\/\/www.technique-italia.com\/pl\/?s={search_term_string}\"},\"query-input\":{\"@type\":\"PropertyValueSpecification\",\"valueRequired\":true,\"valueName\":\"search_term_string\"}}],\"inLanguage\":\"pl-PL\"}]}<\/script>\n<!-- \/ Yoast SEO plugin. -->","yoast_head_json":{"title":"Balj\u00e9 | Maska Regeneruj\u0105ca do w\u0142os\u00f3w \u0142amliwych i po zabiegach","description":"Balj\u00e9, Maska Regeneruj\u0105ca, zalecana do w\u0142os\u00f3w \u0142amliwych i po zabiegach. Formu\u0142a maski na bazie Keratyny i Olejku Arganowego.","robots":{"index":"index","follow":"follow","max-snippet":"max-snippet:-1","max-image-preview":"max-image-preview:large","max-video-preview":"max-video-preview:-1"},"canonical":"https:\/\/www.technique-italia.com\/pl\/products\/zabiegi\/balje-pl\/balje-maska-regenerujaca-do-wlosow-lamliwych-i-po-zabiegach\/","og_locale":"pl_PL","og_type":"article","og_title":"Balj\u00e9 | Maska Regeneruj\u0105ca do w\u0142os\u00f3w \u0142amliwych i po zabiegach","og_description":"Balj\u00e9, Maska Regeneruj\u0105ca, zalecana do w\u0142os\u00f3w \u0142amliwych i po zabiegach. Formu\u0142a maski na bazie Keratyny i Olejku Arganowego.","og_url":"https:\/\/www.technique-italia.com\/pl\/products\/zabiegi\/balje-pl\/balje-maska-regenerujaca-do-wlosow-lamliwych-i-po-zabiegach\/","og_site_name":"Technique","article_modified_time":"2023-01-27T13:52:21+00:00","og_image":[{"width":600,"height":600,"url":"https:\/\/www.technique-italia.com\/wp-content\/uploads\/2015\/05\/02044_echnique_treatment_balje_regenerating_mask_500ml.png","type":"image\/png"}],"twitter_card":"summary_large_image","schema":{"@context":"https:\/\/schema.org","@graph":[{"@type":"WebPage","@id":"https:\/\/www.technique-italia.com\/pl\/products\/zabiegi\/balje-pl\/balje-maska-regenerujaca-do-wlosow-lamliwych-i-po-zabiegach\/","url":"https:\/\/www.technique-italia.com\/pl\/products\/zabiegi\/balje-pl\/balje-maska-regenerujaca-do-wlosow-lamliwych-i-po-zabiegach\/","name":"Balj\u00e9 | Maska Regeneruj\u0105ca do w\u0142os\u00f3w \u0142amliwych i po zabiegach","isPartOf":{"@id":"https:\/\/www.technique-italia.com\/pl\/#website"},"primaryImageOfPage":{"@id":"https:\/\/www.technique-italia.com\/pl\/products\/zabiegi\/balje-pl\/balje-maska-regenerujaca-do-wlosow-lamliwych-i-po-zabiegach\/#primaryimage"},"image":{"@id":"https:\/\/www.technique-italia.com\/pl\/products\/zabiegi\/balje-pl\/balje-maska-regenerujaca-do-wlosow-lamliwych-i-po-zabiegach\/#primaryimage"},"thumbnailUrl":"https:\/\/www.technique-italia.com\/wp-content\/uploads\/2015\/05\/02044_echnique_treatment_balje_regenerating_mask_500ml.png","datePublished":"2015-05-25T08:01:16+00:00","dateModified":"2023-01-27T13:52:21+00:00","description":"Balj\u00e9, Maska Regeneruj\u0105ca, zalecana do w\u0142os\u00f3w \u0142amliwych i po zabiegach. Formu\u0142a maski na bazie Keratyny i Olejku Arganowego.","breadcrumb":{"@id":"https:\/\/www.technique-italia.com\/pl\/products\/zabiegi\/balje-pl\/balje-maska-regenerujaca-do-wlosow-lamliwych-i-po-zabiegach\/#breadcrumb"},"inLanguage":"pl-PL","potentialAction":[{"@type":"ReadAction","target":["https:\/\/www.technique-italia.com\/pl\/products\/zabiegi\/balje-pl\/balje-maska-regenerujaca-do-wlosow-lamliwych-i-po-zabiegach\/"]}]},{"@type":"ImageObject","inLanguage":"pl-PL","@id":"https:\/\/www.technique-italia.com\/pl\/products\/zabiegi\/balje-pl\/balje-maska-regenerujaca-do-wlosow-lamliwych-i-po-zabiegach\/#primaryimage","url":"https:\/\/www.technique-italia.com\/wp-content\/uploads\/2015\/05\/02044_echnique_treatment_balje_regenerating_mask_500ml.png","contentUrl":"https:\/\/www.technique-italia.com\/wp-content\/uploads\/2015\/05\/02044_echnique_treatment_balje_regenerating_mask_500ml.png","width":600,"height":600},{"@type":"BreadcrumbList","@id":"https:\/\/www.technique-italia.com\/pl\/products\/zabiegi\/balje-pl\/balje-maska-regenerujaca-do-wlosow-lamliwych-i-po-zabiegach\/#breadcrumb","itemListElement":[{"@type":"ListItem","position":1,"name":"Home","item":"https:\/\/www.technique-italia.com\/pl\/"},{"@type":"ListItem","position":2,"name":"Produkty","item":"https:\/\/www.technique-italia.com\/pl\/shop\/"},{"@type":"ListItem","position":3,"name":"Balj\u00e9 | Maska Regeneruj\u0105ca do w\u0142os\u00f3w \u0142amliwych i po zabiegach"}]},{"@type":"WebSite","@id":"https:\/\/www.technique-italia.com\/pl\/#website","url":"https:\/\/www.technique-italia.com\/pl\/","name":"Technique","description":"The Italian Concept","potentialAction":[{"@type":"SearchAction","target":{"@type":"EntryPoint","urlTemplate":"https:\/\/www.technique-italia.com\/pl\/?s={search_term_string}"},"query-input":{"@type":"PropertyValueSpecification","valueRequired":true,"valueName":"search_term_string"}}],"inLanguage":"pl-PL"}]}},"_links":{"self":[{"href":"https:\/\/www.technique-italia.com\/pl\/wp-json\/wp\/v2\/product\/7739","targetHints":{"allow":["GET"]}}],"collection":[{"href":"https:\/\/www.technique-italia.com\/pl\/wp-json\/wp\/v2\/product"}],"about":[{"href":"https:\/\/www.technique-italia.com\/pl\/wp-json\/wp\/v2\/types\/product"}],"wp:featuredmedia":[{"embeddable":true,"href":"https:\/\/www.technique-italia.com\/pl\/wp-json\/wp\/v2\/media\/14775"}],"wp:attachment":[{"href":"https:\/\/www.technique-italia.com\/pl\/wp-json\/wp\/v2\/media?parent=7739"}],"wp:term":[{"taxonomy":"product_brand","embeddable":true,"href":"https:\/\/www.technique-italia.com\/pl\/wp-json\/wp\/v2\/product_brand?post=7739"},{"taxonomy":"product_cat","embeddable":true,"href":"https:\/\/www.technique-italia.com\/pl\/wp-json\/wp\/v2\/product_cat?post=7739"},{"taxonomy":"product_tag","embeddable":true,"href":"https:\/\/www.technique-italia.com\/pl\/wp-json\/wp\/v2\/product_tag?post=7739"}],"curies":[{"name":"wp","href":"https:\/\/api.w.org\/{rel}","templated":true}]}}