{"id":7738,"date":"2017-04-12T12:21:19","date_gmt":"2017-04-12T10:21:19","guid":{"rendered":"https:\/\/www.technique-italia.com\/\/products\/bez-kategorii\/balje-kapiel-do-wlosow-ochrona-koloru\/"},"modified":"2023-11-16T10:46:40","modified_gmt":"2023-11-16T09:46:40","slug":"balje-kapiel-do-wlosow-ochrona-koloru","status":"publish","type":"product","link":"https:\/\/www.technique-italia.com\/pl\/products\/zabiegi\/balje-pl\/balje-kapiel-do-wlosow-ochrona-koloru\/","title":{"rendered":"Balj\u00e9 | K\u0105piel do w\u0142os\u00f3w ochrona koloru"},"content":{"rendered":"","protected":false},"excerpt":{"rendered":"<p><b>Balj\u00e9, K\u0105piel do w\u0142os\u00f3w ochrona kolor\u00f3w<\/b><span style=\"font-weight: 400;\">, zosta\u0142a opracowana specjalnie do <\/span><b>w\u0142os\u00f3w farbowanych i po zabiegach<\/b><span style=\"font-weight: 400;\">. Wzbogacona <\/span><b>Ekstraktem ze Skrzypu<\/b><span style=\"font-weight: 400;\">i<\/span><b> \u0141usk\u0105 Orzecha W\u0142oskiego<\/b><span style=\"font-weight: 400;\">.<\/span><\/p>\n<p><span style=\"font-weight: 400;\">Flakon o pojemno\u015bci 1000 ml<\/span><\/p>\n","protected":false},"featured_media":14695,"template":"","meta":[],"product_brand":[],"product_cat":[605,598],"product_tag":[],"class_list":{"0":"post-7738","1":"product","2":"type-product","3":"status-publish","4":"has-post-thumbnail","6":"product_cat-balje-pl","7":"product_cat-zabiegi","8":"description-off","10":"first","11":"instock","12":"shipping-taxable","13":"product-type-simple"},"yoast_head":"<!-- This site is optimized with the Yoast SEO plugin v26.8 - https:\/\/yoast.com\/product\/yoast-seo-wordpress\/ -->\n<title>Balj\u00e9 | K\u0105piel do w\u0142os\u00f3w ochrona koloru - Technique<\/title>\n<meta name=\"description\" content=\"Balj\u00e9, K\u0105piel do w\u0142os\u00f3w ochrona kolor\u00f3w, zosta\u0142a opracowana specjalnie do w\u0142os\u00f3w farbowanych i po zabiegach.\" \/>\n<meta name=\"robots\" content=\"index, follow, max-snippet:-1, max-image-preview:large, max-video-preview:-1\" \/>\n<link rel=\"canonical\" href=\"https:\/\/www.technique-italia.com\/pl\/products\/zabiegi\/balje-pl\/balje-kapiel-do-wlosow-ochrona-koloru\/\" \/>\n<meta property=\"og:locale\" content=\"pl_PL\" \/>\n<meta property=\"og:type\" content=\"article\" \/>\n<meta property=\"og:title\" content=\"Balj\u00e9 | K\u0105piel do w\u0142os\u00f3w ochrona koloru - Technique\" \/>\n<meta property=\"og:description\" content=\"Balj\u00e9, K\u0105piel do w\u0142os\u00f3w ochrona kolor\u00f3w, zosta\u0142a opracowana specjalnie do w\u0142os\u00f3w farbowanych i po zabiegach.\" \/>\n<meta property=\"og:url\" content=\"https:\/\/www.technique-italia.com\/pl\/products\/zabiegi\/balje-pl\/balje-kapiel-do-wlosow-ochrona-koloru\/\" \/>\n<meta property=\"og:site_name\" content=\"Technique\" \/>\n<meta property=\"article:modified_time\" content=\"2023-11-16T09:46:40+00:00\" \/>\n<meta property=\"og:image\" content=\"https:\/\/www.technique-italia.com\/wp-content\/uploads\/2022\/10\/02055_technique_treatment_balje_color_protection_hair_balth_1000ml-1.png\" \/>\n\t<meta property=\"og:image:width\" content=\"600\" \/>\n\t<meta property=\"og:image:height\" content=\"600\" \/>\n\t<meta property=\"og:image:type\" content=\"image\/png\" \/>\n<meta name=\"twitter:card\" content=\"summary_large_image\" \/>\n<script type=\"application\/ld+json\" class=\"yoast-schema-graph\">{\"@context\":\"https:\/\/schema.org\",\"@graph\":[{\"@type\":\"WebPage\",\"@id\":\"https:\/\/www.technique-italia.com\/pl\/products\/zabiegi\/balje-pl\/balje-kapiel-do-wlosow-ochrona-koloru\/\",\"url\":\"https:\/\/www.technique-italia.com\/pl\/products\/zabiegi\/balje-pl\/balje-kapiel-do-wlosow-ochrona-koloru\/\",\"name\":\"Balj\u00e9 | K\u0105piel do w\u0142os\u00f3w ochrona koloru - Technique\",\"isPartOf\":{\"@id\":\"https:\/\/www.technique-italia.com\/pl\/#website\"},\"primaryImageOfPage\":{\"@id\":\"https:\/\/www.technique-italia.com\/pl\/products\/zabiegi\/balje-pl\/balje-kapiel-do-wlosow-ochrona-koloru\/#primaryimage\"},\"image\":{\"@id\":\"https:\/\/www.technique-italia.com\/pl\/products\/zabiegi\/balje-pl\/balje-kapiel-do-wlosow-ochrona-koloru\/#primaryimage\"},\"thumbnailUrl\":\"https:\/\/www.technique-italia.com\/wp-content\/uploads\/2022\/10\/02055_technique_treatment_balje_color_protection_hair_balth_1000ml-1.png\",\"datePublished\":\"2017-04-12T10:21:19+00:00\",\"dateModified\":\"2023-11-16T09:46:40+00:00\",\"description\":\"Balj\u00e9, K\u0105piel do w\u0142os\u00f3w ochrona kolor\u00f3w, zosta\u0142a opracowana specjalnie do w\u0142os\u00f3w farbowanych i po zabiegach.\",\"breadcrumb\":{\"@id\":\"https:\/\/www.technique-italia.com\/pl\/products\/zabiegi\/balje-pl\/balje-kapiel-do-wlosow-ochrona-koloru\/#breadcrumb\"},\"inLanguage\":\"pl-PL\",\"potentialAction\":[{\"@type\":\"ReadAction\",\"target\":[\"https:\/\/www.technique-italia.com\/pl\/products\/zabiegi\/balje-pl\/balje-kapiel-do-wlosow-ochrona-koloru\/\"]}]},{\"@type\":\"ImageObject\",\"inLanguage\":\"pl-PL\",\"@id\":\"https:\/\/www.technique-italia.com\/pl\/products\/zabiegi\/balje-pl\/balje-kapiel-do-wlosow-ochrona-koloru\/#primaryimage\",\"url\":\"https:\/\/www.technique-italia.com\/wp-content\/uploads\/2022\/10\/02055_technique_treatment_balje_color_protection_hair_balth_1000ml-1.png\",\"contentUrl\":\"https:\/\/www.technique-italia.com\/wp-content\/uploads\/2022\/10\/02055_technique_treatment_balje_color_protection_hair_balth_1000ml-1.png\",\"width\":600,\"height\":600},{\"@type\":\"BreadcrumbList\",\"@id\":\"https:\/\/www.technique-italia.com\/pl\/products\/zabiegi\/balje-pl\/balje-kapiel-do-wlosow-ochrona-koloru\/#breadcrumb\",\"itemListElement\":[{\"@type\":\"ListItem\",\"position\":1,\"name\":\"Home\",\"item\":\"https:\/\/www.technique-italia.com\/pl\/\"},{\"@type\":\"ListItem\",\"position\":2,\"name\":\"Produkty\",\"item\":\"https:\/\/www.technique-italia.com\/pl\/shop\/\"},{\"@type\":\"ListItem\",\"position\":3,\"name\":\"Balj\u00e9 | K\u0105piel do w\u0142os\u00f3w ochrona koloru\"}]},{\"@type\":\"WebSite\",\"@id\":\"https:\/\/www.technique-italia.com\/pl\/#website\",\"url\":\"https:\/\/www.technique-italia.com\/pl\/\",\"name\":\"Technique\",\"description\":\"The Italian Concept\",\"potentialAction\":[{\"@type\":\"SearchAction\",\"target\":{\"@type\":\"EntryPoint\",\"urlTemplate\":\"https:\/\/www.technique-italia.com\/pl\/?s={search_term_string}\"},\"query-input\":{\"@type\":\"PropertyValueSpecification\",\"valueRequired\":true,\"valueName\":\"search_term_string\"}}],\"inLanguage\":\"pl-PL\"}]}<\/script>\n<!-- \/ Yoast SEO plugin. -->","yoast_head_json":{"title":"Balj\u00e9 | K\u0105piel do w\u0142os\u00f3w ochrona koloru - Technique","description":"Balj\u00e9, K\u0105piel do w\u0142os\u00f3w ochrona kolor\u00f3w, zosta\u0142a opracowana specjalnie do w\u0142os\u00f3w farbowanych i po zabiegach.","robots":{"index":"index","follow":"follow","max-snippet":"max-snippet:-1","max-image-preview":"max-image-preview:large","max-video-preview":"max-video-preview:-1"},"canonical":"https:\/\/www.technique-italia.com\/pl\/products\/zabiegi\/balje-pl\/balje-kapiel-do-wlosow-ochrona-koloru\/","og_locale":"pl_PL","og_type":"article","og_title":"Balj\u00e9 | K\u0105piel do w\u0142os\u00f3w ochrona koloru - Technique","og_description":"Balj\u00e9, K\u0105piel do w\u0142os\u00f3w ochrona kolor\u00f3w, zosta\u0142a opracowana specjalnie do w\u0142os\u00f3w farbowanych i po zabiegach.","og_url":"https:\/\/www.technique-italia.com\/pl\/products\/zabiegi\/balje-pl\/balje-kapiel-do-wlosow-ochrona-koloru\/","og_site_name":"Technique","article_modified_time":"2023-11-16T09:46:40+00:00","og_image":[{"width":600,"height":600,"url":"https:\/\/www.technique-italia.com\/wp-content\/uploads\/2022\/10\/02055_technique_treatment_balje_color_protection_hair_balth_1000ml-1.png","type":"image\/png"}],"twitter_card":"summary_large_image","schema":{"@context":"https:\/\/schema.org","@graph":[{"@type":"WebPage","@id":"https:\/\/www.technique-italia.com\/pl\/products\/zabiegi\/balje-pl\/balje-kapiel-do-wlosow-ochrona-koloru\/","url":"https:\/\/www.technique-italia.com\/pl\/products\/zabiegi\/balje-pl\/balje-kapiel-do-wlosow-ochrona-koloru\/","name":"Balj\u00e9 | K\u0105piel do w\u0142os\u00f3w ochrona koloru - Technique","isPartOf":{"@id":"https:\/\/www.technique-italia.com\/pl\/#website"},"primaryImageOfPage":{"@id":"https:\/\/www.technique-italia.com\/pl\/products\/zabiegi\/balje-pl\/balje-kapiel-do-wlosow-ochrona-koloru\/#primaryimage"},"image":{"@id":"https:\/\/www.technique-italia.com\/pl\/products\/zabiegi\/balje-pl\/balje-kapiel-do-wlosow-ochrona-koloru\/#primaryimage"},"thumbnailUrl":"https:\/\/www.technique-italia.com\/wp-content\/uploads\/2022\/10\/02055_technique_treatment_balje_color_protection_hair_balth_1000ml-1.png","datePublished":"2017-04-12T10:21:19+00:00","dateModified":"2023-11-16T09:46:40+00:00","description":"Balj\u00e9, K\u0105piel do w\u0142os\u00f3w ochrona kolor\u00f3w, zosta\u0142a opracowana specjalnie do w\u0142os\u00f3w farbowanych i po zabiegach.","breadcrumb":{"@id":"https:\/\/www.technique-italia.com\/pl\/products\/zabiegi\/balje-pl\/balje-kapiel-do-wlosow-ochrona-koloru\/#breadcrumb"},"inLanguage":"pl-PL","potentialAction":[{"@type":"ReadAction","target":["https:\/\/www.technique-italia.com\/pl\/products\/zabiegi\/balje-pl\/balje-kapiel-do-wlosow-ochrona-koloru\/"]}]},{"@type":"ImageObject","inLanguage":"pl-PL","@id":"https:\/\/www.technique-italia.com\/pl\/products\/zabiegi\/balje-pl\/balje-kapiel-do-wlosow-ochrona-koloru\/#primaryimage","url":"https:\/\/www.technique-italia.com\/wp-content\/uploads\/2022\/10\/02055_technique_treatment_balje_color_protection_hair_balth_1000ml-1.png","contentUrl":"https:\/\/www.technique-italia.com\/wp-content\/uploads\/2022\/10\/02055_technique_treatment_balje_color_protection_hair_balth_1000ml-1.png","width":600,"height":600},{"@type":"BreadcrumbList","@id":"https:\/\/www.technique-italia.com\/pl\/products\/zabiegi\/balje-pl\/balje-kapiel-do-wlosow-ochrona-koloru\/#breadcrumb","itemListElement":[{"@type":"ListItem","position":1,"name":"Home","item":"https:\/\/www.technique-italia.com\/pl\/"},{"@type":"ListItem","position":2,"name":"Produkty","item":"https:\/\/www.technique-italia.com\/pl\/shop\/"},{"@type":"ListItem","position":3,"name":"Balj\u00e9 | K\u0105piel do w\u0142os\u00f3w ochrona koloru"}]},{"@type":"WebSite","@id":"https:\/\/www.technique-italia.com\/pl\/#website","url":"https:\/\/www.technique-italia.com\/pl\/","name":"Technique","description":"The Italian Concept","potentialAction":[{"@type":"SearchAction","target":{"@type":"EntryPoint","urlTemplate":"https:\/\/www.technique-italia.com\/pl\/?s={search_term_string}"},"query-input":{"@type":"PropertyValueSpecification","valueRequired":true,"valueName":"search_term_string"}}],"inLanguage":"pl-PL"}]}},"_links":{"self":[{"href":"https:\/\/www.technique-italia.com\/pl\/wp-json\/wp\/v2\/product\/7738","targetHints":{"allow":["GET"]}}],"collection":[{"href":"https:\/\/www.technique-italia.com\/pl\/wp-json\/wp\/v2\/product"}],"about":[{"href":"https:\/\/www.technique-italia.com\/pl\/wp-json\/wp\/v2\/types\/product"}],"wp:featuredmedia":[{"embeddable":true,"href":"https:\/\/www.technique-italia.com\/pl\/wp-json\/wp\/v2\/media\/14695"}],"wp:attachment":[{"href":"https:\/\/www.technique-italia.com\/pl\/wp-json\/wp\/v2\/media?parent=7738"}],"wp:term":[{"taxonomy":"product_brand","embeddable":true,"href":"https:\/\/www.technique-italia.com\/pl\/wp-json\/wp\/v2\/product_brand?post=7738"},{"taxonomy":"product_cat","embeddable":true,"href":"https:\/\/www.technique-italia.com\/pl\/wp-json\/wp\/v2\/product_cat?post=7738"},{"taxonomy":"product_tag","embeddable":true,"href":"https:\/\/www.technique-italia.com\/pl\/wp-json\/wp\/v2\/product_tag?post=7738"}],"curies":[{"name":"wp","href":"https:\/\/api.w.org\/{rel}","templated":true}]}}