{"id":7737,"date":"2020-02-04T12:47:19","date_gmt":"2020-02-04T11:47:19","guid":{"rendered":"https:\/\/www.technique-italia.com\/\/products\/bez-kategorii\/system-purify-przeciwlupiezowy-tonik-przywracajacy-rownowage\/"},"modified":"2021-11-04T09:43:00","modified_gmt":"2021-11-04T08:43:00","slug":"system-purify-przeciwlupiezowy-tonik-przywracajacy-rownowage","status":"publish","type":"product","link":"https:\/\/www.technique-italia.com\/pl\/products\/zabiegi\/system-purify-pl\/system-purify-przeciwlupiezowy-tonik-przywracajacy-rownowage\/","title":{"rendered":"System Purify | Przeciw\u0142upie\u017cowy tonik przywracaj\u0105cy r\u00f3wnowag\u0119"},"content":{"rendered":"","protected":false},"excerpt":{"rendered":"<p><b>Tonik przywracaj\u0105cy r\u00f3wnowag\u0119<\/b> <b>System Purify<\/b><span style=\"font-weight: 400;\"> pomaga\u00a0 <\/span><span style=\"font-weight: 400;\">zapobiega\u0107 i przeciwdzia\u0142a\u0107 negatywnym skutkom wyst\u0119powania <\/span><b>sebum i \u0142upie\u017cu<\/b><span style=\"font-weight: 400;\">. Normalizuje <\/span><b>wydzielanie sebum <\/b><span style=\"font-weight: 400;\">i<\/span><b> g\u0142\u0119boko oczyszcza<\/b><span style=\"font-weight: 400;\">, dzi\u0119ki formule wzbogaconej substancjami funkcjonalnymi takimi jak Ekstrakt z Rozmarynu, Pirokton Olaminy i Lawendowy Olejek Eteryczny.<\/span><\/p>\n<p><span style=\"font-weight: 400;\">Pojemno\u015b\u0107 150 ml<\/span><\/p>\n","protected":false},"featured_media":17438,"template":"","meta":[],"product_brand":[],"product_cat":[608,598],"product_tag":[],"class_list":{"0":"post-7737","1":"product","2":"type-product","3":"status-publish","4":"has-post-thumbnail","6":"product_cat-system-purify-pl","7":"product_cat-zabiegi","8":"description-off","10":"first","11":"instock","12":"shipping-taxable","13":"product-type-simple"},"yoast_head":"<!-- This site is optimized with the Yoast SEO plugin v26.8 - https:\/\/yoast.com\/product\/yoast-seo-wordpress\/ -->\n<title>System Purify | Przeciw\u0142upie\u017cowy tonik przywracaj\u0105cy r\u00f3wnowag\u0119<\/title>\n<meta name=\"description\" content=\"Tonik przywracaj\u0105cy r\u00f3wnowag\u0119 System Purify pomaga\u00a0 zapobiega\u0107 i przeciwdzia\u0142a\u0107 negatywnym skutkom wyst\u0119powania sebum i \u0142upie\u017cu.\" \/>\n<meta name=\"robots\" content=\"index, follow, max-snippet:-1, max-image-preview:large, max-video-preview:-1\" \/>\n<link rel=\"canonical\" href=\"https:\/\/www.technique-italia.com\/pl\/products\/zabiegi\/system-purify-pl\/system-purify-przeciwlupiezowy-tonik-przywracajacy-rownowage\/\" \/>\n<meta property=\"og:locale\" content=\"pl_PL\" \/>\n<meta property=\"og:type\" content=\"article\" \/>\n<meta property=\"og:title\" content=\"System Purify | Przeciw\u0142upie\u017cowy tonik przywracaj\u0105cy r\u00f3wnowag\u0119\" \/>\n<meta property=\"og:description\" content=\"Tonik przywracaj\u0105cy r\u00f3wnowag\u0119 System Purify pomaga\u00a0 zapobiega\u0107 i przeciwdzia\u0142a\u0107 negatywnym skutkom wyst\u0119powania sebum i \u0142upie\u017cu.\" \/>\n<meta property=\"og:url\" content=\"https:\/\/www.technique-italia.com\/pl\/products\/zabiegi\/system-purify-pl\/system-purify-przeciwlupiezowy-tonik-przywracajacy-rownowage\/\" \/>\n<meta property=\"og:site_name\" content=\"Technique\" \/>\n<meta property=\"article:modified_time\" content=\"2021-11-04T08:43:00+00:00\" \/>\n<meta property=\"og:image\" content=\"https:\/\/www.technique-italia.com\/wp-content\/uploads\/2020\/02\/02091_technique_treatment_system_purify_reblacing_tonic_150ml.png\" \/>\n\t<meta property=\"og:image:width\" content=\"600\" \/>\n\t<meta property=\"og:image:height\" content=\"600\" \/>\n\t<meta property=\"og:image:type\" content=\"image\/png\" \/>\n<meta name=\"twitter:card\" content=\"summary_large_image\" \/>\n<script type=\"application\/ld+json\" class=\"yoast-schema-graph\">{\"@context\":\"https:\/\/schema.org\",\"@graph\":[{\"@type\":\"WebPage\",\"@id\":\"https:\/\/www.technique-italia.com\/pl\/products\/zabiegi\/system-purify-pl\/system-purify-przeciwlupiezowy-tonik-przywracajacy-rownowage\/\",\"url\":\"https:\/\/www.technique-italia.com\/pl\/products\/zabiegi\/system-purify-pl\/system-purify-przeciwlupiezowy-tonik-przywracajacy-rownowage\/\",\"name\":\"System Purify | Przeciw\u0142upie\u017cowy tonik przywracaj\u0105cy r\u00f3wnowag\u0119\",\"isPartOf\":{\"@id\":\"https:\/\/www.technique-italia.com\/pl\/#website\"},\"primaryImageOfPage\":{\"@id\":\"https:\/\/www.technique-italia.com\/pl\/products\/zabiegi\/system-purify-pl\/system-purify-przeciwlupiezowy-tonik-przywracajacy-rownowage\/#primaryimage\"},\"image\":{\"@id\":\"https:\/\/www.technique-italia.com\/pl\/products\/zabiegi\/system-purify-pl\/system-purify-przeciwlupiezowy-tonik-przywracajacy-rownowage\/#primaryimage\"},\"thumbnailUrl\":\"https:\/\/www.technique-italia.com\/wp-content\/uploads\/2020\/02\/02091_technique_treatment_system_purify_reblacing_tonic_150ml.png\",\"datePublished\":\"2020-02-04T11:47:19+00:00\",\"dateModified\":\"2021-11-04T08:43:00+00:00\",\"description\":\"Tonik przywracaj\u0105cy r\u00f3wnowag\u0119 System Purify pomaga\u00a0 zapobiega\u0107 i przeciwdzia\u0142a\u0107 negatywnym skutkom wyst\u0119powania sebum i \u0142upie\u017cu.\",\"breadcrumb\":{\"@id\":\"https:\/\/www.technique-italia.com\/pl\/products\/zabiegi\/system-purify-pl\/system-purify-przeciwlupiezowy-tonik-przywracajacy-rownowage\/#breadcrumb\"},\"inLanguage\":\"pl-PL\",\"potentialAction\":[{\"@type\":\"ReadAction\",\"target\":[\"https:\/\/www.technique-italia.com\/pl\/products\/zabiegi\/system-purify-pl\/system-purify-przeciwlupiezowy-tonik-przywracajacy-rownowage\/\"]}]},{\"@type\":\"ImageObject\",\"inLanguage\":\"pl-PL\",\"@id\":\"https:\/\/www.technique-italia.com\/pl\/products\/zabiegi\/system-purify-pl\/system-purify-przeciwlupiezowy-tonik-przywracajacy-rownowage\/#primaryimage\",\"url\":\"https:\/\/www.technique-italia.com\/wp-content\/uploads\/2020\/02\/02091_technique_treatment_system_purify_reblacing_tonic_150ml.png\",\"contentUrl\":\"https:\/\/www.technique-italia.com\/wp-content\/uploads\/2020\/02\/02091_technique_treatment_system_purify_reblacing_tonic_150ml.png\",\"width\":600,\"height\":600,\"caption\":\"System Purify - Tonico riequilibrante antiforfora\"},{\"@type\":\"BreadcrumbList\",\"@id\":\"https:\/\/www.technique-italia.com\/pl\/products\/zabiegi\/system-purify-pl\/system-purify-przeciwlupiezowy-tonik-przywracajacy-rownowage\/#breadcrumb\",\"itemListElement\":[{\"@type\":\"ListItem\",\"position\":1,\"name\":\"Home\",\"item\":\"https:\/\/www.technique-italia.com\/pl\/\"},{\"@type\":\"ListItem\",\"position\":2,\"name\":\"Produkty\",\"item\":\"https:\/\/www.technique-italia.com\/pl\/shop\/\"},{\"@type\":\"ListItem\",\"position\":3,\"name\":\"System Purify | Przeciw\u0142upie\u017cowy tonik przywracaj\u0105cy r\u00f3wnowag\u0119\"}]},{\"@type\":\"WebSite\",\"@id\":\"https:\/\/www.technique-italia.com\/pl\/#website\",\"url\":\"https:\/\/www.technique-italia.com\/pl\/\",\"name\":\"Technique\",\"description\":\"The Italian Concept\",\"potentialAction\":[{\"@type\":\"SearchAction\",\"target\":{\"@type\":\"EntryPoint\",\"urlTemplate\":\"https:\/\/www.technique-italia.com\/pl\/?s={search_term_string}\"},\"query-input\":{\"@type\":\"PropertyValueSpecification\",\"valueRequired\":true,\"valueName\":\"search_term_string\"}}],\"inLanguage\":\"pl-PL\"}]}<\/script>\n<!-- \/ Yoast SEO plugin. -->","yoast_head_json":{"title":"System Purify | Przeciw\u0142upie\u017cowy tonik przywracaj\u0105cy r\u00f3wnowag\u0119","description":"Tonik przywracaj\u0105cy r\u00f3wnowag\u0119 System Purify pomaga\u00a0 zapobiega\u0107 i przeciwdzia\u0142a\u0107 negatywnym skutkom wyst\u0119powania sebum i \u0142upie\u017cu.","robots":{"index":"index","follow":"follow","max-snippet":"max-snippet:-1","max-image-preview":"max-image-preview:large","max-video-preview":"max-video-preview:-1"},"canonical":"https:\/\/www.technique-italia.com\/pl\/products\/zabiegi\/system-purify-pl\/system-purify-przeciwlupiezowy-tonik-przywracajacy-rownowage\/","og_locale":"pl_PL","og_type":"article","og_title":"System Purify | Przeciw\u0142upie\u017cowy tonik przywracaj\u0105cy r\u00f3wnowag\u0119","og_description":"Tonik przywracaj\u0105cy r\u00f3wnowag\u0119 System Purify pomaga\u00a0 zapobiega\u0107 i przeciwdzia\u0142a\u0107 negatywnym skutkom wyst\u0119powania sebum i \u0142upie\u017cu.","og_url":"https:\/\/www.technique-italia.com\/pl\/products\/zabiegi\/system-purify-pl\/system-purify-przeciwlupiezowy-tonik-przywracajacy-rownowage\/","og_site_name":"Technique","article_modified_time":"2021-11-04T08:43:00+00:00","og_image":[{"width":600,"height":600,"url":"https:\/\/www.technique-italia.com\/wp-content\/uploads\/2020\/02\/02091_technique_treatment_system_purify_reblacing_tonic_150ml.png","type":"image\/png"}],"twitter_card":"summary_large_image","schema":{"@context":"https:\/\/schema.org","@graph":[{"@type":"WebPage","@id":"https:\/\/www.technique-italia.com\/pl\/products\/zabiegi\/system-purify-pl\/system-purify-przeciwlupiezowy-tonik-przywracajacy-rownowage\/","url":"https:\/\/www.technique-italia.com\/pl\/products\/zabiegi\/system-purify-pl\/system-purify-przeciwlupiezowy-tonik-przywracajacy-rownowage\/","name":"System Purify | Przeciw\u0142upie\u017cowy tonik przywracaj\u0105cy r\u00f3wnowag\u0119","isPartOf":{"@id":"https:\/\/www.technique-italia.com\/pl\/#website"},"primaryImageOfPage":{"@id":"https:\/\/www.technique-italia.com\/pl\/products\/zabiegi\/system-purify-pl\/system-purify-przeciwlupiezowy-tonik-przywracajacy-rownowage\/#primaryimage"},"image":{"@id":"https:\/\/www.technique-italia.com\/pl\/products\/zabiegi\/system-purify-pl\/system-purify-przeciwlupiezowy-tonik-przywracajacy-rownowage\/#primaryimage"},"thumbnailUrl":"https:\/\/www.technique-italia.com\/wp-content\/uploads\/2020\/02\/02091_technique_treatment_system_purify_reblacing_tonic_150ml.png","datePublished":"2020-02-04T11:47:19+00:00","dateModified":"2021-11-04T08:43:00+00:00","description":"Tonik przywracaj\u0105cy r\u00f3wnowag\u0119 System Purify pomaga\u00a0 zapobiega\u0107 i przeciwdzia\u0142a\u0107 negatywnym skutkom wyst\u0119powania sebum i \u0142upie\u017cu.","breadcrumb":{"@id":"https:\/\/www.technique-italia.com\/pl\/products\/zabiegi\/system-purify-pl\/system-purify-przeciwlupiezowy-tonik-przywracajacy-rownowage\/#breadcrumb"},"inLanguage":"pl-PL","potentialAction":[{"@type":"ReadAction","target":["https:\/\/www.technique-italia.com\/pl\/products\/zabiegi\/system-purify-pl\/system-purify-przeciwlupiezowy-tonik-przywracajacy-rownowage\/"]}]},{"@type":"ImageObject","inLanguage":"pl-PL","@id":"https:\/\/www.technique-italia.com\/pl\/products\/zabiegi\/system-purify-pl\/system-purify-przeciwlupiezowy-tonik-przywracajacy-rownowage\/#primaryimage","url":"https:\/\/www.technique-italia.com\/wp-content\/uploads\/2020\/02\/02091_technique_treatment_system_purify_reblacing_tonic_150ml.png","contentUrl":"https:\/\/www.technique-italia.com\/wp-content\/uploads\/2020\/02\/02091_technique_treatment_system_purify_reblacing_tonic_150ml.png","width":600,"height":600,"caption":"System Purify - Tonico riequilibrante antiforfora"},{"@type":"BreadcrumbList","@id":"https:\/\/www.technique-italia.com\/pl\/products\/zabiegi\/system-purify-pl\/system-purify-przeciwlupiezowy-tonik-przywracajacy-rownowage\/#breadcrumb","itemListElement":[{"@type":"ListItem","position":1,"name":"Home","item":"https:\/\/www.technique-italia.com\/pl\/"},{"@type":"ListItem","position":2,"name":"Produkty","item":"https:\/\/www.technique-italia.com\/pl\/shop\/"},{"@type":"ListItem","position":3,"name":"System Purify | Przeciw\u0142upie\u017cowy tonik przywracaj\u0105cy r\u00f3wnowag\u0119"}]},{"@type":"WebSite","@id":"https:\/\/www.technique-italia.com\/pl\/#website","url":"https:\/\/www.technique-italia.com\/pl\/","name":"Technique","description":"The Italian Concept","potentialAction":[{"@type":"SearchAction","target":{"@type":"EntryPoint","urlTemplate":"https:\/\/www.technique-italia.com\/pl\/?s={search_term_string}"},"query-input":{"@type":"PropertyValueSpecification","valueRequired":true,"valueName":"search_term_string"}}],"inLanguage":"pl-PL"}]}},"_links":{"self":[{"href":"https:\/\/www.technique-italia.com\/pl\/wp-json\/wp\/v2\/product\/7737","targetHints":{"allow":["GET"]}}],"collection":[{"href":"https:\/\/www.technique-italia.com\/pl\/wp-json\/wp\/v2\/product"}],"about":[{"href":"https:\/\/www.technique-italia.com\/pl\/wp-json\/wp\/v2\/types\/product"}],"wp:featuredmedia":[{"embeddable":true,"href":"https:\/\/www.technique-italia.com\/pl\/wp-json\/wp\/v2\/media\/17438"}],"wp:attachment":[{"href":"https:\/\/www.technique-italia.com\/pl\/wp-json\/wp\/v2\/media?parent=7737"}],"wp:term":[{"taxonomy":"product_brand","embeddable":true,"href":"https:\/\/www.technique-italia.com\/pl\/wp-json\/wp\/v2\/product_brand?post=7737"},{"taxonomy":"product_cat","embeddable":true,"href":"https:\/\/www.technique-italia.com\/pl\/wp-json\/wp\/v2\/product_cat?post=7737"},{"taxonomy":"product_tag","embeddable":true,"href":"https:\/\/www.technique-italia.com\/pl\/wp-json\/wp\/v2\/product_tag?post=7737"}],"curies":[{"name":"wp","href":"https:\/\/api.w.org\/{rel}","templated":true}]}}