{"id":7735,"date":"2015-05-25T09:52:51","date_gmt":"2015-05-25T07:52:51","guid":{"rendered":"https:\/\/www.technique-italia.com\/\/products\/bez-kategorii\/system-purify-dwuzadaniowa-kapiel-do-wlosow\/"},"modified":"2021-11-04T09:43:55","modified_gmt":"2021-11-04T08:43:55","slug":"system-purify-dwuzadaniowa-kapiel-do-wlosow","status":"publish","type":"product","link":"https:\/\/www.technique-italia.com\/pl\/products\/zabiegi\/system-purify-pl\/system-purify-dwuzadaniowa-kapiel-do-wlosow\/","title":{"rendered":"System Purify | Dwuzadaniowa K\u0105piel do W\u0142os\u00f3w"},"content":{"rendered":"","protected":false},"excerpt":{"rendered":"<p><b>System Purify, Dwuzadaniowa K\u0105piel do W\u0142os\u00f3w<\/b><span style=\"font-weight: 400;\"> zosta\u0142a opracowana do wszystkich typ\u00f3w w\u0142os\u00f3w z <\/span><b>\u0142upie\u017cem <\/b><span style=\"font-weight: 400;\">i<\/span><b> t\u0142ust\u0105 sk\u00f3r\u0105 g\u0142owy<\/b><span style=\"font-weight: 400;\"> oraz do zwalczania wszystkich objaw\u00f3w \u0142uszczenia si\u0119 sk\u00f3ry g\u0142owy. <\/span><b>Dzia\u0142anie oczyszczaj\u0105ce<\/b><span style=\"font-weight: 400;\"> wspomaga normalizacj\u0119 sk\u00f3ry. Dzia\u0142anie, kt\u00f3re mo\u017ce trwa\u0107 tak\u017ce w domu, kieszonkowy format o pojemno\u015bci 300 ml.<\/span><\/p>\n<p><span style=\"font-weight: 400;\">Do u\u017cytku profesjonalnego<\/span><\/p>\n<p><span style=\"font-weight: 400;\">Flakon o pojemno\u015bci 300 ml<\/span><\/p>\n","protected":false},"featured_media":10838,"template":"","meta":[],"product_brand":[],"product_cat":[608,598],"product_tag":[],"class_list":{"0":"post-7735","1":"product","2":"type-product","3":"status-publish","4":"has-post-thumbnail","6":"product_cat-system-purify-pl","7":"product_cat-zabiegi","8":"description-off","10":"first","11":"instock","12":"shipping-taxable","13":"product-type-simple"},"yoast_head":"<!-- This site is optimized with the Yoast SEO plugin v26.8 - https:\/\/yoast.com\/product\/yoast-seo-wordpress\/ -->\n<title>System Purify | Dwuzadaniowa K\u0105piel do W\u0142os\u00f3w<\/title>\n<meta name=\"description\" content=\"System Purify, Dwuzadaniowa K\u0105piel do W\u0142os\u00f3w zosta\u0142a opracowana do wszystkich typ\u00f3w w\u0142os\u00f3w z \u0142upie\u017cem i t\u0142ust\u0105 sk\u00f3r\u0105 g\u0142owy.\" \/>\n<meta name=\"robots\" content=\"index, follow, max-snippet:-1, max-image-preview:large, max-video-preview:-1\" \/>\n<link rel=\"canonical\" href=\"https:\/\/www.technique-italia.com\/pl\/products\/zabiegi\/system-purify-pl\/system-purify-dwuzadaniowa-kapiel-do-wlosow\/\" \/>\n<meta property=\"og:locale\" content=\"pl_PL\" \/>\n<meta property=\"og:type\" content=\"article\" \/>\n<meta property=\"og:title\" content=\"System Purify | Dwuzadaniowa K\u0105piel do W\u0142os\u00f3w\" \/>\n<meta property=\"og:description\" content=\"System Purify, Dwuzadaniowa K\u0105piel do W\u0142os\u00f3w zosta\u0142a opracowana do wszystkich typ\u00f3w w\u0142os\u00f3w z \u0142upie\u017cem i t\u0142ust\u0105 sk\u00f3r\u0105 g\u0142owy.\" \/>\n<meta property=\"og:url\" content=\"https:\/\/www.technique-italia.com\/pl\/products\/zabiegi\/system-purify-pl\/system-purify-dwuzadaniowa-kapiel-do-wlosow\/\" \/>\n<meta property=\"og:site_name\" content=\"Technique\" \/>\n<meta property=\"article:modified_time\" content=\"2021-11-04T08:43:55+00:00\" \/>\n<meta property=\"og:image\" content=\"https:\/\/www.technique-italia.com\/wp-content\/uploads\/2022\/05\/02028_technique_treatment_system_purify_shampoo_300ml.png\" \/>\n\t<meta property=\"og:image:width\" content=\"600\" \/>\n\t<meta property=\"og:image:height\" content=\"600\" \/>\n\t<meta property=\"og:image:type\" content=\"image\/png\" \/>\n<meta name=\"twitter:card\" content=\"summary_large_image\" \/>\n<script type=\"application\/ld+json\" class=\"yoast-schema-graph\">{\"@context\":\"https:\/\/schema.org\",\"@graph\":[{\"@type\":\"WebPage\",\"@id\":\"https:\/\/www.technique-italia.com\/pl\/products\/zabiegi\/system-purify-pl\/system-purify-dwuzadaniowa-kapiel-do-wlosow\/\",\"url\":\"https:\/\/www.technique-italia.com\/pl\/products\/zabiegi\/system-purify-pl\/system-purify-dwuzadaniowa-kapiel-do-wlosow\/\",\"name\":\"System Purify | Dwuzadaniowa K\u0105piel do W\u0142os\u00f3w\",\"isPartOf\":{\"@id\":\"https:\/\/www.technique-italia.com\/pl\/#website\"},\"primaryImageOfPage\":{\"@id\":\"https:\/\/www.technique-italia.com\/pl\/products\/zabiegi\/system-purify-pl\/system-purify-dwuzadaniowa-kapiel-do-wlosow\/#primaryimage\"},\"image\":{\"@id\":\"https:\/\/www.technique-italia.com\/pl\/products\/zabiegi\/system-purify-pl\/system-purify-dwuzadaniowa-kapiel-do-wlosow\/#primaryimage\"},\"thumbnailUrl\":\"https:\/\/www.technique-italia.com\/wp-content\/uploads\/2022\/05\/02028_technique_treatment_system_purify_shampoo_300ml.png\",\"datePublished\":\"2015-05-25T07:52:51+00:00\",\"dateModified\":\"2021-11-04T08:43:55+00:00\",\"description\":\"System Purify, Dwuzadaniowa K\u0105piel do W\u0142os\u00f3w zosta\u0142a opracowana do wszystkich typ\u00f3w w\u0142os\u00f3w z \u0142upie\u017cem i t\u0142ust\u0105 sk\u00f3r\u0105 g\u0142owy.\",\"breadcrumb\":{\"@id\":\"https:\/\/www.technique-italia.com\/pl\/products\/zabiegi\/system-purify-pl\/system-purify-dwuzadaniowa-kapiel-do-wlosow\/#breadcrumb\"},\"inLanguage\":\"pl-PL\",\"potentialAction\":[{\"@type\":\"ReadAction\",\"target\":[\"https:\/\/www.technique-italia.com\/pl\/products\/zabiegi\/system-purify-pl\/system-purify-dwuzadaniowa-kapiel-do-wlosow\/\"]}]},{\"@type\":\"ImageObject\",\"inLanguage\":\"pl-PL\",\"@id\":\"https:\/\/www.technique-italia.com\/pl\/products\/zabiegi\/system-purify-pl\/system-purify-dwuzadaniowa-kapiel-do-wlosow\/#primaryimage\",\"url\":\"https:\/\/www.technique-italia.com\/wp-content\/uploads\/2022\/05\/02028_technique_treatment_system_purify_shampoo_300ml.png\",\"contentUrl\":\"https:\/\/www.technique-italia.com\/wp-content\/uploads\/2022\/05\/02028_technique_treatment_system_purify_shampoo_300ml.png\",\"width\":600,\"height\":600},{\"@type\":\"BreadcrumbList\",\"@id\":\"https:\/\/www.technique-italia.com\/pl\/products\/zabiegi\/system-purify-pl\/system-purify-dwuzadaniowa-kapiel-do-wlosow\/#breadcrumb\",\"itemListElement\":[{\"@type\":\"ListItem\",\"position\":1,\"name\":\"Home\",\"item\":\"https:\/\/www.technique-italia.com\/pl\/\"},{\"@type\":\"ListItem\",\"position\":2,\"name\":\"Produkty\",\"item\":\"https:\/\/www.technique-italia.com\/pl\/shop\/\"},{\"@type\":\"ListItem\",\"position\":3,\"name\":\"System Purify | Dwuzadaniowa K\u0105piel do W\u0142os\u00f3w\"}]},{\"@type\":\"WebSite\",\"@id\":\"https:\/\/www.technique-italia.com\/pl\/#website\",\"url\":\"https:\/\/www.technique-italia.com\/pl\/\",\"name\":\"Technique\",\"description\":\"The Italian Concept\",\"potentialAction\":[{\"@type\":\"SearchAction\",\"target\":{\"@type\":\"EntryPoint\",\"urlTemplate\":\"https:\/\/www.technique-italia.com\/pl\/?s={search_term_string}\"},\"query-input\":{\"@type\":\"PropertyValueSpecification\",\"valueRequired\":true,\"valueName\":\"search_term_string\"}}],\"inLanguage\":\"pl-PL\"}]}<\/script>\n<!-- \/ Yoast SEO plugin. -->","yoast_head_json":{"title":"System Purify | Dwuzadaniowa K\u0105piel do W\u0142os\u00f3w","description":"System Purify, Dwuzadaniowa K\u0105piel do W\u0142os\u00f3w zosta\u0142a opracowana do wszystkich typ\u00f3w w\u0142os\u00f3w z \u0142upie\u017cem i t\u0142ust\u0105 sk\u00f3r\u0105 g\u0142owy.","robots":{"index":"index","follow":"follow","max-snippet":"max-snippet:-1","max-image-preview":"max-image-preview:large","max-video-preview":"max-video-preview:-1"},"canonical":"https:\/\/www.technique-italia.com\/pl\/products\/zabiegi\/system-purify-pl\/system-purify-dwuzadaniowa-kapiel-do-wlosow\/","og_locale":"pl_PL","og_type":"article","og_title":"System Purify | Dwuzadaniowa K\u0105piel do W\u0142os\u00f3w","og_description":"System Purify, Dwuzadaniowa K\u0105piel do W\u0142os\u00f3w zosta\u0142a opracowana do wszystkich typ\u00f3w w\u0142os\u00f3w z \u0142upie\u017cem i t\u0142ust\u0105 sk\u00f3r\u0105 g\u0142owy.","og_url":"https:\/\/www.technique-italia.com\/pl\/products\/zabiegi\/system-purify-pl\/system-purify-dwuzadaniowa-kapiel-do-wlosow\/","og_site_name":"Technique","article_modified_time":"2021-11-04T08:43:55+00:00","og_image":[{"width":600,"height":600,"url":"https:\/\/www.technique-italia.com\/wp-content\/uploads\/2022\/05\/02028_technique_treatment_system_purify_shampoo_300ml.png","type":"image\/png"}],"twitter_card":"summary_large_image","schema":{"@context":"https:\/\/schema.org","@graph":[{"@type":"WebPage","@id":"https:\/\/www.technique-italia.com\/pl\/products\/zabiegi\/system-purify-pl\/system-purify-dwuzadaniowa-kapiel-do-wlosow\/","url":"https:\/\/www.technique-italia.com\/pl\/products\/zabiegi\/system-purify-pl\/system-purify-dwuzadaniowa-kapiel-do-wlosow\/","name":"System Purify | Dwuzadaniowa K\u0105piel do W\u0142os\u00f3w","isPartOf":{"@id":"https:\/\/www.technique-italia.com\/pl\/#website"},"primaryImageOfPage":{"@id":"https:\/\/www.technique-italia.com\/pl\/products\/zabiegi\/system-purify-pl\/system-purify-dwuzadaniowa-kapiel-do-wlosow\/#primaryimage"},"image":{"@id":"https:\/\/www.technique-italia.com\/pl\/products\/zabiegi\/system-purify-pl\/system-purify-dwuzadaniowa-kapiel-do-wlosow\/#primaryimage"},"thumbnailUrl":"https:\/\/www.technique-italia.com\/wp-content\/uploads\/2022\/05\/02028_technique_treatment_system_purify_shampoo_300ml.png","datePublished":"2015-05-25T07:52:51+00:00","dateModified":"2021-11-04T08:43:55+00:00","description":"System Purify, Dwuzadaniowa K\u0105piel do W\u0142os\u00f3w zosta\u0142a opracowana do wszystkich typ\u00f3w w\u0142os\u00f3w z \u0142upie\u017cem i t\u0142ust\u0105 sk\u00f3r\u0105 g\u0142owy.","breadcrumb":{"@id":"https:\/\/www.technique-italia.com\/pl\/products\/zabiegi\/system-purify-pl\/system-purify-dwuzadaniowa-kapiel-do-wlosow\/#breadcrumb"},"inLanguage":"pl-PL","potentialAction":[{"@type":"ReadAction","target":["https:\/\/www.technique-italia.com\/pl\/products\/zabiegi\/system-purify-pl\/system-purify-dwuzadaniowa-kapiel-do-wlosow\/"]}]},{"@type":"ImageObject","inLanguage":"pl-PL","@id":"https:\/\/www.technique-italia.com\/pl\/products\/zabiegi\/system-purify-pl\/system-purify-dwuzadaniowa-kapiel-do-wlosow\/#primaryimage","url":"https:\/\/www.technique-italia.com\/wp-content\/uploads\/2022\/05\/02028_technique_treatment_system_purify_shampoo_300ml.png","contentUrl":"https:\/\/www.technique-italia.com\/wp-content\/uploads\/2022\/05\/02028_technique_treatment_system_purify_shampoo_300ml.png","width":600,"height":600},{"@type":"BreadcrumbList","@id":"https:\/\/www.technique-italia.com\/pl\/products\/zabiegi\/system-purify-pl\/system-purify-dwuzadaniowa-kapiel-do-wlosow\/#breadcrumb","itemListElement":[{"@type":"ListItem","position":1,"name":"Home","item":"https:\/\/www.technique-italia.com\/pl\/"},{"@type":"ListItem","position":2,"name":"Produkty","item":"https:\/\/www.technique-italia.com\/pl\/shop\/"},{"@type":"ListItem","position":3,"name":"System Purify | Dwuzadaniowa K\u0105piel do W\u0142os\u00f3w"}]},{"@type":"WebSite","@id":"https:\/\/www.technique-italia.com\/pl\/#website","url":"https:\/\/www.technique-italia.com\/pl\/","name":"Technique","description":"The Italian Concept","potentialAction":[{"@type":"SearchAction","target":{"@type":"EntryPoint","urlTemplate":"https:\/\/www.technique-italia.com\/pl\/?s={search_term_string}"},"query-input":{"@type":"PropertyValueSpecification","valueRequired":true,"valueName":"search_term_string"}}],"inLanguage":"pl-PL"}]}},"_links":{"self":[{"href":"https:\/\/www.technique-italia.com\/pl\/wp-json\/wp\/v2\/product\/7735","targetHints":{"allow":["GET"]}}],"collection":[{"href":"https:\/\/www.technique-italia.com\/pl\/wp-json\/wp\/v2\/product"}],"about":[{"href":"https:\/\/www.technique-italia.com\/pl\/wp-json\/wp\/v2\/types\/product"}],"wp:featuredmedia":[{"embeddable":true,"href":"https:\/\/www.technique-italia.com\/pl\/wp-json\/wp\/v2\/media\/10838"}],"wp:attachment":[{"href":"https:\/\/www.technique-italia.com\/pl\/wp-json\/wp\/v2\/media?parent=7735"}],"wp:term":[{"taxonomy":"product_brand","embeddable":true,"href":"https:\/\/www.technique-italia.com\/pl\/wp-json\/wp\/v2\/product_brand?post=7735"},{"taxonomy":"product_cat","embeddable":true,"href":"https:\/\/www.technique-italia.com\/pl\/wp-json\/wp\/v2\/product_cat?post=7735"},{"taxonomy":"product_tag","embeddable":true,"href":"https:\/\/www.technique-italia.com\/pl\/wp-json\/wp\/v2\/product_tag?post=7735"}],"curies":[{"name":"wp","href":"https:\/\/api.w.org\/{rel}","templated":true}]}}