{"id":7734,"date":"2015-05-25T09:35:09","date_gmt":"2015-05-25T07:35:09","guid":{"rendered":"https:\/\/www.technique-italia.com\/\/products\/bez-kategorii\/system-energy-kapiel-do-wlosow-przeciw-wypadaniu\/"},"modified":"2021-11-04T09:37:00","modified_gmt":"2021-11-04T08:37:00","slug":"system-energy-kapiel-do-wlosow-przeciw-wypadaniu","status":"publish","type":"product","link":"https:\/\/www.technique-italia.com\/pl\/products\/zabiegi\/system-energy-pl\/system-energy-kapiel-do-wlosow-przeciw-wypadaniu\/","title":{"rendered":"System Energy | K\u0105piel do w\u0142os\u00f3w przeciw wypadaniu"},"content":{"rendered":"","protected":false},"excerpt":{"rendered":"<p><b>System Energy, K\u0105piel do w\u0142os\u00f3w przeciw wypadaniu <\/b><span style=\"font-weight: 400;\">to szampon przeznaczony szczeg\u00f3lnie do <\/span><b>os\u0142abionych w\u0142os\u00f3w<\/b><span style=\"font-weight: 400;\"> i do <\/span><b>\u00a0wra\u017cliwej sk\u00f3ry g\u0142owy<\/b><span style=\"font-weight: 400;\">. Zapobiega wypadaniu, wspomaga naturalny porost w\u0142os\u00f3w.<\/span><\/p>\n<p><span style=\"font-weight: 400;\">Do u\u017cytku profesjonalnego<\/span><\/p>\n<p><span style=\"font-weight: 400;\">Flakon o pojemno\u015bci 300 ml<\/span><\/p>\n","protected":false},"featured_media":14395,"template":"","meta":[],"product_brand":[],"product_cat":[607,598],"product_tag":[],"class_list":{"0":"post-7734","1":"product","2":"type-product","3":"status-publish","4":"has-post-thumbnail","6":"product_cat-system-energy-pl","7":"product_cat-zabiegi","8":"description-off","10":"first","11":"instock","12":"shipping-taxable","13":"product-type-simple"},"yoast_head":"<!-- This site is optimized with the Yoast SEO plugin v26.8 - https:\/\/yoast.com\/product\/yoast-seo-wordpress\/ -->\n<title>System Energy | K\u0105piel do w\u0142os\u00f3w przeciw wypadaniu<\/title>\n<meta name=\"description\" content=\"System Energy, K\u0105piel do w\u0142os\u00f3w przeciw wypadaniu to szampon przeznaczony szczeg\u00f3lnie do os\u0142abionych w\u0142os\u00f3w i do \u00a0wra\u017cliwej sk\u00f3ry g\u0142owy.\" \/>\n<meta name=\"robots\" content=\"index, follow, max-snippet:-1, max-image-preview:large, max-video-preview:-1\" \/>\n<link rel=\"canonical\" href=\"https:\/\/www.technique-italia.com\/pl\/products\/zabiegi\/system-energy-pl\/system-energy-kapiel-do-wlosow-przeciw-wypadaniu\/\" \/>\n<meta property=\"og:locale\" content=\"pl_PL\" \/>\n<meta property=\"og:type\" content=\"article\" \/>\n<meta property=\"og:title\" content=\"System Energy | K\u0105piel do w\u0142os\u00f3w przeciw wypadaniu\" \/>\n<meta property=\"og:description\" content=\"System Energy, K\u0105piel do w\u0142os\u00f3w przeciw wypadaniu to szampon przeznaczony szczeg\u00f3lnie do os\u0142abionych w\u0142os\u00f3w i do \u00a0wra\u017cliwej sk\u00f3ry g\u0142owy.\" \/>\n<meta property=\"og:url\" content=\"https:\/\/www.technique-italia.com\/pl\/products\/zabiegi\/system-energy-pl\/system-energy-kapiel-do-wlosow-przeciw-wypadaniu\/\" \/>\n<meta property=\"og:site_name\" content=\"Technique\" \/>\n<meta property=\"article:modified_time\" content=\"2021-11-04T08:37:00+00:00\" \/>\n<meta property=\"og:image\" content=\"https:\/\/www.technique-italia.com\/wp-content\/uploads\/2015\/05\/02026_technique_treatment_system_energy_hair_loss_prevention_shampoo_300ml.png\" \/>\n\t<meta property=\"og:image:width\" content=\"600\" \/>\n\t<meta property=\"og:image:height\" content=\"600\" \/>\n\t<meta property=\"og:image:type\" content=\"image\/png\" \/>\n<meta name=\"twitter:card\" content=\"summary_large_image\" \/>\n<script type=\"application\/ld+json\" class=\"yoast-schema-graph\">{\"@context\":\"https:\/\/schema.org\",\"@graph\":[{\"@type\":\"WebPage\",\"@id\":\"https:\/\/www.technique-italia.com\/pl\/products\/zabiegi\/system-energy-pl\/system-energy-kapiel-do-wlosow-przeciw-wypadaniu\/\",\"url\":\"https:\/\/www.technique-italia.com\/pl\/products\/zabiegi\/system-energy-pl\/system-energy-kapiel-do-wlosow-przeciw-wypadaniu\/\",\"name\":\"System Energy | K\u0105piel do w\u0142os\u00f3w przeciw wypadaniu\",\"isPartOf\":{\"@id\":\"https:\/\/www.technique-italia.com\/pl\/#website\"},\"primaryImageOfPage\":{\"@id\":\"https:\/\/www.technique-italia.com\/pl\/products\/zabiegi\/system-energy-pl\/system-energy-kapiel-do-wlosow-przeciw-wypadaniu\/#primaryimage\"},\"image\":{\"@id\":\"https:\/\/www.technique-italia.com\/pl\/products\/zabiegi\/system-energy-pl\/system-energy-kapiel-do-wlosow-przeciw-wypadaniu\/#primaryimage\"},\"thumbnailUrl\":\"https:\/\/www.technique-italia.com\/wp-content\/uploads\/2015\/05\/02026_technique_treatment_system_energy_hair_loss_prevention_shampoo_300ml.png\",\"datePublished\":\"2015-05-25T07:35:09+00:00\",\"dateModified\":\"2021-11-04T08:37:00+00:00\",\"description\":\"System Energy, K\u0105piel do w\u0142os\u00f3w przeciw wypadaniu to szampon przeznaczony szczeg\u00f3lnie do os\u0142abionych w\u0142os\u00f3w i do \u00a0wra\u017cliwej sk\u00f3ry g\u0142owy.\",\"breadcrumb\":{\"@id\":\"https:\/\/www.technique-italia.com\/pl\/products\/zabiegi\/system-energy-pl\/system-energy-kapiel-do-wlosow-przeciw-wypadaniu\/#breadcrumb\"},\"inLanguage\":\"pl-PL\",\"potentialAction\":[{\"@type\":\"ReadAction\",\"target\":[\"https:\/\/www.technique-italia.com\/pl\/products\/zabiegi\/system-energy-pl\/system-energy-kapiel-do-wlosow-przeciw-wypadaniu\/\"]}]},{\"@type\":\"ImageObject\",\"inLanguage\":\"pl-PL\",\"@id\":\"https:\/\/www.technique-italia.com\/pl\/products\/zabiegi\/system-energy-pl\/system-energy-kapiel-do-wlosow-przeciw-wypadaniu\/#primaryimage\",\"url\":\"https:\/\/www.technique-italia.com\/wp-content\/uploads\/2015\/05\/02026_technique_treatment_system_energy_hair_loss_prevention_shampoo_300ml.png\",\"contentUrl\":\"https:\/\/www.technique-italia.com\/wp-content\/uploads\/2015\/05\/02026_technique_treatment_system_energy_hair_loss_prevention_shampoo_300ml.png\",\"width\":600,\"height\":600},{\"@type\":\"BreadcrumbList\",\"@id\":\"https:\/\/www.technique-italia.com\/pl\/products\/zabiegi\/system-energy-pl\/system-energy-kapiel-do-wlosow-przeciw-wypadaniu\/#breadcrumb\",\"itemListElement\":[{\"@type\":\"ListItem\",\"position\":1,\"name\":\"Home\",\"item\":\"https:\/\/www.technique-italia.com\/pl\/\"},{\"@type\":\"ListItem\",\"position\":2,\"name\":\"Produkty\",\"item\":\"https:\/\/www.technique-italia.com\/pl\/shop\/\"},{\"@type\":\"ListItem\",\"position\":3,\"name\":\"System Energy | K\u0105piel do w\u0142os\u00f3w przeciw wypadaniu\"}]},{\"@type\":\"WebSite\",\"@id\":\"https:\/\/www.technique-italia.com\/pl\/#website\",\"url\":\"https:\/\/www.technique-italia.com\/pl\/\",\"name\":\"Technique\",\"description\":\"The Italian Concept\",\"potentialAction\":[{\"@type\":\"SearchAction\",\"target\":{\"@type\":\"EntryPoint\",\"urlTemplate\":\"https:\/\/www.technique-italia.com\/pl\/?s={search_term_string}\"},\"query-input\":{\"@type\":\"PropertyValueSpecification\",\"valueRequired\":true,\"valueName\":\"search_term_string\"}}],\"inLanguage\":\"pl-PL\"}]}<\/script>\n<!-- \/ Yoast SEO plugin. -->","yoast_head_json":{"title":"System Energy | K\u0105piel do w\u0142os\u00f3w przeciw wypadaniu","description":"System Energy, K\u0105piel do w\u0142os\u00f3w przeciw wypadaniu to szampon przeznaczony szczeg\u00f3lnie do os\u0142abionych w\u0142os\u00f3w i do \u00a0wra\u017cliwej sk\u00f3ry g\u0142owy.","robots":{"index":"index","follow":"follow","max-snippet":"max-snippet:-1","max-image-preview":"max-image-preview:large","max-video-preview":"max-video-preview:-1"},"canonical":"https:\/\/www.technique-italia.com\/pl\/products\/zabiegi\/system-energy-pl\/system-energy-kapiel-do-wlosow-przeciw-wypadaniu\/","og_locale":"pl_PL","og_type":"article","og_title":"System Energy | K\u0105piel do w\u0142os\u00f3w przeciw wypadaniu","og_description":"System Energy, K\u0105piel do w\u0142os\u00f3w przeciw wypadaniu to szampon przeznaczony szczeg\u00f3lnie do os\u0142abionych w\u0142os\u00f3w i do \u00a0wra\u017cliwej sk\u00f3ry g\u0142owy.","og_url":"https:\/\/www.technique-italia.com\/pl\/products\/zabiegi\/system-energy-pl\/system-energy-kapiel-do-wlosow-przeciw-wypadaniu\/","og_site_name":"Technique","article_modified_time":"2021-11-04T08:37:00+00:00","og_image":[{"width":600,"height":600,"url":"https:\/\/www.technique-italia.com\/wp-content\/uploads\/2015\/05\/02026_technique_treatment_system_energy_hair_loss_prevention_shampoo_300ml.png","type":"image\/png"}],"twitter_card":"summary_large_image","schema":{"@context":"https:\/\/schema.org","@graph":[{"@type":"WebPage","@id":"https:\/\/www.technique-italia.com\/pl\/products\/zabiegi\/system-energy-pl\/system-energy-kapiel-do-wlosow-przeciw-wypadaniu\/","url":"https:\/\/www.technique-italia.com\/pl\/products\/zabiegi\/system-energy-pl\/system-energy-kapiel-do-wlosow-przeciw-wypadaniu\/","name":"System Energy | K\u0105piel do w\u0142os\u00f3w przeciw wypadaniu","isPartOf":{"@id":"https:\/\/www.technique-italia.com\/pl\/#website"},"primaryImageOfPage":{"@id":"https:\/\/www.technique-italia.com\/pl\/products\/zabiegi\/system-energy-pl\/system-energy-kapiel-do-wlosow-przeciw-wypadaniu\/#primaryimage"},"image":{"@id":"https:\/\/www.technique-italia.com\/pl\/products\/zabiegi\/system-energy-pl\/system-energy-kapiel-do-wlosow-przeciw-wypadaniu\/#primaryimage"},"thumbnailUrl":"https:\/\/www.technique-italia.com\/wp-content\/uploads\/2015\/05\/02026_technique_treatment_system_energy_hair_loss_prevention_shampoo_300ml.png","datePublished":"2015-05-25T07:35:09+00:00","dateModified":"2021-11-04T08:37:00+00:00","description":"System Energy, K\u0105piel do w\u0142os\u00f3w przeciw wypadaniu to szampon przeznaczony szczeg\u00f3lnie do os\u0142abionych w\u0142os\u00f3w i do \u00a0wra\u017cliwej sk\u00f3ry g\u0142owy.","breadcrumb":{"@id":"https:\/\/www.technique-italia.com\/pl\/products\/zabiegi\/system-energy-pl\/system-energy-kapiel-do-wlosow-przeciw-wypadaniu\/#breadcrumb"},"inLanguage":"pl-PL","potentialAction":[{"@type":"ReadAction","target":["https:\/\/www.technique-italia.com\/pl\/products\/zabiegi\/system-energy-pl\/system-energy-kapiel-do-wlosow-przeciw-wypadaniu\/"]}]},{"@type":"ImageObject","inLanguage":"pl-PL","@id":"https:\/\/www.technique-italia.com\/pl\/products\/zabiegi\/system-energy-pl\/system-energy-kapiel-do-wlosow-przeciw-wypadaniu\/#primaryimage","url":"https:\/\/www.technique-italia.com\/wp-content\/uploads\/2015\/05\/02026_technique_treatment_system_energy_hair_loss_prevention_shampoo_300ml.png","contentUrl":"https:\/\/www.technique-italia.com\/wp-content\/uploads\/2015\/05\/02026_technique_treatment_system_energy_hair_loss_prevention_shampoo_300ml.png","width":600,"height":600},{"@type":"BreadcrumbList","@id":"https:\/\/www.technique-italia.com\/pl\/products\/zabiegi\/system-energy-pl\/system-energy-kapiel-do-wlosow-przeciw-wypadaniu\/#breadcrumb","itemListElement":[{"@type":"ListItem","position":1,"name":"Home","item":"https:\/\/www.technique-italia.com\/pl\/"},{"@type":"ListItem","position":2,"name":"Produkty","item":"https:\/\/www.technique-italia.com\/pl\/shop\/"},{"@type":"ListItem","position":3,"name":"System Energy | K\u0105piel do w\u0142os\u00f3w przeciw wypadaniu"}]},{"@type":"WebSite","@id":"https:\/\/www.technique-italia.com\/pl\/#website","url":"https:\/\/www.technique-italia.com\/pl\/","name":"Technique","description":"The Italian Concept","potentialAction":[{"@type":"SearchAction","target":{"@type":"EntryPoint","urlTemplate":"https:\/\/www.technique-italia.com\/pl\/?s={search_term_string}"},"query-input":{"@type":"PropertyValueSpecification","valueRequired":true,"valueName":"search_term_string"}}],"inLanguage":"pl-PL"}]}},"_links":{"self":[{"href":"https:\/\/www.technique-italia.com\/pl\/wp-json\/wp\/v2\/product\/7734","targetHints":{"allow":["GET"]}}],"collection":[{"href":"https:\/\/www.technique-italia.com\/pl\/wp-json\/wp\/v2\/product"}],"about":[{"href":"https:\/\/www.technique-italia.com\/pl\/wp-json\/wp\/v2\/types\/product"}],"wp:featuredmedia":[{"embeddable":true,"href":"https:\/\/www.technique-italia.com\/pl\/wp-json\/wp\/v2\/media\/14395"}],"wp:attachment":[{"href":"https:\/\/www.technique-italia.com\/pl\/wp-json\/wp\/v2\/media?parent=7734"}],"wp:term":[{"taxonomy":"product_brand","embeddable":true,"href":"https:\/\/www.technique-italia.com\/pl\/wp-json\/wp\/v2\/product_brand?post=7734"},{"taxonomy":"product_cat","embeddable":true,"href":"https:\/\/www.technique-italia.com\/pl\/wp-json\/wp\/v2\/product_cat?post=7734"},{"taxonomy":"product_tag","embeddable":true,"href":"https:\/\/www.technique-italia.com\/pl\/wp-json\/wp\/v2\/product_tag?post=7734"}],"curies":[{"name":"wp","href":"https:\/\/api.w.org\/{rel}","templated":true}]}}