{"id":7733,"date":"2015-05-25T09:35:25","date_gmt":"2015-05-25T07:35:25","guid":{"rendered":"https:\/\/www.technique-italia.com\/\/products\/bez-kategorii\/system-energy-intensywny-zabieg-przeciwdzialajacy-wypadaniu-wlosow\/"},"modified":"2021-11-04T09:36:28","modified_gmt":"2021-11-04T08:36:28","slug":"system-energy-intensywny-zabieg-przeciwdzialajacy-wypadaniu-wlosow","status":"publish","type":"product","link":"https:\/\/www.technique-italia.com\/pl\/products\/zabiegi\/system-energy-pl\/system-energy-intensywny-zabieg-przeciwdzialajacy-wypadaniu-wlosow\/","title":{"rendered":"System Energy | Intensywny Zabieg przeciwdzia\u0142aj\u0105cy wypadaniu w\u0142os\u00f3w"},"content":{"rendered":"","protected":false},"excerpt":{"rendered":"<p><b>System Energy, Intensywny Zabieg przeciwdzia\u0142aj\u0105cy wypadaniu w\u0142os\u00f3w<\/b><span style=\"font-weight: 400;\"> zawiera kompleks sk\u0142adnik\u00f3w aktywnych oraz substancje funkcjonalne o <\/span><b>dzia\u0142aniu stymuluj\u0105cym<\/b><span style=\"font-weight: 400;\">. Formu\u0142a zosta\u0142a wzbogacona <\/span><b>Hydrolizowan\u0105 keratyn\u0105, Multiwitaminowym Kompleksem <\/b><span style=\"font-weight: 400;\">oraz<\/span><b> Olejkami Eterycznymi<\/b><span style=\"font-weight: 400;\">, kt\u00f3re rewitalizuj\u0105 i wzmacniaj\u0105 struktur\u0119 w\u0142osa.<\/span><\/p>\n<p><span style=\"font-weight: 400;\">Do u\u017cytku profesjonalnego<\/span><\/p>\n<p><span style=\"font-weight: 400;\">10 ampu\u0142ek z pojedyncz\u0105 dawk\u0105 10 ml<\/span><\/p>\n","protected":false},"featured_media":14400,"template":"","meta":[],"product_brand":[],"product_cat":[607,598],"product_tag":[],"class_list":{"0":"post-7733","1":"product","2":"type-product","3":"status-publish","4":"has-post-thumbnail","6":"product_cat-system-energy-pl","7":"product_cat-zabiegi","8":"description-off","10":"first","11":"instock","12":"shipping-taxable","13":"product-type-simple"},"yoast_head":"<!-- This site is optimized with the Yoast SEO plugin v26.8 - https:\/\/yoast.com\/product\/yoast-seo-wordpress\/ -->\n<title>System Energy | Intensywny Zabieg przeciwdzia\u0142aj\u0105cy wypadaniu w\u0142os\u00f3w<\/title>\n<meta name=\"description\" content=\"System Energy, Intensywny Zabieg przeciwdzia\u0142aj\u0105cy wypadaniu w\u0142os\u00f3w zawiera kompleks sk\u0142adnik\u00f3w aktywnych oraz substancje funkcjonalne o dzia\u0142aniu stymuluj\u0105cym.\" \/>\n<meta name=\"robots\" content=\"index, follow, max-snippet:-1, max-image-preview:large, max-video-preview:-1\" \/>\n<link rel=\"canonical\" href=\"https:\/\/www.technique-italia.com\/pl\/products\/zabiegi\/system-energy-pl\/system-energy-intensywny-zabieg-przeciwdzialajacy-wypadaniu-wlosow\/\" \/>\n<meta property=\"og:locale\" content=\"pl_PL\" \/>\n<meta property=\"og:type\" content=\"article\" \/>\n<meta property=\"og:title\" content=\"System Energy | Intensywny Zabieg przeciwdzia\u0142aj\u0105cy wypadaniu w\u0142os\u00f3w\" \/>\n<meta property=\"og:description\" content=\"System Energy, Intensywny Zabieg przeciwdzia\u0142aj\u0105cy wypadaniu w\u0142os\u00f3w zawiera kompleks sk\u0142adnik\u00f3w aktywnych oraz substancje funkcjonalne o dzia\u0142aniu stymuluj\u0105cym.\" \/>\n<meta property=\"og:url\" content=\"https:\/\/www.technique-italia.com\/pl\/products\/zabiegi\/system-energy-pl\/system-energy-intensywny-zabieg-przeciwdzialajacy-wypadaniu-wlosow\/\" \/>\n<meta property=\"og:site_name\" content=\"Technique\" \/>\n<meta property=\"article:modified_time\" content=\"2021-11-04T08:36:28+00:00\" \/>\n<meta property=\"og:image\" content=\"https:\/\/www.technique-italia.com\/wp-content\/uploads\/2015\/05\/02027_technique_treatment_system_energy_hair_loss_prevention_treatment.png\" \/>\n\t<meta property=\"og:image:width\" content=\"600\" \/>\n\t<meta property=\"og:image:height\" content=\"600\" \/>\n\t<meta property=\"og:image:type\" content=\"image\/png\" \/>\n<meta name=\"twitter:card\" content=\"summary_large_image\" \/>\n<script type=\"application\/ld+json\" class=\"yoast-schema-graph\">{\"@context\":\"https:\/\/schema.org\",\"@graph\":[{\"@type\":\"WebPage\",\"@id\":\"https:\/\/www.technique-italia.com\/pl\/products\/zabiegi\/system-energy-pl\/system-energy-intensywny-zabieg-przeciwdzialajacy-wypadaniu-wlosow\/\",\"url\":\"https:\/\/www.technique-italia.com\/pl\/products\/zabiegi\/system-energy-pl\/system-energy-intensywny-zabieg-przeciwdzialajacy-wypadaniu-wlosow\/\",\"name\":\"System Energy | Intensywny Zabieg przeciwdzia\u0142aj\u0105cy wypadaniu w\u0142os\u00f3w\",\"isPartOf\":{\"@id\":\"https:\/\/www.technique-italia.com\/pl\/#website\"},\"primaryImageOfPage\":{\"@id\":\"https:\/\/www.technique-italia.com\/pl\/products\/zabiegi\/system-energy-pl\/system-energy-intensywny-zabieg-przeciwdzialajacy-wypadaniu-wlosow\/#primaryimage\"},\"image\":{\"@id\":\"https:\/\/www.technique-italia.com\/pl\/products\/zabiegi\/system-energy-pl\/system-energy-intensywny-zabieg-przeciwdzialajacy-wypadaniu-wlosow\/#primaryimage\"},\"thumbnailUrl\":\"https:\/\/www.technique-italia.com\/wp-content\/uploads\/2015\/05\/02027_technique_treatment_system_energy_hair_loss_prevention_treatment.png\",\"datePublished\":\"2015-05-25T07:35:25+00:00\",\"dateModified\":\"2021-11-04T08:36:28+00:00\",\"description\":\"System Energy, Intensywny Zabieg przeciwdzia\u0142aj\u0105cy wypadaniu w\u0142os\u00f3w zawiera kompleks sk\u0142adnik\u00f3w aktywnych oraz substancje funkcjonalne o dzia\u0142aniu stymuluj\u0105cym.\",\"breadcrumb\":{\"@id\":\"https:\/\/www.technique-italia.com\/pl\/products\/zabiegi\/system-energy-pl\/system-energy-intensywny-zabieg-przeciwdzialajacy-wypadaniu-wlosow\/#breadcrumb\"},\"inLanguage\":\"pl-PL\",\"potentialAction\":[{\"@type\":\"ReadAction\",\"target\":[\"https:\/\/www.technique-italia.com\/pl\/products\/zabiegi\/system-energy-pl\/system-energy-intensywny-zabieg-przeciwdzialajacy-wypadaniu-wlosow\/\"]}]},{\"@type\":\"ImageObject\",\"inLanguage\":\"pl-PL\",\"@id\":\"https:\/\/www.technique-italia.com\/pl\/products\/zabiegi\/system-energy-pl\/system-energy-intensywny-zabieg-przeciwdzialajacy-wypadaniu-wlosow\/#primaryimage\",\"url\":\"https:\/\/www.technique-italia.com\/wp-content\/uploads\/2015\/05\/02027_technique_treatment_system_energy_hair_loss_prevention_treatment.png\",\"contentUrl\":\"https:\/\/www.technique-italia.com\/wp-content\/uploads\/2015\/05\/02027_technique_treatment_system_energy_hair_loss_prevention_treatment.png\",\"width\":600,\"height\":600},{\"@type\":\"BreadcrumbList\",\"@id\":\"https:\/\/www.technique-italia.com\/pl\/products\/zabiegi\/system-energy-pl\/system-energy-intensywny-zabieg-przeciwdzialajacy-wypadaniu-wlosow\/#breadcrumb\",\"itemListElement\":[{\"@type\":\"ListItem\",\"position\":1,\"name\":\"Home\",\"item\":\"https:\/\/www.technique-italia.com\/pl\/\"},{\"@type\":\"ListItem\",\"position\":2,\"name\":\"Produkty\",\"item\":\"https:\/\/www.technique-italia.com\/pl\/shop\/\"},{\"@type\":\"ListItem\",\"position\":3,\"name\":\"System Energy | Intensywny Zabieg przeciwdzia\u0142aj\u0105cy wypadaniu w\u0142os\u00f3w\"}]},{\"@type\":\"WebSite\",\"@id\":\"https:\/\/www.technique-italia.com\/pl\/#website\",\"url\":\"https:\/\/www.technique-italia.com\/pl\/\",\"name\":\"Technique\",\"description\":\"The Italian Concept\",\"potentialAction\":[{\"@type\":\"SearchAction\",\"target\":{\"@type\":\"EntryPoint\",\"urlTemplate\":\"https:\/\/www.technique-italia.com\/pl\/?s={search_term_string}\"},\"query-input\":{\"@type\":\"PropertyValueSpecification\",\"valueRequired\":true,\"valueName\":\"search_term_string\"}}],\"inLanguage\":\"pl-PL\"}]}<\/script>\n<!-- \/ Yoast SEO plugin. -->","yoast_head_json":{"title":"System Energy | Intensywny Zabieg przeciwdzia\u0142aj\u0105cy wypadaniu w\u0142os\u00f3w","description":"System Energy, Intensywny Zabieg przeciwdzia\u0142aj\u0105cy wypadaniu w\u0142os\u00f3w zawiera kompleks sk\u0142adnik\u00f3w aktywnych oraz substancje funkcjonalne o dzia\u0142aniu stymuluj\u0105cym.","robots":{"index":"index","follow":"follow","max-snippet":"max-snippet:-1","max-image-preview":"max-image-preview:large","max-video-preview":"max-video-preview:-1"},"canonical":"https:\/\/www.technique-italia.com\/pl\/products\/zabiegi\/system-energy-pl\/system-energy-intensywny-zabieg-przeciwdzialajacy-wypadaniu-wlosow\/","og_locale":"pl_PL","og_type":"article","og_title":"System Energy | Intensywny Zabieg przeciwdzia\u0142aj\u0105cy wypadaniu w\u0142os\u00f3w","og_description":"System Energy, Intensywny Zabieg przeciwdzia\u0142aj\u0105cy wypadaniu w\u0142os\u00f3w zawiera kompleks sk\u0142adnik\u00f3w aktywnych oraz substancje funkcjonalne o dzia\u0142aniu stymuluj\u0105cym.","og_url":"https:\/\/www.technique-italia.com\/pl\/products\/zabiegi\/system-energy-pl\/system-energy-intensywny-zabieg-przeciwdzialajacy-wypadaniu-wlosow\/","og_site_name":"Technique","article_modified_time":"2021-11-04T08:36:28+00:00","og_image":[{"width":600,"height":600,"url":"https:\/\/www.technique-italia.com\/wp-content\/uploads\/2015\/05\/02027_technique_treatment_system_energy_hair_loss_prevention_treatment.png","type":"image\/png"}],"twitter_card":"summary_large_image","schema":{"@context":"https:\/\/schema.org","@graph":[{"@type":"WebPage","@id":"https:\/\/www.technique-italia.com\/pl\/products\/zabiegi\/system-energy-pl\/system-energy-intensywny-zabieg-przeciwdzialajacy-wypadaniu-wlosow\/","url":"https:\/\/www.technique-italia.com\/pl\/products\/zabiegi\/system-energy-pl\/system-energy-intensywny-zabieg-przeciwdzialajacy-wypadaniu-wlosow\/","name":"System Energy | Intensywny Zabieg przeciwdzia\u0142aj\u0105cy wypadaniu w\u0142os\u00f3w","isPartOf":{"@id":"https:\/\/www.technique-italia.com\/pl\/#website"},"primaryImageOfPage":{"@id":"https:\/\/www.technique-italia.com\/pl\/products\/zabiegi\/system-energy-pl\/system-energy-intensywny-zabieg-przeciwdzialajacy-wypadaniu-wlosow\/#primaryimage"},"image":{"@id":"https:\/\/www.technique-italia.com\/pl\/products\/zabiegi\/system-energy-pl\/system-energy-intensywny-zabieg-przeciwdzialajacy-wypadaniu-wlosow\/#primaryimage"},"thumbnailUrl":"https:\/\/www.technique-italia.com\/wp-content\/uploads\/2015\/05\/02027_technique_treatment_system_energy_hair_loss_prevention_treatment.png","datePublished":"2015-05-25T07:35:25+00:00","dateModified":"2021-11-04T08:36:28+00:00","description":"System Energy, Intensywny Zabieg przeciwdzia\u0142aj\u0105cy wypadaniu w\u0142os\u00f3w zawiera kompleks sk\u0142adnik\u00f3w aktywnych oraz substancje funkcjonalne o dzia\u0142aniu stymuluj\u0105cym.","breadcrumb":{"@id":"https:\/\/www.technique-italia.com\/pl\/products\/zabiegi\/system-energy-pl\/system-energy-intensywny-zabieg-przeciwdzialajacy-wypadaniu-wlosow\/#breadcrumb"},"inLanguage":"pl-PL","potentialAction":[{"@type":"ReadAction","target":["https:\/\/www.technique-italia.com\/pl\/products\/zabiegi\/system-energy-pl\/system-energy-intensywny-zabieg-przeciwdzialajacy-wypadaniu-wlosow\/"]}]},{"@type":"ImageObject","inLanguage":"pl-PL","@id":"https:\/\/www.technique-italia.com\/pl\/products\/zabiegi\/system-energy-pl\/system-energy-intensywny-zabieg-przeciwdzialajacy-wypadaniu-wlosow\/#primaryimage","url":"https:\/\/www.technique-italia.com\/wp-content\/uploads\/2015\/05\/02027_technique_treatment_system_energy_hair_loss_prevention_treatment.png","contentUrl":"https:\/\/www.technique-italia.com\/wp-content\/uploads\/2015\/05\/02027_technique_treatment_system_energy_hair_loss_prevention_treatment.png","width":600,"height":600},{"@type":"BreadcrumbList","@id":"https:\/\/www.technique-italia.com\/pl\/products\/zabiegi\/system-energy-pl\/system-energy-intensywny-zabieg-przeciwdzialajacy-wypadaniu-wlosow\/#breadcrumb","itemListElement":[{"@type":"ListItem","position":1,"name":"Home","item":"https:\/\/www.technique-italia.com\/pl\/"},{"@type":"ListItem","position":2,"name":"Produkty","item":"https:\/\/www.technique-italia.com\/pl\/shop\/"},{"@type":"ListItem","position":3,"name":"System Energy | Intensywny Zabieg przeciwdzia\u0142aj\u0105cy wypadaniu w\u0142os\u00f3w"}]},{"@type":"WebSite","@id":"https:\/\/www.technique-italia.com\/pl\/#website","url":"https:\/\/www.technique-italia.com\/pl\/","name":"Technique","description":"The Italian Concept","potentialAction":[{"@type":"SearchAction","target":{"@type":"EntryPoint","urlTemplate":"https:\/\/www.technique-italia.com\/pl\/?s={search_term_string}"},"query-input":{"@type":"PropertyValueSpecification","valueRequired":true,"valueName":"search_term_string"}}],"inLanguage":"pl-PL"}]}},"_links":{"self":[{"href":"https:\/\/www.technique-italia.com\/pl\/wp-json\/wp\/v2\/product\/7733","targetHints":{"allow":["GET"]}}],"collection":[{"href":"https:\/\/www.technique-italia.com\/pl\/wp-json\/wp\/v2\/product"}],"about":[{"href":"https:\/\/www.technique-italia.com\/pl\/wp-json\/wp\/v2\/types\/product"}],"wp:featuredmedia":[{"embeddable":true,"href":"https:\/\/www.technique-italia.com\/pl\/wp-json\/wp\/v2\/media\/14400"}],"wp:attachment":[{"href":"https:\/\/www.technique-italia.com\/pl\/wp-json\/wp\/v2\/media?parent=7733"}],"wp:term":[{"taxonomy":"product_brand","embeddable":true,"href":"https:\/\/www.technique-italia.com\/pl\/wp-json\/wp\/v2\/product_brand?post=7733"},{"taxonomy":"product_cat","embeddable":true,"href":"https:\/\/www.technique-italia.com\/pl\/wp-json\/wp\/v2\/product_cat?post=7733"},{"taxonomy":"product_tag","embeddable":true,"href":"https:\/\/www.technique-italia.com\/pl\/wp-json\/wp\/v2\/product_tag?post=7733"}],"curies":[{"name":"wp","href":"https:\/\/api.w.org\/{rel}","templated":true}]}}