{"id":7730,"date":"2015-05-22T12:56:40","date_gmt":"2015-05-22T10:56:40","guid":{"rendered":"https:\/\/www.technique-italia.com\/\/products\/bez-kategorii\/alkemy-nutro-odzywczy-szampon-do-suchych-wlosow\/"},"modified":"2021-11-04T09:27:51","modified_gmt":"2021-11-04T08:27:51","slug":"alkemy-nutro-odzywczy-szampon-do-suchych-wlosow","status":"publish","type":"product","link":"https:\/\/www.technique-italia.com\/pl\/products\/zabiegi\/alkemy-nutro-pl\/alkemy-nutro-odzywczy-szampon-do-suchych-wlosow\/","title":{"rendered":"Alkemy Nutro | Od\u017cywczy szampon do suchych w\u0142os\u00f3w"},"content":{"rendered":"","protected":false},"excerpt":{"rendered":"<p><b>Alkemy Nutro, od\u017cywczy szampon<\/b><span style=\"font-weight: 400;\">, delikatnie oczyszcza suche i bardzo zniszczone w\u0142osy. Formu\u0142a wzbogacona <\/span><b>Ro\u015blinnymi Ekstraktami, Aloesem, Gliceryn\u0105 <\/b><span style=\"font-weight: 400;\">i<\/span><b> Kompleksem Witaminowym<\/b><span style=\"font-weight: 400;\"> dla g\u0142\u0119bokiego od\u017cywienia w\u0142\u00f3kna w\u0142os\u00f3w. Idealny do delikatnego mycia i przygotowania struktury w\u0142os\u00f3w na bardziej intensywny zabieg jak na przyk\u0142ad <\/span><b>Alkemy Nutro Maska<\/b><span style=\"font-weight: 400;\">.<\/span><\/p>\n<p><span style=\"font-weight: 400;\">300 ml<\/span><\/p>\n","protected":false},"featured_media":18023,"template":"","meta":[],"product_brand":[],"product_cat":[602,598],"product_tag":[],"class_list":{"0":"post-7730","1":"product","2":"type-product","3":"status-publish","4":"has-post-thumbnail","6":"product_cat-alkemy-nutro-pl","7":"product_cat-zabiegi","8":"description-off","10":"first","11":"instock","12":"shipping-taxable","13":"product-type-simple"},"yoast_head":"<!-- This site is optimized with the Yoast SEO plugin v26.8 - https:\/\/yoast.com\/product\/yoast-seo-wordpress\/ -->\n<title>Alkemy Nutro | Od\u017cywczy szampon do suchych w\u0142os\u00f3w<\/title>\n<meta name=\"description\" content=\"Alkemy Nutro, od\u017cywczy szampon, delikatnie oczyszcza suche i bardzo zniszczone w\u0142osy.\" \/>\n<meta name=\"robots\" content=\"index, follow, max-snippet:-1, max-image-preview:large, max-video-preview:-1\" \/>\n<link rel=\"canonical\" href=\"https:\/\/www.technique-italia.com\/pl\/products\/zabiegi\/alkemy-nutro-pl\/alkemy-nutro-odzywczy-szampon-do-suchych-wlosow\/\" \/>\n<meta property=\"og:locale\" content=\"pl_PL\" \/>\n<meta property=\"og:type\" content=\"article\" \/>\n<meta property=\"og:title\" content=\"Alkemy Nutro | Od\u017cywczy szampon do suchych w\u0142os\u00f3w\" \/>\n<meta property=\"og:description\" content=\"Alkemy Nutro, od\u017cywczy szampon, delikatnie oczyszcza suche i bardzo zniszczone w\u0142osy.\" \/>\n<meta property=\"og:url\" content=\"https:\/\/www.technique-italia.com\/pl\/products\/zabiegi\/alkemy-nutro-pl\/alkemy-nutro-odzywczy-szampon-do-suchych-wlosow\/\" \/>\n<meta property=\"og:site_name\" content=\"Technique\" \/>\n<meta property=\"article:modified_time\" content=\"2021-11-04T08:27:51+00:00\" \/>\n<meta property=\"og:image\" content=\"https:\/\/www.technique-italia.com\/wp-content\/uploads\/2026\/03\/02060_technique_treatment_alkemy_nutro_nourishing_intensive_shampoo_300ml.png\" \/>\n\t<meta property=\"og:image:width\" content=\"800\" \/>\n\t<meta property=\"og:image:height\" content=\"800\" \/>\n\t<meta property=\"og:image:type\" content=\"image\/png\" \/>\n<meta name=\"twitter:card\" content=\"summary_large_image\" \/>\n<script type=\"application\/ld+json\" class=\"yoast-schema-graph\">{\"@context\":\"https:\/\/schema.org\",\"@graph\":[{\"@type\":\"WebPage\",\"@id\":\"https:\/\/www.technique-italia.com\/pl\/products\/zabiegi\/alkemy-nutro-pl\/alkemy-nutro-odzywczy-szampon-do-suchych-wlosow\/\",\"url\":\"https:\/\/www.technique-italia.com\/pl\/products\/zabiegi\/alkemy-nutro-pl\/alkemy-nutro-odzywczy-szampon-do-suchych-wlosow\/\",\"name\":\"Alkemy Nutro | Od\u017cywczy szampon do suchych w\u0142os\u00f3w\",\"isPartOf\":{\"@id\":\"https:\/\/www.technique-italia.com\/pl\/#website\"},\"primaryImageOfPage\":{\"@id\":\"https:\/\/www.technique-italia.com\/pl\/products\/zabiegi\/alkemy-nutro-pl\/alkemy-nutro-odzywczy-szampon-do-suchych-wlosow\/#primaryimage\"},\"image\":{\"@id\":\"https:\/\/www.technique-italia.com\/pl\/products\/zabiegi\/alkemy-nutro-pl\/alkemy-nutro-odzywczy-szampon-do-suchych-wlosow\/#primaryimage\"},\"thumbnailUrl\":\"https:\/\/www.technique-italia.com\/wp-content\/uploads\/2026\/03\/02060_technique_treatment_alkemy_nutro_nourishing_intensive_shampoo_300ml.png\",\"datePublished\":\"2015-05-22T10:56:40+00:00\",\"dateModified\":\"2021-11-04T08:27:51+00:00\",\"description\":\"Alkemy Nutro, od\u017cywczy szampon, delikatnie oczyszcza suche i bardzo zniszczone w\u0142osy.\",\"breadcrumb\":{\"@id\":\"https:\/\/www.technique-italia.com\/pl\/products\/zabiegi\/alkemy-nutro-pl\/alkemy-nutro-odzywczy-szampon-do-suchych-wlosow\/#breadcrumb\"},\"inLanguage\":\"pl-PL\",\"potentialAction\":[{\"@type\":\"ReadAction\",\"target\":[\"https:\/\/www.technique-italia.com\/pl\/products\/zabiegi\/alkemy-nutro-pl\/alkemy-nutro-odzywczy-szampon-do-suchych-wlosow\/\"]}]},{\"@type\":\"ImageObject\",\"inLanguage\":\"pl-PL\",\"@id\":\"https:\/\/www.technique-italia.com\/pl\/products\/zabiegi\/alkemy-nutro-pl\/alkemy-nutro-odzywczy-szampon-do-suchych-wlosow\/#primaryimage\",\"url\":\"https:\/\/www.technique-italia.com\/wp-content\/uploads\/2026\/03\/02060_technique_treatment_alkemy_nutro_nourishing_intensive_shampoo_300ml.png\",\"contentUrl\":\"https:\/\/www.technique-italia.com\/wp-content\/uploads\/2026\/03\/02060_technique_treatment_alkemy_nutro_nourishing_intensive_shampoo_300ml.png\",\"width\":800,\"height\":800},{\"@type\":\"BreadcrumbList\",\"@id\":\"https:\/\/www.technique-italia.com\/pl\/products\/zabiegi\/alkemy-nutro-pl\/alkemy-nutro-odzywczy-szampon-do-suchych-wlosow\/#breadcrumb\",\"itemListElement\":[{\"@type\":\"ListItem\",\"position\":1,\"name\":\"Home\",\"item\":\"https:\/\/www.technique-italia.com\/pl\/\"},{\"@type\":\"ListItem\",\"position\":2,\"name\":\"Produkty\",\"item\":\"https:\/\/www.technique-italia.com\/pl\/shop\/\"},{\"@type\":\"ListItem\",\"position\":3,\"name\":\"Alkemy Nutro | Od\u017cywczy szampon do suchych w\u0142os\u00f3w\"}]},{\"@type\":\"WebSite\",\"@id\":\"https:\/\/www.technique-italia.com\/pl\/#website\",\"url\":\"https:\/\/www.technique-italia.com\/pl\/\",\"name\":\"Technique\",\"description\":\"The Italian Concept\",\"potentialAction\":[{\"@type\":\"SearchAction\",\"target\":{\"@type\":\"EntryPoint\",\"urlTemplate\":\"https:\/\/www.technique-italia.com\/pl\/?s={search_term_string}\"},\"query-input\":{\"@type\":\"PropertyValueSpecification\",\"valueRequired\":true,\"valueName\":\"search_term_string\"}}],\"inLanguage\":\"pl-PL\"}]}<\/script>\n<!-- \/ Yoast SEO plugin. -->","yoast_head_json":{"title":"Alkemy Nutro | Od\u017cywczy szampon do suchych w\u0142os\u00f3w","description":"Alkemy Nutro, od\u017cywczy szampon, delikatnie oczyszcza suche i bardzo zniszczone w\u0142osy.","robots":{"index":"index","follow":"follow","max-snippet":"max-snippet:-1","max-image-preview":"max-image-preview:large","max-video-preview":"max-video-preview:-1"},"canonical":"https:\/\/www.technique-italia.com\/pl\/products\/zabiegi\/alkemy-nutro-pl\/alkemy-nutro-odzywczy-szampon-do-suchych-wlosow\/","og_locale":"pl_PL","og_type":"article","og_title":"Alkemy Nutro | Od\u017cywczy szampon do suchych w\u0142os\u00f3w","og_description":"Alkemy Nutro, od\u017cywczy szampon, delikatnie oczyszcza suche i bardzo zniszczone w\u0142osy.","og_url":"https:\/\/www.technique-italia.com\/pl\/products\/zabiegi\/alkemy-nutro-pl\/alkemy-nutro-odzywczy-szampon-do-suchych-wlosow\/","og_site_name":"Technique","article_modified_time":"2021-11-04T08:27:51+00:00","og_image":[{"width":800,"height":800,"url":"https:\/\/www.technique-italia.com\/wp-content\/uploads\/2026\/03\/02060_technique_treatment_alkemy_nutro_nourishing_intensive_shampoo_300ml.png","type":"image\/png"}],"twitter_card":"summary_large_image","schema":{"@context":"https:\/\/schema.org","@graph":[{"@type":"WebPage","@id":"https:\/\/www.technique-italia.com\/pl\/products\/zabiegi\/alkemy-nutro-pl\/alkemy-nutro-odzywczy-szampon-do-suchych-wlosow\/","url":"https:\/\/www.technique-italia.com\/pl\/products\/zabiegi\/alkemy-nutro-pl\/alkemy-nutro-odzywczy-szampon-do-suchych-wlosow\/","name":"Alkemy Nutro | Od\u017cywczy szampon do suchych w\u0142os\u00f3w","isPartOf":{"@id":"https:\/\/www.technique-italia.com\/pl\/#website"},"primaryImageOfPage":{"@id":"https:\/\/www.technique-italia.com\/pl\/products\/zabiegi\/alkemy-nutro-pl\/alkemy-nutro-odzywczy-szampon-do-suchych-wlosow\/#primaryimage"},"image":{"@id":"https:\/\/www.technique-italia.com\/pl\/products\/zabiegi\/alkemy-nutro-pl\/alkemy-nutro-odzywczy-szampon-do-suchych-wlosow\/#primaryimage"},"thumbnailUrl":"https:\/\/www.technique-italia.com\/wp-content\/uploads\/2026\/03\/02060_technique_treatment_alkemy_nutro_nourishing_intensive_shampoo_300ml.png","datePublished":"2015-05-22T10:56:40+00:00","dateModified":"2021-11-04T08:27:51+00:00","description":"Alkemy Nutro, od\u017cywczy szampon, delikatnie oczyszcza suche i bardzo zniszczone w\u0142osy.","breadcrumb":{"@id":"https:\/\/www.technique-italia.com\/pl\/products\/zabiegi\/alkemy-nutro-pl\/alkemy-nutro-odzywczy-szampon-do-suchych-wlosow\/#breadcrumb"},"inLanguage":"pl-PL","potentialAction":[{"@type":"ReadAction","target":["https:\/\/www.technique-italia.com\/pl\/products\/zabiegi\/alkemy-nutro-pl\/alkemy-nutro-odzywczy-szampon-do-suchych-wlosow\/"]}]},{"@type":"ImageObject","inLanguage":"pl-PL","@id":"https:\/\/www.technique-italia.com\/pl\/products\/zabiegi\/alkemy-nutro-pl\/alkemy-nutro-odzywczy-szampon-do-suchych-wlosow\/#primaryimage","url":"https:\/\/www.technique-italia.com\/wp-content\/uploads\/2026\/03\/02060_technique_treatment_alkemy_nutro_nourishing_intensive_shampoo_300ml.png","contentUrl":"https:\/\/www.technique-italia.com\/wp-content\/uploads\/2026\/03\/02060_technique_treatment_alkemy_nutro_nourishing_intensive_shampoo_300ml.png","width":800,"height":800},{"@type":"BreadcrumbList","@id":"https:\/\/www.technique-italia.com\/pl\/products\/zabiegi\/alkemy-nutro-pl\/alkemy-nutro-odzywczy-szampon-do-suchych-wlosow\/#breadcrumb","itemListElement":[{"@type":"ListItem","position":1,"name":"Home","item":"https:\/\/www.technique-italia.com\/pl\/"},{"@type":"ListItem","position":2,"name":"Produkty","item":"https:\/\/www.technique-italia.com\/pl\/shop\/"},{"@type":"ListItem","position":3,"name":"Alkemy Nutro | Od\u017cywczy szampon do suchych w\u0142os\u00f3w"}]},{"@type":"WebSite","@id":"https:\/\/www.technique-italia.com\/pl\/#website","url":"https:\/\/www.technique-italia.com\/pl\/","name":"Technique","description":"The Italian Concept","potentialAction":[{"@type":"SearchAction","target":{"@type":"EntryPoint","urlTemplate":"https:\/\/www.technique-italia.com\/pl\/?s={search_term_string}"},"query-input":{"@type":"PropertyValueSpecification","valueRequired":true,"valueName":"search_term_string"}}],"inLanguage":"pl-PL"}]}},"_links":{"self":[{"href":"https:\/\/www.technique-italia.com\/pl\/wp-json\/wp\/v2\/product\/7730","targetHints":{"allow":["GET"]}}],"collection":[{"href":"https:\/\/www.technique-italia.com\/pl\/wp-json\/wp\/v2\/product"}],"about":[{"href":"https:\/\/www.technique-italia.com\/pl\/wp-json\/wp\/v2\/types\/product"}],"wp:featuredmedia":[{"embeddable":true,"href":"https:\/\/www.technique-italia.com\/pl\/wp-json\/wp\/v2\/media\/18023"}],"wp:attachment":[{"href":"https:\/\/www.technique-italia.com\/pl\/wp-json\/wp\/v2\/media?parent=7730"}],"wp:term":[{"taxonomy":"product_brand","embeddable":true,"href":"https:\/\/www.technique-italia.com\/pl\/wp-json\/wp\/v2\/product_brand?post=7730"},{"taxonomy":"product_cat","embeddable":true,"href":"https:\/\/www.technique-italia.com\/pl\/wp-json\/wp\/v2\/product_cat?post=7730"},{"taxonomy":"product_tag","embeddable":true,"href":"https:\/\/www.technique-italia.com\/pl\/wp-json\/wp\/v2\/product_tag?post=7730"}],"curies":[{"name":"wp","href":"https:\/\/api.w.org\/{rel}","templated":true}]}}